{"id":2711,"date":"2017-12-30T21:04:20","date_gmt":"2017-12-30T21:04:20","guid":{"rendered":"http:\/\/biblian.is\/biblian\/galatabr%c2%8efi_-3-kafli\/"},"modified":"2019-08-26T23:58:19","modified_gmt":"2019-08-26T23:58:19","slug":"galatabrefid-3-kafli","status":"publish","type":"page","link":"https:\/\/biblian.is\/biblian\/galatabrefid-3-kafli\/","title":{"rendered":"Galatabr\u00e9fi\u00f0 3. kafli"},"content":{"rendered":"<h3 class=\"millifyrirsogn_2007\"> Blessun \u00ed Kristi Jes\u00fa<\/h3>\n<p><a name=\"1\"><span class=\"versanumer_2007\">1<\/span><\/a> \u00d3skyns\u00f6mu Galatar! Hver hefur t\u00f6fra\u00f0 ykkur? \u00dei\u00f0 hafi\u00f0 \u00fe\u00f3 fengi\u00f0 sk\u00fdra mynd af Jes\u00fa Kristi \u00e1 krossinum m\u00e1la\u00f0a fyrir augum ykkar. <a name=\"2\"><span class=\"versanumer_2007\">2<\/span><\/a> Um \u00feetta eitt vil \u00e9g fr\u00e6\u00f0ast af ykkur: \u00d6\u00f0lu\u00f0ust \u00fei\u00f0 andann vegna l\u00f6gm\u00e1lsverka e\u00f0a vi\u00f0 a\u00f0 hl\u00fd\u00f0a \u00e1 fagna\u00f0arerindi\u00f0 og tr\u00faa? <a name=\"3\"><span class=\"versanumer_2007\">3<\/span><\/a> Eru\u00f0 \u00fei\u00f0 svo \u00f3skynsamir a\u00f0 byrja \u00ed heil\u00f6gum anda og \u00e6tla svo a\u00f0 fullna \u00fea\u00f0 \u00ed eigin m\u00e6tti? <a name=\"4\"><span class=\"versanumer_2007\">4<\/span><\/a> Hafi\u00f0 \u00fei\u00f0 til einskis reynt svo miki\u00f0? &#8211; ef \u00fea\u00f0 \u00fe\u00e1 er til einskis. <a name=\"5\"><span class=\"versanumer_2007\">5<\/span><\/a> Veitir Gu\u00f0 ykkur andann og l\u00e6tur m\u00e1ttarverk gerast me\u00f0al ykkar vegna \u00feess a\u00f0 \u00fei\u00f0 haldi\u00f0 l\u00f6gm\u00e1li\u00f0 e\u00f0a vegna \u00feess a\u00f0 \u00fei\u00f0 heyri\u00f0 og tr\u00fai\u00f0? <a name=\"6\"><span class=\"versanumer_2007\">6<\/span><\/a> Svo var og um Abraham, \u201ehann tr\u00fa\u00f0i Gu\u00f0i og \u00fea\u00f0 var honum til r\u00e9ttl\u00e6tis reikna\u00f0\u201c.<br \/> <a name=\"7\"><span class=\"versanumer_2007\">7<\/span><\/a> Viti\u00f0 \u00fev\u00ed a\u00f0 sannir ni\u00f0jar Abrahams eru \u00feeir sem treysta Gu\u00f0i. <a name=\"8\"><span class=\"versanumer_2007\">8<\/span><\/a> Ritningin s\u00e1 \u00fea\u00f0 fyrir a\u00f0 Gu\u00f0 mundi r\u00e9ttl\u00e6ta hei\u00f0ingjana fyrir tr\u00fa. \u00dev\u00ed bo\u00f0a\u00f0i h\u00fan Abraham fyrir fram \u00feann fagna\u00f0arbo\u00f0skap: \u201eAf \u00fe\u00e9r skulu allar \u00fej\u00f3\u00f0ir blessun hlj\u00f3ta.\u201c <a name=\"9\"><span class=\"versanumer_2007\">9<\/span><\/a> \u00deannig blessar Gu\u00f0 alla \u00fe\u00e1 sem treysta honum me\u00f0 hinum tr\u00faa\u00f0a Abraham. <br \/> <a name=\"10\"><span class=\"versanumer_2007\">10<\/span><\/a> En b\u00f6lvun hv\u00edlir yfir \u00f6llum \u00feeim sem reyna a\u00f0 hl\u00fd\u00f0a Gu\u00f0i me\u00f0 \u00fev\u00ed a\u00f0 fara eftir l\u00f6gm\u00e1linu \u00fev\u00ed a\u00f0 rita\u00f0 er: \u201eB\u00f6lva\u00f0ur er hver s\u00e1 sem ekki vir\u00f0ir \u00f6ll \u00e1kv\u00e6\u00f0i \u00feessara laga og breytir eftir \u00feeim.\u201c <a name=\"11\"><span class=\"versanumer_2007\">11<\/span><\/a> En \u00fea\u00f0 er auglj\u00f3st a\u00f0 fyrir Gu\u00f0i r\u00e9ttl\u00e6tist enginn me\u00f0 l\u00f6gm\u00e1li \u00fev\u00ed a\u00f0 \u201ehinn r\u00e9ttl\u00e1ti mun lifa fyrir tr\u00fa\u201c.<span class=\"nedan_mal\" title=\" E\u00f0a: hinn r\u00e9ttl\u00e1ti af tr\u00fa mun lifa.\">[<\/span> <a name=\"12\"><span class=\"versanumer_2007\">12<\/span><\/a> En l\u00f6gm\u00e1li\u00f0 spyr ekki um tr\u00fa. \u00dea\u00f0 segir: \u201eS\u00e1 sem breytir eftir bo\u00f0um \u00feess mun lifa \u00feeirra vegna.\u201c<br \/> <a name=\"13\"><span class=\"versanumer_2007\">13<\/span><\/a> Kristur keypti okkur undan b\u00f6lvun l\u00f6gm\u00e1lsins me\u00f0 \u00fev\u00ed a\u00f0 taka \u00e1 sig b\u00f6lvun \u00feess fyrir okkur \u00fev\u00ed a\u00f0 rita\u00f0 er: \u201eB\u00f6lva\u00f0ur er hver s\u00e1 sem \u00e1 tr\u00e9 hangir.\u201c <a name=\"14\"><span class=\"versanumer_2007\">14<\/span><\/a> \u00deannig var\u00f0 Jes\u00fas Kristur til \u00feess a\u00f0 allar \u00fej\u00f3\u00f0ir fengju blessunina sem Abraham var heiti\u00f0 og vi\u00f0 \u00f6ll, sem tr\u00faum, fengjum andann sem Gu\u00f0 gaf fyrirheit um. <\/p>\n<h3 class=\"millifyrirsogn_2007\">L\u00f6gm\u00e1l og fyrirheit<\/h3>\n<p><a name=\"15\"><span class=\"versanumer_2007\">15<\/span><\/a> Br\u00e6\u00f0ur m\u00ednir og systur,<span class=\"nedan_mal\" title=\" Or\u00f0r\u00e9tt: Br\u00e6\u00f0ur.\">[<\/span> \u00e9g tek d\u00e6mi \u00far mannlegu l\u00edfi: Enginn \u00f3n\u00fdtir e\u00f0a eykur vi\u00f0 sta\u00f0festa arflei\u00f0sluskr\u00e1 enda \u00fe\u00f3tt h\u00fan s\u00e9 a\u00f0eins af manni ger\u00f0. <a name=\"16\"><span class=\"versanumer_2007\">16<\/span><\/a> N\u00fa voru fyrirheitin gefin Abraham og ni\u00f0ja hans. \u00dear stendur ekki \u201eog ni\u00f0jum\u201c eins og margir \u00e6ttu \u00ed hlut heldur \u201eog ni\u00f0ja \u00fe\u00ednum\u201c eins og \u00feegar um einn er a\u00f0 r\u00e6\u00f0a og \u00fea\u00f0 er Kristur. <a name=\"17\"><span class=\"versanumer_2007\">17<\/span><\/a> Me\u00f0 \u00feessu vildi \u00e9g sagt hafa: S\u00e1ttm\u00e1la, sem Gu\u00f0 haf\u00f0i \u00e1\u00f0ur sta\u00f0fest, getur l\u00f6gm\u00e1li\u00f0, sem kom fj\u00f6gur hundru\u00f0 og \u00ferj\u00e1t\u00edu \u00e1rum s\u00ed\u00f0ar, ekki \u00f3n\u00fdtt og fellt fyrirheiti\u00f0 \u00far gildi. <a name=\"18\"><span class=\"versanumer_2007\">18<\/span><\/a> Ef vi\u00f0 \u00feurfum a\u00f0 hl\u00fd\u00f0a l\u00f6gm\u00e1li til \u00feess a\u00f0 f\u00e1 arfinn, \u00fe\u00e1 f\u00e6st hann ekki framar vegna fyrirheits en Gu\u00f0 s\u00fdndi Abraham n\u00e1\u00f0 og efndi \u00fea\u00f0 sem hann gaf honum fyrirheit um. <br \/> <a name=\"19\"><span class=\"versanumer_2007\">19<\/span><\/a> Hva\u00f0 er \u00fe\u00e1 l\u00f6gm\u00e1li\u00f0? \u00dev\u00ed var b\u00e6tt vi\u00f0 til \u00feess a\u00f0 afbrotin k\u00e6mu \u00ed lj\u00f3s. \u00dea\u00f0 \u00e1tti a\u00f0 gilda \u00fear til ni\u00f0jinn k\u00e6mi sem fyrirheiti\u00f0 hlj\u00f3\u00f0a\u00f0i um. Englar s\u00e1u um a\u00f0 semja \u00fea\u00f0 me\u00f0 li\u00f0sinni me\u00f0algangara. <a name=\"20\"><span class=\"versanumer_2007\">20<\/span><\/a> En me\u00f0algangara gerist ekki \u00fe\u00f6rf \u00fear sem einn \u00e1 \u00ed hlut en Gu\u00f0 er einn. <\/p>\n<h3 class=\"millifyrirsogn_2007\">Erfingjar eftir fyrirheiti<\/h3>\n<p><a name=\"21\"><span class=\"versanumer_2007\">21<\/span><\/a> Er \u00fe\u00e1 l\u00f6gm\u00e1li\u00f0 gegn fyrirheitum Gu\u00f0s? Fjarri fer \u00fev\u00ed. Ef vi\u00f0 hef\u00f0um fengi\u00f0 l\u00f6gm\u00e1l sem veitt g\u00e6ti l\u00edf \u00fe\u00e1 fengist r\u00e9ttl\u00e6ti\u00f0 vissulega me\u00f0 l\u00f6gm\u00e1li. <a name=\"22\"><span class=\"versanumer_2007\">22<\/span><\/a> En Ritningin segir a\u00f0 allt s\u00e9 hneppt undir vald syndarinnar til \u00feess a\u00f0 tr\u00fau\u00f0um veitist fyrirheiti\u00f0 me\u00f0 \u00fev\u00ed a\u00f0 treysta \u00fev\u00ed sem Gu\u00f0 l\u00e9t Jes\u00fa Krist gera. <br \/> <a name=\"23\"><span class=\"versanumer_2007\">23<\/span><\/a> \u00c1\u00f0ur en \u00feessi lei\u00f0 var f\u00e6r vorum vi\u00f0 inniloku\u00f0 \u00ed g\u00e6slu l\u00f6gm\u00e1lsins \u00feanga\u00f0 til tr\u00fain, sem \u00ed v\u00e6ndum var, opinbera\u00f0ist. <a name=\"24\"><span class=\"versanumer_2007\">24<\/span><\/a> \u00deannig hefur l\u00f6gm\u00e1li\u00f0 or\u00f0i\u00f0 tyftari okkar \u00feanga\u00f0 til Kristur kom til \u00feess a\u00f0 vi\u00f0 r\u00e9ttl\u00e6ttumst af tr\u00fa. <a name=\"25\"><span class=\"versanumer_2007\">25<\/span><\/a> En n\u00fa, eftir a\u00f0 tr\u00fain er komin, erum vi\u00f0 ekki lengur undir tyftara.<br \/> <a name=\"26\"><span class=\"versanumer_2007\">26<\/span><\/a> Me\u00f0 \u00fev\u00ed a\u00f0 tr\u00faa \u00e1 Krist Jes\u00fa eru\u00f0 \u00fei\u00f0 \u00f6ll Gu\u00f0s b\u00f6rn. <a name=\"27\"><span class=\"versanumer_2007\">27<\/span><\/a> \u00dei\u00f0 \u00f6ll, sem eru\u00f0 sk\u00edr\u00f0 til samf\u00e9lags vi\u00f0 Krist, hafi\u00f0 \u00edkl\u00e6\u00f0st Kristi. <a name=\"28\"><span class=\"versanumer_2007\">28<\/span><\/a> H\u00e9r er hvorki Gy\u00f0ingur n\u00e9 annarrar \u00fej\u00f3\u00f0ar ma\u00f0ur,<span class=\"nedan_mal\" title=\" Or\u00f0r\u00e9tt: gr\u00edskur.\">[<\/span> \u00fer\u00e6ll n\u00e9 frj\u00e1ls ma\u00f0ur, karl n\u00e9 kona. \u00dei\u00f0 eru\u00f0 \u00f6ll eitt \u00ed Kristi Jes\u00fa. <a name=\"29\"><span class=\"versanumer_2007\">29<\/span><\/a> Ef \u00fei\u00f0 eru\u00f0 \u00ed samf\u00e9lagi vi\u00f0 Krist \u00fe\u00e1 eru\u00f0 \u00fei\u00f0 ni\u00f0jar Abrahams og erfi\u00f0 \u00fea\u00f0 sem honum var heiti\u00f0. <\/p>\n","protected":false},"excerpt":{"rendered":"<p>Blessun \u00ed Kristi Jes\u00fa 1 \u00d3skyns\u00f6mu Galatar! Hver hefur t\u00f6fra\u00f0 ykkur? \u00dei\u00f0 hafi\u00f0 \u00fe\u00f3 fengi\u00f0 sk\u00fdra mynd af Jes\u00fa Kristi \u00e1 krossinum m\u00e1la\u00f0a fyrir augum ykkar. 2 Um \u00feetta eitt vil \u00e9g fr\u00e6\u00f0ast af ykkur: \u00d6\u00f0lu\u00f0ust \u00fei\u00f0 andann vegna l\u00f6gm\u00e1lsverka e\u00f0a vi\u00f0 a\u00f0 hl\u00fd\u00f0a \u00e1 fagna\u00f0arerindi\u00f0 og tr\u00faa? 3 Eru\u00f0 \u00fei\u00f0 svo \u00f3skynsamir a\u00f0 byrja \u00ed heil\u00f6gum anda og \u00e6tla svo a\u00f0 fullna \u00fea\u00f0 \u00ed eigin m\u00e6tti? 4 Hafi\u00f0 \u00fei\u00f0 til einskis reynt svo miki\u00f0? &#8211; ef \u00fea\u00f0 \u00fe\u00e1 er til einskis. 5 Veitir Gu\u00f0 ykkur andann og l\u00e6tur m\u00e1ttarverk gerast me\u00f0al ykkar vegna \u00feess a\u00f0 \u00fei\u00f0 haldi\u00f0 l\u00f6gm\u00e1li\u00f0 e\u00f0a <a href=\"https:\/\/biblian.is\/biblian\/galatabrefid-3-kafli\/\"> [&#8230;]<\/a><\/p>\n","protected":false},"author":1,"featured_media":0,"parent":0,"menu_order":0,"comment_status":"open","ping_status":"open","template":"bibliukaflar_NT.php","meta":{"footnotes":""},"class_list":["post-2711","page","type-page","status-publish","hentry"],"_links":{"self":[{"href":"https:\/\/biblian.is\/biblian\/wp-json\/wp\/v2\/pages\/2711","targetHints":{"allow":["GET"]}}],"collection":[{"href":"https:\/\/biblian.is\/biblian\/wp-json\/wp\/v2\/pages"}],"about":[{"href":"https:\/\/biblian.is\/biblian\/wp-json\/wp\/v2\/types\/page"}],"author":[{"embeddable":true,"href":"https:\/\/biblian.is\/biblian\/wp-json\/wp\/v2\/users\/1"}],"replies":[{"embeddable":true,"href":"https:\/\/biblian.is\/biblian\/wp-json\/wp\/v2\/comments?post=2711"}],"version-history":[{"count":0,"href":"https:\/\/biblian.is\/biblian\/wp-json\/wp\/v2\/pages\/2711\/revisions"}],"wp:attachment":[{"href":"https:\/\/biblian.is\/biblian\/wp-json\/wp\/v2\/media?parent=2711"}],"curies":[{"name":"wp","href":"https:\/\/api.w.org\/{rel}","templated":true}]}}