{"id":2709,"date":"2017-12-30T21:04:20","date_gmt":"2017-12-30T21:04:20","guid":{"rendered":"http:\/\/biblian.is\/biblian\/galatabr%c2%8efi_-1-kafli\/"},"modified":"2019-08-26T23:58:19","modified_gmt":"2019-08-26T23:58:19","slug":"galatabrefid-1-kafli","status":"publish","type":"page","link":"https:\/\/biblian.is\/biblian\/galatabrefid-1-kafli\/","title":{"rendered":"Galatabr\u00e9fi\u00f0 1. kafli"},"content":{"rendered":"<h3 class=\"millifyrirsogn_2007\"> Kve\u00f0ja<\/h3>\n<p><a name=\"1\"><span class=\"versanumer_2007\">1<\/span><\/a> P\u00e1ll postuli &#8211; ekki sendur af m\u00f6nnum n\u00e9 a\u00f0 tilhlutun manns heldur a\u00f0 tilhlutun Jes\u00fa Krists og Gu\u00f0s f\u00f6\u00f0ur sem uppvakti hann fr\u00e1 dau\u00f0um &#8211; <a name=\"2\"><span class=\"versanumer_2007\">2<\/span><\/a> og allir tr\u00faa\u00f0ir,<span class=\"nedan_mal\" title=\" Or\u00f0r\u00e9tt: br\u00e6\u00f0urnir.\">[<\/span> sem me\u00f0 m\u00e9r eru, heilsa s\u00f6fnu\u00f0unum \u00ed Galatalandi. <br \/> <a name=\"3\"><span class=\"versanumer_2007\">3<\/span><\/a> N\u00e1\u00f0 s\u00e9 me\u00f0 y\u00f0ur og fri\u00f0ur fr\u00e1 Gu\u00f0i f\u00f6\u00f0ur og Drottni vorum Jes\u00fa Kristi <a name=\"4\"><span class=\"versanumer_2007\">4<\/span><\/a> sem gaf sj\u00e1lfan sig fyrir syndir okkar til \u00feess a\u00f0 frelsa okkur fr\u00e1 hinni yfirstandandi vondu \u00f6ld samkv\u00e6mt vilja Gu\u00f0s vors og f\u00f6\u00f0ur. <a name=\"5\"><span class=\"versanumer_2007\">5<\/span><\/a> Honum s\u00e9 d\u00fdr\u00f0 um aldir alda. Amen. <\/p>\n<h3 class=\"millifyrirsogn_2007\">Ekkert anna\u00f0 fagna\u00f0arerindi<\/h3>\n<p><a name=\"6\"><span class=\"versanumer_2007\">6<\/span><\/a> Mig fur\u00f0ar a\u00f0 \u00fei\u00f0 svo flj\u00f3tt l\u00e1ti\u00f0 sn\u00faast fr\u00e1 honum sem kalla\u00f0i ykkur \u00ed n\u00e1\u00f0 Krists<span class=\"nedan_mal\" title=\" Annar lesh\u00e1ttur: af n\u00e1\u00f0 sinni.\">[<\/span> til annars konar fagna\u00f0arerindis. <a name=\"7\"><span class=\"versanumer_2007\">7<\/span><\/a> \u00dea\u00f0 er \u00fe\u00f3 ekkert fagna\u00f0arerindi heldur eru einhverjir a\u00f0 trufla ykkur og vilja umhverfa fagna\u00f0arerindinu um Krist. <a name=\"8\"><span class=\"versanumer_2007\">8<\/span><\/a> En \u00fe\u00f3tt jafnvel \u00e9g e\u00f0a engill fr\u00e1 himni f\u00e6ri a\u00f0 bo\u00f0a ykkur anna\u00f0 fagna\u00f0arerindi en \u00fea\u00f0 sem \u00e9g hef bo\u00f0a\u00f0 ykkur, \u00fe\u00e1 s\u00e9 hann b\u00f6lva\u00f0ur. <a name=\"9\"><span class=\"versanumer_2007\">9<\/span><\/a> Eins og \u00e9g hef \u00e1\u00f0ur sagt, eins segi \u00e9g n\u00fa aftur: Ef nokkur bo\u00f0ar ykkur anna\u00f0 fagna\u00f0arerindi en \u00fea\u00f0 sem \u00fei\u00f0 hafi\u00f0 numi\u00f0 \u00fe\u00e1 s\u00e9 hann b\u00f6lva\u00f0ur. <br \/> <a name=\"10\"><span class=\"versanumer_2007\">10<\/span><\/a> Er \u00e9g n\u00fa a\u00f0 reyna a\u00f0 sannf\u00e6ra menn e\u00f0a Gu\u00f0? Er \u00e9g a\u00f0 leitast vi\u00f0 a\u00f0 \u00fe\u00f3knast m\u00f6nnum? Ef \u00e9g v\u00e6ri enn a\u00f0 \u00fe\u00f3knast m\u00f6nnum \u00fe\u00e1 v\u00e6ri \u00e9g ekki \u00fej\u00f3nn Krists. <\/p>\n<h3 class=\"millifyrirsogn_2007\">K\u00f6llun P\u00e1ls<\/h3>\n<p><a name=\"11\"><span class=\"versanumer_2007\">11<\/span><\/a> \u00dea\u00f0 l\u00e6t \u00e9g ykkur vita, br\u00e6\u00f0ur m\u00ednir og systur,<span class=\"nedan_mal\" title=\" Or\u00f0r\u00e9tt: br\u00e6\u00f0ur.\">[<\/span> a\u00f0 fagna\u00f0arerindi\u00f0, sem \u00e9g hef bo\u00f0a\u00f0, er ekki mannaverk. <a name=\"12\"><span class=\"versanumer_2007\">12<\/span><\/a> Ekki hef \u00e9g teki\u00f0 vi\u00f0 \u00fev\u00ed af manni n\u00e9 l\u00e1ti\u00f0 kenna m\u00e9r \u00fea\u00f0 heldur hefur Jes\u00fas Kristur opinbera\u00f0 m\u00e9r \u00fea\u00f0. <br \/> <a name=\"13\"><span class=\"versanumer_2007\">13<\/span><\/a> \u00dei\u00f0 hafi\u00f0 heyrt um heg\u00f0un m\u00edna \u00e1\u00f0ur fyrri \u00ed gy\u00f0ingd\u00f3minum, hversu \u00e1kaflega \u00e9g ofs\u00f3tti kirkju Gu\u00f0s og vildi ey\u00f0a henni. <a name=\"14\"><span class=\"versanumer_2007\">14<\/span><\/a> \u00c9g f\u00f3r lengra \u00ed gy\u00f0ingd\u00f3minum en margir jafnaldrar m\u00ednir me\u00f0al \u00fej\u00f3\u00f0ar minnar og var miklu vandl\u00e1tari um erfikenningu forfe\u00f0ra minna. <br \/> <a name=\"15\"><span class=\"versanumer_2007\">15<\/span><\/a> En \u00feegar Gu\u00f0i, sem haf\u00f0i \u00fatvali\u00f0 mig fr\u00e1 m\u00f3\u00f0url\u00edfi og af n\u00e1\u00f0 sinni kalla\u00f0, <a name=\"16\"><span class=\"versanumer_2007\">16<\/span><\/a> \u00fe\u00f3kna\u00f0ist a\u00f0 opinbera m\u00e9r son sinn til \u00feess a\u00f0 \u00e9g bo\u00f0a\u00f0i hei\u00f0ingjunum fagna\u00f0arerindi\u00f0 um hann, \u00fe\u00e1 r\u00e1\u00f0ga\u00f0ist \u00e9g ekki vi\u00f0 neinn mann. <a name=\"17\"><span class=\"versanumer_2007\">17<\/span><\/a> Ekki f\u00f3r \u00e9g heldur upp til Jer\u00fasalem til \u00feeirra sem voru postular \u00e1 undan m\u00e9r, heldur f\u00f3r \u00e9g jafnskj\u00f3tt til Arab\u00edu og sneri svo aftur til Damaskus. <br \/> <a name=\"18\"><span class=\"versanumer_2007\">18<\/span><\/a> \u00dea\u00f0 var fyrst eftir \u00ferj\u00fa \u00e1r a\u00f0 \u00e9g f\u00f3r upp til Jer\u00fasalem til a\u00f0 r\u00e1\u00f0gast vi\u00f0 Kefas og dvaldist hj\u00e1 honum h\u00e1lfan m\u00e1nu\u00f0. <a name=\"19\"><span class=\"versanumer_2007\">19<\/span><\/a> \u00c9g s\u00e1 engan af hinum postulunum nema Jakob, br\u00f3\u00f0ur Drottins. <a name=\"20\"><span class=\"versanumer_2007\">20<\/span><\/a> Gu\u00f0 veit a\u00f0 \u00e9g l\u00fdg \u00fev\u00ed ekki sem \u00e9g skrifa ykkur. <br \/> <a name=\"21\"><span class=\"versanumer_2007\">21<\/span><\/a> S\u00ed\u00f0an kom \u00e9g \u00ed h\u00e9ru\u00f0 S\u00fdrlands og Kilik\u00edu. <a name=\"22\"><span class=\"versanumer_2007\">22<\/span><\/a> Kristnu s\u00f6fnu\u00f0irnir \u00ed J\u00fadeu \u00feekktu mig ekki \u00ed sj\u00f3n. <a name=\"23\"><span class=\"versanumer_2007\">23<\/span><\/a> \u00deeir h\u00f6f\u00f0u einungis heyrt sagt: \u201eS\u00e1 sem \u00e1\u00f0ur ofs\u00f3tti okkur bo\u00f0ar n\u00fa tr\u00fana sem hann \u00e1\u00f0ur vildi ey\u00f0a.\u201c <a name=\"24\"><span class=\"versanumer_2007\">24<\/span><\/a> Og \u00feeir vegs\u00f6mu\u00f0u Gu\u00f0 vegna m\u00edn. <\/p>\n","protected":false},"excerpt":{"rendered":"<p>Kve\u00f0ja 1 P\u00e1ll postuli &#8211; ekki sendur af m\u00f6nnum n\u00e9 a\u00f0 tilhlutun manns heldur a\u00f0 tilhlutun Jes\u00fa Krists og Gu\u00f0s f\u00f6\u00f0ur sem uppvakti hann fr\u00e1 dau\u00f0um &#8211; 2 og allir tr\u00faa\u00f0ir,[ sem me\u00f0 m\u00e9r eru, heilsa s\u00f6fnu\u00f0unum \u00ed Galatalandi. 3 N\u00e1\u00f0 s\u00e9 me\u00f0 y\u00f0ur og fri\u00f0ur fr\u00e1 Gu\u00f0i f\u00f6\u00f0ur og Drottni vorum Jes\u00fa Kristi 4 sem gaf sj\u00e1lfan sig fyrir syndir okkar til \u00feess a\u00f0 frelsa okkur fr\u00e1 hinni yfirstandandi vondu \u00f6ld samkv\u00e6mt vilja Gu\u00f0s vors og f\u00f6\u00f0ur. 5 Honum s\u00e9 d\u00fdr\u00f0 um aldir alda. Amen. Ekkert anna\u00f0 fagna\u00f0arerindi 6 Mig fur\u00f0ar a\u00f0 \u00fei\u00f0 svo flj\u00f3tt l\u00e1ti\u00f0 sn\u00faast fr\u00e1 honum <a href=\"https:\/\/biblian.is\/biblian\/galatabrefid-1-kafli\/\"> [&#8230;]<\/a><\/p>\n","protected":false},"author":1,"featured_media":0,"parent":0,"menu_order":0,"comment_status":"open","ping_status":"open","template":"bibliukaflar_NT.php","meta":{"footnotes":""},"class_list":["post-2709","page","type-page","status-publish","hentry"],"_links":{"self":[{"href":"https:\/\/biblian.is\/biblian\/wp-json\/wp\/v2\/pages\/2709","targetHints":{"allow":["GET"]}}],"collection":[{"href":"https:\/\/biblian.is\/biblian\/wp-json\/wp\/v2\/pages"}],"about":[{"href":"https:\/\/biblian.is\/biblian\/wp-json\/wp\/v2\/types\/page"}],"author":[{"embeddable":true,"href":"https:\/\/biblian.is\/biblian\/wp-json\/wp\/v2\/users\/1"}],"replies":[{"embeddable":true,"href":"https:\/\/biblian.is\/biblian\/wp-json\/wp\/v2\/comments?post=2709"}],"version-history":[{"count":0,"href":"https:\/\/biblian.is\/biblian\/wp-json\/wp\/v2\/pages\/2709\/revisions"}],"wp:attachment":[{"href":"https:\/\/biblian.is\/biblian\/wp-json\/wp\/v2\/media?parent=2709"}],"curies":[{"name":"wp","href":"https:\/\/api.w.org\/{rel}","templated":true}]}}