{"id":2708,"date":"2017-12-30T21:04:20","date_gmt":"2017-12-30T21:04:20","guid":{"rendered":"http:\/\/biblian.is\/biblian\/s%c2%92_ara-korintubr%c2%8ef-13-kafli\/"},"modified":"2019-08-26T23:45:17","modified_gmt":"2019-08-26T23:45:17","slug":"sidara-korintubref-13-kafli","status":"publish","type":"page","link":"https:\/\/biblian.is\/biblian\/sidara-korintubref-13-kafli\/","title":{"rendered":"S\u00ed\u00f0ara Korintubr\u00e9f 13. kafli"},"content":{"rendered":"<h3 class=\"millifyrirsogn_2007\"> \u00c1minning og hvatning<\/h3>\n<p><a name=\"1\"><span class=\"versanumer_2007\">1<\/span><\/a> \u00deetta er n\u00fa \u00ed \u00feri\u00f0ja sinn sem \u00e9g kem til ykkar \u00fev\u00ed a\u00f0 \u201ea\u00f0eins skal frambur\u00f0ur gilda a\u00f0 tv\u00f6 e\u00f0a \u00ferj\u00fa vitni beri\u201c. <a name=\"2\"><span class=\"versanumer_2007\">2<\/span><\/a> \u00dea\u00f0 sem \u00e9g sag\u00f0i ykkur vi\u00f0 a\u00f0ra komu m\u00edna, \u00fea\u00f0 segi \u00e9g ykkur n\u00fa aftur fjarstaddur, b\u00e6\u00f0i \u00feeim sem brotleg hafa or\u00f0i\u00f0 og \u00f6\u00f0rum: N\u00e6sta sinn sem \u00e9g kem mun \u00e9g ekki hl\u00edfa neinum. <a name=\"3\"><span class=\"versanumer_2007\">3<\/span><\/a> \u00de\u00e1 f\u00e1i\u00f0 \u00fei\u00f0 s\u00f6nnun fyrir \u00fev\u00ed a\u00f0 Kristur tali \u00ed m\u00e9r eins og \u00fei\u00f0 krefjist. Hann s\u00fdnir ykkur ekki linkind heldur er hann m\u00e1ttugur \u00e1 me\u00f0al ykkar. <a name=\"4\"><span class=\"versanumer_2007\">4<\/span><\/a> Hann var krossfestur af \u00fev\u00ed a\u00f0 hann var veikur en Gu\u00f0 er m\u00e1ttugur og l\u00e6tur hann lifa. Og einnig \u00e9g er veikur eins og hann en Gu\u00f0 veitir m\u00e9r kraft og \u00e9g mun lifa me\u00f0 Kristi. <br \/> <a name=\"5\"><span class=\"versanumer_2007\">5<\/span><\/a> Rannsaki\u00f0 hvort tr\u00fa ykkar kemur fram \u00ed breytni ykkar, pr\u00f3fi\u00f0 ykkur sj\u00e1lf. Geri\u00f0 \u00fei\u00f0 ykkur ekki grein fyrir a\u00f0 Jes\u00fas Kristur lifir \u00ed ykkur? \u00dea\u00f0 skyldi vera a\u00f0 \u00fei\u00f0 st\u00e6\u00f0ust ekki pr\u00f3fi\u00f0. <a name=\"6\"><span class=\"versanumer_2007\">6<\/span><\/a> En \u00e9g vona a\u00f0 \u00fei\u00f0 komist a\u00f0 raun um a\u00f0 \u00e9g hef sta\u00f0ist pr\u00f3fi\u00f0. <a name=\"7\"><span class=\"versanumer_2007\">7<\/span><\/a> \u00c9g bi\u00f0 til Gu\u00f0s a\u00f0 \u00fei\u00f0 geri\u00f0 ekki neitt illt, ekki til \u00feess a\u00f0 \u00fea\u00f0 s\u00fdni \u00e1g\u00e6ti mitt heldur til \u00feess a\u00f0 \u00fei\u00f0 geri\u00f0 hi\u00f0 g\u00f3\u00f0a. \u00c9g g\u00e6ti eins s\u00fdnst \u00f3h\u00e6fur. <a name=\"8\"><span class=\"versanumer_2007\">8<\/span><\/a> \u00dev\u00ed a\u00f0 ekki megna \u00e9g neitt gegn sannleikanum heldur me\u00f0 hj\u00e1lp hans. <a name=\"9\"><span class=\"versanumer_2007\">9<\/span><\/a> \u00c9g gle\u00f0st \u00feegar \u00e9g er veikur en \u00fei\u00f0 eru\u00f0 styrk. \u00dea\u00f0 sem \u00e9g bi\u00f0 um er a\u00f0 \u00fei\u00f0 ver\u00f0i\u00f0 fullkomin. <a name=\"10\"><span class=\"versanumer_2007\">10<\/span><\/a> \u00deess vegna rita \u00e9g \u00feetta fjarverandi til \u00feess a\u00f0 \u00e9g \u00feurfi ekki a\u00f0 s\u00fdna ykkur h\u00f6rku og beita \u00fev\u00ed valdi sem Drottinn hefur gefi\u00f0 m\u00e9r \u00feegar \u00e9g kem. Drottinn gaf m\u00e9r vald mitt til \u00feess a\u00f0 byggja upp, ekki til a\u00f0 r\u00edfa ni\u00f0ur. <br \/> <a name=\"11\"><span class=\"versanumer_2007\">11<\/span><\/a> A\u00f0 \u00f6\u00f0ru leyti, br\u00e6\u00f0ur m\u00ednir og systur,<span class=\"nedan_mal\" title=\" Or\u00f0r\u00e9tt: br\u00e6\u00f0ur.\">[<\/span> veri\u00f0 gl\u00f6\u00f0. Veri\u00f0 fullkomin, \u00e1minni\u00f0 hvert anna\u00f0, veri\u00f0 samhuga, lifi\u00f0 saman \u00ed fri\u00f0i. \u00de\u00e1 mun Gu\u00f0 k\u00e6rleikans og fri\u00f0arins vera me\u00f0 ykkur. <a name=\"12\"><span class=\"versanumer_2007\">12<\/span><\/a> Heilsi\u00f0 hvert \u00f6\u00f0ru me\u00f0 heil\u00f6gum kossi. Allir heilagir bi\u00f0ja a\u00f0 heilsa ykkur. <br \/> <a name=\"13\"><span class=\"versanumer_2007\">13<\/span><\/a> N\u00e1\u00f0in Drottins Jes\u00fa Krists, k\u00e6rleiki Gu\u00f0s og samf\u00e9lag heilags anda s\u00e9 me\u00f0 y\u00f0ur \u00f6llum. <\/p>\n","protected":false},"excerpt":{"rendered":"<p>\u00c1minning og hvatning 1 \u00deetta er n\u00fa \u00ed \u00feri\u00f0ja sinn sem \u00e9g kem til ykkar \u00fev\u00ed a\u00f0 \u201ea\u00f0eins skal frambur\u00f0ur gilda a\u00f0 tv\u00f6 e\u00f0a \u00ferj\u00fa vitni beri\u201c. 2 \u00dea\u00f0 sem \u00e9g sag\u00f0i ykkur vi\u00f0 a\u00f0ra komu m\u00edna, \u00fea\u00f0 segi \u00e9g ykkur n\u00fa aftur fjarstaddur, b\u00e6\u00f0i \u00feeim sem brotleg hafa or\u00f0i\u00f0 og \u00f6\u00f0rum: N\u00e6sta sinn sem \u00e9g kem mun \u00e9g ekki hl\u00edfa neinum. 3 \u00de\u00e1 f\u00e1i\u00f0 \u00fei\u00f0 s\u00f6nnun fyrir \u00fev\u00ed a\u00f0 Kristur tali \u00ed m\u00e9r eins og \u00fei\u00f0 krefjist. Hann s\u00fdnir ykkur ekki linkind heldur er hann m\u00e1ttugur \u00e1 me\u00f0al ykkar. 4 Hann var krossfestur af \u00fev\u00ed a\u00f0 hann var veikur <a href=\"https:\/\/biblian.is\/biblian\/sidara-korintubref-13-kafli\/\"> [&#8230;]<\/a><\/p>\n","protected":false},"author":1,"featured_media":0,"parent":0,"menu_order":0,"comment_status":"open","ping_status":"open","template":"bibliukaflar_NT.php","meta":{"footnotes":""},"class_list":["post-2708","page","type-page","status-publish","hentry"],"_links":{"self":[{"href":"https:\/\/biblian.is\/biblian\/wp-json\/wp\/v2\/pages\/2708","targetHints":{"allow":["GET"]}}],"collection":[{"href":"https:\/\/biblian.is\/biblian\/wp-json\/wp\/v2\/pages"}],"about":[{"href":"https:\/\/biblian.is\/biblian\/wp-json\/wp\/v2\/types\/page"}],"author":[{"embeddable":true,"href":"https:\/\/biblian.is\/biblian\/wp-json\/wp\/v2\/users\/1"}],"replies":[{"embeddable":true,"href":"https:\/\/biblian.is\/biblian\/wp-json\/wp\/v2\/comments?post=2708"}],"version-history":[{"count":0,"href":"https:\/\/biblian.is\/biblian\/wp-json\/wp\/v2\/pages\/2708\/revisions"}],"wp:attachment":[{"href":"https:\/\/biblian.is\/biblian\/wp-json\/wp\/v2\/media?parent=2708"}],"curies":[{"name":"wp","href":"https:\/\/api.w.org\/{rel}","templated":true}]}}