{"id":2707,"date":"2017-12-30T21:04:20","date_gmt":"2017-12-30T21:04:20","guid":{"rendered":"http:\/\/biblian.is\/biblian\/s%c2%92_ara-korintubr%c2%8ef-12-kafli\/"},"modified":"2019-08-26T23:45:17","modified_gmt":"2019-08-26T23:45:17","slug":"sidara-korintubref-12-kafli","status":"publish","type":"page","link":"https:\/\/biblian.is\/biblian\/sidara-korintubref-12-kafli\/","title":{"rendered":"S\u00ed\u00f0ara Korintubr\u00e9f 12. kafli"},"content":{"rendered":"<h3 class=\"millifyrirsogn_2007\"> Vitranir og opinberanir<\/h3>\n<p><a name=\"1\"><span class=\"versanumer_2007\">1<\/span><\/a> \u00c9g ver\u00f0 a\u00f0 halda \u00e1fram a\u00f0 hr\u00f3sa m\u00e9r \u00fe\u00f3tt \u00fea\u00f0 komi a\u00f0 litlu gagni. En \u00e9g mun n\u00fa sn\u00faa m\u00e9r a\u00f0 vitrunum og opinberunum sem Drottinn hefur birt m\u00e9r. <a name=\"2\"><span class=\"versanumer_2007\">2<\/span><\/a> \u00c9g \u00feekki kristinn mann. Fyrir fj\u00f3rt\u00e1n \u00e1rum var hann hrifinn burt allt til \u00feri\u00f0ja himins. Hvort \u00fea\u00f0 var \u00ed l\u00edkamanum e\u00f0a utan l\u00edkamans veit \u00e9g ekki. Gu\u00f0 veit \u00fea\u00f0. <a name=\"3\"><span class=\"versanumer_2007\">3<\/span><\/a>\/<a name=\"4\"><span class=\"versanumer_2007\">4<\/span><\/a> Og m\u00e9r er kunnugt um a\u00f0 \u00feessi ma\u00f0ur var hrifinn upp \u00ed Parad\u00eds og heyr\u00f0i \u00f3segjanleg or\u00f0 sem engum manni er leyft a\u00f0 m\u00e6la. Hvort \u00fea\u00f0 var \u00ed l\u00edkamanum e\u00f0a utan l\u00edkamans veit \u00e9g ekki. Gu\u00f0 veit \u00fea\u00f0. <a name=\"5\"><span class=\"versanumer_2007\">5<\/span><\/a> Af sl\u00edku vil \u00e9g hr\u00f3sa m\u00e9r en af sj\u00e1lfum m\u00e9r vil \u00e9g ekki hr\u00f3sa m\u00e9r nema \u00fe\u00e1 af veikleika m\u00ednum. <a name=\"6\"><span class=\"versanumer_2007\">6<\/span><\/a> \u00de\u00f3tt \u00e9g vildi hr\u00f3sa m\u00e9r v\u00e6ri \u00e9g ekki fr\u00e1vita \u00fev\u00ed a\u00f0 \u00e9g v\u00e6ri a\u00f0 segja sannleika. En \u00e9g veigra m\u00e9r vi\u00f0 \u00fev\u00ed til \u00feess a\u00f0 enginn skuli \u00e6tla mig meiri en hann s\u00e9r mig e\u00f0a heyrir. <br \/> <a name=\"7\"><span class=\"versanumer_2007\">7<\/span><\/a> Og til \u00feess a\u00f0 \u00e9g skuli ekki ofmetnast af hinum miklu opinberunum er m\u00e9r gefinn fleinn \u00ed holdi\u00f0, Satans engill, sem sl\u00e6r mig til \u00feess a\u00f0 \u00e9g skuli ekki l\u00edta of st\u00f3rt \u00e1 mig. <a name=\"8\"><span class=\"versanumer_2007\">8<\/span><\/a> \u00derisvar hef \u00e9g be\u00f0i\u00f0 Drottin \u00feess a\u00f0 l\u00e1ta hann fara fr\u00e1 m\u00e9r. <a name=\"9\"><span class=\"versanumer_2007\">9<\/span><\/a> Og hann hefur svara\u00f0 m\u00e9r: \u201eN\u00e1\u00f0 m\u00edn n\u00e6gir \u00fe\u00e9r \u00fev\u00ed a\u00f0 m\u00e1tturinn fullkomnast \u00ed veikleika.\u201c \u00dev\u00ed vil \u00e9g helst hr\u00f3sa m\u00e9r af veikleika m\u00ednum til \u00feess a\u00f0 kraftur Krists megi taka s\u00e9r b\u00fasta\u00f0 \u00ed m\u00e9r. <a name=\"10\"><span class=\"versanumer_2007\">10<\/span><\/a> \u00deess vegna uni \u00e9g m\u00e9r vel \u00ed veikleika, \u00ed mis\u00feyrmingum, \u00ed nau\u00f0um, \u00ed ofs\u00f3knum, \u00ed \u00ferengingum vegna Krists. \u00deegar \u00e9g er veikur \u00fe\u00e1 er \u00e9g m\u00e1ttugur. <\/p>\n<h3 class=\"millifyrirsogn_2007\">Umhyggja og \u00e1hyggja<\/h3>\n<p><a name=\"11\"><span class=\"versanumer_2007\">11<\/span><\/a> \u00c9g hef haga\u00f0 m\u00e9r eins og heimskingi. \u00dei\u00f0 hafi\u00f0 neytt mig til \u00feess. \u00dea\u00f0 voru\u00f0 \u00fei\u00f0 sem \u00e1ttu\u00f0 a\u00f0 m\u00e6la me\u00f0 m\u00e9r. \u00dev\u00ed a\u00f0 \u00ed engu st\u00f3\u00f0 \u00e9g hinum st\u00f3rmiklu postulum a\u00f0 baki enda \u00fe\u00f3tt \u00e9g s\u00e9 ekki neitt. <a name=\"12\"><span class=\"versanumer_2007\">12<\/span><\/a> \u00c9g ger\u00f0i postulat\u00e1kn \u00e1 me\u00f0al ykkar af mikilli \u00ferautseigju, t\u00e1kn, undur og kraftaverk. <a name=\"13\"><span class=\"versanumer_2007\">13<\/span><\/a> \u00cd hverju voru\u00f0 \u00fei\u00f0 sett l\u00e6gra en hinir s\u00f6fnu\u00f0irnir nema ef vera skyldi \u00ed \u00fev\u00ed a\u00f0 \u00e9g sj\u00e1lfur hef ekki veri\u00f0 ykkur til byr\u00f0i? Fyrirgefi\u00f0 m\u00e9r \u00feennan \u00f3r\u00e9tt. <br \/> <a name=\"14\"><span class=\"versanumer_2007\">14<\/span><\/a> \u00deetta er n\u00fa \u00ed \u00feri\u00f0ja sinn a\u00f0 \u00e9g er fer\u00f0b\u00fainn a\u00f0 koma til ykkar og \u00e6tla \u00e9g ekki a\u00f0 ver\u00f0a ykkur til byr\u00f0i. \u00c9g s\u00e6kist ekki eftir eigum ykkar heldur ykkur sj\u00e1lfum \u00fev\u00ed a\u00f0 ekki eiga b\u00f6rnin a\u00f0 sj\u00e1 fyrir foreldrunum heldur foreldrarnir fyrir b\u00f6rnunum. <a name=\"15\"><span class=\"versanumer_2007\">15<\/span><\/a> \u00c9g er f\u00fas til a\u00f0 verja \u00fev\u00ed sem \u00e9g \u00e1, j\u00e1, leggja sj\u00e1lfan mig \u00ed s\u00f6lurnar fyrir ykkur. Elski\u00f0 \u00fei\u00f0 mig s\u00ed\u00f0ur ef \u00e9g elska ykkur heitar? <a name=\"16\"><span class=\"versanumer_2007\">16<\/span><\/a> En l\u00e1tum svo a\u00f0 \u00e9g hafi ekki veri\u00f0 ykkur til byr\u00f0i en samt veri\u00f0 sl\u00e6gur og veitt ykkur me\u00f0 br\u00f6g\u00f0um. <a name=\"17\"><span class=\"versanumer_2007\">17<\/span><\/a> Hef \u00e9g nota\u00f0 nokkurn \u00feeirra sem \u00e9g hef sent til ykkar til \u00feess a\u00f0 hafa eitthva\u00f0 af ykkur? <a name=\"18\"><span class=\"versanumer_2007\">18<\/span><\/a> \u00c9g ba\u00f0 T\u00edtus a\u00f0 fara og sendi br\u00f3\u00f0urinn me\u00f0 honum. Hefur \u00fe\u00e1 T\u00edtus haft eitthva\u00f0 af ykkur? Komum vi\u00f0 ekki fram \u00ed einum og sama anda? Fetu\u00f0um vi\u00f0 ekki \u00ed s\u00f6mu f\u00f3tsporin? <br \/> <a name=\"19\"><span class=\"versanumer_2007\">19<\/span><\/a> Fyrir l\u00f6ngu eru\u00f0 \u00fei\u00f0 farin a\u00f0 halda a\u00f0 \u00e9g s\u00e9 a\u00f0 verja mig gagnvart ykkur. Nei, \u00e9g beini or\u00f0um m\u00ednum til Gu\u00f0s eins og \u00feeir sem tr\u00faa \u00e1 Krist. Allt er \u00fea\u00f0 ykkur til uppbyggingar, m\u00edn elsku\u00f0u. <a name=\"20\"><span class=\"versanumer_2007\">20<\/span><\/a> \u00deegar \u00e9g kem er \u00e9g hr\u00e6ddur um a\u00f0 m\u00e9r muni \u00feykja \u00fei\u00f0 \u00f6\u00f0ruv\u00edsi en \u00e9g \u00f3ska og a\u00f0 ykkur muni \u00feykja \u00e9g \u00f6\u00f0ruv\u00edsi en \u00fei\u00f0 \u00f3ski\u00f0. \u00c9g er hr\u00e6ddur um a\u00f0 \u00fei\u00f0 kunni\u00f0 a\u00f0 eiga \u00ed deilum og a\u00f0 \u00f6fund, rei\u00f0i og eigingirni r\u00edki me\u00f0al ykkar og menn m\u00f3\u00f0gi og r\u00e6gi hverjir a\u00f0ra og s\u00e9u hrokafullir og fullir ofstopa. <a name=\"21\"><span class=\"versanumer_2007\">21<\/span><\/a> \u00c9g er hr\u00e6ddur um a\u00f0 Gu\u00f0 minn muni au\u00f0m\u00fdkja mig hj\u00e1 ykkur \u00feegar \u00e9g kem aftur og a\u00f0 \u00e9g muni hryggjast yfir m\u00f6rgum \u00feeirra sem \u00e1\u00f0ur hafa syndga\u00f0 og ekki hafa sn\u00fai\u00f0 s\u00e9r fr\u00e1 saurl\u00edfi, frillul\u00edfi og \u00f3lifna\u00f0i sem \u00feeir hafa dr\u00fdgt. <\/p>\n","protected":false},"excerpt":{"rendered":"<p>Vitranir og opinberanir 1 \u00c9g ver\u00f0 a\u00f0 halda \u00e1fram a\u00f0 hr\u00f3sa m\u00e9r \u00fe\u00f3tt \u00fea\u00f0 komi a\u00f0 litlu gagni. En \u00e9g mun n\u00fa sn\u00faa m\u00e9r a\u00f0 vitrunum og opinberunum sem Drottinn hefur birt m\u00e9r. 2 \u00c9g \u00feekki kristinn mann. Fyrir fj\u00f3rt\u00e1n \u00e1rum var hann hrifinn burt allt til \u00feri\u00f0ja himins. Hvort \u00fea\u00f0 var \u00ed l\u00edkamanum e\u00f0a utan l\u00edkamans veit \u00e9g ekki. Gu\u00f0 veit \u00fea\u00f0. 3\/4 Og m\u00e9r er kunnugt um a\u00f0 \u00feessi ma\u00f0ur var hrifinn upp \u00ed Parad\u00eds og heyr\u00f0i \u00f3segjanleg or\u00f0 sem engum manni er leyft a\u00f0 m\u00e6la. Hvort \u00fea\u00f0 var \u00ed l\u00edkamanum e\u00f0a utan l\u00edkamans veit \u00e9g ekki. Gu\u00f0 <a href=\"https:\/\/biblian.is\/biblian\/sidara-korintubref-12-kafli\/\"> [&#8230;]<\/a><\/p>\n","protected":false},"author":1,"featured_media":0,"parent":0,"menu_order":0,"comment_status":"open","ping_status":"open","template":"bibliukaflar_NT.php","meta":{"footnotes":""},"class_list":["post-2707","page","type-page","status-publish","hentry"],"_links":{"self":[{"href":"https:\/\/biblian.is\/biblian\/wp-json\/wp\/v2\/pages\/2707","targetHints":{"allow":["GET"]}}],"collection":[{"href":"https:\/\/biblian.is\/biblian\/wp-json\/wp\/v2\/pages"}],"about":[{"href":"https:\/\/biblian.is\/biblian\/wp-json\/wp\/v2\/types\/page"}],"author":[{"embeddable":true,"href":"https:\/\/biblian.is\/biblian\/wp-json\/wp\/v2\/users\/1"}],"replies":[{"embeddable":true,"href":"https:\/\/biblian.is\/biblian\/wp-json\/wp\/v2\/comments?post=2707"}],"version-history":[{"count":0,"href":"https:\/\/biblian.is\/biblian\/wp-json\/wp\/v2\/pages\/2707\/revisions"}],"wp:attachment":[{"href":"https:\/\/biblian.is\/biblian\/wp-json\/wp\/v2\/media?parent=2707"}],"curies":[{"name":"wp","href":"https:\/\/api.w.org\/{rel}","templated":true}]}}