{"id":2706,"date":"2017-12-30T21:04:20","date_gmt":"2017-12-30T21:04:20","guid":{"rendered":"http:\/\/biblian.is\/biblian\/s%c2%92_ara-korintubr%c2%8ef-11-kafli\/"},"modified":"2019-08-26T23:45:16","modified_gmt":"2019-08-26T23:45:16","slug":"sidara-korintubref-11-kafli","status":"publish","type":"page","link":"https:\/\/biblian.is\/biblian\/sidara-korintubref-11-kafli\/","title":{"rendered":"S\u00ed\u00f0ara Korintubr\u00e9f 11. kafli"},"content":{"rendered":"<h3 class=\"millifyrirsogn_2007\"> P\u00e1ll og falspostularnir<\/h3>\n<p><a name=\"1\"><span class=\"versanumer_2007\">1<\/span><\/a> \u00c9g vildi a\u00f0 \u00fei\u00f0 umb\u00e6ru\u00f0 d\u00e1litla f\u00e1visku hj\u00e1 m\u00e9r. Vissulega geri\u00f0 \u00fei\u00f0 \u00fea\u00f0. <a name=\"2\"><span class=\"versanumer_2007\">2<\/span><\/a> \u00c9g vakti yfir ykkur me\u00f0 afbr\u00fd\u00f0i eins og Gu\u00f0 \u00fev\u00ed a\u00f0 \u00e9g hef fastna\u00f0 ykkur einum manni, Kristi, og vil lei\u00f0a fram fyrir hann hreina mey. <a name=\"3\"><span class=\"versanumer_2007\">3<\/span><\/a> En \u00e9g er hr\u00e6ddur um a\u00f0 eins og h\u00f6ggormurinn t\u00e6ldi Evu me\u00f0 fl\u00e6r\u00f0 sinni, svo kunni og hugsanir ykkar a\u00f0 spillast og lei\u00f0ast burt fr\u00e1 einl\u00e6gri og hreinni trygg\u00f0 vi\u00f0 Krist. <a name=\"4\"><span class=\"versanumer_2007\">4<\/span><\/a> \u00dev\u00ed a\u00f0 ef einhver kemur og pr\u00e9dikar annan Jes\u00fa en \u00e9g hef pr\u00e9dika\u00f0 e\u00f0a \u00fei\u00f0 f\u00e1i\u00f0 annan anda en \u00fei\u00f0 hafi\u00f0 fengi\u00f0 e\u00f0a anna\u00f0 fagna\u00f0arerindi en \u00fei\u00f0 hafi\u00f0 teki\u00f0 \u00e1 m\u00f3ti, \u00fe\u00e1 umberi\u00f0 \u00fei\u00f0 \u00fea\u00f0 m\u00e6tavel. <br \/> <a name=\"5\"><span class=\"versanumer_2007\">5<\/span><\/a> \u00c9g \u00e1l\u00edt mig \u00fe\u00f3 ekki \u00ed neinu standa hinum st\u00f3rmiklu postulum a\u00f0 baki. <a name=\"6\"><span class=\"versanumer_2007\">6<\/span><\/a> \u00de\u00f3tt mig bresti m\u00e6lsku brestur mig samt ekki \u00feekkingu og vi\u00f0 h\u00f6fum \u00e1 allan h\u00e1tt birt ykkur hana \u00ed \u00f6llum greinum. <br \/> <a name=\"7\"><span class=\"versanumer_2007\">7<\/span><\/a> E\u00f0a dr\u00fdg\u00f0i \u00e9g synd \u00feegar \u00e9g bo\u00f0a\u00f0i ykkur fagna\u00f0arerindi\u00f0 \u00f3keypis og ger\u00f0i l\u00edti\u00f0 \u00far sj\u00e1lfum m\u00e9r til \u00feess a\u00f0 \u00fea\u00f0 m\u00e6tti upphefja ykkur? <a name=\"8\"><span class=\"versanumer_2007\">8<\/span><\/a> A\u00f0ra s\u00f6fnu\u00f0i r\u00fa\u00f0i \u00e9g og t\u00f3k m\u00e1la af \u00feeim til \u00feess a\u00f0 geta \u00fej\u00f3na\u00f0 ykkur og er \u00e9g var hj\u00e1 ykkur og lei\u00f0 \u00fer\u00f6ng var\u00f0 \u00e9g \u00fe\u00f3 ekki neinum til byr\u00f0i <a name=\"9\"><span class=\"versanumer_2007\">9<\/span><\/a> \u00fev\u00ed a\u00f0 \u00far skorti m\u00ednum b\u00e6ttu br\u00e6\u00f0urnir er komu fr\u00e1 Maked\u00f3n\u00edu. Og \u00ed \u00f6llu vara\u00f0ist \u00e9g a\u00f0 ver\u00f0a ykkur til \u00feyngsla og mun varast. <a name=\"10\"><span class=\"versanumer_2007\">10<\/span><\/a> Svo sannarlega sem sannleiki Krists b\u00fdr \u00ed m\u00e9r, enginn \u00ed h\u00e9ru\u00f0um Akkeu skal geta fengi\u00f0 mig til a\u00f0 h\u00e6tta a\u00f0 hr\u00f3sa m\u00e9r af \u00feessu. <a name=\"11\"><span class=\"versanumer_2007\">11<\/span><\/a> Hvers vegna? Er \u00fea\u00f0 af \u00fev\u00ed a\u00f0 \u00e9g elska ykkur ekki? Nei, Gu\u00f0 veit a\u00f0 \u00e9g geri \u00fea\u00f0. <br \/> <a name=\"12\"><span class=\"versanumer_2007\">12<\/span><\/a> En \u00e9g mun ekki breg\u00f0a \u00fat af vana m\u00ednum til \u00feess a\u00f0 gefa \u00feeim ekki tilefni sem f\u00e6ris leita til \u00feess a\u00f0 vera jafnokar m\u00ednir \u00ed \u00fev\u00ed sem \u00feeir st\u00e6ra sig af. <a name=\"13\"><span class=\"versanumer_2007\">13<\/span><\/a> \u00dev\u00ed a\u00f0 sl\u00edkir menn eru falspostular, svikulir verkamenn er taka \u00e1 sig mynd postula Krists. <a name=\"14\"><span class=\"versanumer_2007\">14<\/span><\/a> Og ekki er \u00fea\u00f0 undur \u00fev\u00ed a\u00f0 Satan sj\u00e1lfur tekur \u00e1 sig lj\u00f3sengilsmynd. <a name=\"15\"><span class=\"versanumer_2007\">15<\/span><\/a> \u00dea\u00f0 er \u00fev\u00ed ekki miki\u00f0 \u00fe\u00f3tt \u00fej\u00f3nar hans taki \u00e1 sig mynd r\u00e9ttl\u00e6tis\u00fej\u00f3na. Afdrif \u00feeirra munu ver\u00f0a samkv\u00e6mt verkum \u00feeirra. <\/p>\n<h3 class=\"millifyrirsogn_2007\">Mannraunir postulans<\/h3>\n<p><a name=\"16\"><span class=\"versanumer_2007\">16<\/span><\/a> Enn segi \u00e9g: Ekki \u00e1l\u00edti neinn mig f\u00e1v\u00edsan. En \u00fe\u00f3 svo v\u00e6ri lofi\u00f0 m\u00e9r \u00fe\u00e1 a\u00f0 vera \u00fea\u00f0 til \u00feess a\u00f0 \u00e9g geti l\u00edka hr\u00f3sa\u00f0 m\u00e9r d\u00e1l\u00edti\u00f0. <a name=\"17\"><span class=\"versanumer_2007\">17<\/span><\/a> \u00dea\u00f0 sem \u00e9g tala n\u00fa, \u00feegar \u00e9g tek upp \u00e1 a\u00f0 hr\u00f3sa m\u00e9r, tala \u00e9g ekki eins og Drottinn vill a\u00f0 \u00e9g tali heldur eins og \u00ed heimsku. <a name=\"18\"><span class=\"versanumer_2007\">18<\/span><\/a> Me\u00f0 \u00fev\u00ed a\u00f0 margir hr\u00f3sa s\u00e9r af s\u00ednum mannlegu afrekum vil \u00e9g einnig hr\u00f3sa m\u00e9r svo <a name=\"19\"><span class=\"versanumer_2007\">19<\/span><\/a> \u00fev\u00ed a\u00f0 f\u00faslega umberi\u00f0 \u00fei\u00f0 hina f\u00e1v\u00edsu svo vitur sem \u00fei\u00f0 eru\u00f0. <a name=\"20\"><span class=\"versanumer_2007\">20<\/span><\/a> \u00dei\u00f0 umberi\u00f0 \u00fea\u00f0 \u00fe\u00f3tt einhver hneppi ykkur \u00ed \u00e1nau\u00f0, n\u00e1i ykkur \u00e1 sitt vald, \u00fe\u00f3tt einhver beiti ykkur kl\u00e6kjum og ar\u00f0r\u00e6ni ykkur, \u00fe\u00f3tt einhver l\u00edtilsvir\u00f0i ykkur og sl\u00e1i ykkur \u00ed andliti\u00f0. <a name=\"21\"><span class=\"versanumer_2007\">21<\/span><\/a> \u00c9g segi \u00fea\u00f0 m\u00e9r til minnkunar a\u00f0 \u00ed \u00feessu hef \u00e9g s\u00fdnt mig veikan. <br \/>En \u00fear sem a\u00f0rir l\u00e1ta dr\u00fdgindalega &#8211; \u00e9g tala f\u00e1v\u00edslega &#8211; \u00fear geri \u00e9g \u00fea\u00f0 l\u00edka. <a name=\"22\"><span class=\"versanumer_2007\">22<\/span><\/a> Eru \u00feeir Hebrear? \u00c9g l\u00edka. Eru \u00feeir \u00cdsraels ni\u00f0jar? \u00c9g l\u00edka. Eru \u00feeir Abrahams ni\u00f0jar? \u00c9g l\u00edka. <a name=\"23\"><span class=\"versanumer_2007\">23<\/span><\/a> Eru \u00feeir \u00fej\u00f3nar Krists? &#8211; N\u00fa tala \u00e9g eins og vitfirringur! &#8211; \u00c9g fremur. Meira hef \u00e9g unni\u00f0, oftar veri\u00f0 \u00ed fangelsi, fleiri h\u00f6gg \u00feola\u00f0 og oft dau\u00f0ans h\u00e6ttu. <a name=\"24\"><span class=\"versanumer_2007\">24<\/span><\/a> Af Gy\u00f0ingum hef \u00e9g fimm sinnum fengi\u00f0 h\u00f6ggin \u00ferj\u00e1t\u00edu og n\u00edu,<span class=\"nedan_mal\" title=\" Gy\u00f0ingleg refsing, sbr. 5M\u00f3s 25.2nn.\">[<\/span> <a name=\"25\"><span class=\"versanumer_2007\">25<\/span><\/a> \u00ferisvar veri\u00f0 h\u00fa\u00f0str\u00fdktur, einu sinni veri\u00f0 gr\u00fdttur, \u00ferisvar be\u00f0i\u00f0 skipbrot, veri\u00f0 s\u00f3larhring \u00ed sj\u00f3. <a name=\"26\"><span class=\"versanumer_2007\">26<\/span><\/a> \u00c9g hef veri\u00f0 \u00e1 s\u00edfelldum fer\u00f0al\u00f6gum, komist \u00ed hann krappan \u00ed \u00e1m, lent \u00ed h\u00e1ska af v\u00f6ldum r\u00e6ningja, \u00ed h\u00e1ska af v\u00f6ldum samlanda og af v\u00f6ldum \u00fatlendinga. \u00c9g hef lent \u00ed h\u00e1ska \u00ed borgum og \u00ed \u00f3bygg\u00f0um, \u00e1 sj\u00f3 og me\u00f0al falsbr\u00e6\u00f0ra. <a name=\"27\"><span class=\"versanumer_2007\">27<\/span><\/a> \u00c9g hef strita\u00f0 og erfi\u00f0a\u00f0, \u00e1tt margar svefnlausar n\u00e6tur, veri\u00f0 hungra\u00f0ur og \u00feyrstur og i\u00f0ulega fasta\u00f0 og \u00e9g hef veri\u00f0 kaldur og kl\u00e6\u00f0laus. <a name=\"28\"><span class=\"versanumer_2007\">28<\/span><\/a> Og ofan \u00e1 allt anna\u00f0 b\u00e6tist \u00fea\u00f0 sem m\u00e6\u00f0ir \u00e1 m\u00e9r hvern dag, \u00e1hyggjan fyrir \u00f6llum s\u00f6fnu\u00f0unum. <a name=\"29\"><span class=\"versanumer_2007\">29<\/span><\/a> Hver er sj\u00fakur \u00e1n \u00feess a\u00f0 \u00e9g s\u00e9 sj\u00fakur? Hver hrasar \u00e1n \u00feess a\u00f0 \u00e9g l\u00ed\u00f0i? <br \/> <a name=\"30\"><span class=\"versanumer_2007\">30<\/span><\/a> Ef \u00e9g \u00e1 a\u00f0 hr\u00f3sa m\u00e9r vil \u00e9g hr\u00f3sa m\u00e9r af veikleika m\u00ednum. <a name=\"31\"><span class=\"versanumer_2007\">31<\/span><\/a> Gu\u00f0 og fa\u00f0ir Drottins Jes\u00fa, sem blessa\u00f0ur er a\u00f0 eil\u00edfu, veit a\u00f0 \u00e9g l\u00fdg ekki. <a name=\"32\"><span class=\"versanumer_2007\">32<\/span><\/a> \u00cd Damaskus setti landsh\u00f6f\u00f0ingi Areta konungs v\u00f6r\u00f0 um borgina til \u00feess a\u00f0 handtaka mig. <a name=\"33\"><span class=\"versanumer_2007\">33<\/span><\/a> En gegnum glugga var \u00e9g l\u00e1tinn s\u00edga \u00fat fyrir m\u00farinn \u00ed k\u00f6rfu og slapp \u00feannig \u00far h\u00f6ndum hans. <\/p>\n","protected":false},"excerpt":{"rendered":"<p>P\u00e1ll og falspostularnir 1 \u00c9g vildi a\u00f0 \u00fei\u00f0 umb\u00e6ru\u00f0 d\u00e1litla f\u00e1visku hj\u00e1 m\u00e9r. Vissulega geri\u00f0 \u00fei\u00f0 \u00fea\u00f0. 2 \u00c9g vakti yfir ykkur me\u00f0 afbr\u00fd\u00f0i eins og Gu\u00f0 \u00fev\u00ed a\u00f0 \u00e9g hef fastna\u00f0 ykkur einum manni, Kristi, og vil lei\u00f0a fram fyrir hann hreina mey. 3 En \u00e9g er hr\u00e6ddur um a\u00f0 eins og h\u00f6ggormurinn t\u00e6ldi Evu me\u00f0 fl\u00e6r\u00f0 sinni, svo kunni og hugsanir ykkar a\u00f0 spillast og lei\u00f0ast burt fr\u00e1 einl\u00e6gri og hreinni trygg\u00f0 vi\u00f0 Krist. 4 \u00dev\u00ed a\u00f0 ef einhver kemur og pr\u00e9dikar annan Jes\u00fa en \u00e9g hef pr\u00e9dika\u00f0 e\u00f0a \u00fei\u00f0 f\u00e1i\u00f0 annan anda en \u00fei\u00f0 hafi\u00f0 fengi\u00f0 e\u00f0a <a href=\"https:\/\/biblian.is\/biblian\/sidara-korintubref-11-kafli\/\"> [&#8230;]<\/a><\/p>\n","protected":false},"author":1,"featured_media":0,"parent":0,"menu_order":0,"comment_status":"open","ping_status":"open","template":"bibliukaflar_NT.php","meta":{"footnotes":""},"class_list":["post-2706","page","type-page","status-publish","hentry"],"_links":{"self":[{"href":"https:\/\/biblian.is\/biblian\/wp-json\/wp\/v2\/pages\/2706","targetHints":{"allow":["GET"]}}],"collection":[{"href":"https:\/\/biblian.is\/biblian\/wp-json\/wp\/v2\/pages"}],"about":[{"href":"https:\/\/biblian.is\/biblian\/wp-json\/wp\/v2\/types\/page"}],"author":[{"embeddable":true,"href":"https:\/\/biblian.is\/biblian\/wp-json\/wp\/v2\/users\/1"}],"replies":[{"embeddable":true,"href":"https:\/\/biblian.is\/biblian\/wp-json\/wp\/v2\/comments?post=2706"}],"version-history":[{"count":0,"href":"https:\/\/biblian.is\/biblian\/wp-json\/wp\/v2\/pages\/2706\/revisions"}],"wp:attachment":[{"href":"https:\/\/biblian.is\/biblian\/wp-json\/wp\/v2\/media?parent=2706"}],"curies":[{"name":"wp","href":"https:\/\/api.w.org\/{rel}","templated":true}]}}