{"id":2705,"date":"2017-12-30T21:04:20","date_gmt":"2017-12-30T21:04:20","guid":{"rendered":"http:\/\/biblian.is\/biblian\/s%c2%92_ara-korintubr%c2%8ef-10-kafli\/"},"modified":"2019-08-26T23:45:16","modified_gmt":"2019-08-26T23:45:16","slug":"sidara-korintubref-10-kafli","status":"publish","type":"page","link":"https:\/\/biblian.is\/biblian\/sidara-korintubref-10-kafli\/","title":{"rendered":"S\u00ed\u00f0ara Korintubr\u00e9f 10. kafli"},"content":{"rendered":"<h3 class=\"millifyrirsogn_2007\"> V\u00f6rn P\u00e1ls<\/h3>\n<p><a name=\"1\"><span class=\"versanumer_2007\">1<\/span><\/a> \u00c9g, P\u00e1ll, sem sag\u00f0ur er au\u00f0mj\u00fakur \u00ed n\u00e1vist ykkar en djarfm\u00e1ll \u00feegar \u00e9g er fjarri, bi\u00f0 ykkur me\u00f0 h\u00f3gv\u00e6r\u00f0 og mildi Krists: <a name=\"2\"><span class=\"versanumer_2007\">2<\/span><\/a> L\u00e1ti\u00f0 mig ekki \u00feurfa a\u00f0 vera har\u00f0ur vi\u00f0 ykkur \u00feegar \u00e9g kem og beita \u00feeim myndugleika sem \u00e9g mun ekki hika vi\u00f0 a\u00f0 beita gagnvart nokkrum er \u00e1l\u00edta a\u00f0 \u00e9g l\u00e1ti stj\u00f3rnast af mannlegum hv\u00f6tum. <a name=\"3\"><span class=\"versanumer_2007\">3<\/span><\/a> \u00de\u00f3tt \u00e9g s\u00e9 ma\u00f0ur berst \u00e9g ekki \u00e1 mannlegan h\u00e1tt &#8211; <a name=\"4\"><span class=\"versanumer_2007\">4<\/span><\/a> \u00fev\u00ed a\u00f0 vopnin, sem \u00e9g nota, eru ekki jar\u00f0nesk heldur m\u00e1ttug vopn Gu\u00f0s til a\u00f0 brj\u00f3ta ni\u00f0ur v\u00edgi. <a name=\"5\"><span class=\"versanumer_2007\">5<\/span><\/a> \u00c9g br\u00fdt ni\u00f0ur hugsm\u00ed\u00f0ar og allt sem hreykir s\u00e9r gegn \u00feekkingunni \u00e1 Gu\u00f0i og hertek hverja hugsun til hl\u00fd\u00f0ni vi\u00f0 Krist. <a name=\"6\"><span class=\"versanumer_2007\">6<\/span><\/a> Og \u00e9g er \u00feess alb\u00fainn a\u00f0 refsa s\u00e9rhverri \u00f3hl\u00fd\u00f0ni \u00feegar hl\u00fd\u00f0ni ykkar er or\u00f0in fullkomin. <br \/> <a name=\"7\"><span class=\"versanumer_2007\">7<\/span><\/a> \u00dei\u00f0 horfi\u00f0 \u00e1 hi\u00f0 ytra. Ef einhver treystir \u00fev\u00ed a\u00f0 hann s\u00e9 Krists \u00fe\u00e1 hyggi hann betur a\u00f0 og sj\u00e1i a\u00f0 eins og hann er Krists, \u00feannig er \u00e9g \u00fea\u00f0 einnig. <a name=\"8\"><span class=\"versanumer_2007\">8<\/span><\/a> Jafnvel \u00fe\u00f3tt \u00e9g vildi hr\u00f3sa m\u00e9r \u00ed frekara lagi af valdi m\u00ednu, sem Drottinn hefur gefi\u00f0 til a\u00f0 byggja ykkur upp en ekki til a\u00f0 r\u00edfa ykkur ni\u00f0ur, \u00fe\u00e1 yr\u00f0i \u00e9g m\u00e9r ekki til skammar. <a name=\"9\"><span class=\"versanumer_2007\">9<\/span><\/a> Ekki m\u00e1 l\u00edta svo \u00fat sem \u00e9g vilji hr\u00e6\u00f0a ykkur me\u00f0 br\u00e9funum. <a name=\"10\"><span class=\"versanumer_2007\">10<\/span><\/a> \u201eBr\u00e9fin,\u201c segja menn, \u201eeru \u00feung og str\u00f6ng en sj\u00e1lfur er hann l\u00edtill fyrir mann a\u00f0 sj\u00e1 og enginn tekur mark \u00e1 r\u00e6\u00f0u hans.\u201c <a name=\"11\"><span class=\"versanumer_2007\">11<\/span><\/a> S\u00e1 sem sl\u00edkt segir festi \u00fea\u00f0 \u00ed huga s\u00e9r a\u00f0 eins og \u00e9g tala til ykkar fjarstaddur \u00ed br\u00e9funum, \u00feannig mun \u00e9g koma fram \u00feegar \u00e9g er hj\u00e1 ykkur. <br \/> <a name=\"12\"><span class=\"versanumer_2007\">12<\/span><\/a> Ekki dirfist \u00e9g a\u00f0 telja mig til \u00feeirra e\u00f0a bera mig saman vi\u00f0 suma af \u00feeim er m\u00e6la me\u00f0 sj\u00e1lfum s\u00e9r. \u00deeir eru \u00fea\u00f0 \u00f3skynsamir a\u00f0 \u00feeir koma me\u00f0 eigin m\u00e6listikur og m\u00e6la sig vi\u00f0 sj\u00e1lfa sig. <a name=\"13\"><span class=\"versanumer_2007\">13<\/span><\/a> \u00c9g miklast ekki \u00f3m\u00e6lt, \u00e9g nota \u00feann m\u00e6li sem Gu\u00f0 hefur \u00fathluta\u00f0 m\u00e9r: A\u00f0 n\u00e1 allt til ykkar. <a name=\"14\"><span class=\"versanumer_2007\">14<\/span><\/a> Hef\u00f0i \u00e9g ekki n\u00e1\u00f0 allt til ykkar hef\u00f0i \u00e9g gert of miki\u00f0 \u00far m\u00e9r. En n\u00fa komst \u00e9g fyrstur alla lei\u00f0 til ykkar me\u00f0 fagna\u00f0arerindi Krists. <a name=\"15\"><span class=\"versanumer_2007\">15<\/span><\/a> \u00c9g hef m\u00edna vi\u00f0mi\u00f0un og miklast ekki af erfi\u00f0i annarra. \u00c9g vona a\u00f0 \u00e9g vaxi \u00ed \u00e1liti hj\u00e1 ykkur a\u00f0 sama skapi sem tr\u00fa ykkar vex en \u00fe\u00f3 samkv\u00e6mt minni m\u00e6listiku. <a name=\"16\"><span class=\"versanumer_2007\">16<\/span><\/a> \u00de\u00e1 get \u00e9g bo\u00f0a\u00f0 fagna\u00f0arerindi\u00f0 \u00ed l\u00f6ndum handan vi\u00f0 ykkur \u00e1n \u00feess a\u00f0 nota annarra m\u00e6listikur e\u00f0a st\u00e6ra mig af \u00fev\u00ed sem \u00feegar er gert. <a name=\"17\"><span class=\"versanumer_2007\">17<\/span><\/a> En \u201es\u00e1 sem hr\u00f3sar s\u00e9r hr\u00f3si s\u00e9r af \u00fev\u00ed sem Drottinn hefur gert\u201c. <a name=\"18\"><span class=\"versanumer_2007\">18<\/span><\/a> \u00deeim er ekki a\u00f0 treysta er m\u00e6lir me\u00f0 sj\u00e1lfum s\u00e9r heldur \u00feeim er Drottinn m\u00e6lir me\u00f0. <\/p>\n","protected":false},"excerpt":{"rendered":"<p>V\u00f6rn P\u00e1ls 1 \u00c9g, P\u00e1ll, sem sag\u00f0ur er au\u00f0mj\u00fakur \u00ed n\u00e1vist ykkar en djarfm\u00e1ll \u00feegar \u00e9g er fjarri, bi\u00f0 ykkur me\u00f0 h\u00f3gv\u00e6r\u00f0 og mildi Krists: 2 L\u00e1ti\u00f0 mig ekki \u00feurfa a\u00f0 vera har\u00f0ur vi\u00f0 ykkur \u00feegar \u00e9g kem og beita \u00feeim myndugleika sem \u00e9g mun ekki hika vi\u00f0 a\u00f0 beita gagnvart nokkrum er \u00e1l\u00edta a\u00f0 \u00e9g l\u00e1ti stj\u00f3rnast af mannlegum hv\u00f6tum. 3 \u00de\u00f3tt \u00e9g s\u00e9 ma\u00f0ur berst \u00e9g ekki \u00e1 mannlegan h\u00e1tt &#8211; 4 \u00fev\u00ed a\u00f0 vopnin, sem \u00e9g nota, eru ekki jar\u00f0nesk heldur m\u00e1ttug vopn Gu\u00f0s til a\u00f0 brj\u00f3ta ni\u00f0ur v\u00edgi. 5 \u00c9g br\u00fdt ni\u00f0ur hugsm\u00ed\u00f0ar og allt sem <a href=\"https:\/\/biblian.is\/biblian\/sidara-korintubref-10-kafli\/\"> [&#8230;]<\/a><\/p>\n","protected":false},"author":1,"featured_media":0,"parent":0,"menu_order":0,"comment_status":"open","ping_status":"open","template":"bibliukaflar_NT.php","meta":{"footnotes":""},"class_list":["post-2705","page","type-page","status-publish","hentry"],"_links":{"self":[{"href":"https:\/\/biblian.is\/biblian\/wp-json\/wp\/v2\/pages\/2705","targetHints":{"allow":["GET"]}}],"collection":[{"href":"https:\/\/biblian.is\/biblian\/wp-json\/wp\/v2\/pages"}],"about":[{"href":"https:\/\/biblian.is\/biblian\/wp-json\/wp\/v2\/types\/page"}],"author":[{"embeddable":true,"href":"https:\/\/biblian.is\/biblian\/wp-json\/wp\/v2\/users\/1"}],"replies":[{"embeddable":true,"href":"https:\/\/biblian.is\/biblian\/wp-json\/wp\/v2\/comments?post=2705"}],"version-history":[{"count":0,"href":"https:\/\/biblian.is\/biblian\/wp-json\/wp\/v2\/pages\/2705\/revisions"}],"wp:attachment":[{"href":"https:\/\/biblian.is\/biblian\/wp-json\/wp\/v2\/media?parent=2705"}],"curies":[{"name":"wp","href":"https:\/\/api.w.org\/{rel}","templated":true}]}}