{"id":2703,"date":"2017-12-30T21:04:20","date_gmt":"2017-12-30T21:04:20","guid":{"rendered":"http:\/\/biblian.is\/biblian\/s%c2%92_ara-korintubr%c2%8ef-8-kafli\/"},"modified":"2019-08-26T23:45:18","modified_gmt":"2019-08-26T23:45:18","slug":"sidara-korintubref-8-kafli","status":"publish","type":"page","link":"https:\/\/biblian.is\/biblian\/sidara-korintubref-8-kafli\/","title":{"rendered":"S\u00ed\u00f0ara Korintubr\u00e9f 8. kafli"},"content":{"rendered":"<h3 class=\"millifyrirsogn_2007\"> N\u00e1\u00f0 Gu\u00f0s vekur \u00f6rl\u00e6ti<\/h3>\n<p><a name=\"1\"><span class=\"versanumer_2007\">1<\/span><\/a> En svo vil \u00e9g, br\u00e6\u00f0ur m\u00ednir og systur,<span class=\"nedan_mal\" title=\" Or\u00f0r\u00e9tt: br\u00e6\u00f0ur.\">[<\/span> sk\u00fdra ykkur fr\u00e1 \u00feeirri n\u00e1\u00f0 sem Gu\u00f0 hefur s\u00fdnt s\u00f6fnu\u00f0unum \u00ed Maked\u00f3n\u00edu. <a name=\"2\"><span class=\"versanumer_2007\">2<\/span><\/a> \u00der\u00e1tt fyrir \u00fe\u00e6r miklu \u00ferengingar sem \u00feeir hafa or\u00f0i\u00f0 a\u00f0 reyna hefur hin r\u00edka gle\u00f0i \u00feeirra leitt \u00ed lj\u00f3s hve \u00f6rl\u00e1tir \u00feeir eru \u00fer\u00e1tt fyrir s\u00e1ra f\u00e1t\u00e6kt. <a name=\"3\"><span class=\"versanumer_2007\">3<\/span><\/a> \u00c9g get votta\u00f0 \u00fea\u00f0 hversu \u00feeir hafa gefi\u00f0 eftir efnum, j\u00e1, umfram efni s\u00edn. Af eigin hv\u00f6tum <a name=\"4\"><span class=\"versanumer_2007\">4<\/span><\/a> l\u00f6g\u00f0u \u00feeir fast a\u00f0 m\u00e9r og b\u00e1\u00f0u um a\u00f0 mega taka \u00fe\u00e1tt \u00ed samskotunum til hinna heil\u00f6gu. <a name=\"5\"><span class=\"versanumer_2007\">5<\/span><\/a> Og \u00feeir ger\u00f0u betur en \u00e9g haf\u00f0i vona\u00f0, \u00feeir g\u00e1fu sj\u00e1lfa sig, fyrst og fremst Drottni og s\u00ed\u00f0an m\u00e9r a\u00f0 vilja Gu\u00f0s. <a name=\"6\"><span class=\"versanumer_2007\">6<\/span><\/a> \u00dea\u00f0 var\u00f0 til \u00feess a\u00f0 \u00e9g ba\u00f0 T\u00edtus a\u00f0 hann skyldi og lei\u00f0a til lykta hj\u00e1 ykkur \u00feessa gj\u00f6f eins og hann hefur byrja\u00f0. <a name=\"7\"><span class=\"versanumer_2007\">7<\/span><\/a> \u00dei\u00f0 skari\u00f0 fram \u00far \u00ed \u00f6llu, \u00ed tr\u00fa, \u00ed m\u00e6lsku og \u00feekkingu, \u00ed allri al\u00fa\u00f0 og \u00ed elsku ykkar sem \u00e9g hef vaki\u00f0.<span class=\"nedan_mal\" title=\" Annar lesh\u00e1ttur: \u00ed elsku okkar til ykkar.\">[<\/span> \u00deannig skulu\u00f0 \u00fei\u00f0 skara fram \u00far \u00ed \u00feessari gj\u00f6f. <br \/> <a name=\"8\"><span class=\"versanumer_2007\">8<\/span><\/a> \u00c9g segi \u00feetta ekki sem skipun heldur er \u00e9g a\u00f0 ganga \u00far skugga um hvort k\u00e6rleiki ykkar s\u00e9 einl\u00e6gur samanbori\u00f0 vi\u00f0 \u00f3s\u00e9rpl\u00e6gni annarra. <a name=\"9\"><span class=\"versanumer_2007\">9<\/span><\/a> \u00dei\u00f0 \u00feekki\u00f0 n\u00e1\u00f0 Drottins vors Jes\u00fa Krists. Hann ger\u00f0ist f\u00e1t\u00e6kur ykkar vegna, \u00fe\u00f3tt r\u00edkur v\u00e6ri, til \u00feess a\u00f0 \u00fei\u00f0 au\u00f0gu\u00f0ust af f\u00e1t\u00e6kt hans. <br \/> <a name=\"10\"><span class=\"versanumer_2007\">10<\/span><\/a> \u00c9g vil gefa ykkur r\u00e1\u00f0 \u00ed \u00feessu m\u00e1li. \u00c9g tel \u00fea\u00f0 vera ykkur til gagns a\u00f0 taka \u00fe\u00e1tt \u00ed samskotunum. \u00cd fyrra \u00e1kv\u00e1\u00f0u\u00f0 \u00fei\u00f0 \u00fea\u00f0 og voru\u00f0 \u00feegar farin a\u00f0 hefjast handa. <a name=\"11\"><span class=\"versanumer_2007\">11<\/span><\/a> Lj\u00faki\u00f0 n\u00fa vi\u00f0 \u00fea\u00f0 og s\u00fdni\u00f0 viljann \u00ed verki og gefi\u00f0 \u00fea\u00f0 sem efnin leyfa. <a name=\"12\"><span class=\"versanumer_2007\">12<\/span><\/a> \u00dev\u00ed a\u00f0 ef viljinn er g\u00f3\u00f0ur \u00fe\u00e1 er hver metinn eftir \u00fev\u00ed sem hann \u00e1 og ekki eftir \u00fev\u00ed sem hann \u00e1 ekki til. <a name=\"13\"><span class=\"versanumer_2007\">13<\/span><\/a> Ekki svo a\u00f0 \u00ferengt s\u00e9 a\u00f0 ykkur til \u00feess a\u00f0 a\u00f0rir hafi \u00fea\u00f0 gott heldur er \u00fea\u00f0 til \u00feess a\u00f0 j\u00f6fnu\u00f0ur ver\u00f0i. <a name=\"14\"><span class=\"versanumer_2007\">14<\/span><\/a> N\u00fa sem stendur b\u00e6tir gn\u00e6g\u00f0 ykkar \u00far skorti hinna til \u00feess a\u00f0 einnig gn\u00e6g\u00f0 hinna geti b\u00e6tt \u00far skorti ykkar og \u00feannig ver\u00f0i j\u00f6fnu\u00f0ur <a name=\"15\"><span class=\"versanumer_2007\">15<\/span><\/a> eins og skrifa\u00f0 er: <br \/> <span class=\"ljodatexti\"> S\u00e1 sem miklu safna\u00f0i haf\u00f0i ekki afgangs<br \/>og \u00feann skorti ekki sem litlu safna\u00f0i. <\/span> <\/p>\n<h3 class=\"millifyrirsogn_2007\">T\u00edtus og samfer\u00f0amenn hans<\/h3>\n<p><a name=\"16\"><span class=\"versanumer_2007\">16<\/span><\/a> En \u00fe\u00f6kk s\u00e9 Gu\u00f0i sem vakti \u00ed hjarta T\u00edtusar \u00feessa s\u00f6mu umhyggju fyrir ykkur og \u00e9g hef. <a name=\"17\"><span class=\"versanumer_2007\">17<\/span><\/a> Hann var\u00f0 ekki a\u00f0eins vi\u00f0 \u00e1skorun minni heldur var \u00e1hugi hans svo mikill a\u00f0 hann \u00e1kva\u00f0 a\u00f0 fara af eigin hv\u00f6tum. <a name=\"18\"><span class=\"versanumer_2007\">18<\/span><\/a> Me\u00f0 honum sendi \u00e9g \u00feann br\u00f3\u00f0ur sem or\u00f0 fer af \u00ed \u00f6llum s\u00f6fnu\u00f0unum fyrir starf hans \u00ed \u00fej\u00f3nustu fagna\u00f0arerindisins. <a name=\"19\"><span class=\"versanumer_2007\">19<\/span><\/a> Og ekki \u00fea\u00f0 eitt heldur hefur s\u00f6fnu\u00f0urinn kj\u00f6ri\u00f0 hann til a\u00f0 vera samfer\u00f0ama\u00f0ur minn me\u00f0 gj\u00f6f \u00feessa sem \u00e9g hef l\u00e1ti\u00f0 safna Drottni til d\u00fdr\u00f0ar og til a\u00f0 s\u00fdna f\u00fasleika minn. <a name=\"20\"><span class=\"versanumer_2007\">20<\/span><\/a> \u00c9g hef vilja\u00f0 komast hj\u00e1 \u00fev\u00ed a\u00f0 nokkur g\u00e6ti sett \u00fat \u00e1 me\u00f0fer\u00f0 m\u00edna \u00e1 hinni miklu gj\u00f6f sem \u00e9g hef gengist fyrir. <a name=\"21\"><span class=\"versanumer_2007\">21<\/span><\/a> \u00dev\u00ed a\u00f0 \u00e9g leita\u00f0ist vi\u00f0 a\u00f0 \u00e1stunda \u00fea\u00f0 sem gott er, ekki a\u00f0eins \u00ed augum Drottins heldur og \u00ed augum manna. <a name=\"22\"><span class=\"versanumer_2007\">22<\/span><\/a> Me\u00f0 \u00feeim sendi \u00e9g annan br\u00f3\u00f0ur, sem \u00e9g oftsinnis og \u00ed m\u00f6rgu hef reynt kostg\u00e6finn, en n\u00fa miklu fremur en ella vegna hans mikla trausts til ykkar. <a name=\"23\"><span class=\"versanumer_2007\">23<\/span><\/a> T\u00edtus er f\u00e9lagi minn og starfsbr\u00f3\u00f0ir hj\u00e1 ykkur og hinir eru br\u00e6\u00f0ur okkar og sendibo\u00f0ar safna\u00f0anna og eru Kristi til vegsemdar. <a name=\"24\"><span class=\"versanumer_2007\">24<\/span><\/a> S\u00fdni\u00f0 \u00feeim \u00fev\u00ed merki elsku ykkar og \u00e1st\u00e6\u00f0una fyrir a\u00f0 \u00e9g hr\u00f3sa\u00f0i ykkur. \u00de\u00e1 ver\u00f0ur s\u00f6fnu\u00f0unum \u00fea\u00f0 lj\u00f3st.<\/p>\n","protected":false},"excerpt":{"rendered":"<p>N\u00e1\u00f0 Gu\u00f0s vekur \u00f6rl\u00e6ti 1 En svo vil \u00e9g, br\u00e6\u00f0ur m\u00ednir og systur,[ sk\u00fdra ykkur fr\u00e1 \u00feeirri n\u00e1\u00f0 sem Gu\u00f0 hefur s\u00fdnt s\u00f6fnu\u00f0unum \u00ed Maked\u00f3n\u00edu. 2 \u00der\u00e1tt fyrir \u00fe\u00e6r miklu \u00ferengingar sem \u00feeir hafa or\u00f0i\u00f0 a\u00f0 reyna hefur hin r\u00edka gle\u00f0i \u00feeirra leitt \u00ed lj\u00f3s hve \u00f6rl\u00e1tir \u00feeir eru \u00fer\u00e1tt fyrir s\u00e1ra f\u00e1t\u00e6kt. 3 \u00c9g get votta\u00f0 \u00fea\u00f0 hversu \u00feeir hafa gefi\u00f0 eftir efnum, j\u00e1, umfram efni s\u00edn. Af eigin hv\u00f6tum 4 l\u00f6g\u00f0u \u00feeir fast a\u00f0 m\u00e9r og b\u00e1\u00f0u um a\u00f0 mega taka \u00fe\u00e1tt \u00ed samskotunum til hinna heil\u00f6gu. 5 Og \u00feeir ger\u00f0u betur en \u00e9g haf\u00f0i vona\u00f0, \u00feeir g\u00e1fu <a href=\"https:\/\/biblian.is\/biblian\/sidara-korintubref-8-kafli\/\"> [&#8230;]<\/a><\/p>\n","protected":false},"author":1,"featured_media":0,"parent":0,"menu_order":0,"comment_status":"open","ping_status":"open","template":"bibliukaflar_NT.php","meta":{"footnotes":""},"class_list":["post-2703","page","type-page","status-publish","hentry"],"_links":{"self":[{"href":"https:\/\/biblian.is\/biblian\/wp-json\/wp\/v2\/pages\/2703","targetHints":{"allow":["GET"]}}],"collection":[{"href":"https:\/\/biblian.is\/biblian\/wp-json\/wp\/v2\/pages"}],"about":[{"href":"https:\/\/biblian.is\/biblian\/wp-json\/wp\/v2\/types\/page"}],"author":[{"embeddable":true,"href":"https:\/\/biblian.is\/biblian\/wp-json\/wp\/v2\/users\/1"}],"replies":[{"embeddable":true,"href":"https:\/\/biblian.is\/biblian\/wp-json\/wp\/v2\/comments?post=2703"}],"version-history":[{"count":0,"href":"https:\/\/biblian.is\/biblian\/wp-json\/wp\/v2\/pages\/2703\/revisions"}],"wp:attachment":[{"href":"https:\/\/biblian.is\/biblian\/wp-json\/wp\/v2\/media?parent=2703"}],"curies":[{"name":"wp","href":"https:\/\/api.w.org\/{rel}","templated":true}]}}