{"id":2702,"date":"2017-12-30T21:04:20","date_gmt":"2017-12-30T21:04:20","guid":{"rendered":"http:\/\/biblian.is\/biblian\/s%c2%92_ara-korintubr%c2%8ef-7-kafli\/"},"modified":"2019-08-26T23:45:18","modified_gmt":"2019-08-26T23:45:18","slug":"sidara-korintubref-7-kafli","status":"publish","type":"page","link":"https:\/\/biblian.is\/biblian\/sidara-korintubref-7-kafli\/","title":{"rendered":"S\u00ed\u00f0ara Korintubr\u00e9f 7. kafli"},"content":{"rendered":"<p><a name=\"1\"><span class=\"versanumer_2007\">1<\/span><\/a> \u00dear e\u00f0 vi\u00f0 \u00fev\u00ed h\u00f6fum \u00feessi fyrirheit, elsku\u00f0 b\u00f6rn m\u00edn, \u00fe\u00e1 hreinsum okkur af allri saurgun \u00e1 l\u00edkama og s\u00e1l og fullkomnum helgun okkar \u00ed gu\u00f0s\u00f3tta. <\/p>\n<h3 class=\"millifyrirsogn_2007\">Gle\u00f0i \u00ed \u00ferengingum<\/h3>\n<p><a name=\"2\"><span class=\"versanumer_2007\">2<\/span><\/a> R\u00fdmi\u00f0 fyrir m\u00e9r \u00ed hj\u00f6rtum ykkar. Engum hef \u00e9g gert rangt til, engan ska\u00f0a\u00f0, engan f\u00e9flett. <a name=\"3\"><span class=\"versanumer_2007\">3<\/span><\/a> \u00c9g segi \u00fea\u00f0 ekki til a\u00f0 \u00e1fellast ykkur. \u00c9g hef \u00e1\u00f0ur sagt a\u00f0 \u00e9g elska ykkur svo a\u00f0 \u00e9g vil lifa og deyja me\u00f0 ykkur. <a name=\"4\"><span class=\"versanumer_2007\">4<\/span><\/a> \u00c9g treysti ykkur fullkomlega og er hreykinn af ykkur. \u00c9g er fullur bjarts\u00fdni og innilegrar gle\u00f0i \u00ed allri \u00ferenging minni. <br \/> <a name=\"5\"><span class=\"versanumer_2007\">5<\/span><\/a> \u00deegar \u00e9g \u00fev\u00ed var kominn til Maked\u00f3n\u00edu haf\u00f0i \u00e9g enga eir\u00f0 \u00ed m\u00e9r heldur var \u00e9g \u00e1 alla vegu a\u00f0\u00ferengdur, \u00e1t\u00f6k vi\u00f0 andst\u00e6\u00f0inga, \u00f3tti innra me\u00f0 m\u00e9r. <a name=\"6\"><span class=\"versanumer_2007\">6<\/span><\/a> En Gu\u00f0, sem upp\u00f6rvar beyg\u00f0a, veitti m\u00e9r kjark \u00feegar T\u00edtus kom, <a name=\"7\"><span class=\"versanumer_2007\">7<\/span><\/a> j\u00e1, ekki a\u00f0eins me\u00f0 komu hans heldur og me\u00f0 \u00feeirri upp\u00f6rvun sem hann haf\u00f0i fengi\u00f0 hj\u00e1 ykkur. Hann sk\u00fdr\u00f0i m\u00e9r fr\u00e1 \u00fer\u00e1 ykkar, kveinst\u00f6fum ykkar, \u00e1huga ykkar m\u00edn vegna svo a\u00f0 \u00e9g gladdist vi\u00f0 \u00fea\u00f0 enn frekar. <br \/> <a name=\"8\"><span class=\"versanumer_2007\">8<\/span><\/a> A\u00f0 v\u00edsu hef \u00e9g hryggt ykkur me\u00f0 br\u00e9finu en \u00e9g i\u00f0rast \u00feess ekki n\u00fa \u00fe\u00f3tt \u00e9g i\u00f0ra\u00f0ist \u00feess \u00e1\u00f0ur \u00fear sem \u00e9g s\u00e1 a\u00f0 \u00feetta br\u00e9f haf\u00f0i hryggt ykkur \u00fe\u00f3tt ekki v\u00e6ri nema um stund. <a name=\"9\"><span class=\"versanumer_2007\">9<\/span><\/a> N\u00fa er \u00e9g gla\u00f0ur, ekki yfir \u00fev\u00ed a\u00f0 \u00fei\u00f0 ur\u00f0u\u00f0 hrygg heldur yfir \u00fev\u00ed a\u00f0 hrygg\u00f0 ykkar leiddi til \u00feess a\u00f0 \u00fei\u00f0 b\u00e6ttu\u00f0 r\u00e1\u00f0 ykkar. \u00dei\u00f0 ur\u00f0u\u00f0 hrygg Gu\u00f0i a\u00f0 skapi og bi\u00f0u\u00f0 \u00fev\u00ed ekki \u00ed neinu tj\u00f3n svo a\u00f0 \u00e9g var\u00f0 ykkur ekki a\u00f0 meini. <a name=\"10\"><span class=\"versanumer_2007\">10<\/span><\/a> S\u00fa hrygg\u00f0 sem er Gu\u00f0i a\u00f0 skapi lei\u00f0ir til \u00feess a\u00f0 menn taki sinnaskiptum, sem engan i\u00f0rar, og frelsist en \u00feegar menn hryggjast a\u00f0 h\u00e6tti heimsins lei\u00f0ir \u00fea\u00f0 til dau\u00f0a. <a name=\"11\"><span class=\"versanumer_2007\">11<\/span><\/a> Sj\u00e1i\u00f0 hvernig Gu\u00f0 hefur nota\u00f0 hrygg\u00f0 ykkar. H\u00fan hefur or\u00f0i\u00f0 til \u00feess a\u00f0 s\u00fdna hve \u00e6ruk\u00e6r \u00fei\u00f0 eru\u00f0, hve vel \u00fei\u00f0 st\u00f3\u00f0u\u00f0 fyrir m\u00e1li ykkar, hve gr\u00f6m \u00fei\u00f0 voru\u00f0 og \u00f3tta slegin, hve \u00fei\u00f0 \u00fer\u00e1\u00f0u\u00f0 a\u00f0 sj\u00e1 mig, hve r\u00f6sklega \u00fei\u00f0 t\u00f3ku\u00f0 \u00e1 m\u00e1li mannsins. \u00cd \u00f6llu hafi\u00f0 \u00fei\u00f0 n\u00fa sanna\u00f0 a\u00f0 \u00fei\u00f0 voru\u00f0 v\u00edtalaus um \u00feetta. <a name=\"12\"><span class=\"versanumer_2007\">12<\/span><\/a> \u00de\u00f3tt \u00e9g \u00fev\u00ed hafi skrifa\u00f0 ykkur \u00fe\u00e1 var \u00fea\u00f0 ekki vegna \u00feess sem \u00f3r\u00e9ttinn ger\u00f0i n\u00e9 hins sem fyrir \u00f3r\u00e9ttinum var\u00f0. \u00c9g skrifa\u00f0i til \u00feess a\u00f0 \u00fei\u00f0 g\u00e6tu\u00f0 s\u00fdnt fyrir augliti Gu\u00f0s hversu heils hugar \u00fei\u00f0 standi\u00f0 me\u00f0 m\u00e9r. <a name=\"13\"><span class=\"versanumer_2007\">13<\/span><\/a> \u00deetta j\u00f3k m\u00e9r kjark. <br \/>En auk hvatningarinnar, sem \u00e9g f\u00e9kk, gladdi \u00fea\u00f0 mig allra mest hve T\u00edtus var\u00f0 gla\u00f0ur. \u00dei\u00f0 hafi\u00f0 \u00f6ll r\u00f3a\u00f0 huga hans. <a name=\"14\"><span class=\"versanumer_2007\">14<\/span><\/a> \u00dev\u00ed a\u00f0 hafi \u00e9g \u00ed nokkru st\u00e6rt mig af ykkur vi\u00f0 hann \u00fe\u00e1 hef \u00e9g ekki \u00feurft a\u00f0 blyg\u00f0ast m\u00edn. J\u00e1, eins og allt var sannleika samkv\u00e6mt, sem \u00e9g hef tala\u00f0 vi\u00f0 ykkur, \u00feannig hefur og hr\u00f3s mitt um ykkur vi\u00f0 T\u00edtus reynst sannleikur. <a name=\"15\"><span class=\"versanumer_2007\">15<\/span><\/a> Og hjarta\u00feel hans til ykkar er \u00fev\u00ed hl\u00fdrra sem hann minnist hl\u00fd\u00f0ni ykkar allra, hversu \u00fei\u00f0 t\u00f3ku\u00f0 \u00e1 m\u00f3ti honum me\u00f0 ugg og \u00f3tta. <a name=\"16\"><span class=\"versanumer_2007\">16<\/span><\/a> \u00dea\u00f0 gle\u00f0ur mig a\u00f0 \u00e9g get \u00ed \u00f6llu bori\u00f0 traust til ykkar. <\/p>\n","protected":false},"excerpt":{"rendered":"<p>1 \u00dear e\u00f0 vi\u00f0 \u00fev\u00ed h\u00f6fum \u00feessi fyrirheit, elsku\u00f0 b\u00f6rn m\u00edn, \u00fe\u00e1 hreinsum okkur af allri saurgun \u00e1 l\u00edkama og s\u00e1l og fullkomnum helgun okkar \u00ed gu\u00f0s\u00f3tta. Gle\u00f0i \u00ed \u00ferengingum 2 R\u00fdmi\u00f0 fyrir m\u00e9r \u00ed hj\u00f6rtum ykkar. Engum hef \u00e9g gert rangt til, engan ska\u00f0a\u00f0, engan f\u00e9flett. 3 \u00c9g segi \u00fea\u00f0 ekki til a\u00f0 \u00e1fellast ykkur. \u00c9g hef \u00e1\u00f0ur sagt a\u00f0 \u00e9g elska ykkur svo a\u00f0 \u00e9g vil lifa og deyja me\u00f0 ykkur. 4 \u00c9g treysti ykkur fullkomlega og er hreykinn af ykkur. \u00c9g er fullur bjarts\u00fdni og innilegrar gle\u00f0i \u00ed allri \u00ferenging minni. 5 \u00deegar \u00e9g \u00fev\u00ed var kominn <a href=\"https:\/\/biblian.is\/biblian\/sidara-korintubref-7-kafli\/\"> [&#8230;]<\/a><\/p>\n","protected":false},"author":1,"featured_media":0,"parent":0,"menu_order":0,"comment_status":"open","ping_status":"open","template":"bibliukaflar_NT.php","meta":{"footnotes":""},"class_list":["post-2702","page","type-page","status-publish","hentry"],"_links":{"self":[{"href":"https:\/\/biblian.is\/biblian\/wp-json\/wp\/v2\/pages\/2702","targetHints":{"allow":["GET"]}}],"collection":[{"href":"https:\/\/biblian.is\/biblian\/wp-json\/wp\/v2\/pages"}],"about":[{"href":"https:\/\/biblian.is\/biblian\/wp-json\/wp\/v2\/types\/page"}],"author":[{"embeddable":true,"href":"https:\/\/biblian.is\/biblian\/wp-json\/wp\/v2\/users\/1"}],"replies":[{"embeddable":true,"href":"https:\/\/biblian.is\/biblian\/wp-json\/wp\/v2\/comments?post=2702"}],"version-history":[{"count":0,"href":"https:\/\/biblian.is\/biblian\/wp-json\/wp\/v2\/pages\/2702\/revisions"}],"wp:attachment":[{"href":"https:\/\/biblian.is\/biblian\/wp-json\/wp\/v2\/media?parent=2702"}],"curies":[{"name":"wp","href":"https:\/\/api.w.org\/{rel}","templated":true}]}}