{"id":2699,"date":"2017-12-30T21:04:20","date_gmt":"2017-12-30T21:04:20","guid":{"rendered":"http:\/\/biblian.is\/biblian\/s%c2%92_ara-korintubr%c2%8ef-4-kafli\/"},"modified":"2019-08-26T23:45:18","modified_gmt":"2019-08-26T23:45:18","slug":"sidara-korintubref-4-kafli","status":"publish","type":"page","link":"https:\/\/biblian.is\/biblian\/sidara-korintubref-4-kafli\/","title":{"rendered":"S\u00ed\u00f0ara Korintubr\u00e9f 4. kafli"},"content":{"rendered":"<h3 class=\"millifyrirsogn_2007\"> Fj\u00e1rsj\u00f3\u00f0ur \u00ed leirkerum<\/h3>\n<p><a name=\"1\"><span class=\"versanumer_2007\">1<\/span><\/a> Gu\u00f0 hefur s\u00fdnt m\u00e9r miskunn og fali\u00f0 m\u00e9r \u00feessa \u00fej\u00f3nustu. \u00deess vegna l\u00e6t \u00e9g ekki hugfallast. <a name=\"2\"><span class=\"versanumer_2007\">2<\/span><\/a> \u00c9g hafna allri skammarlegri launung, \u00e9g beiti ekki kl\u00e6kjum n\u00e9 falsa Gu\u00f0s or\u00f0 heldur birti \u00e9g sannleikann. Gu\u00f0 veit a\u00f0 \u00e9g sk\u00edrskota til samvisku hvers manns um sj\u00e1lfan mig. <a name=\"3\"><span class=\"versanumer_2007\">3<\/span><\/a> En ef fagna\u00f0arerindi mitt er huli\u00f0 \u00fe\u00e1 er \u00fea\u00f0 huli\u00f0 \u00feeim einum sem glatast. <a name=\"4\"><span class=\"versanumer_2007\">4<\/span><\/a> \u00dev\u00ed gu\u00f0 \u00feessarar aldar hefur blinda\u00f0 huga vantr\u00faa\u00f0ra til \u00feess a\u00f0 \u00feeir sj\u00e1i ekki lj\u00f3si\u00f0 fr\u00e1 fagna\u00f0arerindinu um d\u00fdr\u00f0 Krists, hans sem er mynd Gu\u00f0s. <a name=\"5\"><span class=\"versanumer_2007\">5<\/span><\/a> Ekki pr\u00e9dika \u00e9g sj\u00e1lfan mig heldur pr\u00e9dika \u00e9g a\u00f0 Kristur Jes\u00fas s\u00e9 Drottinn og hann sendi mig til a\u00f0 vera \u00fej\u00f3nn ykkar. <a name=\"6\"><span class=\"versanumer_2007\">6<\/span><\/a> \u00dev\u00ed a\u00f0 Gu\u00f0 sem sag\u00f0i: \u201eLj\u00f3s skal sk\u00edna fram \u00far myrkri!\u201c l\u00e9t \u00fea\u00f0 sk\u00edna \u00ed hjarta mitt til \u00feess a\u00f0 birtu leg\u00f0i af \u00feekkingunni \u00e1 d\u00fdr\u00f0 Gu\u00f0s eins og h\u00fan sk\u00edn fr\u00e1 \u00e1sj\u00f3nu Jes\u00fa Krists. <br \/> <a name=\"7\"><span class=\"versanumer_2007\">7<\/span><\/a> En \u00feennan fj\u00e1rsj\u00f3\u00f0 ber \u00e9g \u00ed leirkerum til \u00feess a\u00f0 s\u00fdna a\u00f0 krafturinn mikli kemur fr\u00e1 Gu\u00f0i en ekki fr\u00e1 m\u00e9r. <a name=\"8\"><span class=\"versanumer_2007\">8<\/span><\/a> \u00c1 allar hli\u00f0ar er \u00e9g a\u00f0\u00ferengdur en l\u00e6t \u00fe\u00f3 ekki bugast, \u00e9g er efablandinn en \u00f6rv\u00e6nti \u00fe\u00f3 ekki, <a name=\"9\"><span class=\"versanumer_2007\">9<\/span><\/a> ofs\u00f3ttur en \u00fe\u00f3 ekki yfirgefinn, felldur til jar\u00f0ar en tort\u00edmist \u00fe\u00f3 ekki. <a name=\"10\"><span class=\"versanumer_2007\">10<\/span><\/a> Jafnan \u00e1 \u00e9g \u00e1 h\u00e6ttu a\u00f0 vera deyddur \u00e1 sama h\u00e1tt og Jes\u00fas til \u00feess a\u00f0 \u00e9g geti einnig s\u00fdnt hvernig Jes\u00fas lifir. <a name=\"11\"><span class=\"versanumer_2007\">11<\/span><\/a> Vegna Jes\u00fa lifi \u00e9g jafnan \u00ed h\u00e6ttu \u00e1 a\u00f0 deyja til \u00feess a\u00f0 jar\u00f0neskt l\u00edf mitt s\u00fdni a\u00f0 Jes\u00fas lifir. <a name=\"12\"><span class=\"versanumer_2007\">12<\/span><\/a> \u00deannig er dau\u00f0inn a\u00f0 verki \u00ed m\u00e9r en l\u00edfi\u00f0 \u00ed ykkur. <a name=\"13\"><span class=\"versanumer_2007\">13<\/span><\/a> \u00cd Ritningunni stendur: \u201e\u00c9g tr\u00fa\u00f0i, \u00feess vegna tala\u00f0i \u00e9g.\u201c \u00c9g hef sama anda og tala af \u00fev\u00ed a\u00f0 \u00e9g tr\u00fai. <a name=\"14\"><span class=\"versanumer_2007\">14<\/span><\/a> \u00c9g veit a\u00f0 Gu\u00f0, sem vakti upp Drottin Jes\u00fa, mun einnig uppvekja mig \u00e1samt Jes\u00fa og lei\u00f0a mig fram \u00e1samt ykkur. <a name=\"15\"><span class=\"versanumer_2007\">15<\/span><\/a> Allt er \u00feetta ykkar vegna til \u00feess a\u00f0 n\u00e1\u00f0in ver\u00f0i sem mest og l\u00e1ti sem flesta flytja \u00feakkargj\u00f6r\u00f0 Gu\u00f0i til d\u00fdr\u00f0ar. <\/p>\n<h3 class=\"millifyrirsogn_2007\">Eil\u00edft h\u00fas \u00e1 himnum<\/h3>\n<p><a name=\"16\"><span class=\"versanumer_2007\">16<\/span><\/a> Fyrir \u00fev\u00ed l\u00e6t \u00e9g ekki hugfallast. Jafnvel \u00fe\u00f3tt minn ytri ma\u00f0ur hr\u00f6rni \u00fe\u00e1 endurn\u00fdjast dag fr\u00e1 degi minn innri ma\u00f0ur. <a name=\"17\"><span class=\"versanumer_2007\">17<\/span><\/a> \u00derenging m\u00edn er skammvinn og l\u00e9ttb\u00e6r og aflar m\u00e9r eil\u00edfrar d\u00fdr\u00f0ar sem st\u00f3rum yfirgn\u00e6fir allt. <a name=\"18\"><span class=\"versanumer_2007\">18<\/span><\/a> \u00c9g horfi ekki \u00e1 hi\u00f0 s\u00fdnilega heldur hi\u00f0 \u00f3s\u00fdnilega. Hi\u00f0 s\u00fdnilega er stundlegt en hi\u00f0 \u00f3s\u00fdnilega eil\u00edft.<\/p>\n","protected":false},"excerpt":{"rendered":"<p>Fj\u00e1rsj\u00f3\u00f0ur \u00ed leirkerum 1 Gu\u00f0 hefur s\u00fdnt m\u00e9r miskunn og fali\u00f0 m\u00e9r \u00feessa \u00fej\u00f3nustu. \u00deess vegna l\u00e6t \u00e9g ekki hugfallast. 2 \u00c9g hafna allri skammarlegri launung, \u00e9g beiti ekki kl\u00e6kjum n\u00e9 falsa Gu\u00f0s or\u00f0 heldur birti \u00e9g sannleikann. Gu\u00f0 veit a\u00f0 \u00e9g sk\u00edrskota til samvisku hvers manns um sj\u00e1lfan mig. 3 En ef fagna\u00f0arerindi mitt er huli\u00f0 \u00fe\u00e1 er \u00fea\u00f0 huli\u00f0 \u00feeim einum sem glatast. 4 \u00dev\u00ed gu\u00f0 \u00feessarar aldar hefur blinda\u00f0 huga vantr\u00faa\u00f0ra til \u00feess a\u00f0 \u00feeir sj\u00e1i ekki lj\u00f3si\u00f0 fr\u00e1 fagna\u00f0arerindinu um d\u00fdr\u00f0 Krists, hans sem er mynd Gu\u00f0s. 5 Ekki pr\u00e9dika \u00e9g sj\u00e1lfan mig heldur pr\u00e9dika \u00e9g <a href=\"https:\/\/biblian.is\/biblian\/sidara-korintubref-4-kafli\/\"> [&#8230;]<\/a><\/p>\n","protected":false},"author":1,"featured_media":0,"parent":0,"menu_order":0,"comment_status":"open","ping_status":"open","template":"bibliukaflar_NT.php","meta":{"footnotes":""},"class_list":["post-2699","page","type-page","status-publish","hentry"],"_links":{"self":[{"href":"https:\/\/biblian.is\/biblian\/wp-json\/wp\/v2\/pages\/2699","targetHints":{"allow":["GET"]}}],"collection":[{"href":"https:\/\/biblian.is\/biblian\/wp-json\/wp\/v2\/pages"}],"about":[{"href":"https:\/\/biblian.is\/biblian\/wp-json\/wp\/v2\/types\/page"}],"author":[{"embeddable":true,"href":"https:\/\/biblian.is\/biblian\/wp-json\/wp\/v2\/users\/1"}],"replies":[{"embeddable":true,"href":"https:\/\/biblian.is\/biblian\/wp-json\/wp\/v2\/comments?post=2699"}],"version-history":[{"count":0,"href":"https:\/\/biblian.is\/biblian\/wp-json\/wp\/v2\/pages\/2699\/revisions"}],"wp:attachment":[{"href":"https:\/\/biblian.is\/biblian\/wp-json\/wp\/v2\/media?parent=2699"}],"curies":[{"name":"wp","href":"https:\/\/api.w.org\/{rel}","templated":true}]}}