{"id":2697,"date":"2017-12-30T21:04:15","date_gmt":"2017-12-30T21:04:15","guid":{"rendered":"http:\/\/biblian.is\/biblian\/s%c2%92_ara-korintubr%c2%8ef-2-kafli\/"},"modified":"2019-08-26T23:45:17","modified_gmt":"2019-08-26T23:45:17","slug":"sidara-korintubref-2-kafli","status":"publish","type":"page","link":"https:\/\/biblian.is\/biblian\/sidara-korintubref-2-kafli\/","title":{"rendered":"S\u00ed\u00f0ara Korintubr\u00e9f 2. kafli"},"content":{"rendered":"<p><a name=\"1\"><span class=\"versanumer_2007\">1<\/span><\/a> En \u00fea\u00f0 \u00e1setti \u00e9g m\u00e9r a\u00f0 koma ekki aftur til ykkar me\u00f0 hrygg\u00f0. <a name=\"2\"><span class=\"versanumer_2007\">2<\/span><\/a> Ef \u00e9g hryggi ykkur, hver er \u00fe\u00e1 s\u00e1 sem gle\u00f0ur mig? S\u00e1 sem \u00e9g er a\u00f0 hryggja? <a name=\"3\"><span class=\"versanumer_2007\">3<\/span><\/a> \u00c9g skrifa\u00f0i einmitt \u00feetta til \u00feess a\u00f0 \u00feeir sem \u00e1ttu a\u00f0 gle\u00f0ja mig skyldu ekki hryggja mig er \u00e9g k\u00e6mi. \u00c9g hef \u00fea\u00f0 traust til ykkar allra a\u00f0 gle\u00f0i m\u00edn s\u00e9 gle\u00f0i ykkar allra. <a name=\"4\"><span class=\"versanumer_2007\">4<\/span><\/a> Af mikilli \u00ferengingu og hjartans trega skrifa\u00f0i \u00e9g ykkur me\u00f0 m\u00f6rgum t\u00e1rum, ekki til \u00feess a\u00f0 \u00fei\u00f0 skyldu\u00f0 hryggjast heldur til \u00feess a\u00f0 \u00fei\u00f0 skyldu\u00f0 komast a\u00f0 raun um \u00feann mikla k\u00e6rleik sem \u00e9g ber til ykkar. <\/p>\n<h3 class=\"millifyrirsogn_2007\">Fyrirgefning og huggun<\/h3>\n<p><a name=\"5\"><span class=\"versanumer_2007\">5<\/span><\/a> En ef nokkur hefur or\u00f0i\u00f0 til \u00feess a\u00f0 valda \u00f6\u00f0rum hrygg\u00f0, \u00fe\u00e1 hefur hann ekki a\u00f0eins hryggt mig heldur a\u00f0 vissu leyti hryggt ykkur \u00f6ll svo a\u00f0 \u00e9g geri ekki enn meira \u00far \u00fev\u00ed. <a name=\"6\"><span class=\"versanumer_2007\">6<\/span><\/a> L\u00e1ti\u00f0 \u00feeim manni n\u00e6gja \u00fe\u00e1 refsingu sem allflest ykkar hafa veitt honum. <a name=\"7\"><span class=\"versanumer_2007\">7<\/span><\/a> \u00dev\u00ed \u00e6ttu\u00f0 \u00fei\u00f0 n\u00fa \u00f6llu heldur a\u00f0 fyrirgefa honum og upp\u00f6rva hann til \u00feess a\u00f0 hann s\u00f6kkvi ekki ni\u00f0ur \u00ed allt of mikla hrygg\u00f0. <a name=\"8\"><span class=\"versanumer_2007\">8<\/span><\/a> \u00deess vegna bi\u00f0 \u00e9g ykkur a\u00f0 s\u00fdna honum k\u00e6rleika \u00ed reynd. <a name=\"9\"><span class=\"versanumer_2007\">9<\/span><\/a> \u00dev\u00ed a\u00f0 \u00ed \u00feeim tilgangi skrifa\u00f0i \u00e9g ykkur, til \u00feess a\u00f0 \u00e9g fengi a\u00f0 vita hvernig \u00fei\u00f0 reyndust, hvort \u00fei\u00f0 v\u00e6ru\u00f0 hl\u00fd\u00f0in \u00ed \u00f6llu. <a name=\"10\"><span class=\"versanumer_2007\">10<\/span><\/a> En hverjum sem \u00fei\u00f0 fyrirgefi\u00f0, \u00feeim fyrirgef \u00e9g l\u00edka. Og \u00fea\u00f0 sem \u00e9g hef fyrirgefi\u00f0, hafi \u00e9g \u00feurft a\u00f0 fyrirgefa nokku\u00f0, \u00fe\u00e1 hefur \u00fea\u00f0 veri\u00f0 vegna ykkar fyrir augliti Krists <a name=\"11\"><span class=\"versanumer_2007\">11<\/span><\/a> til \u00feess a\u00f0 Satan n\u00e1i ekki t\u00f6kum \u00e1 okkur \u00fev\u00ed a\u00f0 ekki er okkur \u00f3kunnugt um v\u00e9lr\u00e1\u00f0 hans. <\/p>\n<h3 class=\"millifyrirsogn_2007\">\u00d3slitin sigurf\u00f6r<\/h3>\n<p><a name=\"12\"><span class=\"versanumer_2007\">12<\/span><\/a> En er \u00e9g kom til Tr\u00f3as til a\u00f0 bo\u00f0a fagna\u00f0arerindi\u00f0 um Krist og Drottinn haf\u00f0i \u00fear opna\u00f0 m\u00e9r dyr til a\u00f0 starfa, <a name=\"13\"><span class=\"versanumer_2007\">13<\/span><\/a> \u00fe\u00e1 haf\u00f0i \u00e9g enga eir\u00f0 \u00ed m\u00e9r af \u00fev\u00ed a\u00f0 \u00e9g hitti ekki T\u00edtus, br\u00f3\u00f0ur minn, svo a\u00f0 \u00e9g kvaddi og f\u00f3r til Maked\u00f3n\u00edu. <br \/> <a name=\"14\"><span class=\"versanumer_2007\">14<\/span><\/a> En Gu\u00f0i s\u00e9u \u00feakkir sem fer me\u00f0 mig \u00ed \u00f3slitinni sigurf\u00f6r Krists og l\u00e6tur mig alls sta\u00f0ar brei\u00f0a \u00fat \u00feekkinguna um sig eins og \u00feekkan ilm. <a name=\"15\"><span class=\"versanumer_2007\">15<\/span><\/a> \u00dev\u00ed a\u00f0 Gu\u00f0i til d\u00fdr\u00f0ar er \u00e9g ilmur sem flyt Krist b\u00e6\u00f0i til \u00feeirra sem frelsast og til \u00feeirra sem glatast. <a name=\"16\"><span class=\"versanumer_2007\">16<\/span><\/a> \u00deeim sem glatast er \u00e9g banv\u00e6nn daunn til dau\u00f0a, hinum l\u00edfgandi ilmur til l\u00edfs. Og hver er til \u00feessa h\u00e6fur? <a name=\"17\"><span class=\"versanumer_2007\">17<\/span><\/a> Ekki er \u00e9g eins og hinir m\u00f6rgu er pranga me\u00f0 Gu\u00f0s or\u00f0 heldur flyt \u00e9g \u00fea\u00f0 af hreinum huga fr\u00e1 Gu\u00f0i frammi fyrir augliti Gu\u00f0s me\u00f0 \u00fev\u00ed a\u00f0 \u00e9g er \u00ed samf\u00e9lagi vi\u00f0 Krist. <\/p>\n","protected":false},"excerpt":{"rendered":"<p>1 En \u00fea\u00f0 \u00e1setti \u00e9g m\u00e9r a\u00f0 koma ekki aftur til ykkar me\u00f0 hrygg\u00f0. 2 Ef \u00e9g hryggi ykkur, hver er \u00fe\u00e1 s\u00e1 sem gle\u00f0ur mig? S\u00e1 sem \u00e9g er a\u00f0 hryggja? 3 \u00c9g skrifa\u00f0i einmitt \u00feetta til \u00feess a\u00f0 \u00feeir sem \u00e1ttu a\u00f0 gle\u00f0ja mig skyldu ekki hryggja mig er \u00e9g k\u00e6mi. \u00c9g hef \u00fea\u00f0 traust til ykkar allra a\u00f0 gle\u00f0i m\u00edn s\u00e9 gle\u00f0i ykkar allra. 4 Af mikilli \u00ferengingu og hjartans trega skrifa\u00f0i \u00e9g ykkur me\u00f0 m\u00f6rgum t\u00e1rum, ekki til \u00feess a\u00f0 \u00fei\u00f0 skyldu\u00f0 hryggjast heldur til \u00feess a\u00f0 \u00fei\u00f0 skyldu\u00f0 komast a\u00f0 raun um \u00feann mikla k\u00e6rleik <a href=\"https:\/\/biblian.is\/biblian\/sidara-korintubref-2-kafli\/\"> [&#8230;]<\/a><\/p>\n","protected":false},"author":1,"featured_media":0,"parent":0,"menu_order":0,"comment_status":"open","ping_status":"open","template":"bibliukaflar_NT.php","meta":{"footnotes":""},"class_list":["post-2697","page","type-page","status-publish","hentry"],"_links":{"self":[{"href":"https:\/\/biblian.is\/biblian\/wp-json\/wp\/v2\/pages\/2697","targetHints":{"allow":["GET"]}}],"collection":[{"href":"https:\/\/biblian.is\/biblian\/wp-json\/wp\/v2\/pages"}],"about":[{"href":"https:\/\/biblian.is\/biblian\/wp-json\/wp\/v2\/types\/page"}],"author":[{"embeddable":true,"href":"https:\/\/biblian.is\/biblian\/wp-json\/wp\/v2\/users\/1"}],"replies":[{"embeddable":true,"href":"https:\/\/biblian.is\/biblian\/wp-json\/wp\/v2\/comments?post=2697"}],"version-history":[{"count":0,"href":"https:\/\/biblian.is\/biblian\/wp-json\/wp\/v2\/pages\/2697\/revisions"}],"wp:attachment":[{"href":"https:\/\/biblian.is\/biblian\/wp-json\/wp\/v2\/media?parent=2697"}],"curies":[{"name":"wp","href":"https:\/\/api.w.org\/{rel}","templated":true}]}}