{"id":2696,"date":"2017-12-30T21:04:15","date_gmt":"2017-12-30T21:04:15","guid":{"rendered":"http:\/\/biblian.is\/biblian\/s%c2%92_ara-korintubr%c2%8ef-1-kafli\/"},"modified":"2019-08-26T23:45:16","modified_gmt":"2019-08-26T23:45:16","slug":"sidara-korintubref-1-kafli","status":"publish","type":"page","link":"https:\/\/biblian.is\/biblian\/sidara-korintubref-1-kafli\/","title":{"rendered":"S\u00ed\u00f0ara Korintubr\u00e9f 1. kafli"},"content":{"rendered":"<h3 class=\"millifyrirsogn_2007\"> Kve\u00f0ja<\/h3>\n<p><a name=\"1\"><span class=\"versanumer_2007\">1<\/span><\/a> P\u00e1ll, a\u00f0 Gu\u00f0s vilja postuli Krists Jes\u00fa, og T\u00edm\u00f3teus, br\u00f3\u00f0ir okkar, heilsa s\u00f6fnu\u00f0i Gu\u00f0s, sem er \u00ed Korintu, \u00e1samt \u00f6llum heil\u00f6gum, \u00ed gervallri Akkeu. <br \/> <a name=\"2\"><span class=\"versanumer_2007\">2<\/span><\/a> N\u00e1\u00f0 s\u00e9 me\u00f0 y\u00f0ur og fri\u00f0ur fr\u00e1 Gu\u00f0i f\u00f6\u00f0ur vorum og Drottni Jes\u00fa Kristi. <\/p>\n<h3 class=\"millifyrirsogn_2007\">Lofgj\u00f6r\u00f0<\/h3>\n<p><a name=\"3\"><span class=\"versanumer_2007\">3<\/span><\/a> Lofa\u00f0ur s\u00e9 Gu\u00f0 og fa\u00f0ir Drottins vors Jes\u00fa Krists, fa\u00f0ir miskunnsemdanna og Gu\u00f0 allrar huggunar <a name=\"4\"><span class=\"versanumer_2007\">4<\/span><\/a> sem hughreystir mig \u00ed s\u00e9rhverri \u00ferenging minni svo a\u00f0 \u00e9g geti hughreyst alla a\u00f0ra \u00ed \u00ferengingum \u00feeirra \u00e1 sama h\u00e1tt og hann hughreystir mig. <a name=\"5\"><span class=\"versanumer_2007\">5<\/span><\/a> Eins og \u00e9g tek \u00ed r\u00edkum m\u00e6li \u00fe\u00e1tt \u00ed \u00fej\u00e1ningum Krists, \u00feannig upp\u00f6rvar Kristur mig einnig \u00ed r\u00edkum m\u00e6li. <a name=\"6\"><span class=\"versanumer_2007\">6<\/span><\/a> En ef \u00e9g s\u00e6ti \u00ferengingum, \u00fe\u00e1 er \u00fea\u00f0 til \u00feess a\u00f0 \u00fei\u00f0 \u00f6\u00f0list kjark og frelsist og ef \u00e9g er vong\u00f3\u00f0ur, \u00fe\u00e1 er \u00fea\u00f0 til \u00feess a\u00f0 \u00fei\u00f0 ver\u00f0i\u00f0 vong\u00f3\u00f0 og \u00f6\u00f0list kjark og kraft til a\u00f0 standast \u00fe\u00e6r \u00fej\u00e1ningar sem \u00e9g einnig l\u00ed\u00f0. <a name=\"7\"><span class=\"versanumer_2007\">7<\/span><\/a> \u00c9g ber fullt traust til ykkar \u00fev\u00ed a\u00f0 \u00e9g veit a\u00f0 fyrst \u00fei\u00f0 taki\u00f0 \u00fe\u00e1tt \u00ed \u00fej\u00e1ningum m\u00ednum hlj\u00f3ti\u00f0 \u00fei\u00f0 og a\u00f0 taka \u00fe\u00e1tt \u00ed tr\u00faarvissu minni. <br \/> <a name=\"8\"><span class=\"versanumer_2007\">8<\/span><\/a> \u00c9g vil ekki, br\u00e6\u00f0ur m\u00ednir og systur,<span class=\"nedan_mal\" title=\" Or\u00f0r\u00e9tt: br\u00e6\u00f0ur m\u00ednir.\">[<\/span> a\u00f0 ykkur s\u00e9 \u00f3kunnugt um \u00ferenging \u00fe\u00e1 sem \u00e9g var\u00f0 fyrir \u00ed As\u00edu. \u00c9g var a\u00f0\u00ferengdur langt um megn fram svo a\u00f0 \u00e9g jafnvel \u00f6rv\u00e6nti um l\u00edfi\u00f0. <a name=\"9\"><span class=\"versanumer_2007\">9<\/span><\/a> J\u00e1, m\u00e9r s\u00fdndist sj\u00e1lfum a\u00f0 \u00e9g hef\u00f0i \u00feegar fengi\u00f0 minn dau\u00f0ad\u00f3m. \u00dev\u00ed a\u00f0 m\u00e9r \u00e1tti a\u00f0 l\u00e6rast a\u00f0 treysta ekki sj\u00e1lfum m\u00e9r heldur Gu\u00f0i sem uppvekur hina dau\u00f0u. <a name=\"10\"><span class=\"versanumer_2007\">10<\/span><\/a> \u00dar sl\u00edkri dau\u00f0ans h\u00e6ttu<span class=\"nedan_mal\" title=\" Annar lesh\u00e1ttur: \u00dar sl\u00edkum dau\u00f0a.\">[<\/span> frelsa\u00f0i hann mig og mun frelsa mig. Til hans hef \u00e9g sett von m\u00edna a\u00f0 hann muni enn frelsa mig. <a name=\"11\"><span class=\"versanumer_2007\">11<\/span><\/a> \u00dei\u00f0 geti\u00f0 einnig hj\u00e1lpa\u00f0 til \u00feess me\u00f0 \u00fev\u00ed a\u00f0 bi\u00f0ja fyrir m\u00e9r. \u00de\u00e1 munu margir taka undir \u00feakkir til Gu\u00f0s fyrir \u00fea\u00f0 sem hann hefur veitt m\u00e9r. <\/p>\n<h3 class=\"millifyrirsogn_2007\">Fer\u00f0 fresta\u00f0<\/h3>\n<p><a name=\"12\"><span class=\"versanumer_2007\">12<\/span><\/a> \u00c9g hr\u00f3sa m\u00e9r af \u00fev\u00ed a\u00f0 \u00e9g veit me\u00f0 sj\u00e1lfum m\u00e9r a\u00f0 l\u00edf mitt \u00ed heiminum, og s\u00e9rstaklega hj\u00e1 ykkur, hefur stj\u00f3rnast af hreinskilni og einl\u00e6gni<span class=\"nedan_mal\" title=\" Annar lesh\u00e1ttur: heilagleika.\">[<\/span> sem kemur fr\u00e1 Gu\u00f0i, ekki af mannlegri speki heldur hefur Gu\u00f0 s\u00fdnt m\u00e9r n\u00e1\u00f0. <br \/> <a name=\"13\"><span class=\"versanumer_2007\">13<\/span><\/a> \u00c9g skrifa ykkur ekki anna\u00f0 en \u00fea\u00f0 sem \u00fei\u00f0 geti\u00f0 lesi\u00f0 og skili\u00f0. \u00c9g vona a\u00f0 \u00fei\u00f0 muni\u00f0 skilja \u00fea\u00f0 til fulls, <a name=\"14\"><span class=\"versanumer_2007\">14<\/span><\/a> sem ykkur er a\u00f0 nokkru lj\u00f3st, a\u00f0 \u00fei\u00f0 geti\u00f0 miklast af m\u00e9r eins og \u00e9g af ykkur \u00e1 degi Drottins vors Jes\u00fa. <br \/> <a name=\"15\"><span class=\"versanumer_2007\">15<\/span><\/a> \u00cd \u00fev\u00ed trausti var \u00fea\u00f0 \u00e1setningur minn a\u00f0 koma fyrst til ykkar til \u00feess a\u00f0 \u00fei\u00f0 skyldu\u00f0 ver\u00f0a tv\u00f6faldrar gle\u00f0i a\u00f0nj\u00f3tandi. <a name=\"16\"><span class=\"versanumer_2007\">16<\/span><\/a> \u00c9g hug\u00f0ist b\u00e6\u00f0i koma vi\u00f0 hj\u00e1 ykkur \u00e1 lei\u00f0inni til Maked\u00f3n\u00edu og aftur \u00e1 lei\u00f0inni \u00fea\u00f0an og l\u00e1ta ykkur b\u00faa fer\u00f0 m\u00edna til J\u00fadeu. <a name=\"17\"><span class=\"versanumer_2007\">17<\/span><\/a> Vissi \u00e9g ekki hva\u00f0 \u00e9g ger\u00f0i \u00feegar \u00e9g afr\u00e9\u00f0 \u00feetta? E\u00f0a r\u00e6\u00f0 \u00e9g r\u00e1\u00f0um m\u00ednum a\u00f0 h\u00e6tti manna og segi \u201ej\u00e1\u201c en meina \u201enei\u201c? <a name=\"18\"><span class=\"versanumer_2007\">18<\/span><\/a> Svo sannarlega sem Gu\u00f0 er tr\u00far: \u00dea\u00f0 sem \u00e9g segi ykkur er ekki b\u00e6\u00f0i j\u00e1 og nei. <a name=\"19\"><span class=\"versanumer_2007\">19<\/span><\/a> Sonur Gu\u00f0s, Jes\u00fas Kristur, sem vi\u00f0 h\u00f6fum pr\u00e9dika\u00f0 \u00e1 me\u00f0al ykkar, \u00e9g, Silvanus og T\u00edm\u00f3teus, var ekki b\u00e6\u00f0i \u201ej\u00e1\u201c og \u201enei\u201c heldur er allt \u00ed honum \u201ej\u00e1\u201c. <a name=\"20\"><span class=\"versanumer_2007\">20<\/span><\/a> \u00dev\u00ed a\u00f0 svo m\u00f6rg sem fyrirheit Gu\u00f0s eru \u00fe\u00e1 l\u00e6tur hann Jes\u00fa Krist sta\u00f0festa \u00feau me\u00f0 \u201ej\u00e1i\u201c. \u00deess vegna segjum vi\u00f0 me\u00f0 honum amen Gu\u00f0i til d\u00fdr\u00f0ar. <a name=\"21\"><span class=\"versanumer_2007\">21<\/span><\/a> \u00dea\u00f0 er Gu\u00f0 sem grundvallar tr\u00fa okkar og ykkar \u00e1 Kristi og hefur smurt okkur. <a name=\"22\"><span class=\"versanumer_2007\">22<\/span><\/a> Hann hefur sett innsigli sitt \u00e1 okkur og gefi\u00f0 okkur anda sinn sem tryggingu \u00ed hj\u00f6rtum okkar. <br \/> <a name=\"23\"><span class=\"versanumer_2007\">23<\/span><\/a> \u00c9g kalla Gu\u00f0 til vitnis og legg l\u00edf mitt vi\u00f0 a\u00f0 \u00fea\u00f0 er af hl\u00edf\u00f0 vi\u00f0 ykkur a\u00f0 \u00e9g hef enn \u00fe\u00e1 ekki komi\u00f0 til Korintu. <a name=\"24\"><span class=\"versanumer_2007\">24<\/span><\/a> Ekki svo a\u00f0 skilja a\u00f0 \u00e9g vilji drottna yfir tr\u00fa ykkar heldur erum vi\u00f0 samverkamenn a\u00f0 gle\u00f0i ykkar. \u00dev\u00ed a\u00f0 \u00ed tr\u00fanni standi\u00f0 \u00fei\u00f0 st\u00f6\u00f0ug.<\/p>\n","protected":false},"excerpt":{"rendered":"<p>Kve\u00f0ja 1 P\u00e1ll, a\u00f0 Gu\u00f0s vilja postuli Krists Jes\u00fa, og T\u00edm\u00f3teus, br\u00f3\u00f0ir okkar, heilsa s\u00f6fnu\u00f0i Gu\u00f0s, sem er \u00ed Korintu, \u00e1samt \u00f6llum heil\u00f6gum, \u00ed gervallri Akkeu. 2 N\u00e1\u00f0 s\u00e9 me\u00f0 y\u00f0ur og fri\u00f0ur fr\u00e1 Gu\u00f0i f\u00f6\u00f0ur vorum og Drottni Jes\u00fa Kristi. Lofgj\u00f6r\u00f0 3 Lofa\u00f0ur s\u00e9 Gu\u00f0 og fa\u00f0ir Drottins vors Jes\u00fa Krists, fa\u00f0ir miskunnsemdanna og Gu\u00f0 allrar huggunar 4 sem hughreystir mig \u00ed s\u00e9rhverri \u00ferenging minni svo a\u00f0 \u00e9g geti hughreyst alla a\u00f0ra \u00ed \u00ferengingum \u00feeirra \u00e1 sama h\u00e1tt og hann hughreystir mig. 5 Eins og \u00e9g tek \u00ed r\u00edkum m\u00e6li \u00fe\u00e1tt \u00ed \u00fej\u00e1ningum Krists, \u00feannig upp\u00f6rvar Kristur mig einnig <a href=\"https:\/\/biblian.is\/biblian\/sidara-korintubref-1-kafli\/\"> [&#8230;]<\/a><\/p>\n","protected":false},"author":1,"featured_media":0,"parent":0,"menu_order":0,"comment_status":"open","ping_status":"open","template":"bibliukaflar_NT.php","meta":{"footnotes":""},"class_list":["post-2696","page","type-page","status-publish","hentry"],"_links":{"self":[{"href":"https:\/\/biblian.is\/biblian\/wp-json\/wp\/v2\/pages\/2696","targetHints":{"allow":["GET"]}}],"collection":[{"href":"https:\/\/biblian.is\/biblian\/wp-json\/wp\/v2\/pages"}],"about":[{"href":"https:\/\/biblian.is\/biblian\/wp-json\/wp\/v2\/types\/page"}],"author":[{"embeddable":true,"href":"https:\/\/biblian.is\/biblian\/wp-json\/wp\/v2\/users\/1"}],"replies":[{"embeddable":true,"href":"https:\/\/biblian.is\/biblian\/wp-json\/wp\/v2\/comments?post=2696"}],"version-history":[{"count":0,"href":"https:\/\/biblian.is\/biblian\/wp-json\/wp\/v2\/pages\/2696\/revisions"}],"wp:attachment":[{"href":"https:\/\/biblian.is\/biblian\/wp-json\/wp\/v2\/media?parent=2696"}],"curies":[{"name":"wp","href":"https:\/\/api.w.org\/{rel}","templated":true}]}}