{"id":2694,"date":"2017-12-30T21:04:15","date_gmt":"2017-12-30T21:04:15","guid":{"rendered":"http:\/\/biblian.is\/biblian\/fyrra-korintubr%c2%8ef-15-kafli\/"},"modified":"2019-08-26T23:45:14","modified_gmt":"2019-08-26T23:45:14","slug":"fyrra-korintubref-15-kafli","status":"publish","type":"page","link":"https:\/\/biblian.is\/biblian\/fyrra-korintubref-15-kafli\/","title":{"rendered":"Fyrra Korintubr\u00e9f 15. kafli"},"content":{"rendered":"<h3 class=\"millifyrirsogn_2007\"> Bo\u00f0a\u00f0 fyrst og fremst<\/h3>\n<p><a name=\"1\"><span class=\"versanumer_2007\">1<\/span><\/a> \u00c9g minni ykkur, systkin,<span class=\"nedan_mal\" title=\" Or\u00f0r\u00e9tt: br\u00e6\u00f0ur.\">[<\/span> \u00e1 fagna\u00f0arerindi\u00f0 sem \u00e9g bo\u00f0a\u00f0i ykkur, sem \u00fei\u00f0 og veittu\u00f0 vi\u00f0t\u00f6ku og \u00fei\u00f0 standi\u00f0 einnig st\u00f6\u00f0ug \u00ed. <a name=\"2\"><span class=\"versanumer_2007\">2<\/span><\/a> \u00dea\u00f0 mun og frelsa ykkur ef \u00fei\u00f0 haldi\u00f0 fast vi\u00f0 \u00fea\u00f0 sem \u00e9g bo\u00f0a\u00f0i ykkur, ella hafi\u00f0 \u00fei\u00f0 til einskis teki\u00f0 tr\u00fa. <a name=\"3\"><span class=\"versanumer_2007\">3<\/span><\/a> \u00dev\u00ed \u00fea\u00f0 kenndi \u00e9g ykkur fyrst og fremst, sem \u00e9g einnig hef me\u00f0teki\u00f0, a\u00f0 Kristur d\u00f3 vegna synda okkar samkv\u00e6mt ritningunum, <a name=\"4\"><span class=\"versanumer_2007\">4<\/span><\/a> a\u00f0 hann var grafinn, a\u00f0 hann reis upp \u00e1 \u00feri\u00f0ja degi samkv\u00e6mt ritningunum <a name=\"5\"><span class=\"versanumer_2007\">5<\/span><\/a> og a\u00f0 hann birtist Kefasi, s\u00ed\u00f0an \u00feeim t\u00f3lf. <a name=\"6\"><span class=\"versanumer_2007\">6<\/span><\/a> \u00dev\u00ed n\u00e6st birtist hann meira en fimm hundru\u00f0 br\u00e6\u00f0rum \u00ed einu sem flestir eru \u00e1 l\u00edfi allt til \u00feessa en nokkrir eru sofna\u00f0ir. <a name=\"7\"><span class=\"versanumer_2007\">7<\/span><\/a> S\u00ed\u00f0an birtist hann Jakobi, \u00fev\u00ed n\u00e6st postulunum \u00f6llum. <br \/> <a name=\"8\"><span class=\"versanumer_2007\">8<\/span><\/a> En s\u00ed\u00f0ast allra birtist hann einnig m\u00e9r, eins og \u00f3t\u00edmabur\u00f0i. <a name=\"9\"><span class=\"versanumer_2007\">9<\/span><\/a> \u00dev\u00ed \u00e9g er s\u00edstur postulanna og er ekki \u00feess ver\u00f0ur a\u00f0 kallast postuli me\u00f0 \u00fev\u00ed a\u00f0 \u00e9g ofs\u00f3tti s\u00f6fnu\u00f0 Gu\u00f0s. <a name=\"10\"><span class=\"versanumer_2007\">10<\/span><\/a> En af Gu\u00f0s n\u00e1\u00f0 er \u00e9g \u00fea\u00f0 sem \u00e9g er og n\u00e1\u00f0 hans vi\u00f0 mig hefur ekki or\u00f0i\u00f0 til \u00f3n\u00fdtis heldur hef \u00e9g erfi\u00f0a\u00f0 meira en \u00feeir allir, \u00fe\u00f3 ekki \u00e9g heldur n\u00e1\u00f0 Gu\u00f0s sem me\u00f0 m\u00e9r er. <a name=\"11\"><span class=\"versanumer_2007\">11<\/span><\/a> Hvort sem \u00fea\u00f0 \u00fev\u00ed er \u00e9g e\u00f0a \u00feeir, \u00fe\u00e1 pr\u00e9dikum vi\u00f0 \u00feannig og \u00feannig hafi\u00f0 \u00fei\u00f0 tr\u00fana teki\u00f0. <\/p>\n<h3 class=\"millifyrirsogn_2007\">Aflei\u00f0ing upprisu Krists<\/h3>\n<p><a name=\"12\"><span class=\"versanumer_2007\">12<\/span><\/a> Ef vi\u00f0 n\u00fa pr\u00e9dikum a\u00f0 Kristur s\u00e9 upprisinn fr\u00e1 dau\u00f0um, hvernig geta \u00fe\u00e1 nokkur ykkar sagt a\u00f0 dau\u00f0ir r\u00edsi ekki upp? <a name=\"13\"><span class=\"versanumer_2007\">13<\/span><\/a> Ef ekki er til upprisa dau\u00f0ra, \u00fe\u00e1 er Kristur ekki heldur upprisinn <a name=\"14\"><span class=\"versanumer_2007\">14<\/span><\/a> en ef Kristur er ekki upprisinn, \u00fe\u00e1 er \u00f3n\u00fdt pr\u00e9dikun okkar, \u00f3n\u00fdt l\u00edka tr\u00fa ykkar. <a name=\"15\"><span class=\"versanumer_2007\">15<\/span><\/a> Vi\u00f0 reynumst \u00fe\u00e1 vera lj\u00fagvottar um Gu\u00f0 \u00fear e\u00f0 vi\u00f0 h\u00f6fum vitna\u00f0 um Gu\u00f0 a\u00f0 hann hafi uppvaki\u00f0 Krist, sem hann hefur ekki uppvaki\u00f0, svo framarlega sem dau\u00f0ir r\u00edsa ekki upp. <a name=\"16\"><span class=\"versanumer_2007\">16<\/span><\/a> Ef dau\u00f0ir r\u00edsa ekki upp er Kristur ekki heldur upprisinn <a name=\"17\"><span class=\"versanumer_2007\">17<\/span><\/a> en ef Kristur er ekki upprisinn er tr\u00fa ykkar f\u00e1n\u00fdt. Syndir ykkar eru \u00fe\u00e1 ekki enn \u00ed burtu teknar. <a name=\"18\"><span class=\"versanumer_2007\">18<\/span><\/a> \u00de\u00e1 eru einnig \u00feau gl\u00f6tu\u00f0 sem sofnu\u00f0u \u00ed tr\u00fa \u00e1 Krist. <a name=\"19\"><span class=\"versanumer_2007\">19<\/span><\/a> Ef von okkar til Krists n\u00e6r a\u00f0eins til \u00feessa l\u00edfs, \u00fe\u00e1 erum vi\u00f0 aumkunarver\u00f0ust allra manna. <br \/> <a name=\"20\"><span class=\"versanumer_2007\">20<\/span><\/a> En n\u00fa er Kristur upprisinn fr\u00e1 dau\u00f0um, frumgr\u00f3\u00f0i \u00feeirra sem sofnu\u00f0 eru. <a name=\"21\"><span class=\"versanumer_2007\">21<\/span><\/a> Eins og dau\u00f0inn kom me\u00f0 manni, \u00feannig kemur upprisa dau\u00f0ra me\u00f0 manni. <a name=\"22\"><span class=\"versanumer_2007\">22<\/span><\/a> Eins og allir deyja vegna sambands s\u00edns vi\u00f0 Adam, svo munu allir l\u00edfga\u00f0ir ver\u00f0a vegna sambands s\u00edns vi\u00f0 Krist. <a name=\"23\"><span class=\"versanumer_2007\">23<\/span><\/a> En s\u00e9rhver \u00ed sinni r\u00f6\u00f0: Kristur er frumgr\u00f3\u00f0inn,<span class=\"nedan_mal\" title=\" E\u00f0a: Kristur sem frumgr\u00f3\u00f0inn.\">[<\/span> n\u00e6st koma \u00feeir sem j\u00e1ta hann \u00feegar hann kemur. <a name=\"24\"><span class=\"versanumer_2007\">24<\/span><\/a> S\u00ed\u00f0an kemur endirinn er Kristur selur r\u00edki\u00f0 Gu\u00f0i f\u00f6\u00f0ur \u00ed hendur, er hann hefur a\u00f0 engu gert s\u00e9rhverja tign, s\u00e9rhvert veldi og kraft. <a name=\"25\"><span class=\"versanumer_2007\">25<\/span><\/a> \u00dev\u00ed a\u00f0 Kristur \u00e1 a\u00f0 r\u00edkja uns hann hefur lagt alla fjendurna a\u00f0 f\u00f3tum s\u00e9r. <a name=\"26\"><span class=\"versanumer_2007\">26<\/span><\/a> Dau\u00f0inn er s\u00ed\u00f0asti \u00f3vinurinn sem ver\u00f0ur a\u00f0 engu ger\u00f0ur. <a name=\"27\"><span class=\"versanumer_2007\">27<\/span><\/a> \u201eAllt hefur hann lagt undir f\u00e6tur honum.\u201c \u00deegar segir a\u00f0 allt hafi veri\u00f0 lagt undir hann er auglj\u00f3st a\u00f0 s\u00e1 er undan skilinn sem lag\u00f0i allt undir hann. <a name=\"28\"><span class=\"versanumer_2007\">28<\/span><\/a> \u00deegar allt hefur veri\u00f0 lagt undir hann mun og sonurinn sj\u00e1lfur skipa sig undir f\u00f6\u00f0urinn er lag\u00f0i alla hluti undir hann svo a\u00f0 Gu\u00f0 ver\u00f0i allt \u00ed \u00f6llu. <br \/> <a name=\"29\"><span class=\"versanumer_2007\">29<\/span><\/a> Til hvers eru menn annars a\u00f0 l\u00e1ta sk\u00edrast fyrir hina d\u00e1nu? Ef dau\u00f0ir r\u00edsa alls ekki upp, hvers vegna l\u00e1ta menn \u00fe\u00e1 sk\u00edra sig fyrir \u00fe\u00e1? <a name=\"30\"><span class=\"versanumer_2007\">30<\/span><\/a> Hv\u00ed skyldi \u00e9g vera a\u00f0 leggja mig \u00ed l\u00edfsh\u00e6ttu hverja stund? <a name=\"31\"><span class=\"versanumer_2007\">31<\/span><\/a> Svo sannarlega sem \u00e9g m\u00e1 miklast af ykkur \u00ed Kristi Jes\u00fa, Drottni vorum: Dau\u00f0inn vofir yfir m\u00e9r hvern dag. <a name=\"32\"><span class=\"versanumer_2007\">32<\/span><\/a> Hafi \u00e9g eing\u00f6ngu a\u00f0 h\u00e6tti manna barist vi\u00f0 villid\u00fdr \u00ed Efesus, hva\u00f0a gagn hef\u00f0i \u00e9g \u00fe\u00e1 af \u00fev\u00ed? Ef dau\u00f0ir r\u00edsa ekki upp, etum \u00fe\u00e1 og drekkum, \u00fev\u00ed a\u00f0 \u00e1 morgun deyjum vi\u00f0! <a name=\"33\"><span class=\"versanumer_2007\">33<\/span><\/a> Villist ekki. Vondur f\u00e9lagsskapur spillir g\u00f3\u00f0um si\u00f0um. <a name=\"34\"><span class=\"versanumer_2007\">34<\/span><\/a> Vakni\u00f0 til fulls og h\u00e6tti\u00f0 a\u00f0 syndga. Sum ykkar \u00feekkja ekki Gu\u00f0. \u00dea\u00f0 segi \u00e9g ykkur til blyg\u00f0unar. <\/p>\n<h3 class=\"millifyrirsogn_2007\">Hvernig r\u00edsa dau\u00f0ir upp?<\/h3>\n<p><a name=\"35\"><span class=\"versanumer_2007\">35<\/span><\/a> En n\u00fa kynni einhver a\u00f0 spyrja: \u201eHvernig r\u00edsa dau\u00f0ir upp? Hva\u00f0a l\u00edkama hafa \u00feeir \u00feegar \u00feeir koma?\u201c <a name=\"36\"><span class=\"versanumer_2007\">36<\/span><\/a> Heimskulega spurt! \u00dea\u00f0 sem \u00fe\u00fa s\u00e1ir lifnar ekki aftur nema \u00fea\u00f0 deyi. <a name=\"37\"><span class=\"versanumer_2007\">37<\/span><\/a> Og er \u00fe\u00fa s\u00e1ir \u00fe\u00e1 er \u00fea\u00f0 ekki s\u00fa jurt er vex upp s\u00ed\u00f0ar sem \u00fe\u00fa s\u00e1ir, heldur bert fr\u00e6korni\u00f0, hvort sem \u00fea\u00f0 n\u00fa heldur er hveitikorn e\u00f0a anna\u00f0 fr\u00e6. <a name=\"38\"><span class=\"versanumer_2007\">38<\/span><\/a> En Gu\u00f0 gefur \u00fev\u00ed l\u00edkama eftir vild sinni og hverri s\u00e6\u00f0istegund sinn l\u00edkama. <a name=\"39\"><span class=\"versanumer_2007\">39<\/span><\/a> Ekki eru allir l\u00edkamir eins heldur hafa mennirnir sinn, kvikf\u00e9\u00f0 annan, fuglarnir sinn og fiskarnir annan. <a name=\"40\"><span class=\"versanumer_2007\">40<\/span><\/a> Til eru himneskir l\u00edkamir og jar\u00f0neskir l\u00edkamir. En vegsemd hinna himnesku er eitt og hinna jar\u00f0nesku anna\u00f0. <a name=\"41\"><span class=\"versanumer_2007\">41<\/span><\/a> Eitt er lj\u00f3mi s\u00f3larinnar, anna\u00f0 lj\u00f3mi tunglsins og enn anna\u00f0 lj\u00f3mi stjarnanna \u00fev\u00ed a\u00f0 stjarna ber af stj\u00f6rnu \u00ed lj\u00f3ma. <br \/> <a name=\"42\"><span class=\"versanumer_2007\">42<\/span><\/a> \u00deannig er og um upprisu dau\u00f0ra. S\u00e1\u00f0 er forgengilegu en upp r\u00eds \u00f3forgengilegt. <a name=\"43\"><span class=\"versanumer_2007\">43<\/span><\/a> S\u00e1\u00f0 er \u00ed vans\u00e6md en upp r\u00eds \u00ed vegsemd. S\u00e1\u00f0 er \u00ed veikleika en upp r\u00eds \u00ed styrkleika. <a name=\"44\"><span class=\"versanumer_2007\">44<\/span><\/a> S\u00e1\u00f0 er jar\u00f0neskum l\u00edkama en upp r\u00eds andlegur l\u00edkami. Ef jar\u00f0neskur l\u00edkami er til, \u00fe\u00e1 er og til andlegur l\u00edkami. <a name=\"45\"><span class=\"versanumer_2007\">45<\/span><\/a> \u00deannig er og rita\u00f0: \u201eHinn fyrsti ma\u00f0ur, Adam, var\u00f0 lifandi s\u00e1l,\u201c hinn s\u00ed\u00f0ari Adam l\u00edfgandi andi. <a name=\"46\"><span class=\"versanumer_2007\">46<\/span><\/a> En hi\u00f0 andlega kemur ekki fyrst heldur hi\u00f0 jar\u00f0neska, \u00fev\u00ed n\u00e6st hi\u00f0 andlega. <a name=\"47\"><span class=\"versanumer_2007\">47<\/span><\/a> Hinn fyrsti ma\u00f0ur er fr\u00e1 j\u00f6r\u00f0u, jar\u00f0neskur, hinn annar ma\u00f0ur er fr\u00e1 himni. <a name=\"48\"><span class=\"versanumer_2007\">48<\/span><\/a> Eins og hinn jar\u00f0neski var, \u00feannig eru og hinir jar\u00f0nesku og eins og hinn himneski, \u00feannig eru og hinir himnesku. <a name=\"49\"><span class=\"versanumer_2007\">49<\/span><\/a> Og eins og vi\u00f0 h\u00f6fum bori\u00f0 mynd hins jar\u00f0neska munum vi\u00f0 einnig bera mynd hins himneska. <br \/> <a name=\"50\"><span class=\"versanumer_2007\">50<\/span><\/a> \u00dea\u00f0 segi \u00e9g, systkin,<span class=\"nedan_mal\" title=\" Or\u00f0r\u00e9tt: br\u00e6\u00f0ur.\">[<\/span> a\u00f0 hold og bl\u00f3\u00f0 getur eigi erft Gu\u00f0s r\u00edki, eigi erfir heldur hi\u00f0 forgengilega \u00f3forgengileikann. <a name=\"51\"><span class=\"versanumer_2007\">51<\/span><\/a> Sj\u00e1, \u00e9g segi ykkur leyndard\u00f3m: Vi\u00f0 munum ekki \u00f6ll deyja en \u00f6ll munum vi\u00f0 umbreytast, <a name=\"52\"><span class=\"versanumer_2007\">52<\/span><\/a> \u00ed einni svipan, \u00e1 einu augabrag\u00f0i, vi\u00f0 hinn s\u00ed\u00f0asta l\u00fa\u00f0ur. \u00dev\u00ed l\u00fa\u00f0urinn mun gjalla og \u00fe\u00e1 munu dau\u00f0ir upp r\u00edsa \u00f3forgengilegir og vi\u00f0 munum umbreytast. <a name=\"53\"><span class=\"versanumer_2007\">53<\/span><\/a> Forgengilegir og dau\u00f0legir l\u00edkamir okkar eiga a\u00f0 breytast \u00ed \u00f3forgengilega l\u00edkami sem dau\u00f0inn n\u00e6r ekki til.<br \/> <a name=\"54\"><span class=\"versanumer_2007\">54<\/span><\/a> En \u00feegar \u00fea\u00f0 gerist og hi\u00f0 forgengilega breytist og ver\u00f0ur \u00f3dau\u00f0legt, \u00fe\u00e1 r\u00e6tist \u00fea\u00f0 sem rita\u00f0 er: <br \/> <span class=\"ljodatexti\"> Dau\u00f0inn er uppsvelgdur \u00ed sigur. <br \/> <\/span> <span class=\"ljodatexti\"> <a name=\"55\"><span class=\"versanumer_ljod\">55<\/span><\/a> Dau\u00f0i, hvar er sigur \u00feinn? <br \/>Dau\u00f0i, hvar er broddur \u00feinn? <\/span> <br \/> <a name=\"56\"><span class=\"versanumer_2007\">56<\/span><\/a> En syndin er broddur dau\u00f0ans og l\u00f6gm\u00e1li\u00f0 afl syndarinnar. <a name=\"57\"><span class=\"versanumer_2007\">57<\/span><\/a> Gu\u00f0i s\u00e9u \u00feakkir, sem gefur oss sigurinn fyrir Drottin vorn Jes\u00fa Krist! <a name=\"58\"><span class=\"versanumer_2007\">58<\/span><\/a> \u00deess vegna, m\u00edn elsku\u00f0u systkin,<span class=\"nedan_mal\" title=\" Or\u00f0r\u00e9tt: m\u00ednir elsku\u00f0u br\u00e6\u00f0ur.\">[<\/span> veri\u00f0 sta\u00f0f\u00f6st, \u00f3bifanleg, s\u00edau\u00f0ug \u00ed verki Drottins. \u00dei\u00f0 viti\u00f0 a\u00f0 Drottinn l\u00e6tur erfi\u00f0i ykkar ekki ver\u00f0a til \u00f3n\u00fdtis. <\/p>\n","protected":false},"excerpt":{"rendered":"<p>Bo\u00f0a\u00f0 fyrst og fremst 1 \u00c9g minni ykkur, systkin,[ \u00e1 fagna\u00f0arerindi\u00f0 sem \u00e9g bo\u00f0a\u00f0i ykkur, sem \u00fei\u00f0 og veittu\u00f0 vi\u00f0t\u00f6ku og \u00fei\u00f0 standi\u00f0 einnig st\u00f6\u00f0ug \u00ed. 2 \u00dea\u00f0 mun og frelsa ykkur ef \u00fei\u00f0 haldi\u00f0 fast vi\u00f0 \u00fea\u00f0 sem \u00e9g bo\u00f0a\u00f0i ykkur, ella hafi\u00f0 \u00fei\u00f0 til einskis teki\u00f0 tr\u00fa. 3 \u00dev\u00ed \u00fea\u00f0 kenndi \u00e9g ykkur fyrst og fremst, sem \u00e9g einnig hef me\u00f0teki\u00f0, a\u00f0 Kristur d\u00f3 vegna synda okkar samkv\u00e6mt ritningunum, 4 a\u00f0 hann var grafinn, a\u00f0 hann reis upp \u00e1 \u00feri\u00f0ja degi samkv\u00e6mt ritningunum 5 og a\u00f0 hann birtist Kefasi, s\u00ed\u00f0an \u00feeim t\u00f3lf. 6 \u00dev\u00ed n\u00e6st birtist hann meira <a href=\"https:\/\/biblian.is\/biblian\/fyrra-korintubref-15-kafli\/\"> [&#8230;]<\/a><\/p>\n","protected":false},"author":1,"featured_media":0,"parent":0,"menu_order":0,"comment_status":"open","ping_status":"closed","template":"bibliukaflar_NT.php","meta":{"footnotes":""},"class_list":["post-2694","page","type-page","status-publish","hentry"],"_links":{"self":[{"href":"https:\/\/biblian.is\/biblian\/wp-json\/wp\/v2\/pages\/2694","targetHints":{"allow":["GET"]}}],"collection":[{"href":"https:\/\/biblian.is\/biblian\/wp-json\/wp\/v2\/pages"}],"about":[{"href":"https:\/\/biblian.is\/biblian\/wp-json\/wp\/v2\/types\/page"}],"author":[{"embeddable":true,"href":"https:\/\/biblian.is\/biblian\/wp-json\/wp\/v2\/users\/1"}],"replies":[{"embeddable":true,"href":"https:\/\/biblian.is\/biblian\/wp-json\/wp\/v2\/comments?post=2694"}],"version-history":[{"count":0,"href":"https:\/\/biblian.is\/biblian\/wp-json\/wp\/v2\/pages\/2694\/revisions"}],"wp:attachment":[{"href":"https:\/\/biblian.is\/biblian\/wp-json\/wp\/v2\/media?parent=2694"}],"curies":[{"name":"wp","href":"https:\/\/api.w.org\/{rel}","templated":true}]}}