{"id":2693,"date":"2017-12-30T21:04:15","date_gmt":"2017-12-30T21:04:15","guid":{"rendered":"http:\/\/biblian.is\/biblian\/fyrra-korintubr%c2%8ef-14-kafli\/"},"modified":"2019-08-26T23:45:14","modified_gmt":"2019-08-26T23:45:14","slug":"fyrra-korintubref-14-kafli","status":"publish","type":"page","link":"https:\/\/biblian.is\/biblian\/fyrra-korintubref-14-kafli\/","title":{"rendered":"Fyrra Korintubr\u00e9f 14. kafli"},"content":{"rendered":"<h3 class=\"millifyrirsogn_2007\"> Allt me\u00f0 reglu<\/h3>\n<p><a name=\"1\"><span class=\"versanumer_2007\">1<\/span><\/a> Keppi\u00f0 eftir k\u00e6rleikanum. S\u00e6kist eftir g\u00e1fum andans en einkum eftir sp\u00e1mannlegri g\u00e1fu. <a name=\"2\"><span class=\"versanumer_2007\">2<\/span><\/a> \u00dev\u00ed a\u00f0 s\u00e1 sem talar tungum talar ekki vi\u00f0 menn heldur vi\u00f0 Gu\u00f0. Enginn skilur hann, \u00ed anda talar hann leyndard\u00f3ma. <a name=\"3\"><span class=\"versanumer_2007\">3<\/span><\/a> En s\u00e1 sem flytur or\u00f0 Gu\u00f0s talar til manna, \u00feeim til uppbyggingar, hvatningar og huggunar. <a name=\"4\"><span class=\"versanumer_2007\">4<\/span><\/a> S\u00e1 sem talar tungum byggir a\u00f0eins upp sj\u00e1lfan sig en s\u00e1 sem flytur or\u00f0 Gu\u00f0s byggir upp s\u00f6fnu\u00f0inn. <a name=\"5\"><span class=\"versanumer_2007\">5<\/span><\/a> \u00c9g vildi a\u00f0 \u00fei\u00f0 t\u00f6lu\u00f0u\u00f0 \u00f6ll tungum en \u00fe\u00f3 enn framar a\u00f0 \u00fei\u00f0 hef\u00f0u\u00f0 sp\u00e1mannlega g\u00e1fu. \u00dea\u00f0 er meira vert en a\u00f0 tala tungum nema \u00fea\u00f0 s\u00e9 \u00fatlagt, svo a\u00f0 s\u00f6fnu\u00f0urinn hlj\u00f3ti uppbyggingu. <br \/> <a name=\"6\"><span class=\"versanumer_2007\">6<\/span><\/a> Hva\u00f0 mundi \u00e9g gagna ykkur, systkin,<span class=\"nedan_mal\" title=\" Or\u00f0r\u00e9tt: br\u00e6\u00f0ur.\">[<\/span> ef \u00e9g n\u00fa k\u00e6mi til ykkar og tala\u00f0i tungum en flytti ykkur ekki opinberun e\u00f0a \u00feekkingu e\u00f0a sp\u00e1d\u00f3m e\u00f0a kenningu? <a name=\"7\"><span class=\"versanumer_2007\">7<\/span><\/a> Ef dau\u00f0ir hlutir, sem gefa hlj\u00f3\u00f0 fr\u00e1 s\u00e9r, hvort heldur er p\u00edpa e\u00f0a harpa, gefa ekki mismunandi hlj\u00f3\u00f0 fr\u00e1 s\u00e9r, hvernig geta menn \u00fe\u00e1 vita\u00f0 hva\u00f0 leiki\u00f0 er \u00e1 p\u00edpuna e\u00f0a h\u00f6rpuna? <a name=\"8\"><span class=\"versanumer_2007\">8<\/span><\/a> Gefi l\u00fa\u00f0urinn \u00f3greinilegt hlj\u00f3\u00f0, hver b\u00fdr sig \u00fe\u00e1 til bardaga? <a name=\"9\"><span class=\"versanumer_2007\">9<\/span><\/a> Svo er og um ykkur: Ef \u00fei\u00f0 noti\u00f0 ekki tunguna til a\u00f0 m\u00e6la fram skilmerkileg or\u00f0, hvernig ver\u00f0ur \u00fea\u00f0 \u00fe\u00e1 skili\u00f0 sem \u00fei\u00f0 tali\u00f0? \u00dei\u00f0 tali\u00f0 \u00fe\u00e1 \u00fat \u00ed bl\u00e1inn. <a name=\"10\"><span class=\"versanumer_2007\">10<\/span><\/a> \u00de\u00f3 a\u00f0 m\u00f6rg tungum\u00e1l s\u00e9u til \u00ed heiminum er ekkert \u00feeirra m\u00e1lleysa. <a name=\"11\"><span class=\"versanumer_2007\">11<\/span><\/a> Ef \u00e9g n\u00fa skil ekki merkingu m\u00e1lsins ver\u00f0 \u00e9g sem \u00fatlendingur fyrir \u00feeim sem talar og hann \u00fatlendingur fyrir m\u00e9r. <br \/> <a name=\"12\"><span class=\"versanumer_2007\">12<\/span><\/a> Eins er um ykkur. Fyrst \u00fei\u00f0 s\u00e6kist eftir g\u00e1fum andans kappkosti\u00f0 \u00fe\u00e1 a\u00f0 eiga sem mest af \u00feeim til \u00feess a\u00f0 geta eflt s\u00f6fnu\u00f0inn. <a name=\"13\"><span class=\"versanumer_2007\">13<\/span><\/a> S\u00e1 sem talar tungum bi\u00f0ji \u00fev\u00ed um a\u00f0 geta \u00fatsk\u00fdrt \u00fea\u00f0 sem hann segir. <a name=\"14\"><span class=\"versanumer_2007\">14<\/span><\/a> \u00dev\u00ed a\u00f0 bi\u00f0jist \u00e9g fyrir me\u00f0 tungum bi\u00f0ur andi minn a\u00f0 v\u00edsu en skilningur minn er \u00e1vaxtalaus. <a name=\"15\"><span class=\"versanumer_2007\">15<\/span><\/a> Hvernig er \u00fev\u00ed \u00fe\u00e1 fari\u00f0? \u00c9g vil bi\u00f0ja me\u00f0 anda en \u00e9g vil einnig bi\u00f0ja me\u00f0 skilningi. \u00c9g vil lofsyngja me\u00f0 anda en \u00e9g vil einnig lofsyngja me\u00f0 skilningi. <a name=\"16\"><span class=\"versanumer_2007\">16<\/span><\/a> Ef \u00fe\u00fa lofar Gu\u00f0 me\u00f0 anda hvernig \u00e1 \u00fe\u00e1 venjulegur ma\u00f0ur sem er vi\u00f0staddur a\u00f0 geta sagt amen vi\u00f0 \u00feakkargj\u00f6r\u00f0 \u00feinni \u00fear sem hann skilur ekki hva\u00f0 \u00fe\u00fa ert a\u00f0 segja? <a name=\"17\"><span class=\"versanumer_2007\">17<\/span><\/a> A\u00f0 v\u00edsu getur \u00feakkargj\u00f6r\u00f0 \u00fe\u00edn veri\u00f0 f\u00f6gur en h\u00fan gagnast ekki hinum. <br \/> <a name=\"18\"><span class=\"versanumer_2007\">18<\/span><\/a> \u00c9g \u00feakka Gu\u00f0i a\u00f0 \u00e9g tala tungum \u00f6llum ykkur fremur, <a name=\"19\"><span class=\"versanumer_2007\">19<\/span><\/a> en \u00e1 safna\u00f0arsamkomu vil \u00e9g heldur tala fimm skiljanleg or\u00f0, sem geta fr\u00e6tt a\u00f0ra, en t\u00edu \u00fe\u00fasund or\u00f0 me\u00f0 tungum sem enginn skilur. <a name=\"20\"><span class=\"versanumer_2007\">20<\/span><\/a> Systkin,<span class=\"nedan_mal\" title=\" Or\u00f0r\u00e9tt: Br\u00e6\u00f0ur.\">[<\/span> hugsi\u00f0 ekki eins og b\u00f6rn, veri\u00f0 hrekklaus sem b\u00f6rn en hafi\u00f0 d\u00f3mgreind sem fullor\u00f0nir. <a name=\"21\"><span class=\"versanumer_2007\">21<\/span><\/a> \u00cd l\u00f6gm\u00e1linu er rita\u00f0: <br \/> <span class=\"ljodatexti\"> Me\u00f0 annarlegu tungutaki <br \/>og annarlegum v\u00f6rum <br \/>mun \u00e9g tala til \u00feessa f\u00f3lks <br \/>og samt mun \u00fea\u00f0 ekki hl\u00fd\u00f0a m\u00e9r, <\/span> <br \/>segir Drottinn. <a name=\"22\"><span class=\"versanumer_2007\">22<\/span><\/a> \u00deannig er tungutali\u00f0 t\u00e1kn, ekki tr\u00fau\u00f0um heldur vantr\u00fau\u00f0um. En sp\u00e1mannleg g\u00e1fa er ekki t\u00e1kn vantr\u00fau\u00f0um heldur tr\u00fau\u00f0um. <a name=\"23\"><span class=\"versanumer_2007\">23<\/span><\/a> Ef n\u00fa allur s\u00f6fnu\u00f0urinn k\u00e6mi saman og allir t\u00f6lu\u00f0u tungum og inn k\u00e6mu menn utan safna\u00f0ar e\u00f0a vantr\u00faa\u00f0ir, mundu \u00feeir \u00fe\u00e1 ekki segja: \u201e\u00dei\u00f0 eru\u00f0 vitstola\u201c? <a name=\"24\"><span class=\"versanumer_2007\">24<\/span><\/a> En ef allir t\u00f6lu\u00f0u af sp\u00e1mannlegri andagift og inn k\u00e6mi einhver vantr\u00faa\u00f0ur ma\u00f0ur utan safna\u00f0ar, \u00fe\u00e1 mundu allir sannf\u00e6ra hann og l\u00e1ta hann standa fyrir m\u00e1li s\u00ednu. <a name=\"25\"><span class=\"versanumer_2007\">25<\/span><\/a> Leyndustu hugsanir hans ver\u00f0a opinberar og hann fellur fram \u00e1 \u00e1sj\u00f3nu s\u00edna, tilbi\u00f0ur Gu\u00f0 og vottar: Gu\u00f0 er sannarlega hj\u00e1 ykkur. <\/p>\n<h3 class=\"millifyrirsogn_2007\">\u00deegar \u00fei\u00f0 komi\u00f0 saman<\/h3>\n<p><a name=\"26\"><span class=\"versanumer_2007\">26<\/span><\/a> Hvernig er \u00fea\u00f0 \u00fe\u00e1, k\u00e6ri s\u00f6fnu\u00f0ur?<span class=\"nedan_mal\" title=\" Or\u00f0r\u00e9tt: br\u00e6\u00f0ur.\">[<\/span> \u00deegar \u00fei\u00f0 komi\u00f0 saman \u00fe\u00e1 hefur hver sitt fram a\u00f0 f\u00e6ra: s\u00e1lm, kenningu, opinberun, tungutal, \u00fatlistun. Allt skal mi\u00f0a til uppbyggingar. <a name=\"27\"><span class=\"versanumer_2007\">27<\/span><\/a> S\u00e9u einhverjir, sem tala tungum, mega \u00feeir vera tveir e\u00f0a \u00ed mesta lagi \u00fer\u00edr, hver \u00e1 eftir \u00f6\u00f0rum og einn \u00fatlisti. <a name=\"28\"><span class=\"versanumer_2007\">28<\/span><\/a> En ef ekki er neinn til a\u00f0 \u00fatlista, \u00fe\u00e1 \u00feegi s\u00e1 \u00e1 safna\u00f0arsamkomunni sem talar tungum en tali vi\u00f0 sj\u00e1lfan sig og vi\u00f0 Gu\u00f0. <a name=\"29\"><span class=\"versanumer_2007\">29<\/span><\/a> En sp\u00e1menn tali tveir e\u00f0a \u00fer\u00edr og hinir skulu d\u00e6ma um \u00fea\u00f0 sem sagt er. <a name=\"30\"><span class=\"versanumer_2007\">30<\/span><\/a> F\u00e1i einhver annar sem \u00fear situr opinberun, \u00fe\u00e1 \u00feagni hinn fyrri. <a name=\"31\"><span class=\"versanumer_2007\">31<\/span><\/a> \u00dev\u00ed a\u00f0 allir geti\u00f0 \u00fei\u00f0 flutt bo\u00f0skap Gu\u00f0s, hver \u00e1 eftir \u00f6\u00f0rum, til \u00feess a\u00f0 allir hlj\u00f3ti fr\u00e6\u00f0slu og upp\u00f6rvun. <a name=\"32\"><span class=\"versanumer_2007\">32<\/span><\/a> Andar sp\u00e1manna eru sp\u00e1m\u00f6nnum undirgefnir <a name=\"33\"><span class=\"versanumer_2007\">33<\/span><\/a> \u00fev\u00ed a\u00f0 Gu\u00f0 er Gu\u00f0 fri\u00f0ar, ekki truflunar. <br \/>Eins og si\u00f0ur er \u00ed \u00f6llum s\u00f6fnu\u00f0um hinna heil\u00f6gu <a name=\"34\"><span class=\"versanumer_2007\">34<\/span><\/a> skulu konur \u00feegja \u00e1 safna\u00f0arsamkomum \u00fev\u00ed a\u00f0 \u00feeim er ekki leyft a\u00f0 tala heldur skulu \u00fe\u00e6r hl\u00fd\u00f0a eins og l\u00edka l\u00f6gm\u00e1li\u00f0 b\u00fd\u00f0ur. <a name=\"35\"><span class=\"versanumer_2007\">35<\/span><\/a> En ef \u00fe\u00e6r vilja fr\u00e6\u00f0ast um eitthva\u00f0, \u00fe\u00e1 skulu \u00fe\u00e6r spyrja eiginmenn s\u00edna heima. Konum s\u00e6mir ekki a\u00f0 tala \u00e1 safna\u00f0arsamkomu. <a name=\"36\"><span class=\"versanumer_2007\">36<\/span><\/a> E\u00f0a er Gu\u00f0s or\u00f0 fr\u00e1 ykkur komi\u00f0? E\u00f0a er \u00fea\u00f0 komi\u00f0 til ykkar einna? <br \/> <a name=\"37\"><span class=\"versanumer_2007\">37<\/span><\/a> Ef nokkur \u00feykist vera sp\u00e1ma\u00f0ur e\u00f0a g\u00e6ddur g\u00e1fum andans, hann skynji a\u00f0 \u00fea\u00f0 sem \u00e9g skrifa ykkur er bo\u00f0or\u00f0 Drottins. <a name=\"38\"><span class=\"versanumer_2007\">38<\/span><\/a> Vilji einhver ekki vi\u00f0 \u00fea\u00f0 kannast ver\u00f0ur ekki vi\u00f0 hann kannast. <a name=\"39\"><span class=\"versanumer_2007\">39<\/span><\/a> S\u00e6kist \u00feess vegna, systkin,<span class=\"nedan_mal\" title=\" Or\u00f0r\u00e9tt: br\u00e6\u00f0ur.\">[<\/span> eftir sp\u00e1mannlegri g\u00e1fu og banni\u00f0 engum a\u00f0 tala tungum. <a name=\"40\"><span class=\"versanumer_2007\">40<\/span><\/a> En allt fari s\u00f3masamlega fram og me\u00f0 reglu. <\/p>\n","protected":false},"excerpt":{"rendered":"<p>Allt me\u00f0 reglu 1 Keppi\u00f0 eftir k\u00e6rleikanum. S\u00e6kist eftir g\u00e1fum andans en einkum eftir sp\u00e1mannlegri g\u00e1fu. 2 \u00dev\u00ed a\u00f0 s\u00e1 sem talar tungum talar ekki vi\u00f0 menn heldur vi\u00f0 Gu\u00f0. Enginn skilur hann, \u00ed anda talar hann leyndard\u00f3ma. 3 En s\u00e1 sem flytur or\u00f0 Gu\u00f0s talar til manna, \u00feeim til uppbyggingar, hvatningar og huggunar. 4 S\u00e1 sem talar tungum byggir a\u00f0eins upp sj\u00e1lfan sig en s\u00e1 sem flytur or\u00f0 Gu\u00f0s byggir upp s\u00f6fnu\u00f0inn. 5 \u00c9g vildi a\u00f0 \u00fei\u00f0 t\u00f6lu\u00f0u\u00f0 \u00f6ll tungum en \u00fe\u00f3 enn framar a\u00f0 \u00fei\u00f0 hef\u00f0u\u00f0 sp\u00e1mannlega g\u00e1fu. \u00dea\u00f0 er meira vert en a\u00f0 tala tungum nema \u00fea\u00f0 <a href=\"https:\/\/biblian.is\/biblian\/fyrra-korintubref-14-kafli\/\"> [&#8230;]<\/a><\/p>\n","protected":false},"author":1,"featured_media":0,"parent":0,"menu_order":0,"comment_status":"open","ping_status":"closed","template":"bibliukaflar_NT.php","meta":{"footnotes":""},"class_list":["post-2693","page","type-page","status-publish","hentry"],"_links":{"self":[{"href":"https:\/\/biblian.is\/biblian\/wp-json\/wp\/v2\/pages\/2693","targetHints":{"allow":["GET"]}}],"collection":[{"href":"https:\/\/biblian.is\/biblian\/wp-json\/wp\/v2\/pages"}],"about":[{"href":"https:\/\/biblian.is\/biblian\/wp-json\/wp\/v2\/types\/page"}],"author":[{"embeddable":true,"href":"https:\/\/biblian.is\/biblian\/wp-json\/wp\/v2\/users\/1"}],"replies":[{"embeddable":true,"href":"https:\/\/biblian.is\/biblian\/wp-json\/wp\/v2\/comments?post=2693"}],"version-history":[{"count":0,"href":"https:\/\/biblian.is\/biblian\/wp-json\/wp\/v2\/pages\/2693\/revisions"}],"wp:attachment":[{"href":"https:\/\/biblian.is\/biblian\/wp-json\/wp\/v2\/media?parent=2693"}],"curies":[{"name":"wp","href":"https:\/\/api.w.org\/{rel}","templated":true}]}}