{"id":2692,"date":"2017-12-30T21:04:15","date_gmt":"2017-12-30T21:04:15","guid":{"rendered":"http:\/\/biblian.is\/biblian\/fyrra-korintubr%c2%8ef-13-kafli\/"},"modified":"2019-08-26T23:45:14","modified_gmt":"2019-08-26T23:45:14","slug":"fyrra-korintubref-13-kafli","status":"publish","type":"page","link":"https:\/\/biblian.is\/biblian\/fyrra-korintubref-13-kafli\/","title":{"rendered":"Fyrra Korintubr\u00e9f 13. kafli"},"content":{"rendered":"<h3 class=\"millifyrirsogn_2007\"> K\u00e6rleikurinn mestur<\/h3>\n<p><span class=\"ljodatexti\"> <a name=\"1\"><span class=\"versanumer_ljod\">1<\/span><\/a>\u00de\u00f3tt \u00e9g tala\u00f0i tungum manna og engla<br \/>en hef\u00f0i ekki k\u00e6rleika<br \/>v\u00e6ri \u00e9g hlj\u00f3mandi m\u00e1lmur e\u00f0a hvellandi bjalla. <br \/> <\/span> <span class=\"ljodatexti\"> <a name=\"2\"><span class=\"versanumer_ljod\">2<\/span><\/a>Og \u00fe\u00f3tt \u00e9g hef\u00f0i sp\u00e1d\u00f3msg\u00e1fu <br \/>og vissi alla leyndard\u00f3ma og \u00e6tti alla \u00feekking<br \/>og \u00fe\u00f3tt \u00e9g hef\u00f0i svo takmarkalausa tr\u00fa a\u00f0 f\u00e6ra m\u00e6tti fj\u00f6ll \u00far sta\u00f0 <br \/>en hef\u00f0i ekki k\u00e6rleika, <br \/>v\u00e6ri \u00e9g ekki neitt. <br \/> <\/span> <span class=\"ljodatexti\"> <a name=\"3\"><span class=\"versanumer_ljod\">3<\/span><\/a>Og \u00fe\u00f3tt \u00e9g deildi \u00fat \u00f6llum eigum m\u00ednum <br \/>og \u00fe\u00f3tt \u00e9g framseldi l\u00edkama minn til \u00feess a\u00f0 ver\u00f0a brenndur <br \/>en hef\u00f0i ekki k\u00e6rleika, <br \/>v\u00e6ri \u00e9g engu b\u00e6ttari. <br \/> <\/span> <span class=\"ljodatexti\"> <a name=\"4\"><span class=\"versanumer_ljod\">4<\/span><\/a>K\u00e6rleikurinn er langlyndur, hann er g\u00f3\u00f0vilja\u00f0ur. K\u00e6rleikurinn \u00f6fundar ekki. <br \/>K\u00e6rleikurinn er ekki raupsamur, hreykir s\u00e9r ekki upp. <br \/> <\/span> <span class=\"ljodatexti\"> <a name=\"5\"><span class=\"versanumer_ljod\">5<\/span><\/a>Hann heg\u00f0ar s\u00e9r ekki \u00f3s\u00e6milega, leitar ekki s\u00edns eigin, <br \/>hann rei\u00f0ist ekki, er ekki langr\u00e6kinn.<br \/> <\/span> <span class=\"ljodatexti\"> <a name=\"6\"><span class=\"versanumer_ljod\">6<\/span><\/a>Hann gle\u00f0st ekki yfir \u00f3r\u00e9ttv\u00edsinni en samgle\u00f0st sannleikanum. <br \/> <\/span> <span class=\"ljodatexti\"> <a name=\"7\"><span class=\"versanumer_ljod\">7<\/span><\/a>Hann brei\u00f0ir yfir allt, tr\u00fair \u00f6llu, vonar allt, umber allt.<br \/> <\/span> <span class=\"ljodatexti\"> <a name=\"8\"><span class=\"versanumer_ljod\">8<\/span><\/a>K\u00e6rleikurinn fellur aldrei \u00far gildi. <br \/>En sp\u00e1d\u00f3msg\u00e1fur, \u00fe\u00e6r munu l\u00ed\u00f0a undir lok, <br \/>og tungur, \u00fe\u00e6r munu \u00feagna, og \u00feekking, h\u00fan mun l\u00ed\u00f0a undir lok. <br \/> <\/span> <span class=\"ljodatexti\"> <a name=\"9\"><span class=\"versanumer_ljod\">9<\/span><\/a>\u00dev\u00ed a\u00f0 \u00feekking vor er \u00ed molum og sp\u00e1d\u00f3mur vor er \u00ed molum. <br \/> <\/span> <span class=\"ljodatexti\"> <a name=\"10\"><span class=\"versanumer_ljod\">10<\/span><\/a>En \u00feegar hi\u00f0 fullkomna kemur l\u00ed\u00f0ur \u00fea\u00f0 undir lok sem er \u00ed molum.<br \/> <\/span> <span class=\"ljodatexti\"> <a name=\"11\"><span class=\"versanumer_ljod\">11<\/span><\/a>\u00deegar \u00e9g var barn tala\u00f0i \u00e9g eins og barn, <br \/>hugsa\u00f0i eins og barn og \u00e1lykta\u00f0i eins og barn. <br \/>En \u00feegar \u00e9g var or\u00f0inn fullt\u00ed\u00f0a lag\u00f0i \u00e9g ni\u00f0ur barnaskapinn. <br \/> <\/span> <span class=\"ljodatexti\"> <a name=\"12\"><span class=\"versanumer_ljod\">12<\/span><\/a>N\u00fa sj\u00e1um v\u00e9r svo sem \u00ed skuggsj\u00e1, \u00ed r\u00e1\u00f0g\u00e1tu, <br \/>en \u00fe\u00e1 munum v\u00e9r sj\u00e1 augliti til auglitis. <br \/>N\u00fa er \u00feekking m\u00edn \u00ed molum <br \/>en \u00fe\u00e1 mun \u00e9g gj\u00f6r\u00feekkja eins og \u00e9g er sj\u00e1lfur gj\u00f6r\u00feekktur or\u00f0inn. <br \/> <\/span> <span class=\"ljodatexti\"> <a name=\"13\"><span class=\"versanumer_ljod\">13<\/span><\/a>En n\u00fa varir tr\u00fa, von og k\u00e6rleikur, \u00feetta \u00ferennt, <br \/>en \u00feeirra er k\u00e6rleikurinn mestur. <\/span> <\/p>\n","protected":false},"excerpt":{"rendered":"<p>K\u00e6rleikurinn mestur 1\u00de\u00f3tt \u00e9g tala\u00f0i tungum manna og englaen hef\u00f0i ekki k\u00e6rleikav\u00e6ri \u00e9g hlj\u00f3mandi m\u00e1lmur e\u00f0a hvellandi bjalla. 2Og \u00fe\u00f3tt \u00e9g hef\u00f0i sp\u00e1d\u00f3msg\u00e1fu og vissi alla leyndard\u00f3ma og \u00e6tti alla \u00feekkingog \u00fe\u00f3tt \u00e9g hef\u00f0i svo takmarkalausa tr\u00fa a\u00f0 f\u00e6ra m\u00e6tti fj\u00f6ll \u00far sta\u00f0 en hef\u00f0i ekki k\u00e6rleika, v\u00e6ri \u00e9g ekki neitt. 3Og \u00fe\u00f3tt \u00e9g deildi \u00fat \u00f6llum eigum m\u00ednum og \u00fe\u00f3tt \u00e9g framseldi l\u00edkama minn til \u00feess a\u00f0 ver\u00f0a brenndur en hef\u00f0i ekki k\u00e6rleika, v\u00e6ri \u00e9g engu b\u00e6ttari. 4K\u00e6rleikurinn er langlyndur, hann er g\u00f3\u00f0vilja\u00f0ur. K\u00e6rleikurinn \u00f6fundar ekki. K\u00e6rleikurinn er ekki raupsamur, hreykir s\u00e9r ekki upp. 5Hann heg\u00f0ar s\u00e9r ekki \u00f3s\u00e6milega, <a href=\"https:\/\/biblian.is\/biblian\/fyrra-korintubref-13-kafli\/\"> [&#8230;]<\/a><\/p>\n","protected":false},"author":1,"featured_media":0,"parent":0,"menu_order":0,"comment_status":"open","ping_status":"closed","template":"bibliukaflar_NT.php","meta":{"footnotes":""},"class_list":["post-2692","page","type-page","status-publish","hentry"],"_links":{"self":[{"href":"https:\/\/biblian.is\/biblian\/wp-json\/wp\/v2\/pages\/2692","targetHints":{"allow":["GET"]}}],"collection":[{"href":"https:\/\/biblian.is\/biblian\/wp-json\/wp\/v2\/pages"}],"about":[{"href":"https:\/\/biblian.is\/biblian\/wp-json\/wp\/v2\/types\/page"}],"author":[{"embeddable":true,"href":"https:\/\/biblian.is\/biblian\/wp-json\/wp\/v2\/users\/1"}],"replies":[{"embeddable":true,"href":"https:\/\/biblian.is\/biblian\/wp-json\/wp\/v2\/comments?post=2692"}],"version-history":[{"count":0,"href":"https:\/\/biblian.is\/biblian\/wp-json\/wp\/v2\/pages\/2692\/revisions"}],"wp:attachment":[{"href":"https:\/\/biblian.is\/biblian\/wp-json\/wp\/v2\/media?parent=2692"}],"curies":[{"name":"wp","href":"https:\/\/api.w.org\/{rel}","templated":true}]}}