{"id":2691,"date":"2017-12-30T21:04:15","date_gmt":"2017-12-30T21:04:15","guid":{"rendered":"http:\/\/biblian.is\/biblian\/fyrra-korintubr%c2%8ef-12-kafli\/"},"modified":"2019-08-26T23:45:14","modified_gmt":"2019-08-26T23:45:14","slug":"fyrra-korintubref-12-kafli","status":"publish","type":"page","link":"https:\/\/biblian.is\/biblian\/fyrra-korintubref-12-kafli\/","title":{"rendered":"Fyrra Korintubr\u00e9f 12. kafli"},"content":{"rendered":"<h3 class=\"millifyrirsogn_2007\"> G\u00e1fur andans<\/h3>\n<p><a name=\"1\"><span class=\"versanumer_2007\">1<\/span><\/a> En svo \u00e9g minnist \u00e1 g\u00e1fur andans, systkin,<span class=\"nedan_mal\" title=\" Or\u00f0r\u00e9tt: br\u00e6\u00f0ur.\">[<\/span> \u00fe\u00e1 vil \u00e9g ekki a\u00f0 \u00fei\u00f0 s\u00e9u\u00f0 f\u00e1fr\u00f3\u00f0 um \u00fe\u00e6r. <a name=\"2\"><span class=\"versanumer_2007\">2<\/span><\/a> \u00dei\u00f0 viti\u00f0 a\u00f0 \u00feegar \u00fei\u00f0 voru\u00f0 hei\u00f0ingjar l\u00e9tu\u00f0 \u00fei\u00f0 lei\u00f0a ykkur til m\u00e1llausra skur\u00f0go\u00f0anna r\u00e9tt eins og verkast vildi. <a name=\"3\"><span class=\"versanumer_2007\">3<\/span><\/a> \u00deess vegna l\u00e6t \u00e9g ykkur vita a\u00f0 enginn, sem talar af Gu\u00f0s anda, segir: \u201eB\u00f6lva\u00f0ur s\u00e9 Jes\u00fas!\u201c og enginn getur sagt: \u201eJes\u00fas er Drottinn!\u201c nema af heil\u00f6gum anda. <br \/> <a name=\"4\"><span class=\"versanumer_2007\">4<\/span><\/a> Mismunur er \u00e1 n\u00e1\u00f0argj\u00f6fum en andinn er hinn sami, <a name=\"5\"><span class=\"versanumer_2007\">5<\/span><\/a> mismunur er \u00e1 \u00fej\u00f3nustust\u00f6rfum en Drottinn hinn sami. <a name=\"6\"><span class=\"versanumer_2007\">6<\/span><\/a> Mismunur er \u00e1 framkv\u00e6mdum en Gu\u00f0 hinn sami sem \u00f6llu kemur til lei\u00f0ar \u00ed \u00f6llum. <a name=\"7\"><span class=\"versanumer_2007\">7<\/span><\/a> \u00deannig birtist andinn s\u00e9rhverjum manni til \u00feess a\u00f0 hann geri \u00f6\u00f0rum gagn. <a name=\"8\"><span class=\"versanumer_2007\">8<\/span><\/a> Einum gefur andinn g\u00e1fu a\u00f0 m\u00e6la af speki, \u00f6\u00f0rum gefur sami andi kraft a\u00f0 m\u00e6la af \u00feekkingu. <a name=\"9\"><span class=\"versanumer_2007\">9<\/span><\/a> Sami andi veitir einum tr\u00fa, \u00f6\u00f0rum l\u00e6kningag\u00e1fu <a name=\"10\"><span class=\"versanumer_2007\">10<\/span><\/a> og \u00f6\u00f0rum kraft til a\u00f0 framkv\u00e6ma undur. Einn f\u00e6r sp\u00e1d\u00f3msg\u00e1fu, annar h\u00e6fileika a\u00f0 sannreyna anda, einn a\u00f0 tala tungum og annar a\u00f0 \u00fatleggja tungutal. <a name=\"11\"><span class=\"versanumer_2007\">11<\/span><\/a> \u00d6llu \u00feessu kemur eini og sami andinn til lei\u00f0ar og hann \u00fatb\u00fdtir hverjum einum eftir vild sinni. <\/p>\n<h3 class=\"millifyrirsogn_2007\">L\u00edkami Krists<\/h3>\n<p><a name=\"12\"><span class=\"versanumer_2007\">12<\/span><\/a> \u00dev\u00ed a\u00f0 eins og l\u00edkaminn er einn og hefur marga limi en allir limir l\u00edkamans, \u00fe\u00f3tt margir s\u00e9u, eru einn l\u00edkami, \u00feannig er og Kristur. <a name=\"13\"><span class=\"versanumer_2007\">13<\/span><\/a> \u00cd einum anda vorum vi\u00f0 \u00f6ll sk\u00edr\u00f0 til a\u00f0 vera einn l\u00edkami, hvort sem vi\u00f0 erum Gy\u00f0ingar e\u00f0a Grikkir, \u00fer\u00e6lar e\u00f0a frj\u00e1lsir, og \u00f6ll fengum vi\u00f0 einn anda a\u00f0 drekka. <br \/> <a name=\"14\"><span class=\"versanumer_2007\">14<\/span><\/a> \u00dev\u00ed a\u00f0 l\u00edkaminn er ekki einn limur heldur margir. <a name=\"15\"><span class=\"versanumer_2007\">15<\/span><\/a> Ef f\u00f3turinn seg\u00f0i: \u201eFyrst \u00e9g er ekki h\u00f6nd heyri \u00e9g ekki l\u00edkamanum til,\u201c \u00fe\u00e1 er hann ekki fyrir \u00fea\u00f0 l\u00edkamanum \u00f3h\u00e1\u00f0ur. <a name=\"16\"><span class=\"versanumer_2007\">16<\/span><\/a> Og ef eyra\u00f0 seg\u00f0i: \u201eFyrst \u00e9g er ekki auga heyri \u00e9g ekki l\u00edkamanum til,\u201c \u00fe\u00e1 er \u00fea\u00f0 ekki \u00fear fyrir l\u00edkamanum \u00f3h\u00e1\u00f0. <a name=\"17\"><span class=\"versanumer_2007\">17<\/span><\/a> Ef allur l\u00edkaminn v\u00e6ri auga, hvar v\u00e6ri \u00fe\u00e1 heyrnin? Ef hann v\u00e6ri allur heyrn, hvar v\u00e6ri \u00fe\u00e1 ilmanin? <a name=\"18\"><span class=\"versanumer_2007\">18<\/span><\/a> En n\u00fa hefur Gu\u00f0 sett hvern einstakan lim \u00e1 l\u00edkamann eins og honum \u00fe\u00f3kna\u00f0ist. <a name=\"19\"><span class=\"versanumer_2007\">19<\/span><\/a> Ef allir limirnir v\u00e6ru einn limur, hvar v\u00e6ri \u00fe\u00e1 l\u00edkaminn? <a name=\"20\"><span class=\"versanumer_2007\">20<\/span><\/a> En n\u00fa eru limirnir margir en l\u00edkaminn einn. <br \/> <a name=\"21\"><span class=\"versanumer_2007\">21<\/span><\/a> Auga\u00f0 getur ekki sagt vi\u00f0 h\u00f6ndina: \u201e\u00c9g \u00fearfnast \u00fe\u00edn ekki!\u201c n\u00e9 heldur h\u00f6fu\u00f0i\u00f0 vi\u00f0 f\u00e6turna: \u201e\u00c9g \u00fearfnast ykkar ekki!\u201c <a name=\"22\"><span class=\"versanumer_2007\">22<\/span><\/a> Nei, miklu fremur eru \u00feeir limir \u00e1 l\u00edkamanum nau\u00f0synlegir sem vir\u00f0ast vera \u00ed veikbygg\u00f0ara lagi. <a name=\"23\"><span class=\"versanumer_2007\">23<\/span><\/a> Og \u00feeim sem okkur vir\u00f0ast vera \u00ed \u00f3vir\u00f0ulegra lagi \u00e1 l\u00edkamanum, \u00feeim veitum vi\u00f0 \u00fev\u00ed meiri s\u00e6md, og \u00feeim sem vi\u00f0 blyg\u00f0umst okkar fyrir s\u00fdnum vi\u00f0 \u00fev\u00ed meiri blyg\u00f0unarsemi. <a name=\"24\"><span class=\"versanumer_2007\">24<\/span><\/a> \u00deess \u00fearfnast hinir \u00e1sj\u00e1legu limir okkar ekki. En Gu\u00f0 setti l\u00edkamann svo saman a\u00f0 hann gaf \u00feeim sem s\u00ed\u00f0ri var \u00fev\u00ed meiri s\u00e6md <a name=\"25\"><span class=\"versanumer_2007\">25<\/span><\/a> til \u00feess a\u00f0 ekki yr\u00f0i \u00e1greiningur \u00ed l\u00edkamanum heldur skyldu limirnir bera sameiginlega umhyggju hver fyrir \u00f6\u00f0rum. <a name=\"26\"><span class=\"versanumer_2007\">26<\/span><\/a> Og hvort heldur einn limur \u00fej\u00e1ist, \u00fe\u00e1 \u00fej\u00e1st allir limirnir me\u00f0 honum e\u00f0a einn limur er \u00ed h\u00e1vegum haf\u00f0ur samgle\u00f0jast allir limirnir honum. <br \/> <a name=\"27\"><span class=\"versanumer_2007\">27<\/span><\/a> \u00dei\u00f0 eru\u00f0 l\u00edkami Krists og limir hans hvert um sig. <a name=\"28\"><span class=\"versanumer_2007\">28<\/span><\/a> Gu\u00f0 hefur gefi\u00f0 \u00f6llum sitt hlutverk \u00ed kirkjunni: Fyrst hefur hann sett postula, \u00ed \u00f6\u00f0ru lagi sp\u00e1menn, \u00ed \u00feri\u00f0ja lagi kennara, sumum hefur hann veitt g\u00e1fu a\u00f0 gera kraftaverk, l\u00e6kna, vinna l\u00edknarst\u00f6rf, stj\u00f3rna og tala tungum. <a name=\"29\"><span class=\"versanumer_2007\">29<\/span><\/a> Geta allir veri\u00f0 postular? Eru allir sp\u00e1menn? Eru allir kennarar? Eru allir kraftaverkamenn? <a name=\"30\"><span class=\"versanumer_2007\">30<\/span><\/a> Hafa allir hloti\u00f0 l\u00e6kningag\u00e1fu? Tala allir tungum? \u00datlista allir tungutal? <a name=\"31\"><span class=\"versanumer_2007\">31<\/span><\/a> Nei! En s\u00e6kist eftir n\u00e1\u00f0arg\u00e1funum, \u00feeim hinum meiri. Og n\u00fa bendi \u00e9g ykkur \u00e1 enn \u00fe\u00e1 miklu \u00e1g\u00e6tari lei\u00f0. <\/p>\n","protected":false},"excerpt":{"rendered":"<p>G\u00e1fur andans 1 En svo \u00e9g minnist \u00e1 g\u00e1fur andans, systkin,[ \u00fe\u00e1 vil \u00e9g ekki a\u00f0 \u00fei\u00f0 s\u00e9u\u00f0 f\u00e1fr\u00f3\u00f0 um \u00fe\u00e6r. 2 \u00dei\u00f0 viti\u00f0 a\u00f0 \u00feegar \u00fei\u00f0 voru\u00f0 hei\u00f0ingjar l\u00e9tu\u00f0 \u00fei\u00f0 lei\u00f0a ykkur til m\u00e1llausra skur\u00f0go\u00f0anna r\u00e9tt eins og verkast vildi. 3 \u00deess vegna l\u00e6t \u00e9g ykkur vita a\u00f0 enginn, sem talar af Gu\u00f0s anda, segir: \u201eB\u00f6lva\u00f0ur s\u00e9 Jes\u00fas!\u201c og enginn getur sagt: \u201eJes\u00fas er Drottinn!\u201c nema af heil\u00f6gum anda. 4 Mismunur er \u00e1 n\u00e1\u00f0argj\u00f6fum en andinn er hinn sami, 5 mismunur er \u00e1 \u00fej\u00f3nustust\u00f6rfum en Drottinn hinn sami. 6 Mismunur er \u00e1 framkv\u00e6mdum en Gu\u00f0 hinn sami sem \u00f6llu <a href=\"https:\/\/biblian.is\/biblian\/fyrra-korintubref-12-kafli\/\"> [&#8230;]<\/a><\/p>\n","protected":false},"author":1,"featured_media":0,"parent":0,"menu_order":0,"comment_status":"open","ping_status":"closed","template":"bibliukaflar_NT.php","meta":{"footnotes":""},"class_list":["post-2691","page","type-page","status-publish","hentry"],"_links":{"self":[{"href":"https:\/\/biblian.is\/biblian\/wp-json\/wp\/v2\/pages\/2691","targetHints":{"allow":["GET"]}}],"collection":[{"href":"https:\/\/biblian.is\/biblian\/wp-json\/wp\/v2\/pages"}],"about":[{"href":"https:\/\/biblian.is\/biblian\/wp-json\/wp\/v2\/types\/page"}],"author":[{"embeddable":true,"href":"https:\/\/biblian.is\/biblian\/wp-json\/wp\/v2\/users\/1"}],"replies":[{"embeddable":true,"href":"https:\/\/biblian.is\/biblian\/wp-json\/wp\/v2\/comments?post=2691"}],"version-history":[{"count":0,"href":"https:\/\/biblian.is\/biblian\/wp-json\/wp\/v2\/pages\/2691\/revisions"}],"wp:attachment":[{"href":"https:\/\/biblian.is\/biblian\/wp-json\/wp\/v2\/media?parent=2691"}],"curies":[{"name":"wp","href":"https:\/\/api.w.org\/{rel}","templated":true}]}}