{"id":2690,"date":"2017-12-30T21:04:15","date_gmt":"2017-12-30T21:04:15","guid":{"rendered":"http:\/\/biblian.is\/biblian\/fyrra-korintubr%c2%8ef-11-kafli\/"},"modified":"2019-08-26T23:45:14","modified_gmt":"2019-08-26T23:45:14","slug":"fyrra-korintubref-11-kafli","status":"publish","type":"page","link":"https:\/\/biblian.is\/biblian\/fyrra-korintubref-11-kafli\/","title":{"rendered":"Fyrra Korintubr\u00e9f 11. kafli"},"content":{"rendered":"<p><a name=\"1\"><span class=\"versanumer_2007\">1<\/span><\/a> Breyti\u00f0 eftir m\u00e9r eins og \u00e9g breyti eftir Kristi. <\/p>\n<h3 class=\"millifyrirsogn_2007\">Um ytri heg\u00f0un<\/h3>\n<p><a name=\"2\"><span class=\"versanumer_2007\">2<\/span><\/a> \u00c9g hr\u00f3sa ykkur fyrir \u00fea\u00f0 a\u00f0 \u00fei\u00f0 \u00ed \u00f6llu minnist m\u00edn og haldi\u00f0 fast vi\u00f0 kenningarnar eins og \u00e9g flutti ykkur \u00fe\u00e6r. <a name=\"3\"><span class=\"versanumer_2007\">3<\/span><\/a> En \u00e9g vil a\u00f0 \u00fei\u00f0 viti\u00f0 a\u00f0 Kristur er h\u00f6fu\u00f0 s\u00e9rhvers karlmanns, a\u00f0 karlma\u00f0urinn er h\u00f6fu\u00f0 konunnar og Gu\u00f0 h\u00f6fu\u00f0 Krists. <a name=\"4\"><span class=\"versanumer_2007\">4<\/span><\/a> S\u00e9rhver s\u00e1 karlma\u00f0ur, sem bi\u00f0st fyrir e\u00f0a flytur sp\u00e1d\u00f3ma Gu\u00f0s og hefur \u00e1 h\u00f6f\u00f0inu, hann \u00f3vir\u00f0ir h\u00f6fu\u00f0 sitt. <a name=\"5\"><span class=\"versanumer_2007\">5<\/span><\/a> En s\u00e9rhver kona, sem bi\u00f0st fyrir e\u00f0a flytur sp\u00e1d\u00f3ma Gu\u00f0s berh\u00f6f\u00f0u\u00f0, \u00f3vir\u00f0ir h\u00f6fu\u00f0 sitt. \u00dea\u00f0 er hi\u00f0 sama sem h\u00fan hef\u00f0i l\u00e1ti\u00f0 kr\u00fanuraka sig. <a name=\"6\"><span class=\"versanumer_2007\">6<\/span><\/a> Ef konan \u00fev\u00ed vill ekki hylja h\u00f6fu\u00f0 sitt, \u00fe\u00e1 l\u00e1ti h\u00fan klippa sig. En ef \u00fea\u00f0 er \u00f3vir\u00f0ing fyrir konuna a\u00f0 l\u00e1ta klippa e\u00f0a raka h\u00e1r sitt, \u00fe\u00e1 hafi h\u00fan \u00e1 h\u00f6f\u00f0inu. <br \/> <a name=\"7\"><span class=\"versanumer_2007\">7<\/span><\/a> Karlma\u00f0ur \u00e1 ekki a\u00f0 hylja h\u00f6fu\u00f0 sitt \u00fev\u00ed a\u00f0 hann er \u00edmynd Gu\u00f0s og endurspeglar d\u00fdr\u00f0 hans en konan endurspeglar d\u00fdr\u00f0 mannsins. <a name=\"8\"><span class=\"versanumer_2007\">8<\/span><\/a> \u00dev\u00ed ekki er karlinn af konunni kominn heldur konan af karlinum <a name=\"9\"><span class=\"versanumer_2007\">9<\/span><\/a> og ekki var heldur karlinn skapa\u00f0ur vegna konunnar heldur konan vegna karlsins. <a name=\"10\"><span class=\"versanumer_2007\">10<\/span><\/a> \u00deess vegna \u00e1 konan a\u00f0 bera \u00e1 h\u00f6f\u00f0i s\u00e9r t\u00e1kn um valdsvi\u00f0 sitt vegna englanna. <a name=\"11\"><span class=\"versanumer_2007\">11<\/span><\/a> \u00de\u00f3 er hvorki konan \u00f3h\u00e1\u00f0 karlmanninum n\u00e9 karlma\u00f0urinn konunni \u00ed samf\u00e9laginu vi\u00f0 Drottin <a name=\"12\"><span class=\"versanumer_2007\">12<\/span><\/a> \u00fev\u00ed a\u00f0 eins og konan er komin af karlinum, svo er og karlinn f\u00e6ddur af konunni en allt er fr\u00e1 Gu\u00f0i. <br \/> <a name=\"13\"><span class=\"versanumer_2007\">13<\/span><\/a> D\u00e6mi\u00f0 sj\u00e1lf: S\u00e6mir \u00fea\u00f0 konu a\u00f0 bi\u00f0ja til Gu\u00f0s berh\u00f6f\u00f0u\u00f0? <a name=\"14\"><span class=\"versanumer_2007\">14<\/span><\/a> Kennir ekki sj\u00e1lf n\u00e1tt\u00faran ykkur a\u00f0 ef karlma\u00f0ur ber s\u00edtt h\u00e1r, \u00fe\u00e1 er \u00fea\u00f0 honum vans\u00e6md <a name=\"15\"><span class=\"versanumer_2007\">15<\/span><\/a> en ef kona ber s\u00edtt h\u00e1r, \u00fe\u00e1 er \u00fea\u00f0 henni s\u00e6md? \u00dev\u00ed a\u00f0 s\u00ed\u00f0a h\u00e1ri\u00f0 er gefi\u00f0 henni \u00ed h\u00f6fu\u00f0bl\u00e6ju sta\u00f0. <a name=\"16\"><span class=\"versanumer_2007\">16<\/span><\/a> En \u00e6tli n\u00fa einhver s\u00e9r a\u00f0 gera \u00feetta a\u00f0 kappsm\u00e1li, \u00fe\u00e1 er sl\u00edkt ekki venja okkar e\u00f0a safna\u00f0a Gu\u00f0s. <br \/> <a name=\"17\"><span class=\"versanumer_2007\">17<\/span><\/a> En um lei\u00f0 og \u00e9g gef ykkur \u00feessi fyrirm\u00e6li get \u00e9g ekki hr\u00f3sa\u00f0 ykkur fyrir samkomur ykkar sem eru fremur til ills en g\u00f3\u00f0s. <a name=\"18\"><span class=\"versanumer_2007\">18<\/span><\/a> \u00cd fyrsta lagi heyri \u00e9g a\u00f0 \u00fei\u00f0 skiptist \u00ed h\u00f3pa \u00feegar s\u00f6fnu\u00f0urinn kemur saman. \u00dev\u00ed tr\u00fai \u00e9g a\u00f0 nokkru leyti. <a name=\"19\"><span class=\"versanumer_2007\">19<\/span><\/a> Reyndar ver\u00f0a flokkar a\u00f0 vera me\u00f0al ykkar til \u00feess a\u00f0 \u00ed lj\u00f3s komi hverjum m\u00e1 treysta. <a name=\"20\"><span class=\"versanumer_2007\">20<\/span><\/a> En \u00feegar \u00fei\u00f0 komi\u00f0 saman ver\u00f0ur \u00fea\u00f0 ekki til \u00feess a\u00f0 neyta m\u00e1lt\u00ed\u00f0ar Drottins, <a name=\"21\"><span class=\"versanumer_2007\">21<\/span><\/a> \u00fev\u00ed hver um sig neytir s\u00edns matar fyrir fram og svo er einn hungra\u00f0ur og annar drekkur sig \u00f6lva\u00f0an. <a name=\"22\"><span class=\"versanumer_2007\">22<\/span><\/a> Hafi\u00f0 \u00fei\u00f0 \u00fe\u00e1 ekki h\u00fas til a\u00f0 eta \u00ed og drekka? Vilji\u00f0 \u00fei\u00f0 vanvir\u00f0a s\u00f6fnu\u00f0 Gu\u00f0s og au\u00f0m\u00fdkja \u00fe\u00e1 sem ekkert eiga? Hva\u00f0 \u00e1 \u00e9g a\u00f0 segja vi\u00f0 ykkur? \u00c1 \u00e9g a\u00f0 h\u00e6la ykkur fyrir \u00feetta? Nei, \u00e9g h\u00e6li ykkur ekki. <br \/> <a name=\"23\"><span class=\"versanumer_2007\">23<\/span><\/a> \u00dev\u00ed a\u00f0 \u00e9g hef me\u00f0teki\u00f0 fr\u00e1 Drottni \u00fea\u00f0 sem \u00e9g hef kennt ykkur: N\u00f3ttina, sem Drottinn Jes\u00fas var svikinn, t\u00f3k hann brau\u00f0, <a name=\"24\"><span class=\"versanumer_2007\">24<\/span><\/a> ger\u00f0i \u00feakkir, braut \u00fea\u00f0 og sag\u00f0i: \u201e\u00deetta er l\u00edkami minn. Gj\u00f6ri\u00f0 \u00feetta \u00ed m\u00edna minningu.\u201c <a name=\"25\"><span class=\"versanumer_2007\">25<\/span><\/a> S\u00f6mulei\u00f0is t\u00f3k hann og bikarinn eftir kv\u00f6ldm\u00e1lt\u00ed\u00f0ina og sag\u00f0i: \u201e\u00deessi bikar er hinn n\u00fdi s\u00e1ttm\u00e1li \u00ed m\u00ednu bl\u00f3\u00f0i. Gj\u00f6ri\u00f0 \u00feetta, svo oft sem \u00fe\u00e9r drekki\u00f0, \u00ed m\u00edna minningu.\u201c <br \/> <a name=\"26\"><span class=\"versanumer_2007\">26<\/span><\/a> Hvert sinn sem \u00fei\u00f0 eti\u00f0 \u00feetta brau\u00f0 og drekki\u00f0 af bikarnum bo\u00f0i\u00f0 \u00fei\u00f0 dau\u00f0a Drottins \u00feanga\u00f0 til hann kemur. <a name=\"27\"><span class=\"versanumer_2007\">27<\/span><\/a> Hver sem etur brau\u00f0i\u00f0 e\u00f0a drekkur bikar Drottins \u00e1 \u00f3ver\u00f0ugan h\u00e1tt ver\u00f0ur \u00feess vegna sekur vi\u00f0 l\u00edkama og bl\u00f3\u00f0 Drottins. <a name=\"28\"><span class=\"versanumer_2007\">28<\/span><\/a> Hver ma\u00f0ur pr\u00f3fi sj\u00e1lfan sig \u00e1\u00f0ur en hann etur af brau\u00f0inu og drekkur af bikarnum. <a name=\"29\"><span class=\"versanumer_2007\">29<\/span><\/a> \u00dev\u00ed a\u00f0 s\u00e1 sem etur og drekkur \u00e1n \u00feess a\u00f0 gera s\u00e9r grein fyrir a\u00f0 \u00fea\u00f0 er l\u00edkami Drottins, hann etur og drekkur s\u00e9r til d\u00f3ms\u00e1fellis. <a name=\"30\"><span class=\"versanumer_2007\">30<\/span><\/a> \u00deess vegna eru svo margir sj\u00fakir og lasbur\u00f0a \u00e1 me\u00f0al ykkar og allmargir deyja. <a name=\"31\"><span class=\"versanumer_2007\">31<\/span><\/a> Ef vi\u00f0 d\u00e6mdum um okkur sj\u00e1lf yr\u00f0um vi\u00f0 ekki d\u00e6md. <a name=\"32\"><span class=\"versanumer_2007\">32<\/span><\/a> En \u00feegar Drottinn d\u00e6mir okkur er hann a\u00f0 aga okkur til \u00feess a\u00f0 vi\u00f0 ver\u00f0um ekki d\u00e6md sek \u00e1samt heiminum. <br \/> <a name=\"33\"><span class=\"versanumer_2007\">33<\/span><\/a> Systkin,<span class=\"nedan_mal\" title=\" Or\u00f0r\u00e9tt: Br\u00e6\u00f0ur.\">[<\/span> \u00feess vegna skulu\u00f0 \u00fei\u00f0 b\u00ed\u00f0a hvert eftir \u00f6\u00f0ru \u00feegar \u00fei\u00f0 komi\u00f0 saman til a\u00f0 matast. <a name=\"34\"><span class=\"versanumer_2007\">34<\/span><\/a> Ef nokkur er hungra\u00f0ur, \u00fe\u00e1 eti hann heima til \u00feess a\u00f0 samkomur ykkar ver\u00f0i ykkur ekki til d\u00f3ms\u00e1fellis. Anna\u00f0 mun \u00e9g segja til um \u00feegar \u00e9g kem. <\/p>\n","protected":false},"excerpt":{"rendered":"<p>1 Breyti\u00f0 eftir m\u00e9r eins og \u00e9g breyti eftir Kristi. Um ytri heg\u00f0un 2 \u00c9g hr\u00f3sa ykkur fyrir \u00fea\u00f0 a\u00f0 \u00fei\u00f0 \u00ed \u00f6llu minnist m\u00edn og haldi\u00f0 fast vi\u00f0 kenningarnar eins og \u00e9g flutti ykkur \u00fe\u00e6r. 3 En \u00e9g vil a\u00f0 \u00fei\u00f0 viti\u00f0 a\u00f0 Kristur er h\u00f6fu\u00f0 s\u00e9rhvers karlmanns, a\u00f0 karlma\u00f0urinn er h\u00f6fu\u00f0 konunnar og Gu\u00f0 h\u00f6fu\u00f0 Krists. 4 S\u00e9rhver s\u00e1 karlma\u00f0ur, sem bi\u00f0st fyrir e\u00f0a flytur sp\u00e1d\u00f3ma Gu\u00f0s og hefur \u00e1 h\u00f6f\u00f0inu, hann \u00f3vir\u00f0ir h\u00f6fu\u00f0 sitt. 5 En s\u00e9rhver kona, sem bi\u00f0st fyrir e\u00f0a flytur sp\u00e1d\u00f3ma Gu\u00f0s berh\u00f6f\u00f0u\u00f0, \u00f3vir\u00f0ir h\u00f6fu\u00f0 sitt. \u00dea\u00f0 er hi\u00f0 sama sem h\u00fan hef\u00f0i l\u00e1ti\u00f0 <a href=\"https:\/\/biblian.is\/biblian\/fyrra-korintubref-11-kafli\/\"> [&#8230;]<\/a><\/p>\n","protected":false},"author":1,"featured_media":0,"parent":0,"menu_order":0,"comment_status":"open","ping_status":"closed","template":"bibliukaflar_NT.php","meta":{"footnotes":""},"class_list":["post-2690","page","type-page","status-publish","hentry"],"_links":{"self":[{"href":"https:\/\/biblian.is\/biblian\/wp-json\/wp\/v2\/pages\/2690","targetHints":{"allow":["GET"]}}],"collection":[{"href":"https:\/\/biblian.is\/biblian\/wp-json\/wp\/v2\/pages"}],"about":[{"href":"https:\/\/biblian.is\/biblian\/wp-json\/wp\/v2\/types\/page"}],"author":[{"embeddable":true,"href":"https:\/\/biblian.is\/biblian\/wp-json\/wp\/v2\/users\/1"}],"replies":[{"embeddable":true,"href":"https:\/\/biblian.is\/biblian\/wp-json\/wp\/v2\/comments?post=2690"}],"version-history":[{"count":0,"href":"https:\/\/biblian.is\/biblian\/wp-json\/wp\/v2\/pages\/2690\/revisions"}],"wp:attachment":[{"href":"https:\/\/biblian.is\/biblian\/wp-json\/wp\/v2\/media?parent=2690"}],"curies":[{"name":"wp","href":"https:\/\/api.w.org\/{rel}","templated":true}]}}