{"id":2689,"date":"2017-12-30T21:04:15","date_gmt":"2017-12-30T21:04:15","guid":{"rendered":"http:\/\/biblian.is\/biblian\/fyrra-korintubr%c2%8ef-10-kafli\/"},"modified":"2019-08-26T23:45:14","modified_gmt":"2019-08-26T23:45:14","slug":"fyrra-korintubref-10-kafli","status":"publish","type":"page","link":"https:\/\/biblian.is\/biblian\/fyrra-korintubref-10-kafli\/","title":{"rendered":"Fyrra Korintubr\u00e9f 10. kafli"},"content":{"rendered":"<h3 class=\"millifyrirsogn_2007\"> Fyrirbo\u00f0i og vi\u00f0v\u00f6run<\/h3>\n<p><a name=\"1\"><span class=\"versanumer_2007\">1<\/span><\/a> \u00c9g vil ekki, systkin,<span class=\"nedan_mal\" title=\" Or\u00f0r\u00e9tt: br\u00e6\u00f0ur.\">[<\/span> a\u00f0 ykkur skuli vera \u00f3kunnugt um \u00fea\u00f0 a\u00f0 forfe\u00f0ur okkar voru allir undir sk\u00fdinu og gengu allir yfir hafi\u00f0. <a name=\"2\"><span class=\"versanumer_2007\">2<\/span><\/a> Allir voru \u00feeir sk\u00edr\u00f0ir \u00ed sk\u00fdinu og hafinu til fylgdar vi\u00f0 M\u00f3se. <a name=\"3\"><span class=\"versanumer_2007\">3<\/span><\/a> Allir neyttu hinnar s\u00f6mu andlegu f\u00e6\u00f0u <a name=\"4\"><span class=\"versanumer_2007\">4<\/span><\/a> og drukku hinn sama andlega drykk. \u00deeir drukku af hinum andlega kletti sem fylgdi \u00feeim. Kletturinn var Kristur. <a name=\"5\"><span class=\"versanumer_2007\">5<\/span><\/a> Samt voru f\u00e6stir \u00feeirra \u00fe\u00f3knanlegir Gu\u00f0i enda f\u00e9llu \u00feeir \u00ed ey\u00f0im\u00f6rkinni. <br \/> <a name=\"6\"><span class=\"versanumer_2007\">6<\/span><\/a> \u00deetta hefur gerst okkur til vi\u00f0v\u00f6runar til \u00feess a\u00f0 vi\u00f0 ver\u00f0um ekki s\u00f3lgin \u00ed \u00fea\u00f0 sem illt er eins og \u00feeir. <a name=\"7\"><span class=\"versanumer_2007\">7<\/span><\/a> Tilbi\u00f0ji\u00f0 ekki skur\u00f0go\u00f0 eins og nokkrir \u00feeirra. Rita\u00f0 er: \u201eL\u00fd\u00f0urinn settist ni\u00f0ur til a\u00f0 eta og drekka og st\u00f3\u00f0 upp til a\u00f0 skemmta s\u00e9r.\u201c <a name=\"8\"><span class=\"versanumer_2007\">8<\/span><\/a> Dr\u00fdgjum ekki heldur h\u00f3r eins og sumir \u00feeirra, og tuttugu og \u00ferj\u00e1r \u00fe\u00fasundir f\u00e9llu \u00e1 einum degi. <a name=\"9\"><span class=\"versanumer_2007\">9<\/span><\/a> Freistum ekki heldur Drottins eins og sumir \u00feeirra, og bi\u00f0u bana af h\u00f6ggormum. <a name=\"10\"><span class=\"versanumer_2007\">10<\/span><\/a> M\u00f6gli\u00f0 ekki heldur eins og nokkrir \u00feeirra. Ey\u00f0andinn fyrirf\u00f3r \u00feeim. <br \/> <a name=\"11\"><span class=\"versanumer_2007\">11<\/span><\/a> Allt \u00feetta kom yfir \u00fe\u00e1 sem fyrirbo\u00f0i og \u00fea\u00f0 er rita\u00f0 til vi\u00f0v\u00f6runar okkur sem endir aldanna er kominn yfir. <a name=\"12\"><span class=\"versanumer_2007\">12<\/span><\/a> S\u00e1 er hyggst standa g\u00e6ti \u00fev\u00ed vel a\u00f0 s\u00e9r a\u00f0 hann falli ekki. <a name=\"13\"><span class=\"versanumer_2007\">13<\/span><\/a> \u00dei\u00f0 hafi\u00f0 ekki reynt nema \u00fea\u00f0 sem menn geta \u00feola\u00f0. Gu\u00f0 er tr\u00far og l\u00e6tur ekki reyna ykkur um megn fram heldur mun hann, \u00feegar hann reynir ykkur, einnig sj\u00e1 um a\u00f0 \u00fei\u00f0 f\u00e1i\u00f0 sta\u00f0ist. <br \/> <a name=\"14\"><span class=\"versanumer_2007\">14<\/span><\/a> For\u00f0ist \u00feess vegna skur\u00f0go\u00f0ad\u00fdrkun, m\u00edn elsku\u00f0u. <a name=\"15\"><span class=\"versanumer_2007\">15<\/span><\/a> \u00c9g tala til ykkar sem skynsamra manna. Meti\u00f0 sj\u00e1lf \u00fea\u00f0 sem \u00e9g segi. <a name=\"16\"><span class=\"versanumer_2007\">16<\/span><\/a> Bikar blessunarinnar sem v\u00e9r blessum, er hann ekki samf\u00e9lag um bl\u00f3\u00f0 Krists? Og brau\u00f0i\u00f0 sem v\u00e9r brj\u00f3tum, er \u00fea\u00f0 ekki samf\u00e9lag um l\u00edkama Krists? <a name=\"17\"><span class=\"versanumer_2007\">17<\/span><\/a> Af \u00fev\u00ed a\u00f0 brau\u00f0i\u00f0 er eitt, erum v\u00e9r hin m\u00f6rgu einn l\u00edkami \u00fev\u00ed a\u00f0 v\u00e9r eigum \u00f6ll hlutdeild \u00ed hinu eina brau\u00f0i. <br \/> <a name=\"18\"><span class=\"versanumer_2007\">18<\/span><\/a> L\u00edti\u00f0 \u00e1 \u00cdsraelsmenn. Taka \u00feeir sem eta f\u00f3rnarkj\u00f6ti\u00f0 ekki \u00fe\u00e1tt \u00ed altaris\u00fej\u00f3nustunni? <a name=\"19\"><span class=\"versanumer_2007\">19<\/span><\/a> Hva\u00f0 segi \u00e9g \u00fe\u00e1? A\u00f0 kj\u00f6t f\u00f3rna\u00f0 skur\u00f0go\u00f0um s\u00e9 nokku\u00f0? E\u00f0a skur\u00f0go\u00f0 s\u00e9 nokku\u00f0? <a name=\"20\"><span class=\"versanumer_2007\">20<\/span><\/a> Nei, skur\u00f0go\u00f0ad\u00fdrkendur bl\u00f3ta illum \u00f6ndum, ekki Gu\u00f0i. En \u00e9g vil ekki a\u00f0 \u00fei\u00f0 hafi\u00f0 samf\u00e9lag vi\u00f0 illa anda. <a name=\"21\"><span class=\"versanumer_2007\">21<\/span><\/a> Ekki geti\u00f0 \u00fei\u00f0 drukki\u00f0 bikar Drottins og bikar illra anda. Ekki geti\u00f0 \u00fei\u00f0 teki\u00f0 \u00fe\u00e1tt \u00ed bor\u00f0haldi Drottins og bor\u00f0haldi illra anda. <a name=\"22\"><span class=\"versanumer_2007\">22<\/span><\/a> E\u00f0a eigum vi\u00f0 a\u00f0 reita Drottin til rei\u00f0i? Munum vi\u00f0 vera m\u00e1ttugri en hann? <br \/> <a name=\"23\"><span class=\"versanumer_2007\">23<\/span><\/a> Allt er leyfilegt en ekki er allt gagnlegt. Allt er leyfilegt en ekki byggir allt upp. <a name=\"24\"><span class=\"versanumer_2007\">24<\/span><\/a> Enginn hyggi a\u00f0 eigin hag heldur hag annarra. <br \/> <a name=\"25\"><span class=\"versanumer_2007\">25<\/span><\/a> Allt \u00fea\u00f0 sem selt er \u00e1 kj\u00f6ttorginu geti\u00f0 \u00fei\u00f0 eti\u00f0 \u00e1n nokkurra eftirgrennslana vegna samviskunnar. <a name=\"26\"><span class=\"versanumer_2007\">26<\/span><\/a> \u00dev\u00ed a\u00f0 j\u00f6r\u00f0in er Drottins og allt sem \u00e1 henni er. <br \/> <a name=\"27\"><span class=\"versanumer_2007\">27<\/span><\/a> Ef einhver vantr\u00faa\u00f0ur b\u00fd\u00f0ur ykkur og ef \u00fei\u00f0 vilji\u00f0 fara, \u00fe\u00e1 eti\u00f0 af \u00f6llu \u00fev\u00ed sem fyrir ykkur er bori\u00f0 \u00e1n \u00feess a\u00f0 \u00fei\u00f0 vegna samviskunnar spyrjist fyrir um hva\u00f0an \u00fea\u00f0 komi. <a name=\"28\"><span class=\"versanumer_2007\">28<\/span><\/a> En ef einhver segir vi\u00f0 ykkur: \u201e\u00deetta er f\u00f3rnarkj\u00f6t!\u201c \u00fe\u00e1 eti\u00f0 ekki, b\u00e6\u00f0i vegna \u00feess sem vara\u00f0i ykkur vi\u00f0 og vegna samviskunnar. <a name=\"29\"><span class=\"versanumer_2007\">29<\/span><\/a> Samviskunnar, segi \u00e9g, ekki eigin samvisku heldur samvisku hins. En hvers vegna skyldi samviska annars manns geta heft frelsi mitt? <a name=\"30\"><span class=\"versanumer_2007\">30<\/span><\/a> Ef \u00e9g neyti f\u00e6\u00f0unnar me\u00f0 \u00feakkl\u00e6ti, hvers vegna skyldi \u00e9g s\u00e6ta lasti fyrir \u00fea\u00f0 sem \u00e9g \u00feakka Gu\u00f0i fyrir? <br \/> <a name=\"31\"><span class=\"versanumer_2007\">31<\/span><\/a> Hvort sem \u00fei\u00f0 \u00fev\u00ed eti\u00f0 e\u00f0a drekki\u00f0 e\u00f0a hva\u00f0 sem \u00fei\u00f0 geri\u00f0, \u00fe\u00e1 geri\u00f0 \u00fea\u00f0 allt Gu\u00f0i til d\u00fdr\u00f0ar. <a name=\"32\"><span class=\"versanumer_2007\">32<\/span><\/a> Veri\u00f0 hvorki Gy\u00f0ingum, Grikkjum n\u00e9 kirkju Gu\u00f0s til \u00e1steytingar. <a name=\"33\"><span class=\"versanumer_2007\">33<\/span><\/a> \u00c9g fyrir mitt leyti reyni \u00ed \u00f6llu a\u00f0 \u00fe\u00f3knast \u00f6llum og hygg ekki a\u00f0 eigin hag heldur hag hinna m\u00f6rgu, til \u00feess a\u00f0 \u00feeir ver\u00f0i h\u00f3lpnir. <\/p>\n","protected":false},"excerpt":{"rendered":"<p>Fyrirbo\u00f0i og vi\u00f0v\u00f6run 1 \u00c9g vil ekki, systkin,[ a\u00f0 ykkur skuli vera \u00f3kunnugt um \u00fea\u00f0 a\u00f0 forfe\u00f0ur okkar voru allir undir sk\u00fdinu og gengu allir yfir hafi\u00f0. 2 Allir voru \u00feeir sk\u00edr\u00f0ir \u00ed sk\u00fdinu og hafinu til fylgdar vi\u00f0 M\u00f3se. 3 Allir neyttu hinnar s\u00f6mu andlegu f\u00e6\u00f0u 4 og drukku hinn sama andlega drykk. \u00deeir drukku af hinum andlega kletti sem fylgdi \u00feeim. Kletturinn var Kristur. 5 Samt voru f\u00e6stir \u00feeirra \u00fe\u00f3knanlegir Gu\u00f0i enda f\u00e9llu \u00feeir \u00ed ey\u00f0im\u00f6rkinni. 6 \u00deetta hefur gerst okkur til vi\u00f0v\u00f6runar til \u00feess a\u00f0 vi\u00f0 ver\u00f0um ekki s\u00f3lgin \u00ed \u00fea\u00f0 sem illt er eins og \u00feeir. <a href=\"https:\/\/biblian.is\/biblian\/fyrra-korintubref-10-kafli\/\"> [&#8230;]<\/a><\/p>\n","protected":false},"author":1,"featured_media":0,"parent":0,"menu_order":0,"comment_status":"open","ping_status":"closed","template":"bibliukaflar_NT.php","meta":{"footnotes":""},"class_list":["post-2689","page","type-page","status-publish","hentry"],"_links":{"self":[{"href":"https:\/\/biblian.is\/biblian\/wp-json\/wp\/v2\/pages\/2689","targetHints":{"allow":["GET"]}}],"collection":[{"href":"https:\/\/biblian.is\/biblian\/wp-json\/wp\/v2\/pages"}],"about":[{"href":"https:\/\/biblian.is\/biblian\/wp-json\/wp\/v2\/types\/page"}],"author":[{"embeddable":true,"href":"https:\/\/biblian.is\/biblian\/wp-json\/wp\/v2\/users\/1"}],"replies":[{"embeddable":true,"href":"https:\/\/biblian.is\/biblian\/wp-json\/wp\/v2\/comments?post=2689"}],"version-history":[{"count":0,"href":"https:\/\/biblian.is\/biblian\/wp-json\/wp\/v2\/pages\/2689\/revisions"}],"wp:attachment":[{"href":"https:\/\/biblian.is\/biblian\/wp-json\/wp\/v2\/media?parent=2689"}],"curies":[{"name":"wp","href":"https:\/\/api.w.org\/{rel}","templated":true}]}}