{"id":2687,"date":"2017-12-30T21:04:15","date_gmt":"2017-12-30T21:04:15","guid":{"rendered":"http:\/\/biblian.is\/biblian\/fyrra-korintubr%c2%8ef-8-kafli\/"},"modified":"2019-08-26T23:45:16","modified_gmt":"2019-08-26T23:45:16","slug":"fyrra-korintubref-8-kafli","status":"publish","type":"page","link":"https:\/\/biblian.is\/biblian\/fyrra-korintubref-8-kafli\/","title":{"rendered":"Fyrra Korintubr\u00e9f 8. kafli"},"content":{"rendered":"<h3 class=\"millifyrirsogn_2007\"> Tillit til \u00f3styrkra<\/h3>\n<p><a name=\"1\"><span class=\"versanumer_2007\">1<\/span><\/a> \u00de\u00e1 er a\u00f0 minnast \u00e1 kj\u00f6ti\u00f0<span class=\"nedan_mal\" title=\" Kj\u00f6t sem selt var \u00e1 marka\u00f0storgum kom a\u00f0 verulegu leyti fr\u00e1 hei\u00f0num hofum.\">[<\/span> sem f\u00f3rna\u00f0 hefur veri\u00f0 skur\u00f0go\u00f0um. Vi\u00f0 vitum a\u00f0 \u00f6ll h\u00f6fum vi\u00f0 \u00feekkingu. \u00deekkingin bl\u00e6s menn upp en k\u00e6rleikurinn byggir upp. <a name=\"2\"><span class=\"versanumer_2007\">2<\/span><\/a> Ef einhver \u00feykist \u00feekkja eitthva\u00f0 \u00fe\u00e1 \u00feekkir hann enn ekki svo sem \u00feekkja ber. <a name=\"3\"><span class=\"versanumer_2007\">3<\/span><\/a> En s\u00e1 sem elskar Gu\u00f0 er \u00feekktur af honum. <br \/> <a name=\"4\"><span class=\"versanumer_2007\">4<\/span><\/a> En hva\u00f0 var\u00f0ar neyslu kj\u00f6ts, sem f\u00f3rna\u00f0 hefur veri\u00f0 skur\u00f0go\u00f0um, \u00fe\u00e1 vitum vi\u00f0 a\u00f0 skur\u00f0go\u00f0 er ekkert \u00ed heiminum og a\u00f0 enginn er Gu\u00f0 nema einn. <a name=\"5\"><span class=\"versanumer_2007\">5<\/span><\/a> \u00dev\u00ed a\u00f0 enda \u00fe\u00f3tt til s\u00e9u svonefndir gu\u00f0ir, hvort heldur er \u00e1 himni e\u00f0a \u00e1 j\u00f6r\u00f0u &#8211; enda eru margir gu\u00f0ir og margir drottnar &#8211; <a name=\"6\"><span class=\"versanumer_2007\">6<\/span><\/a> \u00fe\u00e1 h\u00f6fum vi\u00f0 ekki nema einn Gu\u00f0, f\u00f6\u00f0urinn, sem skapa\u00f0 hefur alla hluti og l\u00edf okkar stefnir til, og einn Drottin, Jes\u00fa Krist, sem allt var\u00f0 til fyrir og vi\u00f0 fyrir hann. <br \/> <a name=\"7\"><span class=\"versanumer_2007\">7<\/span><\/a> Ekki hafa allir \u00feessa \u00feekkingu. Vegna vanans vi\u00f0 skur\u00f0go\u00f0ad\u00fdrkun eta sumir kj\u00f6ti\u00f0 enn sem f\u00f3rnarkj\u00f6t og finnst \u00feeir \u00fe\u00e1 saurga sig \u00fev\u00ed a\u00f0 samviska \u00feeirra er veik fyrir. <a name=\"8\"><span class=\"versanumer_2007\">8<\/span><\/a> En matur f\u00e6rir okkur ekki n\u00e6r Gu\u00f0i. Hvorki missum vi\u00f0 neins \u00fe\u00f3tt vi\u00f0 etum \u00fea\u00f0 ekki n\u00e9 \u00e1vinnum vi\u00f0 neitt \u00fe\u00f3tt vi\u00f0 etum. <br \/> <a name=\"9\"><span class=\"versanumer_2007\">9<\/span><\/a> En g\u00e6ti\u00f0 \u00feess a\u00f0 \u00feetta frelsi ykkar ver\u00f0i ekki hinum \u00f3styrku a\u00f0 falli. <a name=\"10\"><span class=\"versanumer_2007\">10<\/span><\/a> \u00dev\u00ed sj\u00e1i einhver \u00feig, sem hefur \u00feekkinguna, sitja til bor\u00f0s \u00ed go\u00f0ahofi, mundi \u00fea\u00f0 ekki hvetja \u00feann sem \u00f3styrkur er til a\u00f0 neyta f\u00f3rnarkj\u00f6ts? <a name=\"11\"><span class=\"versanumer_2007\">11<\/span><\/a> Hinn \u00f3styrki glatast \u00fe\u00e1 vegna \u00feekkingar \u00feinnar, br\u00f3\u00f0irinn sem Kristur d\u00f3 fyrir. <a name=\"12\"><span class=\"versanumer_2007\">12<\/span><\/a> \u00deegar \u00fei\u00f0 \u00feannig syndgi\u00f0 gegn systkinunum<span class=\"nedan_mal\" title=\" Or\u00f0r\u00e9tt: br\u00e6\u00f0runum.\">[<\/span> og s\u00e6ri\u00f0 \u00f3styrka samvisku \u00feeirra, \u00fe\u00e1 syndgi\u00f0 \u00fei\u00f0 \u00e1 m\u00f3ti Kristi. <a name=\"13\"><span class=\"versanumer_2007\">13<\/span><\/a> \u00deess vegna mun \u00e9g, ef matur ver\u00f0ur einhverju tr\u00fasystkina minna<span class=\"nedan_mal\" title=\" Or\u00f0r\u00e9tt: br\u00f3\u00f0ur m\u00ednum.\">[<\/span> til falls, ekki neyta kj\u00f6ts um aldur og \u00e6vi til \u00feess a\u00f0 \u00e9g ver\u00f0i \u00feeim<span class=\"nedan_mal\" title=\" Or\u00f0r\u00e9tt: br\u00f3\u00f0ur m\u00ednum.\">[<\/span> ekki til falls. <\/p>\n","protected":false},"excerpt":{"rendered":"<p>Tillit til \u00f3styrkra 1 \u00de\u00e1 er a\u00f0 minnast \u00e1 kj\u00f6ti\u00f0[ sem f\u00f3rna\u00f0 hefur veri\u00f0 skur\u00f0go\u00f0um. Vi\u00f0 vitum a\u00f0 \u00f6ll h\u00f6fum vi\u00f0 \u00feekkingu. \u00deekkingin bl\u00e6s menn upp en k\u00e6rleikurinn byggir upp. 2 Ef einhver \u00feykist \u00feekkja eitthva\u00f0 \u00fe\u00e1 \u00feekkir hann enn ekki svo sem \u00feekkja ber. 3 En s\u00e1 sem elskar Gu\u00f0 er \u00feekktur af honum. 4 En hva\u00f0 var\u00f0ar neyslu kj\u00f6ts, sem f\u00f3rna\u00f0 hefur veri\u00f0 skur\u00f0go\u00f0um, \u00fe\u00e1 vitum vi\u00f0 a\u00f0 skur\u00f0go\u00f0 er ekkert \u00ed heiminum og a\u00f0 enginn er Gu\u00f0 nema einn. 5 \u00dev\u00ed a\u00f0 enda \u00fe\u00f3tt til s\u00e9u svonefndir gu\u00f0ir, hvort heldur er \u00e1 himni e\u00f0a \u00e1 j\u00f6r\u00f0u &#8211; <a href=\"https:\/\/biblian.is\/biblian\/fyrra-korintubref-8-kafli\/\"> [&#8230;]<\/a><\/p>\n","protected":false},"author":1,"featured_media":0,"parent":0,"menu_order":0,"comment_status":"open","ping_status":"open","template":"bibliukaflar_NT.php","meta":{"footnotes":""},"class_list":["post-2687","page","type-page","status-publish","hentry"],"_links":{"self":[{"href":"https:\/\/biblian.is\/biblian\/wp-json\/wp\/v2\/pages\/2687","targetHints":{"allow":["GET"]}}],"collection":[{"href":"https:\/\/biblian.is\/biblian\/wp-json\/wp\/v2\/pages"}],"about":[{"href":"https:\/\/biblian.is\/biblian\/wp-json\/wp\/v2\/types\/page"}],"author":[{"embeddable":true,"href":"https:\/\/biblian.is\/biblian\/wp-json\/wp\/v2\/users\/1"}],"replies":[{"embeddable":true,"href":"https:\/\/biblian.is\/biblian\/wp-json\/wp\/v2\/comments?post=2687"}],"version-history":[{"count":0,"href":"https:\/\/biblian.is\/biblian\/wp-json\/wp\/v2\/pages\/2687\/revisions"}],"wp:attachment":[{"href":"https:\/\/biblian.is\/biblian\/wp-json\/wp\/v2\/media?parent=2687"}],"curies":[{"name":"wp","href":"https:\/\/api.w.org\/{rel}","templated":true}]}}