{"id":2685,"date":"2017-12-30T21:04:15","date_gmt":"2017-12-30T21:04:15","guid":{"rendered":"http:\/\/biblian.is\/biblian\/fyrra-korintubr%c2%8ef-6-kafli\/"},"modified":"2019-08-26T23:45:15","modified_gmt":"2019-08-26T23:45:15","slug":"fyrra-korintubref-6-kafli","status":"publish","type":"page","link":"https:\/\/biblian.is\/biblian\/fyrra-korintubref-6-kafli\/","title":{"rendered":"Fyrra Korintubr\u00e9f 6. kafli"},"content":{"rendered":"<h3 class=\"millifyrirsogn_2007\"> M\u00e1laferli \u00ed s\u00f6fnu\u00f0inum<\/h3>\n<p><a name=\"1\"><span class=\"versanumer_2007\">1<\/span><\/a> Hvernig getur nokkur ykkar, sem \u00e1 s\u00f6k\u00f3tt vi\u00f0 annan, fengi\u00f0 af s\u00e9r a\u00f0 fara me\u00f0 m\u00e1li\u00f0 fyrir d\u00f3m rangl\u00e1tra en ekki heilagra? <a name=\"2\"><span class=\"versanumer_2007\">2<\/span><\/a> E\u00f0a viti\u00f0 \u00fei\u00f0 ekki a\u00f0 heilagir eiga a\u00f0 d\u00e6ma heiminn? Og ef \u00fei\u00f0 eigi\u00f0 a\u00f0 d\u00e6ma heiminn eru\u00f0 \u00fei\u00f0 \u00fe\u00e1 \u00f3ver\u00f0ugir a\u00f0 d\u00e6ma \u00ed hinum minnstu m\u00e1lum? <a name=\"3\"><span class=\"versanumer_2007\">3<\/span><\/a> Viti\u00f0 \u00fei\u00f0 eigi a\u00f0 vi\u00f0 eigum a\u00f0 d\u00e6ma engla? Hva\u00f0 \u00fe\u00e1 heldur hversdagsleg efni! <a name=\"4\"><span class=\"versanumer_2007\">4<\/span><\/a> \u00deegar \u00fei\u00f0 eigi\u00f0 a\u00f0 d\u00e6ma um hversdagsleg efni, \u00fe\u00e1 kve\u00f0ji\u00f0 \u00fei\u00f0 a\u00f0 d\u00f3murum menn sem a\u00f0 engu eru haf\u00f0ir \u00ed s\u00f6fnu\u00f0inum. <br \/> <a name=\"5\"><span class=\"versanumer_2007\">5<\/span><\/a> \u00c9g segi \u00fea\u00f0 ykkur til blyg\u00f0unar. Er \u00fe\u00e1 enginn vitur til \u00e1 me\u00f0al ykkar sem skori\u00f0 geti \u00far m\u00e1lum milli safna\u00f0armanna?<span class=\"nedan_mal\" title=\" Or\u00f0r\u00e9tt: br\u00e6\u00f0ra.\">[<\/span> <a name=\"6\"><span class=\"versanumer_2007\">6<\/span><\/a> \u00cd sta\u00f0 \u00feess eigi\u00f0 \u00fei\u00f0 \u00ed m\u00e1lum innbyr\u00f0is og \u00fea\u00f0 fyrir vantr\u00fau\u00f0um. <br \/> <a name=\"7\"><span class=\"versanumer_2007\">7<\/span><\/a> \u00dea\u00f0 \u00fat af fyrir sig a\u00f0 \u00fei\u00f0 standi\u00f0 \u00ed m\u00e1laferlum hvert vi\u00f0 anna\u00f0 er \u00ed sj\u00e1lfu s\u00e9r hnekkir fyrir ykkur. Hv\u00ed l\u00ed\u00f0i\u00f0 \u00fei\u00f0 ekki heldur \u00f3r\u00e9tt? Hv\u00ed l\u00e1ti\u00f0 \u00fei\u00f0 ekki heldur hafa af ykkur? <a name=\"8\"><span class=\"versanumer_2007\">8<\/span><\/a> \u00deess \u00ed sta\u00f0 geri\u00f0 \u00fei\u00f0 \u00f6\u00f0rum rangt til og hafi\u00f0 af \u00feeim og \u00fea\u00f0 tr\u00fasystkinum. <a name=\"9\"><span class=\"versanumer_2007\">9<\/span><\/a> Viti\u00f0 \u00fei\u00f0 ekki a\u00f0 rangl\u00e1tir munu ekki erfa Gu\u00f0s r\u00edki? Villist ekki! Enginn sem er saurl\u00edfur, d\u00fdrkar falsgu\u00f0i e\u00f0a lifir \u00ed h\u00f3rd\u00f3mi, enginn karlma\u00f0ur sem l\u00e6tur nota sig e\u00f0a notar a\u00f0ra til \u00f3lifna\u00f0ar, <a name=\"10\"><span class=\"versanumer_2007\">10<\/span><\/a> enginn \u00fej\u00f3fur e\u00f0a f\u00e9gr\u00e1\u00f0ugur, v\u00ednsvallari, r\u00f3gberi e\u00f0a fj\u00e1rsvikari f\u00e6r a\u00f0 erfa Gu\u00f0s r\u00edki. <a name=\"11\"><span class=\"versanumer_2007\">11<\/span><\/a> Og \u00feannig voru\u00f0 \u00fei\u00f0 sumir hverjir. En \u00fei\u00f0 l\u00e9tu\u00f0 laugast, l\u00e9tu\u00f0 helgast, eru\u00f0 r\u00e9ttl\u00e6ttir. \u00dea\u00f0 ger\u00f0i nafn Drottins Jes\u00fa Krists og andi vors Gu\u00f0s. <\/p>\n<h3 class=\"millifyrirsogn_2007\">L\u00edkaminn musteri heilags anda<\/h3>\n<p><a name=\"12\"><span class=\"versanumer_2007\">12<\/span><\/a> Allt er m\u00e9r leyfilegt en ekki er allt gagnlegt. Allt er m\u00e9r leyfilegt en \u00e9g m\u00e1 ekki l\u00e1ta neitt f\u00e1 vald yfir m\u00e9r. <a name=\"13\"><span class=\"versanumer_2007\">13<\/span><\/a> Maturinn er fyrir magann og maginn fyrir matinn en Gu\u00f0 mun hvort tveggja gera a\u00f0 engu. En l\u00edkaminn er ekki fyrir saurl\u00edfi heldur fyrir Drottin og Drottinn fyrir l\u00edkamann. <a name=\"14\"><span class=\"versanumer_2007\">14<\/span><\/a> Gu\u00f0 hefur uppvaki\u00f0 Drottin me\u00f0 m\u00e6tti s\u00ednum og mun \u00e1 sama h\u00e1tt uppvekja okkur. <a name=\"15\"><span class=\"versanumer_2007\">15<\/span><\/a> Viti\u00f0 \u00fei\u00f0 ekki a\u00f0 l\u00edkamar ykkar eru limir Krists? \u00c1 \u00e9g \u00fe\u00e1 a\u00f0 taka limi Krists og gera \u00fe\u00e1 a\u00f0 sk\u00e6kjulimum? Fjarri fer \u00fev\u00ed. <a name=\"16\"><span class=\"versanumer_2007\">16<\/span><\/a> Viti\u00f0 \u00fei\u00f0 ekki a\u00f0 s\u00e1 sem liggur me\u00f0 sk\u00e6kju ver\u00f0ur \u00e1samt henni einn l\u00edkami? \u00dev\u00ed a\u00f0 rita\u00f0 er: \u201e\u00deau tv\u00f6 munu ver\u00f0a einn l\u00edkami.\u201c <a name=\"17\"><span class=\"versanumer_2007\">17<\/span><\/a> En s\u00e1 er samlagar sig Drottni er einn andi me\u00f0 honum. <br \/> <a name=\"18\"><span class=\"versanumer_2007\">18<\/span><\/a> For\u00f0ist saurlifna\u00f0inn! S\u00e9rhver \u00f6nnur synd, sem ma\u00f0urinn dr\u00fdgir, er fyrir utan l\u00edkama hans. En saurl\u00edfisma\u00f0urinn syndgar \u00e1 m\u00f3ti eigin l\u00edkama. <a name=\"19\"><span class=\"versanumer_2007\">19<\/span><\/a> Viti\u00f0 \u00fei\u00f0 ekki a\u00f0 l\u00edkami ykkar er musteri heilags anda sem \u00ed ykkur er og \u00fei\u00f0 hafi\u00f0 fr\u00e1 Gu\u00f0i? \u00dei\u00f0 eigi\u00f0 ykkur ekki sj\u00e1lf. <a name=\"20\"><span class=\"versanumer_2007\">20<\/span><\/a> \u00dei\u00f0 eru\u00f0 ver\u00f0i keypt. Vegsami\u00f0 \u00fev\u00ed Gu\u00f0 me\u00f0 l\u00edkama ykkar. <\/p>\n","protected":false},"excerpt":{"rendered":"<p>M\u00e1laferli \u00ed s\u00f6fnu\u00f0inum 1 Hvernig getur nokkur ykkar, sem \u00e1 s\u00f6k\u00f3tt vi\u00f0 annan, fengi\u00f0 af s\u00e9r a\u00f0 fara me\u00f0 m\u00e1li\u00f0 fyrir d\u00f3m rangl\u00e1tra en ekki heilagra? 2 E\u00f0a viti\u00f0 \u00fei\u00f0 ekki a\u00f0 heilagir eiga a\u00f0 d\u00e6ma heiminn? Og ef \u00fei\u00f0 eigi\u00f0 a\u00f0 d\u00e6ma heiminn eru\u00f0 \u00fei\u00f0 \u00fe\u00e1 \u00f3ver\u00f0ugir a\u00f0 d\u00e6ma \u00ed hinum minnstu m\u00e1lum? 3 Viti\u00f0 \u00fei\u00f0 eigi a\u00f0 vi\u00f0 eigum a\u00f0 d\u00e6ma engla? Hva\u00f0 \u00fe\u00e1 heldur hversdagsleg efni! 4 \u00deegar \u00fei\u00f0 eigi\u00f0 a\u00f0 d\u00e6ma um hversdagsleg efni, \u00fe\u00e1 kve\u00f0ji\u00f0 \u00fei\u00f0 a\u00f0 d\u00f3murum menn sem a\u00f0 engu eru haf\u00f0ir \u00ed s\u00f6fnu\u00f0inum. 5 \u00c9g segi \u00fea\u00f0 ykkur til blyg\u00f0unar. Er \u00fe\u00e1 <a href=\"https:\/\/biblian.is\/biblian\/fyrra-korintubref-6-kafli\/\"> [&#8230;]<\/a><\/p>\n","protected":false},"author":1,"featured_media":0,"parent":0,"menu_order":0,"comment_status":"open","ping_status":"open","template":"bibliukaflar_NT.php","meta":{"footnotes":""},"class_list":["post-2685","page","type-page","status-publish","hentry"],"_links":{"self":[{"href":"https:\/\/biblian.is\/biblian\/wp-json\/wp\/v2\/pages\/2685","targetHints":{"allow":["GET"]}}],"collection":[{"href":"https:\/\/biblian.is\/biblian\/wp-json\/wp\/v2\/pages"}],"about":[{"href":"https:\/\/biblian.is\/biblian\/wp-json\/wp\/v2\/types\/page"}],"author":[{"embeddable":true,"href":"https:\/\/biblian.is\/biblian\/wp-json\/wp\/v2\/users\/1"}],"replies":[{"embeddable":true,"href":"https:\/\/biblian.is\/biblian\/wp-json\/wp\/v2\/comments?post=2685"}],"version-history":[{"count":0,"href":"https:\/\/biblian.is\/biblian\/wp-json\/wp\/v2\/pages\/2685\/revisions"}],"wp:attachment":[{"href":"https:\/\/biblian.is\/biblian\/wp-json\/wp\/v2\/media?parent=2685"}],"curies":[{"name":"wp","href":"https:\/\/api.w.org\/{rel}","templated":true}]}}