{"id":2684,"date":"2017-12-30T21:04:15","date_gmt":"2017-12-30T21:04:15","guid":{"rendered":"http:\/\/biblian.is\/biblian\/fyrra-korintubr%c2%8ef-5-kafli\/"},"modified":"2019-08-26T23:45:15","modified_gmt":"2019-08-26T23:45:15","slug":"fyrra-korintubref-5-kafli","status":"publish","type":"page","link":"https:\/\/biblian.is\/biblian\/fyrra-korintubref-5-kafli\/","title":{"rendered":"Fyrra Korintubr\u00e9f 5. kafli"},"content":{"rendered":"<h3 class=\"millifyrirsogn_2007\"> Hreinsun af g\u00f6mlu s\u00fardeigi<\/h3>\n<p><a name=\"1\"><span class=\"versanumer_2007\">1<\/span><\/a> Fullyrt er a\u00f0 saurlifna\u00f0ur eigi s\u00e9r sta\u00f0 \u00e1 me\u00f0al ykkar og \u00fea\u00f0 sl\u00edkur saurlifna\u00f0ur sem jafnvel gerist ekki me\u00f0al hei\u00f0ingja, a\u00f0 ma\u00f0ur heldur vi\u00f0 konu f\u00f6\u00f0ur s\u00edns. <a name=\"2\"><span class=\"versanumer_2007\">2<\/span><\/a> Og svo eru\u00f0 \u00fei\u00f0 mikill\u00e1t \u00ed sta\u00f0 \u00feess a\u00f0 hryggjast og r\u00fdma brott \u00far ykkar h\u00f3pi \u00feeim manni sem \u00feetta hefur dr\u00fdgt. <br \/> <a name=\"3\"><span class=\"versanumer_2007\">3<\/span><\/a> \u00c9g fyrir mitt leyti, fjarl\u00e6gur a\u00f0 l\u00edkamanum til en n\u00e1l\u00e6gur a\u00f0 andanum, hef \u00feegar, eins og \u00e9g v\u00e6ri n\u00e1l\u00e6gur, kve\u00f0i\u00f0 upp d\u00f3m yfir manni \u00feeim sem \u00feetta hefur frami\u00f0: <a name=\"4\"><span class=\"versanumer_2007\">4<\/span><\/a> \u00deegar \u00fei\u00f0 eru\u00f0 saman komin \u00ed nafni Drottins Jes\u00fa og andi minn er hj\u00e1 ykkur \u00e1samt krafti Drottins vors Jes\u00fa <a name=\"5\"><span class=\"versanumer_2007\">5<\/span><\/a> skal refsa sl\u00edkum manni og selja hann Satan \u00e1 vald til \u00feess a\u00f0 andi hans megi ver\u00f0a h\u00f3lpinn \u00e1 degi Drottins Jes\u00fa. <br \/> <a name=\"6\"><span class=\"versanumer_2007\">6<\/span><\/a> Ekki hafi\u00f0 \u00fei\u00f0 \u00e1st\u00e6\u00f0u til a\u00f0 st\u00e1ta ykkur! Viti\u00f0 \u00fei\u00f0 ekki a\u00f0 l\u00edti\u00f0 s\u00fardeig s\u00fdrir allt deigi\u00f0? <a name=\"7\"><span class=\"versanumer_2007\">7<\/span><\/a> Hreinsi\u00f0 burt gamla s\u00fardeigi\u00f0 til \u00feess a\u00f0 \u00fei\u00f0 s\u00e9u\u00f0 n\u00fdtt deig enda eru\u00f0 \u00fei\u00f0 \u00f3s\u00fdr\u00f0 brau\u00f0. \u00dev\u00ed a\u00f0 p\u00e1skalambi okkar er sl\u00e1tra\u00f0 sem er Kristur. <a name=\"8\"><span class=\"versanumer_2007\">8<\/span><\/a> H\u00f6ldum \u00fev\u00ed h\u00e1t\u00ed\u00f0, ekki me\u00f0 g\u00f6mlu s\u00fardeigi e\u00f0a s\u00fardeigi illsku og vonsku heldur me\u00f0 \u00f3s\u00fdr\u00f0um brau\u00f0um hreinleikans og sannleikans. <br \/> <a name=\"9\"><span class=\"versanumer_2007\">9<\/span><\/a> \u00c9g rita\u00f0i ykkur \u00ed br\u00e9finu a\u00f0 \u00fei\u00f0 skyldu\u00f0 ekki umgangast saurl\u00edfismenn. <a name=\"10\"><span class=\"versanumer_2007\">10<\/span><\/a> \u00c1tti \u00e9g \u00fear ekki vi\u00f0 saurl\u00edfismenn h\u00e9r \u00ed heimi yfirleitt e\u00f0a \u00e1s\u00e6lna og r\u00e6ningja e\u00f0a hj\u00e1gu\u00f0ad\u00fdrkendur \u00fev\u00ed a\u00f0 \u00fe\u00e1 hef\u00f0u\u00f0 \u00fei\u00f0 or\u00f0i\u00f0 a\u00f0 fara \u00far heiminum. <a name=\"11\"><span class=\"versanumer_2007\">11<\/span><\/a> En n\u00fa rita \u00e9g ykkur a\u00f0 \u00fei\u00f0 skulu\u00f0 ekki umgangast nokkurn \u00feann er nefnir sig br\u00f3\u00f0ur en er saurl\u00edfisma\u00f0ur e\u00f0a \u00e1s\u00e6linn, skur\u00f0go\u00f0ad\u00fdrkandi e\u00f0a lastm\u00e1ll, ofdrykkjuma\u00f0ur e\u00f0a r\u00e6ningi. \u00dei\u00f0 skulu\u00f0 jafnvel ekki sitja a\u00f0 bor\u00f0i me\u00f0 sl\u00edkum manni. <a name=\"12\"><span class=\"versanumer_2007\">12<\/span><\/a> Hva\u00f0 skyldi \u00e9g vera a\u00f0 d\u00e6ma \u00fe\u00e1 sem eru utan safna\u00f0arins? Eigi\u00f0 \u00fei\u00f0 ekki a\u00f0 d\u00e6ma \u00fe\u00e1 sem eru \u00ed s\u00f6fnu\u00f0inum? <a name=\"13\"><span class=\"versanumer_2007\">13<\/span><\/a> Og mun ekki Gu\u00f0 d\u00e6ma \u00fe\u00e1 sem ekki eru \u00ed s\u00f6fnu\u00f0inum? \u201e\u00datr\u00fdmi\u00f0 hinum vonda \u00far ykkar h\u00f3pi.\u201c <\/p>\n","protected":false},"excerpt":{"rendered":"<p>Hreinsun af g\u00f6mlu s\u00fardeigi 1 Fullyrt er a\u00f0 saurlifna\u00f0ur eigi s\u00e9r sta\u00f0 \u00e1 me\u00f0al ykkar og \u00fea\u00f0 sl\u00edkur saurlifna\u00f0ur sem jafnvel gerist ekki me\u00f0al hei\u00f0ingja, a\u00f0 ma\u00f0ur heldur vi\u00f0 konu f\u00f6\u00f0ur s\u00edns. 2 Og svo eru\u00f0 \u00fei\u00f0 mikill\u00e1t \u00ed sta\u00f0 \u00feess a\u00f0 hryggjast og r\u00fdma brott \u00far ykkar h\u00f3pi \u00feeim manni sem \u00feetta hefur dr\u00fdgt. 3 \u00c9g fyrir mitt leyti, fjarl\u00e6gur a\u00f0 l\u00edkamanum til en n\u00e1l\u00e6gur a\u00f0 andanum, hef \u00feegar, eins og \u00e9g v\u00e6ri n\u00e1l\u00e6gur, kve\u00f0i\u00f0 upp d\u00f3m yfir manni \u00feeim sem \u00feetta hefur frami\u00f0: 4 \u00deegar \u00fei\u00f0 eru\u00f0 saman komin \u00ed nafni Drottins Jes\u00fa og andi minn er hj\u00e1 <a href=\"https:\/\/biblian.is\/biblian\/fyrra-korintubref-5-kafli\/\"> [&#8230;]<\/a><\/p>\n","protected":false},"author":1,"featured_media":0,"parent":0,"menu_order":0,"comment_status":"open","ping_status":"open","template":"bibliukaflar_NT.php","meta":{"footnotes":""},"class_list":["post-2684","page","type-page","status-publish","hentry"],"_links":{"self":[{"href":"https:\/\/biblian.is\/biblian\/wp-json\/wp\/v2\/pages\/2684","targetHints":{"allow":["GET"]}}],"collection":[{"href":"https:\/\/biblian.is\/biblian\/wp-json\/wp\/v2\/pages"}],"about":[{"href":"https:\/\/biblian.is\/biblian\/wp-json\/wp\/v2\/types\/page"}],"author":[{"embeddable":true,"href":"https:\/\/biblian.is\/biblian\/wp-json\/wp\/v2\/users\/1"}],"replies":[{"embeddable":true,"href":"https:\/\/biblian.is\/biblian\/wp-json\/wp\/v2\/comments?post=2684"}],"version-history":[{"count":0,"href":"https:\/\/biblian.is\/biblian\/wp-json\/wp\/v2\/pages\/2684\/revisions"}],"wp:attachment":[{"href":"https:\/\/biblian.is\/biblian\/wp-json\/wp\/v2\/media?parent=2684"}],"curies":[{"name":"wp","href":"https:\/\/api.w.org\/{rel}","templated":true}]}}