{"id":2683,"date":"2017-12-30T21:04:15","date_gmt":"2017-12-30T21:04:15","guid":{"rendered":"http:\/\/biblian.is\/biblian\/fyrra-korintubr%c2%8ef-4-kafli\/"},"modified":"2019-08-26T23:45:15","modified_gmt":"2019-08-26T23:45:15","slug":"fyrra-korintubref-4-kafli","status":"publish","type":"page","link":"https:\/\/biblian.is\/biblian\/fyrra-korintubref-4-kafli\/","title":{"rendered":"Fyrra Korintubr\u00e9f 4. kafli"},"content":{"rendered":"<h3 class=\"millifyrirsogn_2007\"> R\u00e1\u00f0smenn og \u00fej\u00f3nar<\/h3>\n<p><a name=\"1\"><span class=\"versanumer_2007\">1<\/span><\/a> \u00deannig l\u00edti menn \u00e1 okkur sem \u00fej\u00f3na Krists og r\u00e1\u00f0smenn yfir leyndard\u00f3mum Gu\u00f0s. <a name=\"2\"><span class=\"versanumer_2007\">2<\/span><\/a> N\u00fa er \u00feess krafist af r\u00e1\u00f0sm\u00f6nnum a\u00f0 s\u00e9rhver reynist tr\u00far. <a name=\"3\"><span class=\"versanumer_2007\">3<\/span><\/a> En m\u00e9r er \u00fea\u00f0 fyrir minnstu a\u00f0 ver\u00f0a d\u00e6mdur af ykkur e\u00f0a af mannlegu d\u00f3m\u00feingi. \u00c9g d\u00e6mi mig ekki einu sinni sj\u00e1lfur. <a name=\"4\"><span class=\"versanumer_2007\">4<\/span><\/a> \u00c9g er m\u00e9r ekki neins ills me\u00f0vitandi en me\u00f0 \u00fev\u00ed er \u00e9g \u00fe\u00f3 ekki s\u00fdkna\u00f0ur. Drottinn er s\u00e1 sem d\u00e6mir mig. <a name=\"5\"><span class=\"versanumer_2007\">5<\/span><\/a> D\u00e6mi\u00f0 \u00fev\u00ed ekki fyrir t\u00edmann \u00e1\u00f0ur en Drottinn kemur. Hann mun lei\u00f0a \u00fea\u00f0 \u00ed lj\u00f3s sem \u00ed myrkrinu er huli\u00f0 og afhj\u00fapa allt sem \u00ed hjarta dylst. Og \u00fe\u00e1 mun hver um sig hlj\u00f3ta \u00feann lofst\u00edr af Gu\u00f0i sem hann \u00e1 skili\u00f0. <br \/> <a name=\"6\"><span class=\"versanumer_2007\">6<\/span><\/a> \u00deetta hef \u00e9g ykkar vegna, systkin,<span class=\"nedan_mal\" title=\" Or\u00f0r\u00e9tt: br\u00e6\u00f0ur.\">[<\/span> heimf\u00e6rt til sj\u00e1lfs m\u00edn og Apoll\u00f3ss, til \u00feess a\u00f0 \u00fei\u00f0 m\u00e6ttu\u00f0 l\u00e6ra af okkur regluna: \u201eFari\u00f0 ekki lengra en rita\u00f0 er.\u201c Ekkert ykkar \u00e1 heldur a\u00f0 s\u00fdna yfirl\u00e6ti og halda me\u00f0 einu \u00e1 kostna\u00f0 annars. <a name=\"7\"><span class=\"versanumer_2007\">7<\/span><\/a> \u00dev\u00ed a\u00f0 hver gefur \u00fe\u00e9r yfirbur\u00f0i? Og hva\u00f0 hefur \u00fe\u00fa sem \u00fe\u00fa hefur ekki \u00feegi\u00f0? En hafir \u00fe\u00fa n\u00fa \u00feegi\u00f0 \u00fea\u00f0, hv\u00ed st\u00e6rir \u00fe\u00fa \u00feig \u00fe\u00e1 eins og \u00fe\u00fa hef\u00f0ir ekki fengi\u00f0 \u00fea\u00f0 a\u00f0 gj\u00f6f? <a name=\"8\"><span class=\"versanumer_2007\">8<\/span><\/a> \u00dei\u00f0 eru\u00f0 \u00feegar or\u00f0in mett, \u00fei\u00f0 eru\u00f0 \u00feegar or\u00f0in au\u00f0ug, \u00e1n m\u00edn eru\u00f0 \u00fei\u00f0 or\u00f0in konungar. Og \u00e9g vildi \u00f3ska a\u00f0 \u00fei\u00f0 v\u00e6ru\u00f0 or\u00f0in konungar til \u00feess a\u00f0 einnig \u00e9g m\u00e6tti vera konungur me\u00f0 ykkur! <a name=\"9\"><span class=\"versanumer_2007\">9<\/span><\/a> M\u00e9r vir\u00f0ist Gu\u00f0 hafa sett okkur postulana s\u00edsta allra \u00fev\u00ed a\u00f0 vi\u00f0 erum or\u00f0nir heiminum a\u00f0 augnagamni, b\u00e6\u00f0i englum og m\u00f6nnum. <br \/> <a name=\"10\"><span class=\"versanumer_2007\">10<\/span><\/a> Vi\u00f0 erum heimskir s\u00f6kum Krists en \u00fei\u00f0 vitur vegna samf\u00e9lags ykkar vi\u00f0 Krist! Vi\u00f0 erum veikir en \u00fei\u00f0 sterk, \u00fei\u00f0 eru\u00f0 \u00ed h\u00e1vegum h\u00f6f\u00f0 en vi\u00f0 \u00f3virtir. <a name=\"11\"><span class=\"versanumer_2007\">11<\/span><\/a> Allt til \u00feessarar stundar \u00feolum vi\u00f0 hungur, \u00feorsta og kl\u00e6\u00f0leysi, okkur er mis\u00feyrmt, vi\u00f0 h\u00f6fum engan samasta\u00f0. <a name=\"12\"><span class=\"versanumer_2007\">12<\/span><\/a> Vi\u00f0 st\u00f6ndum \u00ed erfi\u00f0i og ver\u00f0um a\u00f0 vinna me\u00f0 eigin h\u00f6ndum. Hrakyrtir blessum vi\u00f0, ofs\u00f3ttir umberum vi\u00f0. <a name=\"13\"><span class=\"versanumer_2007\">13<\/span><\/a> \u00deegar vi\u00f0 erum r\u00e6g\u00f0ir upp\u00f6rvum vi\u00f0. Vi\u00f0 erum or\u00f0nir eins og sorp heimsins, afhrak allra allt til \u00feessa. <br \/> <a name=\"14\"><span class=\"versanumer_2007\">14<\/span><\/a> \u00c9g rita \u00feetta ekki til \u00feess a\u00f0 gera ykkur kinnro\u00f0a heldur til a\u00f0 \u00e1minna ykkur eins og elskuleg b\u00f6rn m\u00edn. <a name=\"15\"><span class=\"versanumer_2007\">15<\/span><\/a> Enda \u00fe\u00f3tt \u00fei\u00f0 hef\u00f0u\u00f0 t\u00edu \u00fe\u00fasund fr\u00e6\u00f0ara \u00ed kristinni tr\u00fa \u00fe\u00e1 hafi\u00f0 \u00fei\u00f0 \u00fe\u00f3 eigi marga fe\u00f0ur. Me\u00f0 \u00fev\u00ed a\u00f0 flytja ykkur fagna\u00f0arerindi\u00f0 hef \u00e9g f\u00e6tt ykkur og gert ykkur a\u00f0 hluttakendum \u00ed samf\u00e9lagi Krists Jes\u00fa. <a name=\"16\"><span class=\"versanumer_2007\">16<\/span><\/a> \u00c9g bi\u00f0 ykkur: Breyti\u00f0 eftir m\u00e9r. <br \/> <a name=\"17\"><span class=\"versanumer_2007\">17<\/span><\/a> \u00deess vegna sendi \u00e9g T\u00edm\u00f3teus til ykkar sem er elska\u00f0 og tr\u00fatt barn mitt \u00ed samf\u00e9lagi vi\u00f0 Drottin. Hann mun minna ykkur \u00e1 hvernig \u00e9g \u00fej\u00f3na Kristi og hvernig \u00e9g kenni alls sta\u00f0ar \u00ed hverjum s\u00f6fnu\u00f0i. <a name=\"18\"><span class=\"versanumer_2007\">18<\/span><\/a> En nokkrir hafa gert sig brei\u00f0a yfir \u00fev\u00ed a\u00f0 \u00e9g \u00e6tla\u00f0i ekki a\u00f0 koma til ykkar <a name=\"19\"><span class=\"versanumer_2007\">19<\/span><\/a> en \u00e9g mun br\u00e1tt koma til ykkar ef Gu\u00f0 lofar og mun \u00e9g \u00fe\u00e1 kynna m\u00e9r hina mikill\u00e1tu, ekki or\u00f0 \u00feeirra heldur kraft. <a name=\"20\"><span class=\"versanumer_2007\">20<\/span><\/a> \u00dev\u00ed a\u00f0 Gu\u00f0s r\u00edki er ekki f\u00f3lgi\u00f0 \u00ed or\u00f0um heldur \u00ed krafti. <a name=\"21\"><span class=\"versanumer_2007\">21<\/span><\/a> Hva\u00f0 vilji\u00f0 \u00fei\u00f0? \u00c1 \u00e9g a\u00f0 koma til ykkar me\u00f0 hirtingarv\u00f6nd e\u00f0a me\u00f0 k\u00e6rleika og h\u00f3gv\u00e6rum anda? <\/p>\n","protected":false},"excerpt":{"rendered":"<p>R\u00e1\u00f0smenn og \u00fej\u00f3nar 1 \u00deannig l\u00edti menn \u00e1 okkur sem \u00fej\u00f3na Krists og r\u00e1\u00f0smenn yfir leyndard\u00f3mum Gu\u00f0s. 2 N\u00fa er \u00feess krafist af r\u00e1\u00f0sm\u00f6nnum a\u00f0 s\u00e9rhver reynist tr\u00far. 3 En m\u00e9r er \u00fea\u00f0 fyrir minnstu a\u00f0 ver\u00f0a d\u00e6mdur af ykkur e\u00f0a af mannlegu d\u00f3m\u00feingi. \u00c9g d\u00e6mi mig ekki einu sinni sj\u00e1lfur. 4 \u00c9g er m\u00e9r ekki neins ills me\u00f0vitandi en me\u00f0 \u00fev\u00ed er \u00e9g \u00fe\u00f3 ekki s\u00fdkna\u00f0ur. Drottinn er s\u00e1 sem d\u00e6mir mig. 5 D\u00e6mi\u00f0 \u00fev\u00ed ekki fyrir t\u00edmann \u00e1\u00f0ur en Drottinn kemur. Hann mun lei\u00f0a \u00fea\u00f0 \u00ed lj\u00f3s sem \u00ed myrkrinu er huli\u00f0 og afhj\u00fapa allt sem \u00ed hjarta <a href=\"https:\/\/biblian.is\/biblian\/fyrra-korintubref-4-kafli\/\"> [&#8230;]<\/a><\/p>\n","protected":false},"author":1,"featured_media":0,"parent":0,"menu_order":0,"comment_status":"open","ping_status":"open","template":"bibliukaflar_NT.php","meta":{"footnotes":""},"class_list":["post-2683","page","type-page","status-publish","hentry"],"_links":{"self":[{"href":"https:\/\/biblian.is\/biblian\/wp-json\/wp\/v2\/pages\/2683","targetHints":{"allow":["GET"]}}],"collection":[{"href":"https:\/\/biblian.is\/biblian\/wp-json\/wp\/v2\/pages"}],"about":[{"href":"https:\/\/biblian.is\/biblian\/wp-json\/wp\/v2\/types\/page"}],"author":[{"embeddable":true,"href":"https:\/\/biblian.is\/biblian\/wp-json\/wp\/v2\/users\/1"}],"replies":[{"embeddable":true,"href":"https:\/\/biblian.is\/biblian\/wp-json\/wp\/v2\/comments?post=2683"}],"version-history":[{"count":0,"href":"https:\/\/biblian.is\/biblian\/wp-json\/wp\/v2\/pages\/2683\/revisions"}],"wp:attachment":[{"href":"https:\/\/biblian.is\/biblian\/wp-json\/wp\/v2\/media?parent=2683"}],"curies":[{"name":"wp","href":"https:\/\/api.w.org\/{rel}","templated":true}]}}