{"id":2682,"date":"2017-12-30T21:04:15","date_gmt":"2017-12-30T21:04:15","guid":{"rendered":"http:\/\/biblian.is\/biblian\/fyrra-korintubr%c2%8ef-3-kafli\/"},"modified":"2019-08-26T23:45:15","modified_gmt":"2019-08-26T23:45:15","slug":"fyrra-korintubref-3-kafli","status":"publish","type":"page","link":"https:\/\/biblian.is\/biblian\/fyrra-korintubref-3-kafli\/","title":{"rendered":"Fyrra Korintubr\u00e9f 3. kafli"},"content":{"rendered":"<h3 class=\"millifyrirsogn_2007\"> Grundv\u00f6llurinn er Kristur<\/h3>\n<p><a name=\"1\"><span class=\"versanumer_2007\">1<\/span><\/a> \u00c9g gat ekki, systkin,<span class=\"nedan_mal\" title=\" Or\u00f0r\u00e9tt: br\u00e6\u00f0ur.\">[<\/span> tala\u00f0 vi\u00f0 ykkur eins og vi\u00f0 andlega menn heldur eins og vi\u00f0 menn sem sj\u00e1 ekki nema sj\u00e1lfa sig, eins og vi\u00f0 \u00f3m\u00e1lga b\u00f6rn \u00ed Kristi. <a name=\"2\"><span class=\"versanumer_2007\">2<\/span><\/a> \u00c9g gaf ykkur mj\u00f3lk a\u00f0 drekka, ekki fasta f\u00e6\u00f0u \u00fev\u00ed a\u00f0 enn \u00feoldu\u00f0 \u00fei\u00f0 \u00fea\u00f0 ekki. Og \u00fei\u00f0 \u00feoli\u00f0 \u00fea\u00f0 jafnvel ekki enn <a name=\"3\"><span class=\"versanumer_2007\">3<\/span><\/a> \u00fev\u00ed a\u00f0 enn \u00fe\u00e1 lifi\u00f0 \u00fei\u00f0 \u00ed sj\u00e1lfshyggju. \u00dea\u00f0 er metingur og deilur \u00e1 milli ykkar. S\u00fdnir \u00fea\u00f0 ekki a\u00f0 \u00fei\u00f0 l\u00e1ti\u00f0 ekki andann lei\u00f0a ykkur og heg\u00f0i\u00f0 ykkur eins og hverjir a\u00f0rir menn? <a name=\"4\"><span class=\"versanumer_2007\">4<\/span><\/a> \u00deegar einn segir: \u201e\u00c9g fylgi P\u00e1li,\u201c en annar: \u201e\u00c9g fylgi Apoll\u00f3s,\u201c eru\u00f0 \u00fei\u00f0 \u00fe\u00e1 ekki eins og \u00fei\u00f0 voru\u00f0 \u00e1\u00f0ur? <br \/> <a name=\"5\"><span class=\"versanumer_2007\">5<\/span><\/a> Hva\u00f0 er \u00fe\u00e1 Apoll\u00f3s? J\u00e1, hva\u00f0 er \u00fe\u00e1 P\u00e1ll? \u00dej\u00f3nar sem hafa leitt ykkur til tr\u00faar og \u00fea\u00f0 eins og Drottinn hefur gefi\u00f0 hvorum um sig. <a name=\"6\"><span class=\"versanumer_2007\">6<\/span><\/a> \u00c9g gr\u00f3\u00f0ursetti, Apoll\u00f3s v\u00f6kva\u00f0i en Gu\u00f0 gaf v\u00f6xtinn. <a name=\"7\"><span class=\"versanumer_2007\">7<\/span><\/a> \u00deannig skiptir \u00fea\u00f0 engu hver gr\u00f3\u00f0ursetur e\u00f0a hver v\u00f6kvar. \u00dea\u00f0 er Gu\u00f0 sem skiptir m\u00e1li, hann gefur v\u00f6xtinn. <a name=\"8\"><span class=\"versanumer_2007\">8<\/span><\/a> S\u00e1 sem gr\u00f3\u00f0ursetur og s\u00e1 sem v\u00f6kvar eru eitt. En s\u00e9rhver mun f\u00e1 laun eftir erfi\u00f0i s\u00ednu. <a name=\"9\"><span class=\"versanumer_2007\">9<\/span><\/a> \u00dev\u00ed a\u00f0 samverkamenn Gu\u00f0s erum vi\u00f0,<span class=\"nedan_mal\" title=\" E\u00f0a: \u00dev\u00ed a\u00f0 vi\u00f0 erum samverkamenn \u00ed \u00fej\u00f3nustu Gu\u00f0s.\">[<\/span> Gu\u00f0s akurlendi, Gu\u00f0s h\u00fas eru\u00f0 \u00fei\u00f0. <br \/> <a name=\"10\"><span class=\"versanumer_2007\">10<\/span><\/a> Sem vitur byggingameistari hef \u00e9g lagt grundv\u00f6ll eftir \u00feeirri n\u00e1\u00f0 sem Gu\u00f0 hefur veitt m\u00e9r en annar hefur byggt ofan \u00e1. En s\u00e9rhver athugi hvernig hann byggir. <a name=\"11\"><span class=\"versanumer_2007\">11<\/span><\/a> Annan grundv\u00f6ll getur enginn lagt en \u00feann sem lag\u00f0ur er, sem er Jes\u00fas Kristur. <a name=\"12\"><span class=\"versanumer_2007\">12<\/span><\/a> En ef einhver byggir ofan \u00e1 grundv\u00f6llinn gull, silfur, d\u00fdra steina, tr\u00e9, hey e\u00f0a h\u00e1lm, <a name=\"13\"><span class=\"versanumer_2007\">13<\/span><\/a> \u00fe\u00e1 mun koma \u00ed lj\u00f3s hvernig verk hvers og eins er. Dagurinn mun lei\u00f0a \u00fea\u00f0 \u00ed lj\u00f3s af \u00fev\u00ed a\u00f0 hann opinberast me\u00f0 eldi og eldurinn mun pr\u00f3fa hv\u00edl\u00edkt verk hvers og eins er. <a name=\"14\"><span class=\"versanumer_2007\">14<\/span><\/a> Ef \u00fea\u00f0 f\u00e6r sta\u00f0ist sem einhver byggir ofan \u00e1 mun hann f\u00e1 laun. <a name=\"15\"><span class=\"versanumer_2007\">15<\/span><\/a> En brenni \u00fea\u00f0 upp mun hann b\u00ed\u00f0a tj\u00f3n. Sj\u00e1lfur mun hann komast af en \u00fe\u00f3 eins og \u00far eldi. <br \/> <a name=\"16\"><span class=\"versanumer_2007\">16<\/span><\/a> Viti\u00f0 \u00fei\u00f0 eigi a\u00f0 \u00fei\u00f0 eru\u00f0 musteri Gu\u00f0s og a\u00f0 andi Gu\u00f0s b\u00fdr \u00ed ykkur? <a name=\"17\"><span class=\"versanumer_2007\">17<\/span><\/a> Ef nokkur ey\u00f0ir musteri Gu\u00f0s mun Gu\u00f0 ey\u00f0a honum \u00fev\u00ed a\u00f0 musteri Gu\u00f0s er heilagt og \u00fei\u00f0 eru\u00f0 \u00fea\u00f0 musteri. <a name=\"18\"><span class=\"versanumer_2007\">18<\/span><\/a> Enginn dragi sj\u00e1lfan sig \u00e1 t\u00e1lar. Ef nokkur ykkar \u00feykist vitur \u00ed \u00feessum heimi ver\u00f0i hann fyrst heimskur til \u00feess a\u00f0 hann ver\u00f0i vitur. <a name=\"19\"><span class=\"versanumer_2007\">19<\/span><\/a> \u00dev\u00ed a\u00f0 speki \u00feessa heims er heimska \u00ed augum Gu\u00f0s. Rita\u00f0 er: <br \/> <span class=\"ljodatexti\"> Hann er s\u00e1 sem s\u00e9r vi\u00f0 kl\u00e6kjum hinna vitru. <\/span> <br \/> <a name=\"20\"><span class=\"versanumer_2007\">20<\/span><\/a> Og aftur: <br \/> <span class=\"ljodatexti\"> Drottinn veit a\u00f0 hugsanir vitringanna eru f\u00e1n\u00fdtar. <\/span> <br \/> <a name=\"21\"><span class=\"versanumer_2007\">21<\/span><\/a> \u00deess vegna st\u00e6ri enginn sig af m\u00f6nnum. \u00dev\u00ed a\u00f0 allt er ykkar <a name=\"22\"><span class=\"versanumer_2007\">22<\/span><\/a> hvort heldur er P\u00e1ll, Apoll\u00f3s e\u00f0a Kefas, heimurinn, l\u00edf e\u00f0a dau\u00f0i, hi\u00f0 yfirstandandi e\u00f0a hi\u00f0 komandi, allt er ykkar. <a name=\"23\"><span class=\"versanumer_2007\">23<\/span><\/a> En \u00fei\u00f0 eru\u00f0 Krists og Kristur Gu\u00f0s. <\/p>\n","protected":false},"excerpt":{"rendered":"<p>Grundv\u00f6llurinn er Kristur 1 \u00c9g gat ekki, systkin,[ tala\u00f0 vi\u00f0 ykkur eins og vi\u00f0 andlega menn heldur eins og vi\u00f0 menn sem sj\u00e1 ekki nema sj\u00e1lfa sig, eins og vi\u00f0 \u00f3m\u00e1lga b\u00f6rn \u00ed Kristi. 2 \u00c9g gaf ykkur mj\u00f3lk a\u00f0 drekka, ekki fasta f\u00e6\u00f0u \u00fev\u00ed a\u00f0 enn \u00feoldu\u00f0 \u00fei\u00f0 \u00fea\u00f0 ekki. Og \u00fei\u00f0 \u00feoli\u00f0 \u00fea\u00f0 jafnvel ekki enn 3 \u00fev\u00ed a\u00f0 enn \u00fe\u00e1 lifi\u00f0 \u00fei\u00f0 \u00ed sj\u00e1lfshyggju. \u00dea\u00f0 er metingur og deilur \u00e1 milli ykkar. S\u00fdnir \u00fea\u00f0 ekki a\u00f0 \u00fei\u00f0 l\u00e1ti\u00f0 ekki andann lei\u00f0a ykkur og heg\u00f0i\u00f0 ykkur eins og hverjir a\u00f0rir menn? 4 \u00deegar einn segir: \u201e\u00c9g fylgi P\u00e1li,\u201c <a href=\"https:\/\/biblian.is\/biblian\/fyrra-korintubref-3-kafli\/\"> [&#8230;]<\/a><\/p>\n","protected":false},"author":1,"featured_media":0,"parent":0,"menu_order":0,"comment_status":"open","ping_status":"open","template":"bibliukaflar_NT.php","meta":{"footnotes":""},"class_list":["post-2682","page","type-page","status-publish","hentry"],"_links":{"self":[{"href":"https:\/\/biblian.is\/biblian\/wp-json\/wp\/v2\/pages\/2682","targetHints":{"allow":["GET"]}}],"collection":[{"href":"https:\/\/biblian.is\/biblian\/wp-json\/wp\/v2\/pages"}],"about":[{"href":"https:\/\/biblian.is\/biblian\/wp-json\/wp\/v2\/types\/page"}],"author":[{"embeddable":true,"href":"https:\/\/biblian.is\/biblian\/wp-json\/wp\/v2\/users\/1"}],"replies":[{"embeddable":true,"href":"https:\/\/biblian.is\/biblian\/wp-json\/wp\/v2\/comments?post=2682"}],"version-history":[{"count":0,"href":"https:\/\/biblian.is\/biblian\/wp-json\/wp\/v2\/pages\/2682\/revisions"}],"wp:attachment":[{"href":"https:\/\/biblian.is\/biblian\/wp-json\/wp\/v2\/media?parent=2682"}],"curies":[{"name":"wp","href":"https:\/\/api.w.org\/{rel}","templated":true}]}}