{"id":2681,"date":"2017-12-30T21:04:15","date_gmt":"2017-12-30T21:04:15","guid":{"rendered":"http:\/\/biblian.is\/biblian\/fyrra-korintubr%c2%8ef-2-kafli\/"},"modified":"2019-08-26T23:45:15","modified_gmt":"2019-08-26T23:45:15","slug":"fyrra-korintubref-2-kafli","status":"publish","type":"page","link":"https:\/\/biblian.is\/biblian\/fyrra-korintubref-2-kafli\/","title":{"rendered":"Fyrra Korintubr\u00e9f 2. kafli"},"content":{"rendered":"<h3 class=\"millifyrirsogn_2007\"> Leyndard\u00f3mur Gu\u00f0s opinber<\/h3>\n<p><a name=\"1\"><span class=\"versanumer_2007\">1<\/span><\/a> \u00deegar \u00e9g kom til ykkar, systkin,<span class=\"nedan_mal\" title=\" Or\u00f0r\u00e9tt: br\u00e6\u00f0ur.\">[<\/span> og bo\u00f0a\u00f0i ykkur leyndard\u00f3m Gu\u00f0s<span class=\"nedan_mal\" title=\" Annar lesh\u00e1ttur: vitnisbur\u00f0inn um Gu\u00f0.\">[<\/span> ger\u00f0i \u00e9g \u00fea\u00f0 ekki me\u00f0 h\u00e1fleygri m\u00e6lsku e\u00f0a spekior\u00f0um. <a name=\"2\"><span class=\"versanumer_2007\">2<\/span><\/a> \u00deegar \u00e9g var me\u00f0 ykkur \u00e1setti \u00e9g m\u00e9r a\u00f0 hafa ekkert \u00ed huga anna\u00f0 en Jes\u00fa Krist og hann krossfestan. <a name=\"3\"><span class=\"versanumer_2007\">3<\/span><\/a> Og \u00e9g dvaldist \u00e1 me\u00f0al ykkar \u00ed veikleika, \u00f3tta og mikilli angist. <a name=\"4\"><span class=\"versanumer_2007\">4<\/span><\/a> Or\u00f0 m\u00edn og bo\u00f0un studdust ekki vi\u00f0 sannf\u00e6randi v\u00edsd\u00f3msor\u00f0. \u00c9g treysti s\u00f6nnun og krafti Gu\u00f0s anda. <a name=\"5\"><span class=\"versanumer_2007\">5<\/span><\/a> Tr\u00fa ykkar skyldi ekki bygg\u00f0 \u00e1 v\u00edsd\u00f3mi manna heldur \u00e1 krafti Gu\u00f0s.<br \/> <a name=\"6\"><span class=\"versanumer_2007\">6<\/span><\/a> \u00c9g tala speki me\u00f0al hinna fullkomnu, \u00fe\u00f3 ekki speki \u00feessarar aldar e\u00f0a h\u00f6f\u00f0ingja \u00feessarar aldar sem eiga a\u00f0 l\u00ed\u00f0a undir lok, <a name=\"7\"><span class=\"versanumer_2007\">7<\/span><\/a> heldur tala \u00e9g leynda speki Gu\u00f0s sem hulin hefur veri\u00f0 en Gu\u00f0 hefur fr\u00e1 eil\u00edf\u00f0 fyrirhuga\u00f0 okkur til d\u00fdr\u00f0ar sinnar. <a name=\"8\"><span class=\"versanumer_2007\">8<\/span><\/a> Enginn af h\u00f6f\u00f0ingjum \u00feessa heims \u00feekkti hana. Hef\u00f0u \u00feeir \u00feekkt hana hef\u00f0u \u00feeir ekki krossfest Drottin d\u00fdr\u00f0arinnar. <a name=\"9\"><span class=\"versanumer_2007\">9<\/span><\/a> En \u00fea\u00f0 er eins og rita\u00f0 er: <br \/> <span class=\"ljodatexti\"> \u00dea\u00f0 sem auga s\u00e1 ekki og eyra heyr\u00f0i ekki<br \/>og ekki kom upp \u00ed hjarta nokkurs manns, <br \/>\u00fea\u00f0 allt hefur Gu\u00f0 fyrirb\u00fai\u00f0 \u00feeim er hann elska. <\/span> <br \/> <a name=\"10\"><span class=\"versanumer_2007\">10<\/span><\/a> En Gu\u00f0 hefur l\u00e1ti\u00f0 anda sinn opinbera okkur hana \u00fev\u00ed a\u00f0 andinn rannsakar allt, jafnvel dj\u00fapin \u00ed Gu\u00f0i. <a name=\"11\"><span class=\"versanumer_2007\">11<\/span><\/a> Hver veit hva\u00f0 \u00ed manninum b\u00fdr nema andi mannsins sem \u00ed honum er? Eins veit enginn hva\u00f0 \u00ed Gu\u00f0i b\u00fdr nema andi Gu\u00f0s. <a name=\"12\"><span class=\"versanumer_2007\">12<\/span><\/a> En vi\u00f0 h\u00f6fum ekki hloti\u00f0 anda heimsins heldur andann sem er fr\u00e1 Gu\u00f0i, til \u00feess a\u00f0 vi\u00f0 skulum vita hva\u00f0 Gu\u00f0 hefur gefi\u00f0 okkur. <a name=\"13\"><span class=\"versanumer_2007\">13<\/span><\/a> Enda segjum vi\u00f0 \u00fea\u00f0 ekki me\u00f0 or\u00f0um sem mannlegur v\u00edsd\u00f3mur kennir heldur me\u00f0 or\u00f0um sem andi Gu\u00f0s kennir og \u00fatlistum andleg efni \u00e1 andlegan h\u00e1tt.<span class=\"nedan_mal\" title=\" E\u00f0a: \u00fatlistum andleg efni fyrir andlegum m\u00f6nnum.\">[<\/span> <a name=\"14\"><span class=\"versanumer_2007\">14<\/span><\/a> Jar\u00f0bundinn ma\u00f0ur hafnar \u00fev\u00ed sem andi Gu\u00f0s bo\u00f0ar, honum er \u00fea\u00f0 heimska. Hann getur ekki skili\u00f0 \u00fea\u00f0 af \u00fev\u00ed a\u00f0 andinn veitir skilninginn. <a name=\"15\"><span class=\"versanumer_2007\">15<\/span><\/a> En s\u00e1 sem hefur andann d\u00e6mir um allt en enginn getur d\u00e6mt um hann. <a name=\"16\"><span class=\"versanumer_2007\">16<\/span><\/a> \u00dev\u00ed a\u00f0 hver hefur \u00feekkt huga Drottins a\u00f0 hann geti fr\u00e6tt hann? En vi\u00f0 h\u00f6fum huga Krists. <\/p>\n","protected":false},"excerpt":{"rendered":"<p>Leyndard\u00f3mur Gu\u00f0s opinber 1 \u00deegar \u00e9g kom til ykkar, systkin,[ og bo\u00f0a\u00f0i ykkur leyndard\u00f3m Gu\u00f0s[ ger\u00f0i \u00e9g \u00fea\u00f0 ekki me\u00f0 h\u00e1fleygri m\u00e6lsku e\u00f0a spekior\u00f0um. 2 \u00deegar \u00e9g var me\u00f0 ykkur \u00e1setti \u00e9g m\u00e9r a\u00f0 hafa ekkert \u00ed huga anna\u00f0 en Jes\u00fa Krist og hann krossfestan. 3 Og \u00e9g dvaldist \u00e1 me\u00f0al ykkar \u00ed veikleika, \u00f3tta og mikilli angist. 4 Or\u00f0 m\u00edn og bo\u00f0un studdust ekki vi\u00f0 sannf\u00e6randi v\u00edsd\u00f3msor\u00f0. \u00c9g treysti s\u00f6nnun og krafti Gu\u00f0s anda. 5 Tr\u00fa ykkar skyldi ekki bygg\u00f0 \u00e1 v\u00edsd\u00f3mi manna heldur \u00e1 krafti Gu\u00f0s. 6 \u00c9g tala speki me\u00f0al hinna fullkomnu, \u00fe\u00f3 ekki speki \u00feessarar aldar <a href=\"https:\/\/biblian.is\/biblian\/fyrra-korintubref-2-kafli\/\"> [&#8230;]<\/a><\/p>\n","protected":false},"author":1,"featured_media":0,"parent":0,"menu_order":0,"comment_status":"open","ping_status":"open","template":"bibliukaflar_NT.php","meta":{"footnotes":""},"class_list":["post-2681","page","type-page","status-publish","hentry"],"_links":{"self":[{"href":"https:\/\/biblian.is\/biblian\/wp-json\/wp\/v2\/pages\/2681","targetHints":{"allow":["GET"]}}],"collection":[{"href":"https:\/\/biblian.is\/biblian\/wp-json\/wp\/v2\/pages"}],"about":[{"href":"https:\/\/biblian.is\/biblian\/wp-json\/wp\/v2\/types\/page"}],"author":[{"embeddable":true,"href":"https:\/\/biblian.is\/biblian\/wp-json\/wp\/v2\/users\/1"}],"replies":[{"embeddable":true,"href":"https:\/\/biblian.is\/biblian\/wp-json\/wp\/v2\/comments?post=2681"}],"version-history":[{"count":0,"href":"https:\/\/biblian.is\/biblian\/wp-json\/wp\/v2\/pages\/2681\/revisions"}],"wp:attachment":[{"href":"https:\/\/biblian.is\/biblian\/wp-json\/wp\/v2\/media?parent=2681"}],"curies":[{"name":"wp","href":"https:\/\/api.w.org\/{rel}","templated":true}]}}