{"id":2679,"date":"2017-12-30T21:04:15","date_gmt":"2017-12-30T21:04:15","guid":{"rendered":"http:\/\/biblian.is\/biblian\/r%c2%97mverjabr%c2%8efi_-16-kafli\/"},"modified":"2019-08-26T23:36:51","modified_gmt":"2019-08-26T23:36:51","slug":"romverjabrefid-16-kafli","status":"publish","type":"page","link":"https:\/\/biblian.is\/biblian\/romverjabrefid-16-kafli\/","title":{"rendered":"R\u00f3mverjabr\u00e9fi\u00f0 16. kafli"},"content":{"rendered":"<h3 class=\"millifyrirsogn_2007\"> Kve\u00f0jur<\/h3>\n<p><a name=\"1\"><span class=\"versanumer_2007\">1<\/span><\/a> \u00c9g bi\u00f0 ykkur fyrir hana systur okkar, F\u00f6be, sem er dj\u00e1kni safna\u00f0arins \u00ed Kenkreu. <a name=\"2\"><span class=\"versanumer_2007\">2<\/span><\/a> Veiti\u00f0 henni vi\u00f0t\u00f6ku vegna Drottins, eins og kristnum ber, og hj\u00e1lpi\u00f0 henni me\u00f0 allt sem h\u00fan \u00fearf a\u00f0 f\u00e1 hj\u00e1 ykkur. H\u00fan hefur veri\u00f0 bjargv\u00e6ttur margra, \u00fear \u00e1 me\u00f0al m\u00edn sj\u00e1lfs.<br \/> <a name=\"3\"><span class=\"versanumer_2007\">3<\/span><\/a> Heilsi\u00f0 Prisku og Akv\u00edlasi, samverkam\u00f6nnum m\u00ednum \u00ed Kristi Jes\u00fa. <a name=\"4\"><span class=\"versanumer_2007\">4<\/span><\/a> \u00deau hafa stofna\u00f0 l\u00edfi s\u00ednu \u00ed h\u00e6ttu fyrir mig. Fyrir \u00fea\u00f0 votta \u00e9g \u00feeim \u00feakkir, ekki \u00e9g einn heldur og allir s\u00f6fnu\u00f0ir me\u00f0al hei\u00f0inna \u00fej\u00f3\u00f0a. <a name=\"5\"><span class=\"versanumer_2007\">5<\/span><\/a> Heilsi\u00f0 einnig s\u00f6fnu\u00f0inum sem kemur saman \u00ed h\u00fasi \u00feeirra. Heilsi\u00f0 Ep\u00e6netusi, m\u00ednum elska\u00f0a. Hann er frumgr\u00f3\u00f0inn handa Kristi \u00ed As\u00edu. <a name=\"6\"><span class=\"versanumer_2007\">6<\/span><\/a> Heilsi\u00f0 Mar\u00edu sem miki\u00f0 hefur erfi\u00f0a\u00f0 fyrir ykkur. <a name=\"7\"><span class=\"versanumer_2007\">7<\/span><\/a> Heilsi\u00f0 Andr\u00f3n\u00edkusi og J\u00fan\u00edu, \u00e6ttmennum m\u00ednum og sambandingjum. \u00deau skara fram \u00far me\u00f0al postulanna og gengu Kristi \u00e1 h\u00f6nd \u00e1 undan m\u00e9r. <a name=\"8\"><span class=\"versanumer_2007\">8<\/span><\/a> Heilsi\u00f0 Ampl\u00edatusi, elsku\u00f0um vini m\u00ednum \u00ed Drottni. <a name=\"9\"><span class=\"versanumer_2007\">9<\/span><\/a> Heilsi\u00f0 \u00darbanusi, samverkamanni m\u00ednum \u00ed Kristi, og Stakk\u00fdsi, m\u00ednum elska\u00f0a. <a name=\"10\"><span class=\"versanumer_2007\">10<\/span><\/a> Heilsi\u00f0 Apellesi sem hefur reynst traustur \u00ed tr\u00fanni \u00e1 Krist. Heilsi\u00f0 heimilism\u00f6nnum Arist\u00f3b\u00fals. <a name=\"11\"><span class=\"versanumer_2007\">11<\/span><\/a> Heilsi\u00f0 Her\u00f3d\u00edon, \u00e6ttingja m\u00ednum. Heilsi\u00f0 \u00feeim \u00e1 heimili Narkissusar sem tr\u00faa \u00e1 Drottin. <a name=\"12\"><span class=\"versanumer_2007\">12<\/span><\/a> Heilsi\u00f0 Tryf\u00e6nu og Tryf\u00f3su sem erfi\u00f0a fyrir Drottin. Heilsi\u00f0 Persis, hinni elsku\u00f0u, sem hefur starfa\u00f0 svo miki\u00f0 \u00ed \u00fej\u00f3nustu Drottins. <a name=\"13\"><span class=\"versanumer_2007\">13<\/span><\/a> Heilsi\u00f0 R\u00fafusi, sem Drottinn hefur \u00fatvali\u00f0, og m\u00f3\u00f0ur hans sem er m\u00e9r einnig m\u00f3\u00f0ir. <a name=\"14\"><span class=\"versanumer_2007\">14<\/span><\/a> Heilsi\u00f0 Asynkritusi, Flegon, Hermesi, Patrobasi, Hermasi og tr\u00fasystkinunum<span class=\"nedan_mal\" title=\" Or\u00f0r\u00e9tt: br\u00e6\u00f0runum.\">[<\/span> hj\u00e1 \u00feeim. <a name=\"15\"><span class=\"versanumer_2007\">15<\/span><\/a> Heilsi\u00f0 F\u00edl\u00f3logusi og J\u00fal\u00edu, Nerevs og systur hans og Olympasi og \u00f6llum heil\u00f6gum sem me\u00f0 \u00feeim eru. <a name=\"16\"><span class=\"versanumer_2007\">16<\/span><\/a> Heilsi\u00f0 hvert \u00f6\u00f0ru me\u00f0 heil\u00f6gum kossi. Allir s\u00f6fnu\u00f0ir Krists senda ykkur kve\u00f0ju.<br \/> <a name=\"17\"><span class=\"versanumer_2007\">17<\/span><\/a> \u00c9g minni ykkur, systkin,<span class=\"nedan_mal\" title=\" Or\u00f0r\u00e9tt: br\u00e6\u00f0ur.\">[<\/span> \u00e1 a\u00f0 hafa g\u00e1t \u00e1 \u00feeim sem vekja sundur\u00feykki og t\u00e6la fr\u00e1 \u00feeirri kenningu sem \u00fei\u00f0 hafi\u00f0 numi\u00f0. Snei\u00f0i\u00f0 hj\u00e1 \u00feeim. <a name=\"18\"><span class=\"versanumer_2007\">18<\/span><\/a> Sl\u00edkir menn \u00fej\u00f3na ekki Drottni vorum Kristi heldur eigin maga, og me\u00f0 bl\u00ed\u00f0m\u00e6lum og fagurgala blekkja \u00feeir hj\u00f6rtu hrekklausra manna. <a name=\"19\"><span class=\"versanumer_2007\">19<\/span><\/a> En hl\u00fd\u00f0ni ykkar er alkunn or\u00f0in. \u00dev\u00ed er \u00e9g gla\u00f0ur yfir ykkur og vil a\u00f0 \u00fei\u00f0 s\u00e9u\u00f0 vitur \u00ed \u00fev\u00ed sem gott er en f\u00e1kunnandi \u00ed \u00fev\u00ed sem illt er. <a name=\"20\"><span class=\"versanumer_2007\">20<\/span><\/a> Gu\u00f0 fri\u00f0arins mun br\u00e1\u00f0lega sundurmola Satan undir f\u00f3tum ykkar. <br \/>N\u00e1\u00f0in Drottins vors Jes\u00fa Krists s\u00e9 me\u00f0 y\u00f0ur.<span class=\"nedan_mal\" title=\" Or\u00f0in \u201eN\u00e1\u00f0in Drottins vors Jes\u00fa Krists s\u00e9 me\u00f0 y\u00f0ur\u201c vantar \u00ed sum handrit.\">[<\/span> <br \/> <a name=\"21\"><span class=\"versanumer_2007\">21<\/span><\/a> T\u00edm\u00f3teus, samverkama\u00f0ur minn, L\u00fak\u00edus, Jason og S\u00f3s\u00edpater, \u00e6ttmenn m\u00ednir, bi\u00f0ja a\u00f0 heilsa ykkur. <a name=\"22\"><span class=\"versanumer_2007\">22<\/span><\/a> \u00c9g, Tert\u00edus, sem hef rita\u00f0 br\u00e9fi\u00f0, bi\u00f0 a\u00f0 heilsa ykkur \u00ed nafni Drottins. <a name=\"23\"><span class=\"versanumer_2007\">23<\/span><\/a> Gajus, sem h\u00fdsir mig og allan s\u00f6fnu\u00f0inn, bi\u00f0ur a\u00f0 heilsa ykkur. Erastus, gjaldkeri borgarinnar, og br\u00f3\u00f0ir Kvartus bi\u00f0ja a\u00f0 heilsa ykkur. <a name=\"24\"><span class=\"versanumer_2007\">24<\/span><\/a> N\u00e1\u00f0in Drottins vors Jes\u00fa Krists s\u00e9 me\u00f0 y\u00f0ur. Amen.<span class=\"nedan_mal\" title=\" Vantar \u00ed sum handrit. \u00d6nnur handrit hafa \u00feetta vers \u00e1 eftir 27. versi.\">[<\/span> <br \/> <a name=\"25\"><span class=\"versanumer_2007\">25<\/span><\/a> En einn hefur m\u00e1ttinn til \u00feess a\u00f0 styrkja y\u00f0ur me\u00f0 fagna\u00f0arerindi m\u00ednu, bo\u00f0skap Jes\u00fa Krists. \u00dear opinberast leyndard\u00f3mur sem var hulinn \u00fe\u00f6gn um eil\u00edfar t\u00ed\u00f0ir <a name=\"26\"><span class=\"versanumer_2007\">26<\/span><\/a> en er n\u00fa opinber \u00ed sp\u00e1mannlegum ritningum og a\u00f0 bo\u00f0i hins eil\u00edfa Gu\u00f0s kunngj\u00f6r\u00f0ur \u00f6llum \u00fej\u00f3\u00f0um a\u00f0 \u00fe\u00e6r taki hann til s\u00edn og tr\u00fai. <a name=\"27\"><span class=\"versanumer_2007\">27<\/span><\/a> Honum, einum alvitrum Gu\u00f0i, s\u00e9 sakir Jes\u00fa Krists d\u00fdr\u00f0in um aldir alda. Amen.<span class=\"nedan_mal\" title=\" Sum handrit hafa 25.\u201327. vers b\u00e6\u00f0i h\u00e9r og \u00e1 eftir 14.23. \u00d6nnur handrit hafa \u00feau a\u00f0eins \u00e1 eftir 14.23 og eitt handrit \u00e1 eftir 15.33.\">[<\/span> <\/p>\n","protected":false},"excerpt":{"rendered":"<p>Kve\u00f0jur 1 \u00c9g bi\u00f0 ykkur fyrir hana systur okkar, F\u00f6be, sem er dj\u00e1kni safna\u00f0arins \u00ed Kenkreu. 2 Veiti\u00f0 henni vi\u00f0t\u00f6ku vegna Drottins, eins og kristnum ber, og hj\u00e1lpi\u00f0 henni me\u00f0 allt sem h\u00fan \u00fearf a\u00f0 f\u00e1 hj\u00e1 ykkur. H\u00fan hefur veri\u00f0 bjargv\u00e6ttur margra, \u00fear \u00e1 me\u00f0al m\u00edn sj\u00e1lfs. 3 Heilsi\u00f0 Prisku og Akv\u00edlasi, samverkam\u00f6nnum m\u00ednum \u00ed Kristi Jes\u00fa. 4 \u00deau hafa stofna\u00f0 l\u00edfi s\u00ednu \u00ed h\u00e6ttu fyrir mig. Fyrir \u00fea\u00f0 votta \u00e9g \u00feeim \u00feakkir, ekki \u00e9g einn heldur og allir s\u00f6fnu\u00f0ir me\u00f0al hei\u00f0inna \u00fej\u00f3\u00f0a. 5 Heilsi\u00f0 einnig s\u00f6fnu\u00f0inum sem kemur saman \u00ed h\u00fasi \u00feeirra. Heilsi\u00f0 Ep\u00e6netusi, m\u00ednum elska\u00f0a. Hann er <a href=\"https:\/\/biblian.is\/biblian\/romverjabrefid-16-kafli\/\"> [&#8230;]<\/a><\/p>\n","protected":false},"author":1,"featured_media":0,"parent":0,"menu_order":0,"comment_status":"open","ping_status":"open","template":"bibliukaflar_NT.php","meta":{"footnotes":""},"class_list":["post-2679","page","type-page","status-publish","hentry"],"_links":{"self":[{"href":"https:\/\/biblian.is\/biblian\/wp-json\/wp\/v2\/pages\/2679","targetHints":{"allow":["GET"]}}],"collection":[{"href":"https:\/\/biblian.is\/biblian\/wp-json\/wp\/v2\/pages"}],"about":[{"href":"https:\/\/biblian.is\/biblian\/wp-json\/wp\/v2\/types\/page"}],"author":[{"embeddable":true,"href":"https:\/\/biblian.is\/biblian\/wp-json\/wp\/v2\/users\/1"}],"replies":[{"embeddable":true,"href":"https:\/\/biblian.is\/biblian\/wp-json\/wp\/v2\/comments?post=2679"}],"version-history":[{"count":0,"href":"https:\/\/biblian.is\/biblian\/wp-json\/wp\/v2\/pages\/2679\/revisions"}],"wp:attachment":[{"href":"https:\/\/biblian.is\/biblian\/wp-json\/wp\/v2\/media?parent=2679"}],"curies":[{"name":"wp","href":"https:\/\/api.w.org\/{rel}","templated":true}]}}