{"id":2677,"date":"2017-12-30T21:04:10","date_gmt":"2017-12-30T21:04:10","guid":{"rendered":"http:\/\/biblian.is\/biblian\/r%c2%97mverjabr%c2%8efi_-14-kafli\/"},"modified":"2019-08-26T23:36:50","modified_gmt":"2019-08-26T23:36:50","slug":"romverjabrefid-14-kafli","status":"publish","type":"page","link":"https:\/\/biblian.is\/biblian\/romverjabrefid-14-kafli\/","title":{"rendered":"R\u00f3mverjabr\u00e9fi\u00f0 14. kafli"},"content":{"rendered":"<h3 class=\"millifyrirsogn_2007\"> Einn skal annan styrkja<\/h3>\n<p><a name=\"1\"><span class=\"versanumer_2007\">1<\/span><\/a> Taki\u00f0 \u00e1 m\u00f3ti tr\u00faarveikum \u00e1n \u00feess a\u00f0 d\u00e6ma sko\u00f0anir \u00feeirra. <a name=\"2\"><span class=\"versanumer_2007\">2<\/span><\/a> Einn er \u00feeirrar tr\u00faar a\u00f0 alls megi neyta, annar er veikur \u00ed tr\u00fanni og neytir einungis jurtaf\u00e6\u00f0u. <a name=\"3\"><span class=\"versanumer_2007\">3<\/span><\/a> S\u00e1 sem neytir skal ekki fyrirl\u00edta hinn sem neytir ekki og s\u00e1 sem neytir ekki skal ekki d\u00e6ma \u00feann sem neytir \u00fev\u00ed a\u00f0 Gu\u00f0 hefur teki\u00f0 \u00e1 m\u00f3ti honum. <a name=\"4\"><span class=\"versanumer_2007\">4<\/span><\/a> Hva\u00f0 \u00e1tt \u00fe\u00fa me\u00f0 a\u00f0 d\u00e6ma \u00fej\u00f3n annars manns? Hann stendur og fellur herra s\u00ednum. Og hann mun standa \u00fev\u00ed a\u00f0 megnugur er Drottinn \u00feess a\u00f0 l\u00e1ta hann standa. <br \/> <a name=\"5\"><span class=\"versanumer_2007\">5<\/span><\/a> Einn gerir mun \u00e1 d\u00f6gum, annar metur alla daga jafna. Hver og einn fylgi sannf\u00e6ringu sinni. <a name=\"6\"><span class=\"versanumer_2007\">6<\/span><\/a> S\u00e1 sem \u00feykist ver\u00f0a a\u00f0 taka tillit til \u00feess hva\u00f0a dagur er gerir svo vegna Drottins. Og s\u00e1 sem neytir kj\u00f6ts gerir \u00fea\u00f0 vegna Drottins \u00fev\u00ed a\u00f0 hann gerir Gu\u00f0i \u00feakkir. Hinn sem l\u00e6tur \u00f3neytt gerir svo vegna Drottins og f\u00e6rir Gu\u00f0i \u00feakkir. <a name=\"7\"><span class=\"versanumer_2007\">7<\/span><\/a> \u00dev\u00ed a\u00f0 enginn okkar lifir sj\u00e1lfum s\u00e9r og enginn deyr sj\u00e1lfum s\u00e9r. <a name=\"8\"><span class=\"versanumer_2007\">8<\/span><\/a> Ef vi\u00f0 lifum, lifum vi\u00f0 Drottni, ef vi\u00f0 deyjum, deyjum vi\u00f0 Drottni. Hvort sem vi\u00f0 \u00feess vegna lifum e\u00f0a deyjum \u00fe\u00e1 erum vi\u00f0 Drottins. <a name=\"9\"><span class=\"versanumer_2007\">9<\/span><\/a> \u00dev\u00ed a\u00f0 til \u00feess d\u00f3 Kristur og var\u00f0 aftur lifandi a\u00f0 hann skyldi drottna b\u00e6\u00f0i yfir dau\u00f0um og lifandi. <a name=\"10\"><span class=\"versanumer_2007\">10<\/span><\/a> En \u00fe\u00fa, hv\u00ed d\u00e6mir \u00fe\u00fa br\u00f3\u00f0ur \u00feinn? E\u00f0a \u00fe\u00e1 \u00fe\u00fa, hv\u00ed fyrirl\u00edtur \u00fe\u00fa br\u00f3\u00f0ur \u00feinn? \u00d6ll munum vi\u00f0 ver\u00f0a a\u00f0 standa frammi fyrir d\u00f3mst\u00f3li Gu\u00f0s. <a name=\"11\"><span class=\"versanumer_2007\">11<\/span><\/a> \u00dev\u00ed a\u00f0 rita\u00f0 er: \u201eSvo sannarlega sem \u00e9g lifi, segir Drottinn, fyrir m\u00e9r skal hvert kn\u00e9 beygja sig og s\u00e9rhver tunga vegsama Gu\u00f0.\u201c <br \/> <a name=\"12\"><span class=\"versanumer_2007\">12<\/span><\/a> \u00deannig skal s\u00e9rhvert okkar gera Gu\u00f0i skil \u00e1 sj\u00e1lfu s\u00e9r.<br \/> <a name=\"13\"><span class=\"versanumer_2007\">13<\/span><\/a> D\u00e6mum \u00fev\u00ed ekki framar hvert anna\u00f0. Hitt skulu\u00f0 \u00fei\u00f0 \u00e1kve\u00f0a a\u00f0 ver\u00f0a tr\u00fasystkinum<span class=\"nedan_mal\" title=\" Or\u00f0r\u00e9tt: br\u00e6\u00f0rum.\">[<\/span> ykkar ekki til \u00e1steytingar e\u00f0a falls. <a name=\"14\"><span class=\"versanumer_2007\">14<\/span><\/a> \u00dea\u00f0 veit \u00e9g me\u00f0 fullri vissu \u00ed tr\u00fanni \u00e1 Drottin Jes\u00fa a\u00f0 ekkert er vanheilagt \u00ed sj\u00e1lfu s\u00e9r nema \u00fe\u00e1 \u00feeim sem heldur eitthva\u00f0 vanheilagt, honum er \u00fea\u00f0 vanheilagt. <a name=\"15\"><span class=\"versanumer_2007\">15<\/span><\/a> Ef br\u00f3\u00f0ir \u00feinn e\u00f0a systir<span class=\"nedan_mal\" title=\" Or\u00f0r\u00e9tt: br\u00f3\u00f0ir.\">[<\/span> hryggist s\u00f6kum \u00feess sem \u00fe\u00fa etur, \u00fe\u00e1 ertu kominn af k\u00e6rleikans braut. Hrind ekki me\u00f0 mat \u00fe\u00ednum \u00ed gl\u00f6tun \u00feeim manni sem Kristur d\u00f3 fyrir.<br \/> <a name=\"16\"><span class=\"versanumer_2007\">16<\/span><\/a> L\u00e1ti\u00f0 \u00fev\u00ed ekki hi\u00f0 g\u00f3\u00f0a sem \u00fei\u00f0 eigi\u00f0 ver\u00f0a fyrir lasti. <a name=\"17\"><span class=\"versanumer_2007\">17<\/span><\/a> Gu\u00f0s r\u00edki er ekki matur og drykkur heldur r\u00e9ttl\u00e6ti, fri\u00f0ur og f\u00f6gnu\u00f0ur \u00ed heil\u00f6gum anda. <a name=\"18\"><span class=\"versanumer_2007\">18<\/span><\/a> Hver sem \u00feannig \u00fej\u00f3nar Kristi er Gu\u00f0i vel\u00fe\u00f3knanlegur og \u00ed metum hj\u00e1 m\u00f6nnum.<br \/> <a name=\"19\"><span class=\"versanumer_2007\">19<\/span><\/a> Keppum \u00feess vegna eftir \u00fev\u00ed sem til fri\u00f0ar heyrir og eflir samf\u00e9lagi\u00f0. <a name=\"20\"><span class=\"versanumer_2007\">20<\/span><\/a> Brj\u00f3ttu ekki ni\u00f0ur verk Gu\u00f0s vegna matar. Allt er a\u00f0 s\u00f6nnu hreint en allt ver\u00f0ur samt illt \u00feeim manni sem etur \u00f6\u00f0rum til falls. <a name=\"21\"><span class=\"versanumer_2007\">21<\/span><\/a> \u00dea\u00f0 er r\u00e9tt a\u00f0 eta hvorki kj\u00f6t n\u00e9 drekka v\u00edn e\u00f0a gera neitt \u00fea\u00f0 anna\u00f0 sem kemur illa vi\u00f0 br\u00f3\u00f0ur \u00feinn e\u00f0a systur.<span class=\"nedan_mal\" title=\" Or\u00f0r\u00e9tt: br\u00f3\u00f0ur \u00feinn.\">[<\/span> <a name=\"22\"><span class=\"versanumer_2007\">22<\/span><\/a> Haltu fast vi\u00f0 tr\u00fana sem \u00fe\u00fa \u00e1tt me\u00f0 sj\u00e1lfum \u00fe\u00e9r frammi fyrir Gu\u00f0i. S\u00e6ll er s\u00e1 sem \u00fearf ekki a\u00f0 \u00e1fella sig fyrir \u00fea\u00f0 sem hann telur vera r\u00e9tt. <a name=\"23\"><span class=\"versanumer_2007\">23<\/span><\/a> En s\u00e1 sem er efablandinn og etur \u00fe\u00f3, hann er d\u00e6mdur af \u00fev\u00ed a\u00f0 hann gerir \u00fea\u00f0 ekki af tr\u00fa. Allt sem er ekki af tr\u00fa er synd.<\/p>\n","protected":false},"excerpt":{"rendered":"<p>Einn skal annan styrkja 1 Taki\u00f0 \u00e1 m\u00f3ti tr\u00faarveikum \u00e1n \u00feess a\u00f0 d\u00e6ma sko\u00f0anir \u00feeirra. 2 Einn er \u00feeirrar tr\u00faar a\u00f0 alls megi neyta, annar er veikur \u00ed tr\u00fanni og neytir einungis jurtaf\u00e6\u00f0u. 3 S\u00e1 sem neytir skal ekki fyrirl\u00edta hinn sem neytir ekki og s\u00e1 sem neytir ekki skal ekki d\u00e6ma \u00feann sem neytir \u00fev\u00ed a\u00f0 Gu\u00f0 hefur teki\u00f0 \u00e1 m\u00f3ti honum. 4 Hva\u00f0 \u00e1tt \u00fe\u00fa me\u00f0 a\u00f0 d\u00e6ma \u00fej\u00f3n annars manns? Hann stendur og fellur herra s\u00ednum. Og hann mun standa \u00fev\u00ed a\u00f0 megnugur er Drottinn \u00feess a\u00f0 l\u00e1ta hann standa. 5 Einn gerir mun \u00e1 d\u00f6gum, annar <a href=\"https:\/\/biblian.is\/biblian\/romverjabrefid-14-kafli\/\"> [&#8230;]<\/a><\/p>\n","protected":false},"author":1,"featured_media":0,"parent":0,"menu_order":0,"comment_status":"open","ping_status":"open","template":"bibliukaflar_NT.php","meta":{"footnotes":""},"class_list":["post-2677","page","type-page","status-publish","hentry"],"_links":{"self":[{"href":"https:\/\/biblian.is\/biblian\/wp-json\/wp\/v2\/pages\/2677","targetHints":{"allow":["GET"]}}],"collection":[{"href":"https:\/\/biblian.is\/biblian\/wp-json\/wp\/v2\/pages"}],"about":[{"href":"https:\/\/biblian.is\/biblian\/wp-json\/wp\/v2\/types\/page"}],"author":[{"embeddable":true,"href":"https:\/\/biblian.is\/biblian\/wp-json\/wp\/v2\/users\/1"}],"replies":[{"embeddable":true,"href":"https:\/\/biblian.is\/biblian\/wp-json\/wp\/v2\/comments?post=2677"}],"version-history":[{"count":0,"href":"https:\/\/biblian.is\/biblian\/wp-json\/wp\/v2\/pages\/2677\/revisions"}],"wp:attachment":[{"href":"https:\/\/biblian.is\/biblian\/wp-json\/wp\/v2\/media?parent=2677"}],"curies":[{"name":"wp","href":"https:\/\/api.w.org\/{rel}","templated":true}]}}