{"id":2675,"date":"2017-12-30T21:04:10","date_gmt":"2017-12-30T21:04:10","guid":{"rendered":"http:\/\/biblian.is\/biblian\/r%c2%97mverjabr%c2%8efi_-12-kafli\/"},"modified":"2019-08-26T23:36:50","modified_gmt":"2019-08-26T23:36:50","slug":"romverjabrefid-12-kafli","status":"publish","type":"page","link":"https:\/\/biblian.is\/biblian\/romverjabrefid-12-kafli\/","title":{"rendered":"R\u00f3mverjabr\u00e9fi\u00f0 12. kafli"},"content":{"rendered":"<h3 class=\"millifyrirsogn_2007\"> S\u00f6nn og r\u00e9tt gu\u00f0sd\u00fdrkun<\/h3>\n<p><a name=\"1\"><span class=\"versanumer_2007\">1<\/span><\/a> \u00dev\u00ed br\u00fdni \u00e9g ykkur, systkin,<span class=\"nedan_mal\" title=\" Or\u00f0r\u00e9tt: br\u00e6\u00f0ur.\">[<\/span> a\u00f0 \u00fei\u00f0 vegna miskunnar Gu\u00f0s bj\u00f3\u00f0i\u00f0 fram sj\u00e1lf ykkur a\u00f0 lifandi, heilagri, Gu\u00f0i \u00fe\u00f3knanlegri f\u00f3rn. \u00dea\u00f0 er s\u00f6nn gu\u00f0sd\u00fdrkun af ykkar hendi. <a name=\"2\"><span class=\"versanumer_2007\">2<\/span><\/a> Fylgi\u00f0 ekki h\u00e1ttsemi \u00feessa heims. L\u00e1ti\u00f0 heldur umbreytast me\u00f0 hinu n\u00fdja hugarfari og l\u00e6ri\u00f0 svo a\u00f0 skilja hver s\u00e9 vilji Gu\u00f0s, hi\u00f0 g\u00f3\u00f0a, fagra og fullkomna.<br \/> <a name=\"3\"><span class=\"versanumer_2007\">3<\/span><\/a> Fyrir \u00fe\u00e1 n\u00e1\u00f0 sem m\u00e9r er gefin segi \u00e9g ykkur \u00f6llum: Enginn hugsi h\u00e6rra um sj\u00e1lfan sig en hugsa ber heldur \u00ed r\u00e9ttu h\u00f3fi, og hver og einn haldi s\u00e9r vi\u00f0 \u00feann m\u00e6li tr\u00faar sem Gu\u00f0 hefur \u00fathluta\u00f0 honum. <br \/> <a name=\"4\"><span class=\"versanumer_2007\">4<\/span><\/a> Vi\u00f0 h\u00f6fum \u00e1 einum l\u00edkama marga limi en limirnir hafa ekki allir sama starfa. <a name=\"5\"><span class=\"versanumer_2007\">5<\/span><\/a> Eins erum vi\u00f0, \u00fe\u00f3tt m\u00f6rg s\u00e9um, einn l\u00edkami \u00ed Kristi en hvert um sig annars limir. <a name=\"6\"><span class=\"versanumer_2007\">6<\/span><\/a> Vi\u00f0 eigum margv\u00edslegar n\u00e1\u00f0arg\u00e1fur samkv\u00e6mt \u00feeirri n\u00e1\u00f0 sem Gu\u00f0 hefur gefi\u00f0. S\u00e9 \u00fea\u00f0 sp\u00e1d\u00f3msg\u00e1fa \u00fe\u00e1 notum hana \u00ed samr\u00e6mi vi\u00f0 tr\u00fana, <a name=\"7\"><span class=\"versanumer_2007\">7<\/span><\/a> s\u00e9 \u00fea\u00f0 \u00fej\u00f3nustustarf skal gegna \u00fev\u00ed, s\u00e9 \u00fea\u00f0 kennsla skal sinna henni, <a name=\"8\"><span class=\"versanumer_2007\">8<\/span><\/a> s\u00e1 sem hvetja skal geri \u00fea\u00f0, s\u00e1 sem gefur s\u00e9 \u00f6rl\u00e1tur. S\u00e1 sem veitir forst\u00f6\u00f0u s\u00e9 kostg\u00e6finn og s\u00e1 sem vinnur miskunnarverk geri \u00fea\u00f0 me\u00f0 gle\u00f0i. <br \/> <a name=\"9\"><span class=\"versanumer_2007\">9<\/span><\/a> Elskan s\u00e9 fl\u00e6r\u00f0arlaus. Hafi\u00f0 andstygg\u00f0 \u00e1 hinu vonda en haldi\u00f0 fast vi\u00f0 hi\u00f0 g\u00f3\u00f0a. <a name=\"10\"><span class=\"versanumer_2007\">10<\/span><\/a> Veri\u00f0 \u00e1st\u00fa\u00f0leg hvert vi\u00f0 anna\u00f0 \u00ed br\u00f3\u00f0urlegum k\u00e6rleika og keppist um a\u00f0 s\u00fdna hvert \u00f6\u00f0ru vir\u00f0ingu. <a name=\"11\"><span class=\"versanumer_2007\">11<\/span><\/a> Veri\u00f0 ekki h\u00e1lfvolg \u00ed \u00e1huganum, veri\u00f0 brennandi \u00ed andanum. \u00dej\u00f3ni\u00f0 Drottni. <a name=\"12\"><span class=\"versanumer_2007\">12<\/span><\/a> Veri\u00f0 gl\u00f6\u00f0 \u00ed voninni, \u00feolinm\u00f3\u00f0 \u00ed \u00fej\u00e1ningunni, sta\u00f0f\u00f6st \u00ed b\u00e6ninni. <a name=\"13\"><span class=\"versanumer_2007\">13<\/span><\/a> Taki\u00f0 \u00fe\u00e1tt \u00ed \u00fe\u00f6rfum heilagra. Leggi\u00f0 stund \u00e1 gestrisni. <br \/> <a name=\"14\"><span class=\"versanumer_2007\">14<\/span><\/a> Blessi\u00f0 \u00fe\u00e1 er ofs\u00e6kja ykkur. Blessi\u00f0 en b\u00f6lvi\u00f0 ekki. <a name=\"15\"><span class=\"versanumer_2007\">15<\/span><\/a> Fagni\u00f0 me\u00f0 fagnendum, gr\u00e1ti\u00f0 me\u00f0 gr\u00e1tendum. <a name=\"16\"><span class=\"versanumer_2007\">16<\/span><\/a> Beri\u00f0 sama hug til allra, veri\u00f0 ekki st\u00f3rl\u00e1t, umgangist f\u00faslega l\u00edtilmagna. Oftreysti\u00f0 ekki eigin hyggindum. <a name=\"17\"><span class=\"versanumer_2007\">17<\/span><\/a> Gjaldi\u00f0 engum illt fyrir illt. Stundi\u00f0 \u00fea\u00f0 sem fagurt er fyrir sj\u00f3num allra manna. <a name=\"18\"><span class=\"versanumer_2007\">18<\/span><\/a> Hafi\u00f0 fri\u00f0 vi\u00f0 alla menn a\u00f0 \u00fev\u00ed leyti sem \u00fea\u00f0 er unnt og \u00e1 ykkar valdi. <a name=\"19\"><span class=\"versanumer_2007\">19<\/span><\/a> Leiti\u00f0 ekki hefnda sj\u00e1lf, m\u00edn elsku\u00f0u, l\u00e1ti\u00f0 rei\u00f0i Gu\u00f0s um a\u00f0 refsa eins og rita\u00f0 er: \u201eM\u00edn er hefndin, \u00e9g mun endurgjalda,\u201c segir Drottinn. <a name=\"20\"><span class=\"versanumer_2007\">20<\/span><\/a> En \u201eef \u00f3vin \u00feinn hungrar \u00fe\u00e1 gef honum a\u00f0 eta, ef hann \u00feyrstir \u00fe\u00e1 gef honum a\u00f0 drekka. Me\u00f0 \u00fev\u00ed a\u00f0 gera \u00feetta safnar \u00fe\u00fa gl\u00f3\u00f0um elds \u00e1 h\u00f6fu\u00f0 honum.\u201c <a name=\"21\"><span class=\"versanumer_2007\">21<\/span><\/a> L\u00e1t ekki hi\u00f0 illa sigra \u00feig en sigra \u00fe\u00fa illt me\u00f0 g\u00f3\u00f0u. <\/p>\n","protected":false},"excerpt":{"rendered":"<p>S\u00f6nn og r\u00e9tt gu\u00f0sd\u00fdrkun 1 \u00dev\u00ed br\u00fdni \u00e9g ykkur, systkin,[ a\u00f0 \u00fei\u00f0 vegna miskunnar Gu\u00f0s bj\u00f3\u00f0i\u00f0 fram sj\u00e1lf ykkur a\u00f0 lifandi, heilagri, Gu\u00f0i \u00fe\u00f3knanlegri f\u00f3rn. \u00dea\u00f0 er s\u00f6nn gu\u00f0sd\u00fdrkun af ykkar hendi. 2 Fylgi\u00f0 ekki h\u00e1ttsemi \u00feessa heims. L\u00e1ti\u00f0 heldur umbreytast me\u00f0 hinu n\u00fdja hugarfari og l\u00e6ri\u00f0 svo a\u00f0 skilja hver s\u00e9 vilji Gu\u00f0s, hi\u00f0 g\u00f3\u00f0a, fagra og fullkomna. 3 Fyrir \u00fe\u00e1 n\u00e1\u00f0 sem m\u00e9r er gefin segi \u00e9g ykkur \u00f6llum: Enginn hugsi h\u00e6rra um sj\u00e1lfan sig en hugsa ber heldur \u00ed r\u00e9ttu h\u00f3fi, og hver og einn haldi s\u00e9r vi\u00f0 \u00feann m\u00e6li tr\u00faar sem Gu\u00f0 hefur \u00fathluta\u00f0 honum. 4 <a href=\"https:\/\/biblian.is\/biblian\/romverjabrefid-12-kafli\/\"> [&#8230;]<\/a><\/p>\n","protected":false},"author":1,"featured_media":0,"parent":0,"menu_order":0,"comment_status":"open","ping_status":"open","template":"bibliukaflar_NT.php","meta":{"footnotes":""},"class_list":["post-2675","page","type-page","status-publish","hentry"],"_links":{"self":[{"href":"https:\/\/biblian.is\/biblian\/wp-json\/wp\/v2\/pages\/2675","targetHints":{"allow":["GET"]}}],"collection":[{"href":"https:\/\/biblian.is\/biblian\/wp-json\/wp\/v2\/pages"}],"about":[{"href":"https:\/\/biblian.is\/biblian\/wp-json\/wp\/v2\/types\/page"}],"author":[{"embeddable":true,"href":"https:\/\/biblian.is\/biblian\/wp-json\/wp\/v2\/users\/1"}],"replies":[{"embeddable":true,"href":"https:\/\/biblian.is\/biblian\/wp-json\/wp\/v2\/comments?post=2675"}],"version-history":[{"count":0,"href":"https:\/\/biblian.is\/biblian\/wp-json\/wp\/v2\/pages\/2675\/revisions"}],"wp:attachment":[{"href":"https:\/\/biblian.is\/biblian\/wp-json\/wp\/v2\/media?parent=2675"}],"curies":[{"name":"wp","href":"https:\/\/api.w.org\/{rel}","templated":true}]}}