{"id":2674,"date":"2017-12-30T21:04:10","date_gmt":"2017-12-30T21:04:10","guid":{"rendered":"http:\/\/biblian.is\/biblian\/r%c2%97mverjabr%c2%8efi_-11-kafli\/"},"modified":"2019-08-26T23:36:50","modified_gmt":"2019-08-26T23:36:50","slug":"romverjabrefid-11-kafli","status":"publish","type":"page","link":"https:\/\/biblian.is\/biblian\/romverjabrefid-11-kafli\/","title":{"rendered":"R\u00f3mverjabr\u00e9fi\u00f0 11. kafli"},"content":{"rendered":"<h3 class=\"millifyrirsogn_2007\"> Gu\u00f0 hefur ekki \u00fatsk\u00fafa\u00f0 l\u00fd\u00f0 s\u00ednum<\/h3>\n<p><a name=\"1\"><span class=\"versanumer_2007\">1<\/span><\/a> \u00c9g spyr n\u00fa: Hefur Gu\u00f0 \u00fatsk\u00fafa\u00f0 l\u00fd\u00f0 s\u00ednum? \u00d6\u00f0ru n\u00e6r! Sj\u00e1lfur er \u00e9g \u00cdsraelsma\u00f0ur, af kyni Abrahams, \u00e6ttkv\u00edsl Benjam\u00edns. <a name=\"2\"><span class=\"versanumer_2007\">2<\/span><\/a> Gu\u00f0 hefur ekki \u00fatsk\u00fafa\u00f0 l\u00fd\u00f0 s\u00ednum sem hann \u00feekkti fyrir fram. \u00c9g minni \u00e1 \u00fea\u00f0 sem Ritningin segir \u00ed kaflanum um El\u00eda, hvernig hann kemur fram fyrir Gu\u00f0 me\u00f0 k\u00e6ru \u00e1 hendur \u00cdsrael: <a name=\"3\"><span class=\"versanumer_2007\">3<\/span><\/a> \u201eDrottinn, sp\u00e1menn \u00fe\u00edna hafa \u00feeir drepi\u00f0 og rifi\u00f0 ni\u00f0ur \u00f6lturu \u00fe\u00edn, \u00e9g er einn eftir og \u00feeir sitja um l\u00edf mitt.\u201c <a name=\"4\"><span class=\"versanumer_2007\">4<\/span><\/a> En hva\u00f0a svar f\u00e6r hann hj\u00e1 Gu\u00f0i? \u201e\u00c9g hef teki\u00f0 fr\u00e1 handa m\u00e9r sj\u00f6 \u00fe\u00fasundir manna sem hafa ekki beygt kn\u00e9 fyrir Baal.\u201c <a name=\"5\"><span class=\"versanumer_2007\">5<\/span><\/a> Eins eru \u00e1 okkar t\u00edma leifar eftir sem Gu\u00f0 hefur vali\u00f0 af n\u00e1\u00f0. <a name=\"6\"><span class=\"versanumer_2007\">6<\/span><\/a> En s\u00e9 \u00fea\u00f0 af n\u00e1\u00f0 er \u00fea\u00f0 ekki vegna verka, \u00fe\u00e1 v\u00e6ri n\u00e1\u00f0in ekki or\u00f0in n\u00e1\u00f0. <br \/> <a name=\"7\"><span class=\"versanumer_2007\">7<\/span><\/a> Hva\u00f0 merkir \u00feetta? A\u00f0 \u00fea\u00f0 sem \u00cdsrael keppir eftir hlotna\u00f0ist honum ekki en \u00fatv\u00f6ldum hlotna\u00f0ist \u00fea\u00f0. Hinir ur\u00f0u forhertir <a name=\"8\"><span class=\"versanumer_2007\">8<\/span><\/a> eins og rita\u00f0 er: \u201eGu\u00f0 gaf \u00feeim slj\u00f3an anda, augu sem sj\u00e1 ekki, eyru sem heyra ekki allt fram \u00e1 \u00feennan dag.\u201c<br \/> <a name=\"9\"><span class=\"versanumer_2007\">9<\/span><\/a> Og Dav\u00ed\u00f0 segir: \u201eVer\u00f0i bor\u00f0hald \u00feeirra snara og gildra \u00feeim til falls og refsingar. <a name=\"10\"><span class=\"versanumer_2007\">10<\/span><\/a> Blindist augu \u00feeirra a\u00f0 \u00feeir sj\u00e1i ekki og ger bak \u00feeirra bogi\u00f0 um aldur.\u201c <br \/> <a name=\"11\"><span class=\"versanumer_2007\">11<\/span><\/a> N\u00fa spyr \u00e9g: Hr\u00f6su\u00f0u \u00fe\u00e1 \u00cdsraelsmenn til \u00feess a\u00f0 falla a\u00f0 fullu? Fjarri fer \u00fev\u00ed. Fall \u00feeirra var\u00f0 hei\u00f0ingjum hj\u00e1lpr\u00e6\u00f0i. \u00dea\u00f0 \u00e1tti a\u00f0 vekja afbr\u00fd\u00f0i hj\u00e1 Gy\u00f0ingum. <a name=\"12\"><span class=\"versanumer_2007\">12<\/span><\/a> Hafi fall \u00feeirra or\u00f0i\u00f0 heiminum au\u00f0ur og \u00f3farir \u00feeirra hei\u00f0ingjum au\u00f0ur, hve miklu mun \u00fe\u00e1 muna \u00feegar \u00feeir koma allir me\u00f0 t\u00f6lu? <\/p>\n<h3 class=\"millifyrirsogn_2007\">R\u00f3tin og greinarnar<\/h3>\n<p><a name=\"13\"><span class=\"versanumer_2007\">13<\/span><\/a> En vi\u00f0 ykkur, hei\u00f0ingjar, segi \u00e9g: N\u00fa er \u00e9g einmitt postuli hei\u00f0ingja og \u00fe\u00e1 \u00fej\u00f3nustu vegsama \u00e9g. <a name=\"14\"><span class=\"versanumer_2007\">14<\/span><\/a> Vera m\u00e6tti a\u00f0 \u00e9g g\u00e6ti vaki\u00f0 afbr\u00fd\u00f0i hj\u00e1 \u00e6ttmennum m\u00ednum og frelsa\u00f0 einhverja \u00feeirra. <a name=\"15\"><span class=\"versanumer_2007\">15<\/span><\/a> Fyrst \u00fea\u00f0 var\u00f0 s\u00e1ttargj\u00f6r\u00f0 fyrir heiminn a\u00f0 \u00feeim var hafna\u00f0, hva\u00f0 ver\u00f0ur \u00fe\u00e1 upptaka \u00feeirra anna\u00f0 en l\u00edf af dau\u00f0um? <a name=\"16\"><span class=\"versanumer_2007\">16<\/span><\/a> Ef frumgr\u00f3\u00f0inn er heilagur er einnig deigi\u00f0 \u00fea\u00f0. Og ef r\u00f3tin er heil\u00f6g eru einnig greinarnar \u00fea\u00f0.<br \/> <a name=\"17\"><span class=\"versanumer_2007\">17<\/span><\/a> En \u00fe\u00f3tt nokkrar af greinunum hafi veri\u00f0 brotnar af og hafir \u00fe\u00fa sem ert villiol\u00eduvi\u00f0ur veri\u00f0 gr\u00e6ddur inn \u00ed \u00feeirra sta\u00f0 og f\u00e1ir me\u00f0 \u00f6\u00f0rum greinum a\u00f0 nj\u00f3ta r\u00f3tarsafa ol\u00eduvi\u00f0arins, <a name=\"18\"><span class=\"versanumer_2007\">18<\/span><\/a> skaltu ekki st\u00e6ra \u00feig gegn hinum. Ef \u00fe\u00fa gerir \u00fea\u00f0 skaltu vita a\u00f0 \u00fe\u00fa ber\u00f0 ekki r\u00f3tina heldur r\u00f3tin \u00feig. <a name=\"19\"><span class=\"versanumer_2007\">19<\/span><\/a> \u00de\u00fa kannt \u00fe\u00e1 a\u00f0 segja: \u201eGreinarnar voru brotnar af til \u00feess a\u00f0 \u00e9g yr\u00f0i gr\u00e6ddur vi\u00f0.\u201c <a name=\"20\"><span class=\"versanumer_2007\">20<\/span><\/a> R\u00e9tt er \u00fea\u00f0, \u00fe\u00e6r voru brotnar af vegna vantr\u00faar en vegna tr\u00faar \u00feinnar stenst \u00fe\u00fa. Hreyktu \u00fe\u00e9r ekki upp, vara\u00f0u \u00feig heldur. <a name=\"21\"><span class=\"versanumer_2007\">21<\/span><\/a> Hafi Gu\u00f0 ekki \u00feyrmt hinum n\u00e1tt\u00farulegu greinum mun hann ekki heldur \u00feyrma \u00fe\u00e9r. <a name=\"22\"><span class=\"versanumer_2007\">22<\/span><\/a> Sj\u00e1 h\u00e9r b\u00e6\u00f0i g\u00e6sku Gu\u00f0s og strangleika. Hann er strangur vi\u00f0 \u00fe\u00e1 sem f\u00e9llu en g\u00e6skur\u00edkur vi\u00f0 \u00feig ef \u00fe\u00fa treystir \u00e1fram g\u00e6sku hans. Annars ver\u00f0ur \u00fe\u00fa einnig af h\u00f6ggvinn. <a name=\"23\"><span class=\"versanumer_2007\">23<\/span><\/a> En hinir ver\u00f0a og gr\u00e6ddir vi\u00f0, ef \u00feeir l\u00e1ta af vantr\u00fa sinni, \u00fev\u00ed a\u00f0 megnugur er Gu\u00f0 \u00feess a\u00f0 gr\u00e6\u00f0a \u00fe\u00e1 vi\u00f0 \u00e1 n\u00fd. <a name=\"24\"><span class=\"versanumer_2007\">24<\/span><\/a> \u00de\u00fa varst h\u00f6ggvinn af \u00feeim villta ol\u00eduvi\u00f0i sem \u00fe\u00fa ert a\u00f0 e\u00f0li til sprottinn af og varst gagnst\u00e6tt e\u00f0li n\u00e1tt\u00farunnar gr\u00e6ddur vi\u00f0 r\u00e6kta\u00f0an ol\u00eduvi\u00f0. Hve miklu fremur munu \u00fe\u00e1 \u00feessar n\u00e1tt\u00farulegu greinar ver\u00f0a gr\u00e6ddar vi\u00f0 sinn eigin ol\u00eduvi\u00f0?<\/p>\n<h3 class=\"millifyrirsogn_2007\">\u00cdsrael mun frelsast<\/h3>\n<p><a name=\"25\"><span class=\"versanumer_2007\">25<\/span><\/a> \u00c9g vil, br\u00e6\u00f0ur m\u00ednir og systur,<span class=\"nedan_mal\" title=\" Or\u00f0r\u00e9tt: br\u00e6\u00f0ur m\u00ednir.\">[<\/span> a\u00f0 \u00fei\u00f0 varist a\u00f0 ofmeta eigi\u00f0 hyggjuvit. \u00dev\u00ed vil \u00e9g a\u00f0 \u00fei\u00f0 \u00feekki\u00f0 \u00feennan leyndard\u00f3m: Nokkur hluti \u00cdsraels er forhertur or\u00f0inn og \u00fea\u00f0 varir uns allir hei\u00f0ingjar eru komnir inn. <a name=\"26\"><span class=\"versanumer_2007\">26<\/span><\/a> En \u00fe\u00e1 mun allur \u00cdsrael frelsast eins og rita\u00f0 er: \u201eFr\u00e1 S\u00edon mun frelsarinn koma og \u00fatr\u00fdma gu\u00f0leysi fr\u00e1 Jakob. <a name=\"27\"><span class=\"versanumer_2007\">27<\/span><\/a> Og \u00feetta er s\u00e1ttm\u00e1li minn vi\u00f0 \u00fe\u00e1 \u00feegar \u00e9g tek burt syndir \u00feeirra.\u201c <br \/> <a name=\"28\"><span class=\"versanumer_2007\">28<\/span><\/a> \u00cd lj\u00f3si fagna\u00f0arerindisins eru \u00feeir \u00f3vinir Gu\u00f0s. \u00dea\u00f0 var\u00f0 til \u00feess a\u00f0 \u00fei\u00f0 fengu\u00f0 a\u00f0 heyra fagna\u00f0arerindi\u00f0. En \u00ed lj\u00f3si \u00fatvalningar sinnar eru \u00feeir elska\u00f0ir sakir forfe\u00f0ranna. <a name=\"29\"><span class=\"versanumer_2007\">29<\/span><\/a> Gu\u00f0 i\u00f0rar ekki n\u00e1\u00f0argjafa sinna og k\u00f6llunar. <a name=\"30\"><span class=\"versanumer_2007\">30<\/span><\/a> \u00dei\u00f0 voru\u00f0 fyrrum \u00f3hl\u00fd\u00f0in Gu\u00f0i en hafi\u00f0 n\u00fa hloti\u00f0 miskunn vegna \u00f3hl\u00fd\u00f0ni \u00feeirra. <a name=\"31\"><span class=\"versanumer_2007\">31<\/span><\/a> Eins hafa \u00feeir n\u00fa or\u00f0i\u00f0 \u00f3hl\u00fd\u00f0nir svo a\u00f0 \u00fei\u00f0 hlytu\u00f0 miskunn til \u00feess a\u00f0 \u00feeim m\u00e6tti einnig ver\u00f0a miskunna\u00f0. <a name=\"32\"><span class=\"versanumer_2007\">32<\/span><\/a> Gu\u00f0 hefur gefi\u00f0 alla menn \u00f3hl\u00fd\u00f0ninni \u00e1 vald til \u00feess a\u00f0 hann geti miskunna\u00f0 \u00f6llum.<br \/> <a name=\"33\"><span class=\"versanumer_2007\">33<\/span><\/a> Hv\u00edl\u00edkt dj\u00fap r\u00edkd\u00f3ms, speki og \u00feekkingar Gu\u00f0s! Hversu \u00f3rannsakandi d\u00f3mar hans og \u00f3rekjandi vegir hans! <br \/> <span class=\"ljodatexti\"> <a name=\"34\"><span class=\"versanumer_ljod\">34<\/span><\/a> Hver hefur \u00feekkt huga Drottins? <br \/>E\u00f0a hver hefur veri\u00f0 r\u00e1\u00f0gjafi hans? <br \/> <\/span> <span class=\"ljodatexti\"> <a name=\"35\"><span class=\"versanumer_ljod\">35<\/span><\/a> Hver hefur a\u00f0 fyrra brag\u00f0i gefi\u00f0 honum <br \/>og \u00e1tt a\u00f0 f\u00e1 \u00fea\u00f0 endurgoldi\u00f0? <\/span> <br \/> <a name=\"36\"><span class=\"versanumer_2007\">36<\/span><\/a> Fr\u00e1 honum, fyrir hann og til hans eru allir hlutir. Honum s\u00e9 d\u00fdr\u00f0 um aldir alda. Amen.<\/p>\n","protected":false},"excerpt":{"rendered":"<p>Gu\u00f0 hefur ekki \u00fatsk\u00fafa\u00f0 l\u00fd\u00f0 s\u00ednum 1 \u00c9g spyr n\u00fa: Hefur Gu\u00f0 \u00fatsk\u00fafa\u00f0 l\u00fd\u00f0 s\u00ednum? \u00d6\u00f0ru n\u00e6r! Sj\u00e1lfur er \u00e9g \u00cdsraelsma\u00f0ur, af kyni Abrahams, \u00e6ttkv\u00edsl Benjam\u00edns. 2 Gu\u00f0 hefur ekki \u00fatsk\u00fafa\u00f0 l\u00fd\u00f0 s\u00ednum sem hann \u00feekkti fyrir fram. \u00c9g minni \u00e1 \u00fea\u00f0 sem Ritningin segir \u00ed kaflanum um El\u00eda, hvernig hann kemur fram fyrir Gu\u00f0 me\u00f0 k\u00e6ru \u00e1 hendur \u00cdsrael: 3 \u201eDrottinn, sp\u00e1menn \u00fe\u00edna hafa \u00feeir drepi\u00f0 og rifi\u00f0 ni\u00f0ur \u00f6lturu \u00fe\u00edn, \u00e9g er einn eftir og \u00feeir sitja um l\u00edf mitt.\u201c 4 En hva\u00f0a svar f\u00e6r hann hj\u00e1 Gu\u00f0i? \u201e\u00c9g hef teki\u00f0 fr\u00e1 handa m\u00e9r sj\u00f6 \u00fe\u00fasundir manna sem <a href=\"https:\/\/biblian.is\/biblian\/romverjabrefid-11-kafli\/\"> [&#8230;]<\/a><\/p>\n","protected":false},"author":1,"featured_media":0,"parent":0,"menu_order":0,"comment_status":"open","ping_status":"open","template":"bibliukaflar_NT.php","meta":{"footnotes":""},"class_list":["post-2674","page","type-page","status-publish","hentry"],"_links":{"self":[{"href":"https:\/\/biblian.is\/biblian\/wp-json\/wp\/v2\/pages\/2674","targetHints":{"allow":["GET"]}}],"collection":[{"href":"https:\/\/biblian.is\/biblian\/wp-json\/wp\/v2\/pages"}],"about":[{"href":"https:\/\/biblian.is\/biblian\/wp-json\/wp\/v2\/types\/page"}],"author":[{"embeddable":true,"href":"https:\/\/biblian.is\/biblian\/wp-json\/wp\/v2\/users\/1"}],"replies":[{"embeddable":true,"href":"https:\/\/biblian.is\/biblian\/wp-json\/wp\/v2\/comments?post=2674"}],"version-history":[{"count":0,"href":"https:\/\/biblian.is\/biblian\/wp-json\/wp\/v2\/pages\/2674\/revisions"}],"wp:attachment":[{"href":"https:\/\/biblian.is\/biblian\/wp-json\/wp\/v2\/media?parent=2674"}],"curies":[{"name":"wp","href":"https:\/\/api.w.org\/{rel}","templated":true}]}}