{"id":2673,"date":"2017-12-30T21:04:10","date_gmt":"2017-12-30T21:04:10","guid":{"rendered":"http:\/\/biblian.is\/biblian\/r%c2%97mverjabr%c2%8efi_-10-kafli\/"},"modified":"2019-08-26T23:36:50","modified_gmt":"2019-08-26T23:36:50","slug":"romverjabrefid-10-kafli","status":"publish","type":"page","link":"https:\/\/biblian.is\/biblian\/romverjabrefid-10-kafli\/","title":{"rendered":"R\u00f3mverjabr\u00e9fi\u00f0 10. kafli"},"content":{"rendered":"<h3 class=\"millifyrirsogn_2007\"> \u00cdsrael og fagna\u00f0arerindi\u00f0<\/h3>\n<p><a name=\"1\"><span class=\"versanumer_2007\">1<\/span><\/a> Systkin,<span class=\"nedan_mal\" title=\" Or\u00f0r\u00e9tt: Br\u00e6\u00f0ur.\">[<\/span> \u00fea\u00f0 er hjartans \u00f3sk m\u00edn og b\u00e6n til Gu\u00f0s a\u00f0 \u00feeir megi h\u00f3lpnir ver\u00f0a. <a name=\"2\"><span class=\"versanumer_2007\">2<\/span><\/a> \u00dea\u00f0 ber \u00e9g \u00feeim a\u00f0 \u00feeir eru heitir \u00ed tr\u00fa sinni \u00e1 Gu\u00f0 en skortir r\u00e9ttan skilning. <a name=\"3\"><span class=\"versanumer_2007\">3<\/span><\/a> \u00deeir \u00feekkja ekki r\u00e9ttl\u00e6ti\u00f0, sem Gu\u00f0 gefur, og reyna \u00fev\u00ed a\u00f0 \u00e1vinna s\u00e9r r\u00e9ttl\u00e6ti sj\u00e1lfir. \u00dev\u00ed hafa \u00feeir ekki gefi\u00f0 sig \u00e1 vald r\u00e9ttl\u00e6tinu fr\u00e1 Gu\u00f0i. <br \/> <a name=\"4\"><span class=\"versanumer_2007\">4<\/span><\/a> En Kristur lei\u00f0ir l\u00f6gm\u00e1li\u00f0 til lykta svo a\u00f0 n\u00fa r\u00e9ttl\u00e6tist s\u00e9rhver s\u00e1 sem tr\u00fair. <a name=\"5\"><span class=\"versanumer_2007\">5<\/span><\/a> M\u00f3se ritar um r\u00e9ttl\u00e6ti\u00f0 sem l\u00f6gm\u00e1li\u00f0 veitir: \u201eS\u00e1 ma\u00f0ur sem breytir eftir bo\u00f0um \u00feess mun l\u00edfi\u00f0 f\u00e1 af \u00fev\u00ed.\u201c <a name=\"6\"><span class=\"versanumer_2007\">6<\/span><\/a> En r\u00e9ttl\u00e6ti\u00f0 af tr\u00fanni m\u00e6lir \u00feannig: \u201eSeg \u00fe\u00fa ekki \u00ed hjarta \u00fe\u00ednu: Hver mun fara upp \u00ed himininn?\u201c \u00dea\u00f0 er: Til a\u00f0 s\u00e6kja Krist ofan. <a name=\"7\"><span class=\"versanumer_2007\">7<\/span><\/a> E\u00f0a: \u201eHver mun st\u00edga ni\u00f0ur \u00ed undirdj\u00fapi\u00f0?\u201c \u00dea\u00f0 er: Til a\u00f0 s\u00e6kja Krist upp fr\u00e1 dau\u00f0um. <a name=\"8\"><span class=\"versanumer_2007\">8<\/span><\/a> Hva\u00f0 segir \u00fea\u00f0 \u00fe\u00e1? \u201eN\u00e1l\u00e6gt \u00fe\u00e9r er or\u00f0i\u00f0, \u00ed munni \u00fe\u00ednum, \u00ed hjarta \u00fe\u00ednu.\u201c \u00dea\u00f0 er: Or\u00f0 tr\u00faarinnar sem vi\u00f0 pr\u00e9dikum. <a name=\"9\"><span class=\"versanumer_2007\">9<\/span><\/a> Ef \u00fe\u00fa j\u00e1tar me\u00f0 munni \u00fe\u00ednum: Jes\u00fas er Drottinn, og tr\u00fair \u00ed hjarta \u00fe\u00ednu a\u00f0 Gu\u00f0 hafi upp vaki\u00f0 hann fr\u00e1 dau\u00f0um ver\u00f0ur \u00fe\u00fa h\u00f3lpinn. <a name=\"10\"><span class=\"versanumer_2007\">10<\/span><\/a> Me\u00f0 hjartanu er tr\u00faa\u00f0 til r\u00e9ttl\u00e6tis, me\u00f0 munninum j\u00e1ta\u00f0 til hj\u00e1lpr\u00e6\u00f0is. <a name=\"11\"><span class=\"versanumer_2007\">11<\/span><\/a> Ritningin segir: Hver sem \u00e1 hann tr\u00fair ver\u00f0ur aldrei til vans\u00e6mdar. <a name=\"12\"><span class=\"versanumer_2007\">12<\/span><\/a> \u00cd \u00feessu er enginn munur \u00e1 Gy\u00f0ingum og Grikkjum. Hinn sami er Drottinn allra, fullr\u00edkur fyrir alla sem \u00e1kalla hann <a name=\"13\"><span class=\"versanumer_2007\">13<\/span><\/a> \u00fev\u00ed a\u00f0 \u201ehver sem \u00e1kallar nafn Drottins ver\u00f0ur h\u00f3lpinn\u201c.<br \/> <a name=\"14\"><span class=\"versanumer_2007\">14<\/span><\/a> En hvernig eiga menn a\u00f0 geta \u00e1kalla\u00f0 \u00feann sem \u00feeir tr\u00faa ekki \u00e1? Og hvernig eiga \u00feeir a\u00f0 tr\u00faa \u00e1 \u00feann sem \u00feeir hafa ekki heyrt um? Og hvernig eiga \u00feeir a\u00f0 heyra \u00e1n \u00feess a\u00f0 einhver pr\u00e9diki? <a name=\"15\"><span class=\"versanumer_2007\">15<\/span><\/a> Og hver getur pr\u00e9dika\u00f0 nema hann s\u00e9 sendur? Svo er og rita\u00f0: \u201eHversu fagurt er f\u00f3tatak \u00feeirra sem bo\u00f0a fagna\u00f0arerindi\u00f0 um hi\u00f0 g\u00f3\u00f0a.\u201c<br \/> <a name=\"16\"><span class=\"versanumer_2007\">16<\/span><\/a> En ekki t\u00f3ku allir vi\u00f0 fagna\u00f0arerindinu. Jesaja segir: \u201eDrottinn, hver tr\u00fa\u00f0i \u00fev\u00ed sem vi\u00f0 bo\u00f0u\u00f0um?\u201c <a name=\"17\"><span class=\"versanumer_2007\">17<\/span><\/a> Tr\u00fain kemur \u00feannig af \u00fev\u00ed a\u00f0 heyra. Og \u00fea\u00f0 sem heyrt er byggist \u00e1 or\u00f0um Krists.<br \/> <a name=\"18\"><span class=\"versanumer_2007\">18<\/span><\/a> En \u00e9g spyr: Hafa \u00feeir ekki heyrt? J\u00fa, vissulega, \u201ebo\u00f0skapur \u00feeirra hefur borist \u00fat um alla j\u00f6r\u00f0 og or\u00f0 \u00feeirra til endimarka heimsbygg\u00f0arinnar\u201c.<br \/> <a name=\"19\"><span class=\"versanumer_2007\">19<\/span><\/a> \u00de\u00e1 spyr \u00e9g: Skildi \u00cdsrael \u00fea\u00f0 ekki? Fyrstur segir M\u00f3se: \u201eVekja vil \u00e9g ykkur til afbr\u00fd\u00f0i gegn \u00fej\u00f3\u00f0 sem er ekki \u00fej\u00f3\u00f0, egna vil \u00e9g ykkur til rei\u00f0i gegn \u00f3viturri \u00fej\u00f3\u00f0.\u201c<br \/> <a name=\"20\"><span class=\"versanumer_2007\">20<\/span><\/a> Og Jesaja er svo djarfur a\u00f0 segja: \u201e\u00c9g hef l\u00e1ti\u00f0 \u00fe\u00e1 finna mig sem leitu\u00f0u m\u00edn ekki. \u00c9g er or\u00f0inn auglj\u00f3s \u00feeim sem spur\u00f0u ekki a\u00f0 m\u00e9r.\u201c <a name=\"21\"><span class=\"versanumer_2007\">21<\/span><\/a> En vi\u00f0 \u00cdsrael segir hann: \u201eAllan daginn breiddi \u00e9g \u00fat fa\u00f0minn m\u00f3ti \u00f3hl\u00fd\u00f0num og \u00feverbrotnum l\u00fd\u00f0.\u201c<\/p>\n","protected":false},"excerpt":{"rendered":"<p>\u00cdsrael og fagna\u00f0arerindi\u00f0 1 Systkin,[ \u00fea\u00f0 er hjartans \u00f3sk m\u00edn og b\u00e6n til Gu\u00f0s a\u00f0 \u00feeir megi h\u00f3lpnir ver\u00f0a. 2 \u00dea\u00f0 ber \u00e9g \u00feeim a\u00f0 \u00feeir eru heitir \u00ed tr\u00fa sinni \u00e1 Gu\u00f0 en skortir r\u00e9ttan skilning. 3 \u00deeir \u00feekkja ekki r\u00e9ttl\u00e6ti\u00f0, sem Gu\u00f0 gefur, og reyna \u00fev\u00ed a\u00f0 \u00e1vinna s\u00e9r r\u00e9ttl\u00e6ti sj\u00e1lfir. \u00dev\u00ed hafa \u00feeir ekki gefi\u00f0 sig \u00e1 vald r\u00e9ttl\u00e6tinu fr\u00e1 Gu\u00f0i. 4 En Kristur lei\u00f0ir l\u00f6gm\u00e1li\u00f0 til lykta svo a\u00f0 n\u00fa r\u00e9ttl\u00e6tist s\u00e9rhver s\u00e1 sem tr\u00fair. 5 M\u00f3se ritar um r\u00e9ttl\u00e6ti\u00f0 sem l\u00f6gm\u00e1li\u00f0 veitir: \u201eS\u00e1 ma\u00f0ur sem breytir eftir bo\u00f0um \u00feess mun l\u00edfi\u00f0 f\u00e1 af \u00fev\u00ed.\u201c 6 <a href=\"https:\/\/biblian.is\/biblian\/romverjabrefid-10-kafli\/\"> [&#8230;]<\/a><\/p>\n","protected":false},"author":1,"featured_media":0,"parent":0,"menu_order":0,"comment_status":"open","ping_status":"open","template":"bibliukaflar_NT.php","meta":{"footnotes":""},"class_list":["post-2673","page","type-page","status-publish","hentry"],"_links":{"self":[{"href":"https:\/\/biblian.is\/biblian\/wp-json\/wp\/v2\/pages\/2673","targetHints":{"allow":["GET"]}}],"collection":[{"href":"https:\/\/biblian.is\/biblian\/wp-json\/wp\/v2\/pages"}],"about":[{"href":"https:\/\/biblian.is\/biblian\/wp-json\/wp\/v2\/types\/page"}],"author":[{"embeddable":true,"href":"https:\/\/biblian.is\/biblian\/wp-json\/wp\/v2\/users\/1"}],"replies":[{"embeddable":true,"href":"https:\/\/biblian.is\/biblian\/wp-json\/wp\/v2\/comments?post=2673"}],"version-history":[{"count":0,"href":"https:\/\/biblian.is\/biblian\/wp-json\/wp\/v2\/pages\/2673\/revisions"}],"wp:attachment":[{"href":"https:\/\/biblian.is\/biblian\/wp-json\/wp\/v2\/media?parent=2673"}],"curies":[{"name":"wp","href":"https:\/\/api.w.org\/{rel}","templated":true}]}}