{"id":2671,"date":"2017-12-30T21:04:10","date_gmt":"2017-12-30T21:04:10","guid":{"rendered":"http:\/\/biblian.is\/biblian\/r%c2%97mverjabr%c2%8efi_-8-kafli\/"},"modified":"2019-08-26T23:36:52","modified_gmt":"2019-08-26T23:36:52","slug":"romverjabrefid-8-kafli","status":"publish","type":"page","link":"https:\/\/biblian.is\/biblian\/romverjabrefid-8-kafli\/","title":{"rendered":"R\u00f3mverjabr\u00e9fi\u00f0 8. kafli"},"content":{"rendered":"<h3 class=\"millifyrirsogn_2007\"> L\u00edfi\u00f0 \u00ed andanum<\/h3>\n<p><a name=\"1\"><span class=\"versanumer_2007\">1<\/span><\/a> N\u00fa er \u00fev\u00ed engin fyrird\u00e6ming b\u00fain \u00feeim sem eru \u00ed Kristi Jes\u00fa. <a name=\"2\"><span class=\"versanumer_2007\">2<\/span><\/a> \u00dev\u00ed a\u00f0 l\u00f6gm\u00e1l \u00feess anda sem l\u00edfi\u00f0 gefur \u00ed Kristi Jes\u00fa hefur frelsa\u00f0 mig<span class=\"nedan_mal\" title=\" Annar lesh\u00e1ttur: \u00feig.\">[<\/span> fr\u00e1 l\u00f6gm\u00e1li syndarinnar og dau\u00f0ans. <a name=\"3\"><span class=\"versanumer_2007\">3<\/span><\/a> \u00dea\u00f0 sem l\u00f6gm\u00e1linu var \u00f3gerlegt, \u00fear e\u00f0 \u00fea\u00f0 var vanmegna gagnvart sj\u00e1lfshyggju<span class=\"nedan_mal\" title=\" Or\u00f0r\u00e9tt: holdinu.\">[<\/span> mannsins, \u00fea\u00f0 ger\u00f0i Gu\u00f0 me\u00f0 \u00fev\u00ed a\u00f0 senda sinn eigin son \u00ed l\u00edkingu syndugs manns gegn syndinni og d\u00e6ma syndina \u00ed manninum. <a name=\"4\"><span class=\"versanumer_2007\">4<\/span><\/a> \u00dear me\u00f0 gat r\u00e9ttl\u00e6tiskr\u00f6fu l\u00f6gm\u00e1lsins or\u00f0i\u00f0 fulln\u00e6gt hj\u00e1 okkur sem andinn f\u00e6r a\u00f0 lei\u00f0a en ekki sj\u00e1lfshyggjan.<span class=\"nedan_mal\" title=\" Or\u00f0r\u00e9tt: holdi\u00f0.\">[<\/span> <a name=\"5\"><span class=\"versanumer_2007\">5<\/span><\/a> \u00deau sem stj\u00f3rnast af eigin hag<span class=\"nedan_mal\" title=\" Or\u00f0r\u00e9tt: af holdinu.\">[<\/span> hafa hugann vi\u00f0 \u00fea\u00f0 sem hann krefst. En \u00feau sem stj\u00f3rnast af anda Gu\u00f0s hafa hugann vi\u00f0 \u00fea\u00f0 sem hann vill. <a name=\"6\"><span class=\"versanumer_2007\">6<\/span><\/a> Sj\u00e1lfshyggjan<span class=\"nedan_mal\" title=\" Or\u00f0r\u00e9tt: Hyggja holdsins.\">[<\/span> er dau\u00f0i en hyggja andans l\u00edf og fri\u00f0ur. <a name=\"7\"><span class=\"versanumer_2007\">7<\/span><\/a> Sj\u00e1lfshyggjan<span class=\"nedan_mal\" title=\" Or\u00f0r\u00e9tt: Hyggja holdsins.\">[<\/span> er fjandsamleg Gu\u00f0i og l\u00fdtur ekki l\u00f6gm\u00e1li Gu\u00f0s, enda getur h\u00fan \u00fea\u00f0 ekki. <a name=\"8\"><span class=\"versanumer_2007\">8<\/span><\/a> \u00deau sem l\u00fata eigin hag<span class=\"nedan_mal\" title=\" Or\u00f0r\u00e9tt: holdinu.\">[<\/span> geta ekki \u00fe\u00f3knast Gu\u00f0i.<br \/> <a name=\"9\"><span class=\"versanumer_2007\">9<\/span><\/a> En \u00fei\u00f0 eru\u00f0 ekki \u00e1 hennar valdi heldur andans sem \u00ed ykkur b\u00fdr. En s\u00e1 sem hefur ekki anda Krists er ekki hans. <a name=\"10\"><span class=\"versanumer_2007\">10<\/span><\/a> Ef Kristur er \u00ed ykkur er l\u00edkaminn a\u00f0 s\u00f6nnu dau\u00f0ur \u00fev\u00ed a\u00f0 syndin er dau\u00f0 en andinn er l\u00edf sakir s\u00fdknunar Gu\u00f0s. <a name=\"11\"><span class=\"versanumer_2007\">11<\/span><\/a> Ef andi hans sem vakti Jes\u00fa fr\u00e1 dau\u00f0um b\u00fdr \u00ed ykkur \u00fe\u00e1 mun hann sem vakti Krist fr\u00e1 dau\u00f0um einnig l\u00edfga dau\u00f0lega l\u00edkami ykkar me\u00f0 anda s\u00ednum sem \u00ed ykkur b\u00fdr.<br \/> <a name=\"12\"><span class=\"versanumer_2007\">12<\/span><\/a> \u00deannig erum vi\u00f0, systkin,<span class=\"nedan_mal\" title=\" Or\u00f0r\u00e9tt: br\u00e6\u00f0ur.\">[<\/span> \u00ed skuld, ekki vi\u00f0 eigin hyggju<span class=\"nedan_mal\" title=\" Or\u00f0r\u00e9tt: holdi\u00f0.\">[<\/span> a\u00f0 vi\u00f0 skyldum l\u00fata henni <a name=\"13\"><span class=\"versanumer_2007\">13<\/span><\/a> \u00fev\u00ed a\u00f0 ef \u00fei\u00f0 geri\u00f0 \u00fea\u00f0 munu\u00f0 \u00fei\u00f0 deyja. En ef \u00fei\u00f0 l\u00e1ti\u00f0 anda Gu\u00f0s dey\u00f0a gj\u00f6r\u00f0ir sj\u00e1lfshyggjunnar<span class=\"nedan_mal\" title=\" Or\u00f0r\u00e9tt: holdsins.\">[<\/span> munu\u00f0 \u00fei\u00f0 lifa. <a name=\"14\"><span class=\"versanumer_2007\">14<\/span><\/a> Allir sem lei\u00f0ast af anda Gu\u00f0s eru Gu\u00f0s b\u00f6rn. <a name=\"15\"><span class=\"versanumer_2007\">15<\/span><\/a> \u00dei\u00f0 hafi\u00f0 ekki fengi\u00f0 anda sem hneppir \u00ed \u00fer\u00e6ld\u00f3m og lei\u00f0ir aftur til hr\u00e6\u00f0slu. \u00dei\u00f0 hafi\u00f0 fengi\u00f0 \u00feann anda sem gerir mann a\u00f0 barni Gu\u00f0s. \u00cd \u00feeim anda \u00e1k\u00f6llum vi\u00f0: \u201eAbba, fa\u00f0ir.\u201c <a name=\"16\"><span class=\"versanumer_2007\">16<\/span><\/a> Sj\u00e1lfur andinn vitnar me\u00f0 anda okkar a\u00f0 vi\u00f0 erum Gu\u00f0s b\u00f6rn. <a name=\"17\"><span class=\"versanumer_2007\">17<\/span><\/a> En ef vi\u00f0 erum b\u00f6rn erum vi\u00f0 l\u00edka erfingjar og \u00fea\u00f0 erfingjar Gu\u00f0s en samarfar Krists \u00fev\u00ed a\u00f0 vi\u00f0 l\u00ed\u00f0um me\u00f0 honum til \u00feess a\u00f0 vi\u00f0 ver\u00f0um einnig vegsamleg me\u00f0 honum.<\/p>\n<h3 class=\"millifyrirsogn_2007\">D\u00fdr\u00f0arfrelsi Gu\u00f0s barna<\/h3>\n<p><a name=\"18\"><span class=\"versanumer_2007\">18<\/span><\/a> \u00c9g l\u00edt svo \u00e1 a\u00f0 \u00fej\u00e1ningar \u00feessa t\u00edma s\u00e9u ekki neitt \u00ed samanbur\u00f0i vi\u00f0 \u00fe\u00e1 d\u00fdr\u00f0 sem \u00e1 okkur mun opinberast. <a name=\"19\"><span class=\"versanumer_2007\">19<\/span><\/a> \u00dev\u00ed a\u00f0 sk\u00f6punin vonar og \u00fer\u00e1ir a\u00f0 Gu\u00f0s b\u00f6rn ver\u00f0i opinber. <a name=\"20\"><span class=\"versanumer_2007\">20<\/span><\/a> Sk\u00f6punin er hneppt \u00ed \u00e1nau\u00f0 hverfulleikans, ekki sj\u00e1lfviljug heldur a\u00f0 vilja hans sem bau\u00f0 svo, <a name=\"21\"><span class=\"versanumer_2007\">21<\/span><\/a> \u00ed \u00feeirri von a\u00f0 sj\u00e1lf sk\u00f6punin ver\u00f0i leyst \u00far \u00e1nau\u00f0 sinni undir hverfulleikanum og f\u00e1i frelsi\u00f0 \u00ed d\u00fdr\u00f0inni me\u00f0 b\u00f6rnum Gu\u00f0s. <br \/> <a name=\"22\"><span class=\"versanumer_2007\">22<\/span><\/a> Vi\u00f0 vitum a\u00f0 \u00f6ll sk\u00f6punin stynur l\u00edka og hefur f\u00e6\u00f0ingarhr\u00ed\u00f0ir allt til \u00feessa. <a name=\"23\"><span class=\"versanumer_2007\">23<\/span><\/a> Og ekki \u00fea\u00f0 eitt, heldur stynjum vi\u00f0 sem eigum frumgr\u00f3\u00f0a andans einnig me\u00f0 sj\u00e1lfum okkur me\u00f0an vi\u00f0 b\u00ed\u00f0um \u00feeirrar st\u00f6\u00f0u Gu\u00f0s barna sem \u00ed v\u00e6ndum er me\u00f0 endurlausn l\u00edkama okkar. <a name=\"24\"><span class=\"versanumer_2007\">24<\/span><\/a> \u00cd \u00feessari von erum vi\u00f0 h\u00f3lpin. Von, sem menn sj\u00e1 fram komna, er ekki von. Hver vonar \u00fea\u00f0 sem hann s\u00e9r? <a name=\"25\"><span class=\"versanumer_2007\">25<\/span><\/a> En ef vi\u00f0 vonum \u00fea\u00f0 sem vi\u00f0 sj\u00e1um ekki b\u00ed\u00f0um vi\u00f0 \u00feess me\u00f0 \u00feolinm\u00e6\u00f0i.<br \/> <a name=\"26\"><span class=\"versanumer_2007\">26<\/span><\/a> Eins hj\u00e1lpar andinn okkur \u00ed veikleika okkar. Vi\u00f0 vitum ekki hvers vi\u00f0 eigum a\u00f0 bi\u00f0ja eins og ber en sj\u00e1lfur andinn bi\u00f0ur fyrir okkur me\u00f0 andv\u00f6rpum sem engum or\u00f0um ver\u00f0ur a\u00f0 komi\u00f0. <a name=\"27\"><span class=\"versanumer_2007\">27<\/span><\/a> En hann sem hj\u00f6rtun rannsakar veit hver hyggja andans er, a\u00f0 hann bi\u00f0ur fyrir heil\u00f6gum samkv\u00e6mt Gu\u00f0s vilja. <br \/> <a name=\"28\"><span class=\"versanumer_2007\">28<\/span><\/a> Vi\u00f0 vitum a\u00f0 \u00feeim sem Gu\u00f0 elska samverkar allt til g\u00f3\u00f0s, \u00feeim sem hann hefur kalla\u00f0 samkv\u00e6mt \u00e1kv\u00f6r\u00f0un sinni. <a name=\"29\"><span class=\"versanumer_2007\">29<\/span><\/a> \u00deau sem hann \u00feekkti fyrir fram hefur hann og fyrirhuga\u00f0 til \u00feess a\u00f0 m\u00f3tast eftir mynd sonar s\u00edns svo a\u00f0 hann s\u00e9 frumbur\u00f0ur me\u00f0al margra systkina.<span class=\"nedan_mal\" title=\" Or\u00f0r\u00e9tt: br\u00e6\u00f0ra.\">[<\/span> <a name=\"30\"><span class=\"versanumer_2007\">30<\/span><\/a> \u00deau sem hann fyrirhuga\u00f0i hefur hann og kalla\u00f0. \u00deau sem hann kalla\u00f0i hefur hann og r\u00e9ttl\u00e6tt og \u00feau sem hann r\u00e9ttl\u00e6tti hefur hann og gert vegsamleg. <\/p>\n<h3 class=\"millifyrirsogn_2007\">K\u00e6rleikur Gu\u00f0s \u00ed Kristi Jes\u00fa<\/h3>\n<p><a name=\"31\"><span class=\"versanumer_2007\">31<\/span><\/a> Hva\u00f0 eigum vi\u00f0 \u00fe\u00e1 a\u00f0 segja vi\u00f0 \u00feessu? Ef Gu\u00f0 er me\u00f0 okkur hver er \u00fe\u00e1 \u00e1 m\u00f3ti okkur? <a name=\"32\"><span class=\"versanumer_2007\">32<\/span><\/a> Hann sem \u00feyrmdi ekki s\u00ednum eigin syni heldur framseldi hann fyrir okkur \u00f6ll, hvort mundi hann ekki l\u00edka gefa okkur allt me\u00f0 honum? <a name=\"33\"><span class=\"versanumer_2007\">33<\/span><\/a> Hver skyldi \u00e1saka Gu\u00f0s \u00fatv\u00f6ldu? \u00dea\u00f0 er Gu\u00f0 sem s\u00fdknar. <a name=\"34\"><span class=\"versanumer_2007\">34<\/span><\/a> Hver sakfellir? Kristur Jes\u00fas er s\u00e1 sem d\u00e1inn er. Og meira en \u00fea\u00f0: Hann er upprisinn, hann er vi\u00f0 h\u00e6gri h\u00f6nd Gu\u00f0s og hann bi\u00f0ur fyrir okkur. <a name=\"35\"><span class=\"versanumer_2007\">35<\/span><\/a> Hver mun gera okkur vi\u00f0skila vi\u00f0 k\u00e6rleika Krists?<span class=\"nedan_mal\" title=\" Annar lesh\u00e1ttur: Gu\u00f0s.\">[<\/span> Mun \u00fej\u00e1ning geta \u00fea\u00f0 e\u00f0a \u00ferenging, ofs\u00f3kn, hungur e\u00f0a nekt, h\u00e1ski e\u00f0a sver\u00f0? <a name=\"36\"><span class=\"versanumer_2007\">36<\/span><\/a> \u00dea\u00f0 er eins og rita\u00f0 er: <br \/> <span class=\"ljodatexti\"> \u00de\u00edn vegna er okkur dau\u00f0i b\u00fainn allan daginn <br \/>og vi\u00f0 metin sem sl\u00e1turf\u00e9. <\/span> <br \/> <a name=\"37\"><span class=\"versanumer_2007\">37<\/span><\/a> Nei, \u00ed \u00f6llu \u00feessu vinnum vi\u00f0 fyllsta sigur \u00ed krafti hans sem elska\u00f0i okkur. <a name=\"38\"><span class=\"versanumer_2007\">38<\/span><\/a> \u00dev\u00ed a\u00f0 \u00e9g er \u00feess fullviss a\u00f0 hvorki dau\u00f0i n\u00e9 l\u00edf, englar n\u00e9 tignir, hvorki hi\u00f0 yfirstandandi n\u00e9 hi\u00f0 \u00f3komna, hvorki kraftar, <a name=\"39\"><span class=\"versanumer_2007\">39<\/span><\/a> h\u00e6\u00f0 n\u00e9 d\u00fdpt n\u00e9 nokku\u00f0 anna\u00f0 skapa\u00f0 muni geta gert okkur vi\u00f0skila vi\u00f0 k\u00e6rleika Gu\u00f0s sem birtist \u00ed Kristi Jes\u00fa, Drottni vorum. <\/p>\n","protected":false},"excerpt":{"rendered":"<p>L\u00edfi\u00f0 \u00ed andanum 1 N\u00fa er \u00fev\u00ed engin fyrird\u00e6ming b\u00fain \u00feeim sem eru \u00ed Kristi Jes\u00fa. 2 \u00dev\u00ed a\u00f0 l\u00f6gm\u00e1l \u00feess anda sem l\u00edfi\u00f0 gefur \u00ed Kristi Jes\u00fa hefur frelsa\u00f0 mig[ fr\u00e1 l\u00f6gm\u00e1li syndarinnar og dau\u00f0ans. 3 \u00dea\u00f0 sem l\u00f6gm\u00e1linu var \u00f3gerlegt, \u00fear e\u00f0 \u00fea\u00f0 var vanmegna gagnvart sj\u00e1lfshyggju[ mannsins, \u00fea\u00f0 ger\u00f0i Gu\u00f0 me\u00f0 \u00fev\u00ed a\u00f0 senda sinn eigin son \u00ed l\u00edkingu syndugs manns gegn syndinni og d\u00e6ma syndina \u00ed manninum. 4 \u00dear me\u00f0 gat r\u00e9ttl\u00e6tiskr\u00f6fu l\u00f6gm\u00e1lsins or\u00f0i\u00f0 fulln\u00e6gt hj\u00e1 okkur sem andinn f\u00e6r a\u00f0 lei\u00f0a en ekki sj\u00e1lfshyggjan.[ 5 \u00deau sem stj\u00f3rnast af eigin hag[ hafa hugann vi\u00f0 \u00fea\u00f0 <a href=\"https:\/\/biblian.is\/biblian\/romverjabrefid-8-kafli\/\"> [&#8230;]<\/a><\/p>\n","protected":false},"author":1,"featured_media":0,"parent":0,"menu_order":0,"comment_status":"open","ping_status":"open","template":"bibliukaflar_NT.php","meta":{"footnotes":""},"class_list":["post-2671","page","type-page","status-publish","hentry"],"_links":{"self":[{"href":"https:\/\/biblian.is\/biblian\/wp-json\/wp\/v2\/pages\/2671","targetHints":{"allow":["GET"]}}],"collection":[{"href":"https:\/\/biblian.is\/biblian\/wp-json\/wp\/v2\/pages"}],"about":[{"href":"https:\/\/biblian.is\/biblian\/wp-json\/wp\/v2\/types\/page"}],"author":[{"embeddable":true,"href":"https:\/\/biblian.is\/biblian\/wp-json\/wp\/v2\/users\/1"}],"replies":[{"embeddable":true,"href":"https:\/\/biblian.is\/biblian\/wp-json\/wp\/v2\/comments?post=2671"}],"version-history":[{"count":0,"href":"https:\/\/biblian.is\/biblian\/wp-json\/wp\/v2\/pages\/2671\/revisions"}],"wp:attachment":[{"href":"https:\/\/biblian.is\/biblian\/wp-json\/wp\/v2\/media?parent=2671"}],"curies":[{"name":"wp","href":"https:\/\/api.w.org\/{rel}","templated":true}]}}