{"id":2670,"date":"2017-12-30T21:04:10","date_gmt":"2017-12-30T21:04:10","guid":{"rendered":"http:\/\/biblian.is\/biblian\/r%c2%97mverjabr%c2%8efi_-7-kafli\/"},"modified":"2019-08-26T23:36:52","modified_gmt":"2019-08-26T23:36:52","slug":"romverjabrefid-7-kafli","status":"publish","type":"page","link":"https:\/\/biblian.is\/biblian\/romverjabrefid-7-kafli\/","title":{"rendered":"R\u00f3mverjabr\u00e9fi\u00f0 7. kafli"},"content":{"rendered":"<h3 class=\"millifyrirsogn_2007\"> D\u00e1in l\u00f6gm\u00e1linu<\/h3>\n<p><a name=\"1\"><span class=\"versanumer_2007\">1<\/span><\/a> \u00dei\u00f0 viti\u00f0, systkin<span class=\"nedan_mal\" title=\" Or\u00f0r\u00e9tt: br\u00e6\u00f0ur.\">[<\/span> &#8211; \u00e9g tala h\u00e9r vi\u00f0 menn sem \u00feekkja l\u00f6gm\u00e1li\u00f0 &#8211; a\u00f0 l\u00f6gm\u00e1li\u00f0 r\u00e6\u00f0ur ekki yfir manni lengur en hann lifir. <a name=\"2\"><span class=\"versanumer_2007\">2<\/span><\/a> \u00deannig er gift kona bundin manni s\u00ednum a\u00f0 l\u00f6gum me\u00f0an hann lifir. En deyi ma\u00f0urinn er h\u00fan leyst undan \u00fev\u00ed l\u00f6gm\u00e1li sem bindur hana honum. <a name=\"3\"><span class=\"versanumer_2007\">3<\/span><\/a> H\u00fan er \u00fev\u00ed talin h\u00f3rkona ef h\u00fan ver\u00f0ur annars manns a\u00f0 manni s\u00ednum lifandi. En deyi ma\u00f0ur hennar er h\u00fan laus undan \u00fev\u00ed l\u00f6gm\u00e1li og telst ekki h\u00f3rkona \u00fe\u00f3tt h\u00fan ver\u00f0i annars manns. <br \/> <a name=\"4\"><span class=\"versanumer_2007\">4<\/span><\/a> Eins er um ykkur, br\u00e6\u00f0ur m\u00ednir og systur.<span class=\"nedan_mal\" title=\" Or\u00f0r\u00e9tt: br\u00e6\u00f0ur m\u00ednir.\">[<\/span> \u00dei\u00f0 hafi\u00f0 d\u00e1i\u00f0 me\u00f0 Kristi og um lei\u00f0 fengi\u00f0 lausn undan l\u00f6gm\u00e1linu og hafi\u00f0 gefist \u00f6\u00f0rum, honum sem var upp vakinn fr\u00e1 dau\u00f0um svo a\u00f0 vi\u00f0 m\u00e6ttum bera Gu\u00f0i \u00e1v\u00f6xt. <a name=\"5\"><span class=\"versanumer_2007\">5<\/span><\/a> \u00deegar vi\u00f0 lutum okkar spillta e\u00f0li<span class=\"nedan_mal\" title=\" Or\u00f0r\u00e9tt: lif\u00f0um a\u00f0 holdsins h\u00e6tti.\">[<\/span> voru syndugar \u00e1str\u00ed\u00f0ur, vaktar af l\u00f6gm\u00e1linu, virkar \u00ed limum okkar svo a\u00f0 vi\u00f0 b\u00e1rum dau\u00f0anum \u00e1v\u00f6xt. <a name=\"6\"><span class=\"versanumer_2007\">6<\/span><\/a> En n\u00fa erum vi\u00f0 leyst undan l\u00f6gm\u00e1linu og d\u00e1in fr\u00e1 \u00fev\u00ed sem \u00e1\u00f0ur h\u00e9lt okkur \u00ed fj\u00f6trum og getum \u00fev\u00ed \u00fej\u00f3na\u00f0 me\u00f0 n\u00fdju l\u00edfi andans en ekki me\u00f0 fylgd vi\u00f0 fornan lagab\u00f3kstaf. <\/p>\n<h3 class=\"millifyrirsogn_2007\">L\u00f6gm\u00e1li\u00f0 og syndin<\/h3>\n<p><a name=\"7\"><span class=\"versanumer_2007\">7<\/span><\/a> Hva\u00f0 er \u00fe\u00e1 meira a\u00f0 segja? Er l\u00f6gm\u00e1li\u00f0 synd? Fjarri fer \u00fev\u00ed. Sannleikurinn er s\u00e1 a\u00f0 \u00e1n l\u00f6gm\u00e1lsins hef\u00f0i \u00e9g ekki vita\u00f0 hva\u00f0 synd er. \u00c9g hef\u00f0i ekki vita\u00f0 um girndina hef\u00f0i l\u00f6gm\u00e1li\u00f0 ekki sagt: \u201e\u00de\u00fa skalt ekki girnast.\u201c <a name=\"8\"><span class=\"versanumer_2007\">8<\/span><\/a> En syndin neytti f\u00e6ris me\u00f0 bo\u00f0or\u00f0inu og vakti me\u00f0 m\u00e9r alls kyns girnd. \u00c1n l\u00f6gm\u00e1ls er syndin dau\u00f0. <a name=\"9\"><span class=\"versanumer_2007\">9<\/span><\/a> \u00c9g lif\u00f0i einu sinni \u00e1n l\u00f6gm\u00e1ls. En \u00feegar bo\u00f0or\u00f0i\u00f0 kom lifna\u00f0i syndin en \u00e9g d\u00f3. <a name=\"10\"><span class=\"versanumer_2007\">10<\/span><\/a> Bo\u00f0or\u00f0i\u00f0, sem \u00e1tti a\u00f0 ver\u00f0a til l\u00edfs, reyndist vera m\u00e9r til dau\u00f0a <a name=\"11\"><span class=\"versanumer_2007\">11<\/span><\/a> \u00fev\u00ed a\u00f0 syndin f\u00e9kk f\u00e6ri me\u00f0 bo\u00f0or\u00f0inu, t\u00e6ldi mig og deyddi me\u00f0 \u00fev\u00ed. <a name=\"12\"><span class=\"versanumer_2007\">12<\/span><\/a> L\u00f6gm\u00e1li\u00f0 er vissulega heilagt, bo\u00f0or\u00f0i\u00f0 heilagt, r\u00e9ttl\u00e1tt og gott.<br \/> <a name=\"13\"><span class=\"versanumer_2007\">13<\/span><\/a> Var\u00f0 \u00fe\u00e1 hi\u00f0 g\u00f3\u00f0a m\u00e9r til dau\u00f0a? Fjarri fer \u00fev\u00ed. Nei, \u00fea\u00f0 var syndin. Til \u00feess a\u00f0 h\u00fan yr\u00f0i ber a\u00f0 \u00fev\u00ed a\u00f0 vera synd olli h\u00fan m\u00e9r dau\u00f0a me\u00f0 \u00fev\u00ed sem gott er. \u00deannig skyldi bo\u00f0or\u00f0i\u00f0 s\u00fdna hve skelfileg syndin er. <br \/> <a name=\"14\"><span class=\"versanumer_2007\">14<\/span><\/a> Vita\u00f0 er a\u00f0 l\u00f6gm\u00e1li\u00f0 er andlegt en \u00e9g er jar\u00f0neskt hold, \u00ed greipum syndarinnar. <a name=\"15\"><span class=\"versanumer_2007\">15<\/span><\/a> \u00c9g skil ekki hva\u00f0 \u00e9g a\u00f0hefst. \u00dea\u00f0 sem \u00e9g vil geri \u00e9g ekki, hitt sem \u00e9g hata, \u00fea\u00f0 geri \u00e9g. <a name=\"16\"><span class=\"versanumer_2007\">16<\/span><\/a> Fyrst \u00e9g geri \u00fea\u00f0 sem \u00e9g vil ekki er \u00e9g sam\u00feykkur l\u00f6gm\u00e1linu, a\u00f0 \u00fea\u00f0 s\u00e9 gott. <a name=\"17\"><span class=\"versanumer_2007\">17<\/span><\/a> En \u00fe\u00e1 er \u00fea\u00f0 ekki framar \u00e9g sj\u00e1lfur sem geri \u00feetta heldur syndin sem \u00ed m\u00e9r b\u00fdr. <br \/> <a name=\"18\"><span class=\"versanumer_2007\">18<\/span><\/a> \u00c9g veit a\u00f0 ekki b\u00fdr neitt gott \u00ed m\u00e9r, \u00fea\u00f0 er \u00ed spilltu e\u00f0li m\u00ednu.<span class=\"nedan_mal\" title=\" Or\u00f0r\u00e9tt: \u00ed holdi m\u00ednu.\">[<\/span> A\u00f0 vilja veitist m\u00e9r au\u00f0velt en mig skortir alla getu til g\u00f3\u00f0s. <a name=\"19\"><span class=\"versanumer_2007\">19<\/span><\/a> Hi\u00f0 g\u00f3\u00f0a, sem \u00e9g vil, geri \u00e9g ekki en hi\u00f0 vonda, sem \u00e9g vil ekki, \u00fea\u00f0 geri \u00e9g. <a name=\"20\"><span class=\"versanumer_2007\">20<\/span><\/a> En ef \u00e9g geri \u00fea\u00f0 sem \u00e9g vil ekki, \u00fe\u00e1 er \u00fea\u00f0 ekki lengur \u00e9g sj\u00e1lfur sem framkv\u00e6mi \u00fea\u00f0 heldur syndin sem \u00ed m\u00e9r b\u00fdr.<br \/> <a name=\"21\"><span class=\"versanumer_2007\">21<\/span><\/a> \u00deannig reynist m\u00e9r \u00fea\u00f0 sem regla a\u00f0 \u00fe\u00f3tt \u00e9g vilji gera hi\u00f0 g\u00f3\u00f0a er hi\u00f0 illa m\u00e9r tamast. <a name=\"22\"><span class=\"versanumer_2007\">22<\/span><\/a> \u00cd hjarta m\u00ednu hef \u00e9g m\u00e6tur \u00e1 l\u00f6gm\u00e1li Gu\u00f0s <a name=\"23\"><span class=\"versanumer_2007\">23<\/span><\/a> en \u00e9g s\u00e9 anna\u00f0 l\u00f6gm\u00e1l \u00ed limum m\u00ednum og \u00fea\u00f0 str\u00ed\u00f0ir gegn l\u00f6gm\u00e1li hugar m\u00edns, hertekur mig undir l\u00f6gm\u00e1l syndarinnar \u00ed limum m\u00ednum. <br \/> <a name=\"24\"><span class=\"versanumer_2007\">24<\/span><\/a> \u00c9g aumur ma\u00f0ur! Hver frelsar mig fr\u00e1 \u00feessum dau\u00f0ans l\u00edkama? Gu\u00f0i s\u00e9 lof a\u00f0 Jes\u00fas Kristur, Drottinn vor, frelsar. En sem sagt: Sj\u00e1lfur \u00fej\u00f3na \u00e9g l\u00f6gm\u00e1li Gu\u00f0s me\u00f0 huga m\u00ednum en l\u00f6gm\u00e1li syndarinnar me\u00f0 ytri gj\u00f6r\u00f0um.<span class=\"nedan_mal\" title=\" Or\u00f0r\u00e9tt: me\u00f0 holdinu.\">[<\/span> <\/p>\n","protected":false},"excerpt":{"rendered":"<p>D\u00e1in l\u00f6gm\u00e1linu 1 \u00dei\u00f0 viti\u00f0, systkin[ &#8211; \u00e9g tala h\u00e9r vi\u00f0 menn sem \u00feekkja l\u00f6gm\u00e1li\u00f0 &#8211; a\u00f0 l\u00f6gm\u00e1li\u00f0 r\u00e6\u00f0ur ekki yfir manni lengur en hann lifir. 2 \u00deannig er gift kona bundin manni s\u00ednum a\u00f0 l\u00f6gum me\u00f0an hann lifir. En deyi ma\u00f0urinn er h\u00fan leyst undan \u00fev\u00ed l\u00f6gm\u00e1li sem bindur hana honum. 3 H\u00fan er \u00fev\u00ed talin h\u00f3rkona ef h\u00fan ver\u00f0ur annars manns a\u00f0 manni s\u00ednum lifandi. En deyi ma\u00f0ur hennar er h\u00fan laus undan \u00fev\u00ed l\u00f6gm\u00e1li og telst ekki h\u00f3rkona \u00fe\u00f3tt h\u00fan ver\u00f0i annars manns. 4 Eins er um ykkur, br\u00e6\u00f0ur m\u00ednir og systur.[ \u00dei\u00f0 hafi\u00f0 d\u00e1i\u00f0 me\u00f0 Kristi <a href=\"https:\/\/biblian.is\/biblian\/romverjabrefid-7-kafli\/\"> [&#8230;]<\/a><\/p>\n","protected":false},"author":1,"featured_media":0,"parent":0,"menu_order":0,"comment_status":"open","ping_status":"open","template":"bibliukaflar_NT.php","meta":{"footnotes":""},"class_list":["post-2670","page","type-page","status-publish","hentry"],"_links":{"self":[{"href":"https:\/\/biblian.is\/biblian\/wp-json\/wp\/v2\/pages\/2670","targetHints":{"allow":["GET"]}}],"collection":[{"href":"https:\/\/biblian.is\/biblian\/wp-json\/wp\/v2\/pages"}],"about":[{"href":"https:\/\/biblian.is\/biblian\/wp-json\/wp\/v2\/types\/page"}],"author":[{"embeddable":true,"href":"https:\/\/biblian.is\/biblian\/wp-json\/wp\/v2\/users\/1"}],"replies":[{"embeddable":true,"href":"https:\/\/biblian.is\/biblian\/wp-json\/wp\/v2\/comments?post=2670"}],"version-history":[{"count":0,"href":"https:\/\/biblian.is\/biblian\/wp-json\/wp\/v2\/pages\/2670\/revisions"}],"wp:attachment":[{"href":"https:\/\/biblian.is\/biblian\/wp-json\/wp\/v2\/media?parent=2670"}],"curies":[{"name":"wp","href":"https:\/\/api.w.org\/{rel}","templated":true}]}}