{"id":2668,"date":"2017-12-30T21:04:10","date_gmt":"2017-12-30T21:04:10","guid":{"rendered":"http:\/\/biblian.is\/biblian\/r%c2%97mverjabr%c2%8efi_-5-kafli\/"},"modified":"2019-08-26T23:36:51","modified_gmt":"2019-08-26T23:36:51","slug":"romverjabrefid-5-kafli","status":"publish","type":"page","link":"https:\/\/biblian.is\/biblian\/romverjabrefid-5-kafli\/","title":{"rendered":"R\u00f3mverjabr\u00e9fi\u00f0 5. kafli"},"content":{"rendered":"<h3 class=\"millifyrirsogn_2007\"> R\u00e9ttl\u00e6tt af tr\u00fa<\/h3>\n<p><a name=\"1\"><span class=\"versanumer_2007\">1<\/span><\/a> R\u00e9ttl\u00e6tt af tr\u00fa h\u00f6fum vi\u00f0 \u00fev\u00ed fri\u00f0 vi\u00f0 Gu\u00f0 sakir Drottins vors Jes\u00fa Krists. <a name=\"2\"><span class=\"versanumer_2007\">2<\/span><\/a> Hann hefur veitt okkur a\u00f0gang a\u00f0 \u00feeirri n\u00e1\u00f0 sem vi\u00f0 lifum \u00ed og vi\u00f0 f\u00f6gnum \u00ed voninni um d\u00fdr\u00f0 Gu\u00f0s. <a name=\"3\"><span class=\"versanumer_2007\">3<\/span><\/a> En ekki a\u00f0eins \u00fea\u00f0: Vi\u00f0 f\u00f6gnum l\u00edka \u00ed \u00ferengingum \u00fear e\u00f0 vi\u00f0 vitum a\u00f0 \u00ferengingin <a name=\"4\"><span class=\"versanumer_2007\">4<\/span><\/a> veitir \u00feolg\u00e6\u00f0i en \u00feolg\u00e6\u00f0i gerir mann fullreyndan og fullreyndur \u00e1 vonina. <a name=\"5\"><span class=\"versanumer_2007\">5<\/span><\/a> Og vonin bregst okkur ekki. \u00dev\u00ed a\u00f0 k\u00e6rleikur Gu\u00f0s hefur streymt inn \u00ed hj\u00f6rtu okkar me\u00f0 heil\u00f6gum anda sem okkur er gefinn.<br \/> <a name=\"6\"><span class=\"versanumer_2007\">6<\/span><\/a> Me\u00f0an vi\u00f0 enn vorum vanmegna d\u00f3 Kristur \u00e1 settum t\u00edma fyrir \u00f3gu\u00f0lega. <a name=\"7\"><span class=\"versanumer_2007\">7<\/span><\/a> Varla gengur nokkur \u00ed dau\u00f0ann fyrir r\u00e9ttl\u00e1tan mann. Fyrir g\u00f3\u00f0an mann kynni einhver ef til vill a\u00f0 vilja deyja. <a name=\"8\"><span class=\"versanumer_2007\">8<\/span><\/a> En Gu\u00f0 au\u00f0s\u00fdnir k\u00e6rleika sinn til okkar \u00ed \u00fev\u00ed a\u00f0 Kristur d\u00f3 fyrir okkur \u00feegar vi\u00f0 vorum enn syndarar. <a name=\"9\"><span class=\"versanumer_2007\">9<\/span><\/a> \u00dev\u00ed fremur mun hann n\u00fa frelsa okkur fr\u00e1 rei\u00f0inni \u00fear sem vi\u00f0 erum r\u00e9ttl\u00e6tt fyrir bl\u00f3\u00f0 Krists. <a name=\"10\"><span class=\"versanumer_2007\">10<\/span><\/a> Hafi Gu\u00f0, \u00feegar vi\u00f0 vorum \u00f3vinir hans, teki\u00f0 okkur \u00ed s\u00e1tt me\u00f0 dau\u00f0a sonar s\u00edns, mun hann \u00fev\u00ed fremur n\u00fa, \u00feegar hann hefur s\u00e6tt okkur vi\u00f0 sig, frelsa okkur me\u00f0 l\u00edfi hans. <a name=\"11\"><span class=\"versanumer_2007\">11<\/span><\/a> Og ekki \u00fea\u00f0 eitt, heldur f\u00f6gnum vi\u00f0 \u00ed Gu\u00f0i vegna Drottins vors Jes\u00fa Krists sem hefur s\u00e6tt okkur vi\u00f0 Gu\u00f0.<\/p>\n<h3 class=\"millifyrirsogn_2007\">Adam og Kristur<\/h3>\n<p><a name=\"12\"><span class=\"versanumer_2007\">12<\/span><\/a> Syndin kom inn \u00ed heiminn me\u00f0 einum manni og dau\u00f0inn me\u00f0 syndinni. \u00deannig er dau\u00f0inn runninn til allra manna \u00fev\u00ed a\u00f0 allir syndgu\u00f0u \u00feeir. <a name=\"13\"><span class=\"versanumer_2007\">13<\/span><\/a> V\u00edst var syndin \u00ed heiminum \u00e1\u00f0ur en l\u00f6gm\u00e1li\u00f0 kom til en synd ver\u00f0ur ekki metin til sektar ef ekkert er l\u00f6gm\u00e1l. <a name=\"14\"><span class=\"versanumer_2007\">14<\/span><\/a> Samt r\u00edkti dau\u00f0inn fr\u00e1 Adam til M\u00f3se, einnig yfir \u00feeim sem h\u00f6f\u00f0u ekki syndga\u00f0 \u00e1 s\u00f6mu lund og Adam en hann er fyrirmyndan Krists sem koma \u00e1tti.<br \/> <a name=\"15\"><span class=\"versanumer_2007\">15<\/span><\/a> En n\u00e1\u00f0argj\u00f6f Gu\u00f0s og falli Adams ver\u00f0ur ekki jafna\u00f0 saman. Einn ma\u00f0ur f\u00e9ll og vi\u00f0 \u00fea\u00f0 d\u00f3u allir, en einn ma\u00f0ur, Jes\u00fas Kristur, er s\u00fa n\u00e1\u00f0argj\u00f6f Gu\u00f0s sem allir skulu nj\u00f3ta \u00f3m\u00e6lt. <a name=\"16\"><span class=\"versanumer_2007\">16<\/span><\/a> Og ekki ver\u00f0ur \u00feeirri gj\u00f6f jafna\u00f0 til \u00feess sem leiddi af synd hins eina manns. \u00dev\u00ed a\u00f0 d\u00f3murinn vegna \u00feess sem hinn eini haf\u00f0i gert var\u00f0 sektard\u00f3mur yfir \u00f6llum en n\u00e1\u00f0argj\u00f6fin er s\u00fdknud\u00f3mur handa \u00f6llum sem brutu. <a name=\"17\"><span class=\"versanumer_2007\">17<\/span><\/a> Ef misgj\u00f6r\u00f0 hins eina manns leiddi til \u00feess a\u00f0 dau\u00f0inn t\u00f3k v\u00f6ld me\u00f0 \u00feeim eina manni, hve miklu fremur munu n\u00fa \u00feeir sem \u00feiggja hina \u00f3m\u00e6lanlegu gj\u00f6f n\u00e1\u00f0ar og s\u00fdknunar f\u00e1 l\u00edf og r\u00edki vegna hins eina, Jes\u00fa Krists. <br \/> <a name=\"18\"><span class=\"versanumer_2007\">18<\/span><\/a> Allir ur\u00f0u sekir vegna afbrots eins. Svo ver\u00f0a allir s\u00fdknir og \u00f6\u00f0last l\u00edf sakir \u00feess fullkomna verks sem einn vann. <a name=\"19\"><span class=\"versanumer_2007\">19<\/span><\/a> Allir ur\u00f0u syndarar vegna \u00f3hl\u00fd\u00f0ni eins manns. Eins ver\u00f0a allir l\u00fdstir s\u00fdknir saka vegna hl\u00fd\u00f0ni hins eina. <br \/> <a name=\"20\"><span class=\"versanumer_2007\">20<\/span><\/a> H\u00e9r vi\u00f0 b\u00e6ttist svo l\u00f6gm\u00e1li\u00f0 til \u00feess a\u00f0 afbrotin yr\u00f0u s\u00fdnilegri. En a\u00f0 sama skapi sem syndin \u00f3x var\u00f0 n\u00e1\u00f0in r\u00edkulegri. <a name=\"21\"><span class=\"versanumer_2007\">21<\/span><\/a> Eins og syndin r\u00edkti me\u00f0 dau\u00f0anum \u00e1 n\u00e1\u00f0in a\u00f0 r\u00edkja me\u00f0 r\u00e9ttl\u00e6tinu og lei\u00f0a til eil\u00edfs l\u00edfs \u00ed Jes\u00fa Kristi, Drottni vorum.<\/p>\n","protected":false},"excerpt":{"rendered":"<p>R\u00e9ttl\u00e6tt af tr\u00fa 1 R\u00e9ttl\u00e6tt af tr\u00fa h\u00f6fum vi\u00f0 \u00fev\u00ed fri\u00f0 vi\u00f0 Gu\u00f0 sakir Drottins vors Jes\u00fa Krists. 2 Hann hefur veitt okkur a\u00f0gang a\u00f0 \u00feeirri n\u00e1\u00f0 sem vi\u00f0 lifum \u00ed og vi\u00f0 f\u00f6gnum \u00ed voninni um d\u00fdr\u00f0 Gu\u00f0s. 3 En ekki a\u00f0eins \u00fea\u00f0: Vi\u00f0 f\u00f6gnum l\u00edka \u00ed \u00ferengingum \u00fear e\u00f0 vi\u00f0 vitum a\u00f0 \u00ferengingin 4 veitir \u00feolg\u00e6\u00f0i en \u00feolg\u00e6\u00f0i gerir mann fullreyndan og fullreyndur \u00e1 vonina. 5 Og vonin bregst okkur ekki. \u00dev\u00ed a\u00f0 k\u00e6rleikur Gu\u00f0s hefur streymt inn \u00ed hj\u00f6rtu okkar me\u00f0 heil\u00f6gum anda sem okkur er gefinn. 6 Me\u00f0an vi\u00f0 enn vorum vanmegna d\u00f3 Kristur \u00e1 settum <a href=\"https:\/\/biblian.is\/biblian\/romverjabrefid-5-kafli\/\"> [&#8230;]<\/a><\/p>\n","protected":false},"author":1,"featured_media":0,"parent":0,"menu_order":0,"comment_status":"open","ping_status":"open","template":"bibliukaflar_NT.php","meta":{"footnotes":""},"class_list":["post-2668","page","type-page","status-publish","hentry"],"_links":{"self":[{"href":"https:\/\/biblian.is\/biblian\/wp-json\/wp\/v2\/pages\/2668","targetHints":{"allow":["GET"]}}],"collection":[{"href":"https:\/\/biblian.is\/biblian\/wp-json\/wp\/v2\/pages"}],"about":[{"href":"https:\/\/biblian.is\/biblian\/wp-json\/wp\/v2\/types\/page"}],"author":[{"embeddable":true,"href":"https:\/\/biblian.is\/biblian\/wp-json\/wp\/v2\/users\/1"}],"replies":[{"embeddable":true,"href":"https:\/\/biblian.is\/biblian\/wp-json\/wp\/v2\/comments?post=2668"}],"version-history":[{"count":0,"href":"https:\/\/biblian.is\/biblian\/wp-json\/wp\/v2\/pages\/2668\/revisions"}],"wp:attachment":[{"href":"https:\/\/biblian.is\/biblian\/wp-json\/wp\/v2\/media?parent=2668"}],"curies":[{"name":"wp","href":"https:\/\/api.w.org\/{rel}","templated":true}]}}