{"id":2666,"date":"2017-12-30T21:04:10","date_gmt":"2017-12-30T21:04:10","guid":{"rendered":"http:\/\/biblian.is\/biblian\/r%c2%97mverjabr%c2%8efi_-3-kafli\/"},"modified":"2019-08-26T23:36:51","modified_gmt":"2019-08-26T23:36:51","slug":"romverjabrefid-3-kafli","status":"publish","type":"page","link":"https:\/\/biblian.is\/biblian\/romverjabrefid-3-kafli\/","title":{"rendered":"R\u00f3mverjabr\u00e9fi\u00f0 3. kafli"},"content":{"rendered":"<p><a name=\"1\"><span class=\"versanumer_2007\">1<\/span><\/a> Hva\u00f0 hefur \u00fe\u00e1 Gy\u00f0ingurinn fram yfir a\u00f0ra? E\u00f0a hvert er gagn umskurnarinnar? <a name=\"2\"><span class=\"versanumer_2007\">2<\/span><\/a> Miki\u00f0 \u00e1 allan h\u00e1tt. Fyrst og helst er \u00fea\u00f0 a\u00f0 Gu\u00f0 hefur tr\u00faa\u00f0 Gy\u00f0ingum fyrir or\u00f0um s\u00ednum. <a name=\"3\"><span class=\"versanumer_2007\">3<\/span><\/a> Sumir \u00feeirra hafa brug\u00f0ist. Hva\u00f0 um \u00fea\u00f0? Getur \u00fea\u00f0 gert tr\u00fafesti Gu\u00f0s a\u00f0 engu? <a name=\"4\"><span class=\"versanumer_2007\">4<\/span><\/a> Fjarri fer \u00fev\u00ed. Gu\u00f0 skal reynast sannor\u00f0ur \u00fe\u00f3tt s\u00e9rhver ma\u00f0ur reyndist lygari. Eins og rita\u00f0 er: \u201eTil \u00feess a\u00f0 \u00fe\u00fa reynist r\u00e9ttl\u00e1tur \u00ed or\u00f0um \u00fe\u00ednum og vinnir \u00feegar \u00fe\u00fa \u00e1tt m\u00e1l a\u00f0 verja.\u201c<br \/> <a name=\"5\"><span class=\"versanumer_2007\">5<\/span><\/a> En ef rangl\u00e6ti okkar sta\u00f0festir r\u00e9ttl\u00e6ti Gu\u00f0s hva\u00f0 eigum vi\u00f0 \u00fe\u00e1 a\u00f0 segja? Skyldi Gu\u00f0, svo a\u00f0 \u00e9g tj\u00e1i mig eins og menn gera, vera rangl\u00e1tur \u00feegar hann tj\u00e1ir rei\u00f0i s\u00edna? <a name=\"6\"><span class=\"versanumer_2007\">6<\/span><\/a> Fjarri fer \u00fev\u00ed. Hvernig m\u00e6tti Gu\u00f0 \u00fe\u00e1 d\u00e6ma heiminn?<br \/> <a name=\"7\"><span class=\"versanumer_2007\">7<\/span><\/a> En ver\u00f0i sannleiki Gu\u00f0s sk\u00fdrari, honum til d\u00fdr\u00f0ar, vi\u00f0 a\u00f0 s\u00fdna a\u00f0 \u00e9g er lygari, hvers vegna \u00e1 \u00e9g \u00fe\u00e1 a\u00f0 d\u00e6mast sem syndari? <a name=\"8\"><span class=\"versanumer_2007\">8<\/span><\/a> Eigum vi\u00f0 \u00fe\u00e1 ekki a\u00f0 gera hi\u00f0 illa til \u00feess a\u00f0 hi\u00f0 g\u00f3\u00f0a komi fram? Sumir bera mig \u00feeim \u00f3hr\u00f3\u00f0ri a\u00f0 \u00e9g kenni \u00feetta. \u00deeir munu f\u00e1 ver\u00f0skulda\u00f0an d\u00f3m.<\/p>\n<h3 class=\"millifyrirsogn_2007\">Enginn er r\u00e9ttl\u00e1tur<\/h3>\n<p><a name=\"9\"><span class=\"versanumer_2007\">9<\/span><\/a> Hva\u00f0 \u00fe\u00e1? H\u00f6fum vi\u00f0 Gy\u00f0ingar \u00fe\u00e1 nokku\u00f0 fram yfir a\u00f0ra? Nei, alls ekki. \u00c9g hef \u00e1\u00f0ur l\u00fdst s\u00f6mu s\u00f6k \u00e1 hendur Gy\u00f0ingum jafnt sem Grikkjum, a\u00f0 \u00feeir v\u00e6ru allir \u00e1 valdi syndarinnar. <a name=\"10\"><span class=\"versanumer_2007\">10<\/span><\/a> Eins og rita\u00f0 er: <br \/> <span class=\"ljodatexti\"> Enginn er r\u00e9ttl\u00e1tur, ekki einn,<br \/> <\/span> <span class=\"ljodatexti\"> <a name=\"11\"><span class=\"versanumer_ljod\">11<\/span><\/a>enginn er vitur, enginn sem leitar Gu\u00f0s.<br \/> <\/span> <span class=\"ljodatexti\"> <a name=\"12\"><span class=\"versanumer_ljod\">12<\/span><\/a>Allir hafa \u00feeir villst af vegi, allir eru spilltir.<br \/>Enginn er s\u00e1 er gerir hi\u00f0 g\u00f3\u00f0a, ekki neinn.<br \/> <\/span> <span class=\"ljodatexti\"> <a name=\"13\"><span class=\"versanumer_ljod\">13<\/span><\/a>Opin gr\u00f6f er kok \u00feeirra, <br \/>me\u00f0 tungum s\u00ednum draga \u00feeir \u00e1 t\u00e1lar. <br \/>H\u00f6ggormaeitur er innan vara \u00feeirra,<br \/> <\/span> <span class=\"ljodatexti\"> <a name=\"14\"><span class=\"versanumer_ljod\">14<\/span><\/a>munnur \u00feeirra er fullur b\u00f6lvunar og beiskju.<br \/> <\/span> <span class=\"ljodatexti\"> <a name=\"15\"><span class=\"versanumer_ljod\">15<\/span><\/a>Hvatir eru \u00feeir \u00ed spori a\u00f0 \u00fathella bl\u00f3\u00f0i.<br \/> <\/span> <span class=\"ljodatexti\"> <a name=\"16\"><span class=\"versanumer_ljod\">16<\/span><\/a>Au\u00f0n og eymd er \u00ed sl\u00f3\u00f0 \u00feeirra<br \/> <\/span> <span class=\"ljodatexti\"> <a name=\"17\"><span class=\"versanumer_ljod\">17<\/span><\/a>og veg fri\u00f0arins \u00feekkja \u00feeir ekki.<br \/> <\/span> <span class=\"ljodatexti\"> <a name=\"18\"><span class=\"versanumer_ljod\">18<\/span><\/a>Gu\u00f0s\u00f3tti er enginn til \u00ed huga \u00feeirra. <\/span> <br \/> <a name=\"19\"><span class=\"versanumer_2007\">19<\/span><\/a> Vi\u00f0 vitum a\u00f0 allt, sem l\u00f6gm\u00e1li\u00f0 segir, er \u00feeim \u00e6tla\u00f0 sem fengu l\u00f6gm\u00e1li\u00f0 til \u00feess a\u00f0 s\u00e9rhver munnur \u00feagni og allur heimur ver\u00f0i a\u00f0 svara til saka fyrir Gu\u00f0i. <a name=\"20\"><span class=\"versanumer_2007\">20<\/span><\/a> Enginn ma\u00f0ur r\u00e9ttl\u00e6tist fyrir Gu\u00f0i me\u00f0 verkum \u00ed hl\u00fd\u00f0ni vi\u00f0 l\u00f6gm\u00e1li\u00f0 en l\u00f6gm\u00e1li\u00f0 kennir hva\u00f0 s\u00e9 synd.<\/p>\n<h3 class=\"millifyrirsogn_2007\">R\u00e9ttl\u00e6ti og tr\u00fa<\/h3>\n<p><a name=\"21\"><span class=\"versanumer_2007\">21<\/span><\/a> En n\u00fa hefur Gu\u00f0 opinbera\u00f0 r\u00e9ttl\u00e6ti sitt sem l\u00f6gm\u00e1li\u00f0 og sp\u00e1mennirnir vitna um og byggist ekki \u00e1 l\u00f6gm\u00e1li. <a name=\"22\"><span class=\"versanumer_2007\">22<\/span><\/a> \u00dea\u00f0 er: R\u00e9ttl\u00e6ti tr\u00faarinnar sem Gu\u00f0 gefur \u00f6llum \u00feeim sem tr\u00faa \u00e1 Jes\u00fa Krist. H\u00e9r er enginn greinarmunur: <a name=\"23\"><span class=\"versanumer_2007\">23<\/span><\/a> Allir hafa syndga\u00f0 og skortir Gu\u00f0s d\u00fdr\u00f0 <a name=\"24\"><span class=\"versanumer_2007\">24<\/span><\/a> og Gu\u00f0 r\u00e9ttl\u00e6tir \u00fe\u00e1, \u00e1n \u00feess nokkur ver\u00f0skuldi \u00fea\u00f0, af n\u00e1\u00f0 me\u00f0 endurlausn sinni \u00ed Kristi Jes\u00fa. <a name=\"25\"><span class=\"versanumer_2007\">25<\/span><\/a> Gu\u00f0 bendir \u00e1 bl\u00f3\u00f0 hans sem s\u00e1ttarf\u00f3rn<span class=\"nedan_mal\" title=\" Gr\u00edska or\u00f0i\u00f0 er hilasterion og var \u00ed Gamla testamentinu nota\u00f0 um loki\u00f0 \u00e1 s\u00e1ttm\u00e1ls\u00f6rkinni sem nefnt var n\u00e1\u00f0arst\u00f3ll (sbr. 2M\u00f3s 25.17nn). Skv. 3M\u00f3s 16.14nn var bl\u00f3\u00f0i f\u00f3rnard\u00fdra st\u00f6kkt \u00e1 \u00fea\u00f0 \u00e1 fri\u00f0\u00fe\u00e6gingardaginn. Me\u00f0 \u00fev\u00ed a\u00f0 nota or\u00f0i\u00f0 h\u00e9r l\u00fdsir P\u00e1ll \u00fev\u00ed a\u00f0 dau\u00f0i Jes\u00fa bindi enda \u00e1 f\u00f3rnir Gamla testamentisins.\">[<\/span> \u00feeim sem tr\u00faa. \u00deannig s\u00fdnir hann r\u00e9ttl\u00e6ti sitt. Hann haf\u00f0i umbori\u00f0 \u00fe\u00e6r syndir sem \u00e1\u00f0ur voru dr\u00fdg\u00f0ar <a name=\"26\"><span class=\"versanumer_2007\">26<\/span><\/a> til \u00feess a\u00f0 birta r\u00e9ttl\u00e6ti sitt \u00e1 yfirstandandi t\u00edma, a\u00f0 hann er sj\u00e1lfur r\u00e9ttl\u00e1tur og r\u00e9ttl\u00e6tir \u00feann sem tr\u00fair \u00e1 Jes\u00fa. <a name=\"27\"><span class=\"versanumer_2007\">27<\/span><\/a> Hver getur \u00fe\u00e1 hr\u00f3sa\u00f0 s\u00e9r? Enginn. E\u00f0a af hva\u00f0a l\u00f6gm\u00e1li \u00e6tti \u00fea\u00f0 a\u00f0 vera? Verkanna? Nei, heldur af l\u00f6gm\u00e1li tr\u00faar. <a name=\"28\"><span class=\"versanumer_2007\">28<\/span><\/a> \u00c9g \u00e1l\u00edt a\u00f0 ma\u00f0urinn r\u00e9ttl\u00e6tist af tr\u00fa \u00e1n l\u00f6gm\u00e1lsverka. <a name=\"29\"><span class=\"versanumer_2007\">29<\/span><\/a> E\u00f0a er Gu\u00f0 einungis Gu\u00f0 Gy\u00f0inga? Ekki l\u00edka hei\u00f0ingja? <a name=\"30\"><span class=\"versanumer_2007\">30<\/span><\/a> J\u00fa, l\u00edka hei\u00f0ingja, svo sannarlega sem Gu\u00f0 er einn og r\u00e9ttl\u00e6tir jafnt umskorna menn af tr\u00fa og \u00f3umskorna fyrir s\u00f6mu tr\u00fa. <a name=\"31\"><span class=\"versanumer_2007\">31<\/span><\/a> Geri \u00e9g \u00fe\u00e1 l\u00f6gm\u00e1li\u00f0 a\u00f0 engu me\u00f0 tr\u00fanni? \u00d6\u00f0ru n\u00e6r. \u00c9g sta\u00f0festi l\u00f6gm\u00e1li\u00f0.<\/p>\n","protected":false},"excerpt":{"rendered":"<p>1 Hva\u00f0 hefur \u00fe\u00e1 Gy\u00f0ingurinn fram yfir a\u00f0ra? E\u00f0a hvert er gagn umskurnarinnar? 2 Miki\u00f0 \u00e1 allan h\u00e1tt. Fyrst og helst er \u00fea\u00f0 a\u00f0 Gu\u00f0 hefur tr\u00faa\u00f0 Gy\u00f0ingum fyrir or\u00f0um s\u00ednum. 3 Sumir \u00feeirra hafa brug\u00f0ist. Hva\u00f0 um \u00fea\u00f0? Getur \u00fea\u00f0 gert tr\u00fafesti Gu\u00f0s a\u00f0 engu? 4 Fjarri fer \u00fev\u00ed. Gu\u00f0 skal reynast sannor\u00f0ur \u00fe\u00f3tt s\u00e9rhver ma\u00f0ur reyndist lygari. Eins og rita\u00f0 er: \u201eTil \u00feess a\u00f0 \u00fe\u00fa reynist r\u00e9ttl\u00e1tur \u00ed or\u00f0um \u00fe\u00ednum og vinnir \u00feegar \u00fe\u00fa \u00e1tt m\u00e1l a\u00f0 verja.\u201c 5 En ef rangl\u00e6ti okkar sta\u00f0festir r\u00e9ttl\u00e6ti Gu\u00f0s hva\u00f0 eigum vi\u00f0 \u00fe\u00e1 a\u00f0 segja? Skyldi Gu\u00f0, svo a\u00f0 \u00e9g tj\u00e1i <a href=\"https:\/\/biblian.is\/biblian\/romverjabrefid-3-kafli\/\"> [&#8230;]<\/a><\/p>\n","protected":false},"author":1,"featured_media":0,"parent":0,"menu_order":0,"comment_status":"open","ping_status":"open","template":"bibliukaflar_NT.php","meta":{"footnotes":""},"class_list":["post-2666","page","type-page","status-publish","hentry"],"_links":{"self":[{"href":"https:\/\/biblian.is\/biblian\/wp-json\/wp\/v2\/pages\/2666","targetHints":{"allow":["GET"]}}],"collection":[{"href":"https:\/\/biblian.is\/biblian\/wp-json\/wp\/v2\/pages"}],"about":[{"href":"https:\/\/biblian.is\/biblian\/wp-json\/wp\/v2\/types\/page"}],"author":[{"embeddable":true,"href":"https:\/\/biblian.is\/biblian\/wp-json\/wp\/v2\/users\/1"}],"replies":[{"embeddable":true,"href":"https:\/\/biblian.is\/biblian\/wp-json\/wp\/v2\/comments?post=2666"}],"version-history":[{"count":0,"href":"https:\/\/biblian.is\/biblian\/wp-json\/wp\/v2\/pages\/2666\/revisions"}],"wp:attachment":[{"href":"https:\/\/biblian.is\/biblian\/wp-json\/wp\/v2\/media?parent=2666"}],"curies":[{"name":"wp","href":"https:\/\/api.w.org\/{rel}","templated":true}]}}