{"id":2665,"date":"2017-12-30T21:04:10","date_gmt":"2017-12-30T21:04:10","guid":{"rendered":"http:\/\/biblian.is\/biblian\/r%c2%97mverjabr%c2%8efi_-2-kafli\/"},"modified":"2019-08-26T23:36:51","modified_gmt":"2019-08-26T23:36:51","slug":"romverjabrefid-2-kafli","status":"publish","type":"page","link":"https:\/\/biblian.is\/biblian\/romverjabrefid-2-kafli\/","title":{"rendered":"R\u00f3mverjabr\u00e9fi\u00f0 2. kafli"},"content":{"rendered":"<h3 class=\"millifyrirsogn_2007\"> R\u00e9ttl\u00e1tur d\u00f3mur Gu\u00f0s<\/h3>\n<p><a name=\"1\"><span class=\"versanumer_2007\">1<\/span><\/a> \u00dev\u00ed hefur \u00fe\u00fa, ma\u00f0ur, sem d\u00e6mir, enga afs\u00f6kun hver sem \u00fe\u00fa ert. Um lei\u00f0 og \u00fe\u00fa d\u00e6mir annan d\u00e6mir \u00fe\u00fa sj\u00e1lfan \u00feig \u00fev\u00ed a\u00f0 \u00fe\u00fa, sem d\u00e6mir, fremur hi\u00f0 sama. <a name=\"2\"><span class=\"versanumer_2007\">2<\/span><\/a> Vi\u00f0 vitum a\u00f0 Gu\u00f0 d\u00e6mir \u00fe\u00e1 me\u00f0 r\u00e9ttu sem sl\u00edkt fremja. <a name=\"3\"><span class=\"versanumer_2007\">3<\/span><\/a> Hyggur \u00fe\u00fa, ma\u00f0ur, sem d\u00e6mir \u00fe\u00e1 er \u00fev\u00edl\u00edkt fremja og gerir sj\u00e1lfur hi\u00f0 sama, a\u00f0 \u00fe\u00fa munir umfl\u00fdja d\u00f3m Gu\u00f0s? <a name=\"4\"><span class=\"versanumer_2007\">4<\/span><\/a> E\u00f0a forsm\u00e1ir \u00fe\u00fa hans miklu g\u00e6sku, \u00feolinm\u00e6\u00f0i hans og bi\u00f0lund og l\u00e6tur \u00fe\u00e9r ekki skiljast a\u00f0 g\u00e6ska Gu\u00f0s vill lei\u00f0a \u00feig til afturhvarfs? <a name=\"5\"><span class=\"versanumer_2007\">5<\/span><\/a> En \u00fever\u00fa\u00f0 \u00fe\u00edn og fr\u00e1hvarf hjartans fr\u00e1 Gu\u00f0i safnar a\u00f0 sj\u00e1lfum \u00fe\u00e9r rei\u00f0i sem m\u00e6tir \u00fe\u00e9r \u00e1 degi rei\u00f0innar \u00feegar Gu\u00f0 birtir r\u00e9ttl\u00e1tan d\u00f3m sinn. <a name=\"6\"><span class=\"versanumer_2007\">6<\/span><\/a> Hann mun gjalda s\u00e9rhverjum eftir verkum hans, <a name=\"7\"><span class=\"versanumer_2007\">7<\/span><\/a> \u00feeim eil\u00edft l\u00edf sem leita vegsemdar, hei\u00f0urs og \u00f3dau\u00f0leika me\u00f0 sta\u00f0festu sinni \u00ed g\u00f3\u00f0ri breytni <a name=\"8\"><span class=\"versanumer_2007\">8<\/span><\/a> en rei\u00f0i og \u00f3vild hinum sem stj\u00f3rnast af eigingirni, \u00f3hl\u00fd\u00f0nast sannleikanum en \u00fej\u00f3na rangl\u00e6tinu. <a name=\"9\"><span class=\"versanumer_2007\">9<\/span><\/a> \u00derenging og angist kemur yfir s\u00e9rhverja mannss\u00e1l er illt fremur, yfir Gy\u00f0inginn fyrst en einnig alla a\u00f0ra. <a name=\"10\"><span class=\"versanumer_2007\">10<\/span><\/a> En vegsemd, hei\u00f0ur og fri\u00f0 hl\u00fdtur hver s\u00e1 er gerir hi\u00f0 g\u00f3\u00f0a, Gy\u00f0ingurinn fyrst en Grikkinn l\u00edka. <a name=\"11\"><span class=\"versanumer_2007\">11<\/span><\/a> \u00dev\u00ed a\u00f0 Gu\u00f0 mismunar ekki m\u00f6nnum.<br \/> <a name=\"12\"><span class=\"versanumer_2007\">12<\/span><\/a> Allir, sem syndga\u00f0 hafa \u00e1n \u00feess a\u00f0 \u00feekkja l\u00f6gm\u00e1l, munu og tort\u00edmast \u00e1n l\u00f6gm\u00e1ls og allir, sem syndga\u00f0 hafa \u00fe\u00f3tt \u00feeir \u00feekki l\u00f6gm\u00e1l, munu d\u00e6mast eftir l\u00f6gm\u00e1li. <a name=\"13\"><span class=\"versanumer_2007\">13<\/span><\/a> Ekki munu menn r\u00e9ttl\u00e6tast fyrir Gu\u00f0i me\u00f0 \u00fev\u00ed a\u00f0 hl\u00fd\u00f0a \u00e1 l\u00f6gm\u00e1li\u00f0 heldur ver\u00f0a \u00feeir r\u00e9ttl\u00e6ttir sem breyta eftir \u00fev\u00ed. <a name=\"14\"><span class=\"versanumer_2007\">14<\/span><\/a> \u00deegar hei\u00f0ingjar, sem \u00feekkja ekki l\u00f6gm\u00e1l M\u00f3se, gera \u00fea\u00f0 eftir e\u00f0lisbo\u00f0i sem l\u00f6gm\u00e1l Gu\u00f0s b\u00fd\u00f0ur, \u00fe\u00e1 eru \u00feeir sj\u00e1lfum s\u00e9r l\u00f6gm\u00e1l \u00fe\u00f3tt \u00feeir hafi ekki neitt l\u00f6gm\u00e1l. <a name=\"15\"><span class=\"versanumer_2007\">15<\/span><\/a> \u00deeir s\u00fdna a\u00f0 krafa l\u00f6gm\u00e1lsins er skr\u00e1\u00f0 \u00ed hj\u00f6rtum \u00feeirra me\u00f0 \u00fev\u00ed a\u00f0 samviska \u00feeirra ber \u00feessu vitni og hugrenningar \u00feeirra sem \u00fdmist \u00e1saka \u00fe\u00e1 e\u00f0a afsaka. <a name=\"16\"><span class=\"versanumer_2007\">16<\/span><\/a> \u00deetta ver\u00f0ur \u00e1 \u00feeim degi er Gu\u00f0 d\u00e6mir hi\u00f0 dulda hj\u00e1 m\u00f6nnunum samkv\u00e6mt fagna\u00f0arerindi m\u00ednu sem \u00e9g hef \u00feegi\u00f0 af Jes\u00fa Kristi.<\/p>\n<h3 class=\"millifyrirsogn_2007\">Gy\u00f0ingar og l\u00f6gm\u00e1li\u00f0<\/h3>\n<p><a name=\"17\"><span class=\"versanumer_2007\">17<\/span><\/a> En n\u00fa kallar \u00fe\u00fa \u00feig Gy\u00f0ing, treystir \u00e1 l\u00f6gm\u00e1li\u00f0 og ert hreykinn af Gu\u00f0i \u00fe\u00ednum. <a name=\"18\"><span class=\"versanumer_2007\">18<\/span><\/a> \u00de\u00fa \u00feekkir vilja hans og kannt a\u00f0 meta r\u00e9tt \u00fea\u00f0 sem m\u00e1li skiptir \u00fear e\u00f0 l\u00f6gm\u00e1li\u00f0 fr\u00e6\u00f0ir \u00feig. <a name=\"19\"><span class=\"versanumer_2007\">19<\/span><\/a> \u00de\u00fa treystir sj\u00e1lfum \u00fe\u00e9r til a\u00f0 vera lei\u00f0togi blindra, lj\u00f3s \u00feeirra sem eru \u00ed myrkri, <a name=\"20\"><span class=\"versanumer_2007\">20<\/span><\/a> kennari f\u00e1v\u00edsra, fr\u00e6\u00f0ari \u00f3vita \u00fear sem \u00fe\u00fa hafir \u00feekkinguna og sannleikann sk\u00fdrum st\u00f6fum \u00ed l\u00f6gm\u00e1linu. <a name=\"21\"><span class=\"versanumer_2007\">21<\/span><\/a> En \u00fe\u00fa sem fr\u00e6\u00f0ir a\u00f0ra, hv\u00ed fr\u00e6\u00f0ir \u00fe\u00fa ekki sj\u00e1lfan \u00feig? \u00de\u00fa pr\u00e9dikar a\u00f0 ekki skuli stela og stelur \u00fe\u00f3. <a name=\"22\"><span class=\"versanumer_2007\">22<\/span><\/a> \u00de\u00fa segir a\u00f0 ekki skuli dr\u00fdgja h\u00f3r og dr\u00fdgir samt h\u00f3r. \u00de\u00fa hefur andstygg\u00f0 \u00e1 skur\u00f0go\u00f0um og r\u00e6nir \u00fe\u00f3 hof \u00feeirra. <a name=\"23\"><span class=\"versanumer_2007\">23<\/span><\/a> \u00de\u00fa hr\u00f3sar \u00fe\u00e9r af l\u00f6gm\u00e1linu og \u00f3vir\u00f0ir \u00fe\u00f3 Gu\u00f0 me\u00f0 \u00fev\u00ed a\u00f0 brj\u00f3ta l\u00f6gm\u00e1li\u00f0. <a name=\"24\"><span class=\"versanumer_2007\">24<\/span><\/a> Svo er sem rita\u00f0 er: \u201eNafn Gu\u00f0s er ykkar vegna lasta\u00f0 me\u00f0al hei\u00f0ingja.\u201c<br \/> <a name=\"25\"><span class=\"versanumer_2007\">25<\/span><\/a> Umskurn kemur \u00fev\u00ed a\u00f0eins a\u00f0 gagni a\u00f0 \u00fe\u00fa haldir l\u00f6gm\u00e1li\u00f0. En ef \u00fe\u00fa br\u00fdtur gegn \u00fev\u00ed er umskurn \u00fe\u00edn or\u00f0in a\u00f0 engu. <a name=\"26\"><span class=\"versanumer_2007\">26<\/span><\/a> Ef \u00f3umskorinn ma\u00f0ur fer eftir kr\u00f6fum l\u00f6gm\u00e1lsins mun hann \u00fe\u00e1 ekki metinn svo sem umskorinn v\u00e6ri? <a name=\"27\"><span class=\"versanumer_2007\">27<\/span><\/a> Og mun \u00fe\u00e1 ekki s\u00e1 sem er \u00f3umskorinn og heldur l\u00f6gm\u00e1li\u00f0 d\u00e6ma \u00feig sem \u00fer\u00e1tt fyrir b\u00f3kstaf og umskurn br\u00fdtur l\u00f6gm\u00e1li\u00f0? <a name=\"28\"><span class=\"versanumer_2007\">28<\/span><\/a> S\u00e1 er ekki Gy\u00f0ingur sem er \u00fea\u00f0 hi\u00f0 ytra og \u00fea\u00f0 er ekki umskurn sem s\u00e9st \u00e1 l\u00edkamanum. <a name=\"29\"><span class=\"versanumer_2007\">29<\/span><\/a> Hinn er Gy\u00f0ingur sem er \u00fea\u00f0 hi\u00f0 innra og umskorinn er s\u00e1 sem er \u00fea\u00f0 \u00ed hjarta s\u00ednu, \u00ed hl\u00fd\u00f0ni vi\u00f0 andann, ekki b\u00f3kstafinn. Hann \u00feiggur ekki lof af m\u00f6nnum heldur Gu\u00f0i.<\/p>\n","protected":false},"excerpt":{"rendered":"<p>R\u00e9ttl\u00e1tur d\u00f3mur Gu\u00f0s 1 \u00dev\u00ed hefur \u00fe\u00fa, ma\u00f0ur, sem d\u00e6mir, enga afs\u00f6kun hver sem \u00fe\u00fa ert. Um lei\u00f0 og \u00fe\u00fa d\u00e6mir annan d\u00e6mir \u00fe\u00fa sj\u00e1lfan \u00feig \u00fev\u00ed a\u00f0 \u00fe\u00fa, sem d\u00e6mir, fremur hi\u00f0 sama. 2 Vi\u00f0 vitum a\u00f0 Gu\u00f0 d\u00e6mir \u00fe\u00e1 me\u00f0 r\u00e9ttu sem sl\u00edkt fremja. 3 Hyggur \u00fe\u00fa, ma\u00f0ur, sem d\u00e6mir \u00fe\u00e1 er \u00fev\u00edl\u00edkt fremja og gerir sj\u00e1lfur hi\u00f0 sama, a\u00f0 \u00fe\u00fa munir umfl\u00fdja d\u00f3m Gu\u00f0s? 4 E\u00f0a forsm\u00e1ir \u00fe\u00fa hans miklu g\u00e6sku, \u00feolinm\u00e6\u00f0i hans og bi\u00f0lund og l\u00e6tur \u00fe\u00e9r ekki skiljast a\u00f0 g\u00e6ska Gu\u00f0s vill lei\u00f0a \u00feig til afturhvarfs? 5 En \u00fever\u00fa\u00f0 \u00fe\u00edn og fr\u00e1hvarf hjartans fr\u00e1 Gu\u00f0i <a href=\"https:\/\/biblian.is\/biblian\/romverjabrefid-2-kafli\/\"> [&#8230;]<\/a><\/p>\n","protected":false},"author":1,"featured_media":0,"parent":0,"menu_order":0,"comment_status":"open","ping_status":"open","template":"bibliukaflar_NT.php","meta":{"footnotes":""},"class_list":["post-2665","page","type-page","status-publish","hentry"],"_links":{"self":[{"href":"https:\/\/biblian.is\/biblian\/wp-json\/wp\/v2\/pages\/2665","targetHints":{"allow":["GET"]}}],"collection":[{"href":"https:\/\/biblian.is\/biblian\/wp-json\/wp\/v2\/pages"}],"about":[{"href":"https:\/\/biblian.is\/biblian\/wp-json\/wp\/v2\/types\/page"}],"author":[{"embeddable":true,"href":"https:\/\/biblian.is\/biblian\/wp-json\/wp\/v2\/users\/1"}],"replies":[{"embeddable":true,"href":"https:\/\/biblian.is\/biblian\/wp-json\/wp\/v2\/comments?post=2665"}],"version-history":[{"count":0,"href":"https:\/\/biblian.is\/biblian\/wp-json\/wp\/v2\/pages\/2665\/revisions"}],"wp:attachment":[{"href":"https:\/\/biblian.is\/biblian\/wp-json\/wp\/v2\/media?parent=2665"}],"curies":[{"name":"wp","href":"https:\/\/api.w.org\/{rel}","templated":true}]}}