{"id":2664,"date":"2017-12-30T21:04:10","date_gmt":"2017-12-30T21:04:10","guid":{"rendered":"http:\/\/biblian.is\/biblian\/r%c2%97mverjabr%c2%8efi_-1-kafli\/"},"modified":"2019-08-26T23:36:49","modified_gmt":"2019-08-26T23:36:49","slug":"romverjabrefid-1-kafli","status":"publish","type":"page","link":"https:\/\/biblian.is\/biblian\/romverjabrefid-1-kafli\/","title":{"rendered":"R\u00f3mverjabr\u00e9fi\u00f0 1. kafli"},"content":{"rendered":"<h3 class=\"millifyrirsogn_2007\"> Kve\u00f0ja<\/h3>\n<p><a name=\"1\"><span class=\"versanumer_2007\">1<\/span><\/a> P\u00e1ll heilsar ykkur, \u00fej\u00f3nn Jes\u00fa Krists, sem Gu\u00f0 hefur kalla\u00f0 til a\u00f0 vera postuli og vali\u00f0 til a\u00f0 bo\u00f0a fagna\u00f0arerindi sitt, <a name=\"2\"><span class=\"versanumer_2007\">2<\/span><\/a> sem hann l\u00e9t sp\u00e1menn s\u00edna \u00e1\u00f0ur flytja fyrirheit um \u00ed helgum ritningum, <a name=\"3\"><span class=\"versanumer_2007\">3<\/span><\/a> fagna\u00f0arerindi\u00f0 um son hans, Jes\u00fa Krist, Drottin vorn. Sem ma\u00f0ur er hann f\u00e6ddur af kyni Dav\u00ed\u00f0s <a name=\"4\"><span class=\"versanumer_2007\">4<\/span><\/a> en heilagur andi hans augl\u00fdsti me\u00f0 krafti a\u00f0 hann er sonur Gu\u00f0s \u00feegar hann reis upp fr\u00e1 dau\u00f0um. <a name=\"5\"><span class=\"versanumer_2007\">5<\/span><\/a> Af n\u00e1\u00f0 hans er \u00e9g postuli og \u00e1 a\u00f0 lei\u00f0a hei\u00f0na menn hvarvetna til \u00feess a\u00f0 l\u00fata honum \u00ed tr\u00fa, nafni hans til d\u00fdr\u00f0ar. <a name=\"6\"><span class=\"versanumer_2007\">6<\/span><\/a> Me\u00f0al \u00feeirra eru\u00f0 og \u00fei\u00f0 sem Jes\u00fas Kristur hefur kalla\u00f0 s\u00e9r til eignar. <br \/> <a name=\"7\"><span class=\"versanumer_2007\">7<\/span><\/a> \u00c9g heilsa \u00f6llum sem Gu\u00f0 elskar \u00ed R\u00f3m og kallar til heilags l\u00edfs.<br \/>N\u00e1\u00f0 s\u00e9 me\u00f0 y\u00f0ur og fri\u00f0ur fr\u00e1 Gu\u00f0i f\u00f6\u00f0ur vorum og Drottni Jes\u00fa Kristi.<\/p>\n<h3 class=\"millifyrirsogn_2007\">P\u00e1ll og s\u00f6fnu\u00f0urinn \u00ed R\u00f3m<\/h3>\n<p><a name=\"8\"><span class=\"versanumer_2007\">8<\/span><\/a> Fyrst og fremst \u00feakka \u00e9g Gu\u00f0i m\u00ednum \u00ed nafni Jes\u00fa Krists fyrir ykkur \u00f6ll af \u00fev\u00ed a\u00f0 or\u00f0 fer af tr\u00fa ykkar \u00ed \u00f6llum heimi. <a name=\"9\"><span class=\"versanumer_2007\">9<\/span><\/a> Gu\u00f0, sem \u00e9g \u00fej\u00f3na \u00ed anda m\u00ednum me\u00f0 fagna\u00f0arerindinu um son hans, er m\u00e9r vottur \u00feess a\u00f0 \u00e9g s\u00edfellt minnist ykkar <a name=\"10\"><span class=\"versanumer_2007\">10<\/span><\/a> \u00ed b\u00e6num m\u00ednum. \u00c9g bi\u00f0 \u00feess st\u00f6\u00f0ugt a\u00f0 m\u00e9r m\u00e6tti loks au\u00f0nast a\u00f0 koma einhvern t\u00edma til ykkar, ef Gu\u00f0 lofar. <a name=\"11\"><span class=\"versanumer_2007\">11<\/span><\/a> \u00c9g \u00fer\u00e1i a\u00f0 sj\u00e1 ykkur til \u00feess a\u00f0 geta mi\u00f0la\u00f0 af gj\u00f6fum andans svo a\u00f0 \u00fei\u00f0 styrkist <a name=\"12\"><span class=\"versanumer_2007\">12<\/span><\/a> e\u00f0a r\u00e9ttara sagt: Svo a\u00f0 vi\u00f0 getum upp\u00f6rvast saman \u00ed s\u00f6mu tr\u00fa, ykkar og minni. <br \/> <a name=\"13\"><span class=\"versanumer_2007\">13<\/span><\/a> \u00c9g vil a\u00f0 \u00fei\u00f0 viti\u00f0, br\u00e6\u00f0ur og systur,<span class=\"nedan_mal\" title=\" Or\u00f0r\u00e9tt: br\u00e6\u00f0ur.\">[<\/span> a\u00f0 \u00e9g hef oftsinnis \u00e6tla\u00f0 m\u00e9r a\u00f0 koma til ykkar en hef veri\u00f0 hindra\u00f0ur hinga\u00f0 til. \u00c9g vildi sj\u00e1 einhvern \u00e1v\u00f6xt hj\u00e1 ykkur eins og \u00f6\u00f0rum sem \u00e1\u00f0ur voru hei\u00f0ingjar. <a name=\"14\"><span class=\"versanumer_2007\">14<\/span><\/a> \u00c9g er \u00ed skuld b\u00e6\u00f0i vi\u00f0 Grikki og \u00fatlendinga, vitra og f\u00e1v\u00edsa. <a name=\"15\"><span class=\"versanumer_2007\">15<\/span><\/a> \u00dev\u00ed f\u00fdsir mig a\u00f0 bo\u00f0a fagna\u00f0arerindi\u00f0 einnig ykkur \u00ed R\u00f3m. <\/p>\n<h3 class=\"millifyrirsogn_2007\">Fagna\u00f0arerindi\u00f0 &#8211; kraftur Gu\u00f0s<\/h3>\n<p><a name=\"16\"><span class=\"versanumer_2007\">16<\/span><\/a> \u00c9g fyrirver\u00f0 mig ekki fyrir fagna\u00f0arerindi\u00f0. \u00dea\u00f0 er kraftur Gu\u00f0s sem frelsar hvern \u00feann mann sem tr\u00fair, Gy\u00f0inginn fyrst og a\u00f0ra s\u00ed\u00f0an. <a name=\"17\"><span class=\"versanumer_2007\">17<\/span><\/a> R\u00e9ttl\u00e6ti Gu\u00f0s opinberast \u00ed \u00fev\u00ed fyrir tr\u00fa til tr\u00faar eins og rita\u00f0 er: Hinn r\u00e9ttl\u00e1ti mun lifa fyrir tr\u00fa.<\/p>\n<h3 class=\"millifyrirsogn_2007\">Menn \u00feekktu ekki Gu\u00f0<\/h3>\n<p><a name=\"18\"><span class=\"versanumer_2007\">18<\/span><\/a> En rei\u00f0i Gu\u00f0s opinberast af himni yfir \u00f6llu gu\u00f0leysi og illsku manna sem kefja sannleikann me\u00f0 rangl\u00e6ti. <a name=\"19\"><span class=\"versanumer_2007\">19<\/span><\/a> \u00dea\u00f0 sem vita\u00f0 ver\u00f0ur um Gu\u00f0 blasir vi\u00f0 \u00feeim. Gu\u00f0 hefur birt \u00feeim \u00fea\u00f0. <a name=\"20\"><span class=\"versanumer_2007\">20<\/span><\/a> \u00d3s\u00fdnilega veru hans, eil\u00edfan m\u00e1tt og gu\u00f0d\u00f3mstign m\u00e1 skynja og sj\u00e1 af verkum hans allt fr\u00e1 sk\u00f6pun heimsins. \u00dev\u00ed eru mennirnir \u00e1n afs\u00f6kunar. <a name=\"21\"><span class=\"versanumer_2007\">21<\/span><\/a> \u00deeir \u00feekktu Gu\u00f0 en hafa samt ekki tigna\u00f0 hann sem Gu\u00f0 n\u00e9 \u00feakka\u00f0 honum heldur fylltu \u00feeir hugann af h\u00e9giljum og skynlaust hjarta \u00feeirra hj\u00fapa\u00f0ist myrkri. <a name=\"22\"><span class=\"versanumer_2007\">22<\/span><\/a> \u00deeir \u00fe\u00f3ttust vera vitrir en ur\u00f0u heimskingjar. <a name=\"23\"><span class=\"versanumer_2007\">23<\/span><\/a> \u00cd sta\u00f0 \u00feess a\u00f0 tilbi\u00f0ja d\u00fdrlegan, eil\u00edfan Gu\u00f0 hafa \u00feeir tilbe\u00f0i\u00f0 myndir af dau\u00f0legum m\u00f6nnum, fuglum, ferf\u00e6tlingum og skri\u00f0kvikindum.<br \/> <a name=\"24\"><span class=\"versanumer_2007\">24<\/span><\/a> \u00deess vegna hefur Gu\u00f0 l\u00e1ti\u00f0 f\u00fdsnir \u00feeirra til saurl\u00edfis n\u00e1 valdi yfir \u00feeim svo a\u00f0 \u00feeir sv\u00edvirtu l\u00edkami s\u00edna hver me\u00f0 \u00f6\u00f0rum. <a name=\"25\"><span class=\"versanumer_2007\">25<\/span><\/a> \u00deeir v\u00f6ldu lygina \u00ed sta\u00f0inn fyrir sannleika Gu\u00f0s, hafa g\u00f6fga\u00f0 og d\u00fdrka\u00f0 hi\u00f0 skapa\u00f0a \u00ed sta\u00f0 skaparans, hans sem er blessa\u00f0ur a\u00f0 eil\u00edfu.<br \/> <a name=\"26\"><span class=\"versanumer_2007\">26<\/span><\/a> \u00dev\u00ed hefur Gu\u00f0 ofurselt \u00fe\u00e1 sv\u00edvir\u00f0ilegum girndum. B\u00e6\u00f0i hafa konur breytt e\u00f0lilegum m\u00f6kum \u00ed \u00f3e\u00f0lileg <a name=\"27\"><span class=\"versanumer_2007\">27<\/span><\/a> og eins hafa karlar h\u00e6tt e\u00f0lilegum m\u00f6kum vi\u00f0 konur og brunni\u00f0 \u00ed losta hver til annars, karlmenn hafa frami\u00f0 sk\u00f6mm me\u00f0 karlm\u00f6nnum og t\u00f3ku svo \u00fat \u00e1 sj\u00e1lfum s\u00e9r makleg m\u00e1lagj\u00f6ld villu sinnar.<br \/> <a name=\"28\"><span class=\"versanumer_2007\">28<\/span><\/a> Fyrst menn hirtu ekkert um a\u00f0 \u00feekkja Gu\u00f0 sleppti hann \u00feeim \u00e1 vald \u00f3s\u00e6milegs hugarfars. <a name=\"29\"><span class=\"versanumer_2007\">29<\/span><\/a> \u00deeir ur\u00f0u fullir alls kyns rangsleitni, vonsku, \u00e1girndar og illsku. \u00deeir eru \u00f6fundsj\u00fakir, mor\u00f0f\u00fasir, deilugjarnir, sviksamir, illgjarnir, illm\u00e1lgir, bakb\u00edtar. <a name=\"30\"><span class=\"versanumer_2007\">30<\/span><\/a> \u00deeir eru gu\u00f0shatarar, ofl\u00e1tar, hrokafullir, gortarar, hrekkv\u00edsir, \u00f3hl\u00fd\u00f0nir foreldrum s\u00ednum, <a name=\"31\"><span class=\"versanumer_2007\">31<\/span><\/a> \u00f3vitrir, \u00f3tr\u00fair, k\u00e6rleikslausir, miskunnarlausir. <a name=\"32\"><span class=\"versanumer_2007\">32<\/span><\/a> \u00deeir vita a\u00f0 Gu\u00f0 d\u00e6mir r\u00e9tt og a\u00f0 allir, sem sl\u00edkt fremja, eru dau\u00f0asekir. Samt fremja \u00feeir \u00feetta og gera a\u00f0 auki g\u00f3\u00f0an r\u00f3m a\u00f0 sl\u00edkri breytni hj\u00e1 \u00f6\u00f0rum.<\/p>\n","protected":false},"excerpt":{"rendered":"<p>Kve\u00f0ja 1 P\u00e1ll heilsar ykkur, \u00fej\u00f3nn Jes\u00fa Krists, sem Gu\u00f0 hefur kalla\u00f0 til a\u00f0 vera postuli og vali\u00f0 til a\u00f0 bo\u00f0a fagna\u00f0arerindi sitt, 2 sem hann l\u00e9t sp\u00e1menn s\u00edna \u00e1\u00f0ur flytja fyrirheit um \u00ed helgum ritningum, 3 fagna\u00f0arerindi\u00f0 um son hans, Jes\u00fa Krist, Drottin vorn. Sem ma\u00f0ur er hann f\u00e6ddur af kyni Dav\u00ed\u00f0s 4 en heilagur andi hans augl\u00fdsti me\u00f0 krafti a\u00f0 hann er sonur Gu\u00f0s \u00feegar hann reis upp fr\u00e1 dau\u00f0um. 5 Af n\u00e1\u00f0 hans er \u00e9g postuli og \u00e1 a\u00f0 lei\u00f0a hei\u00f0na menn hvarvetna til \u00feess a\u00f0 l\u00fata honum \u00ed tr\u00fa, nafni hans til d\u00fdr\u00f0ar. 6 Me\u00f0al \u00feeirra <a href=\"https:\/\/biblian.is\/biblian\/romverjabrefid-1-kafli\/\"> [&#8230;]<\/a><\/p>\n","protected":false},"author":1,"featured_media":0,"parent":0,"menu_order":0,"comment_status":"open","ping_status":"open","template":"bibliukaflar_NT.php","meta":{"footnotes":""},"class_list":["post-2664","page","type-page","status-publish","hentry"],"_links":{"self":[{"href":"https:\/\/biblian.is\/biblian\/wp-json\/wp\/v2\/pages\/2664","targetHints":{"allow":["GET"]}}],"collection":[{"href":"https:\/\/biblian.is\/biblian\/wp-json\/wp\/v2\/pages"}],"about":[{"href":"https:\/\/biblian.is\/biblian\/wp-json\/wp\/v2\/types\/page"}],"author":[{"embeddable":true,"href":"https:\/\/biblian.is\/biblian\/wp-json\/wp\/v2\/users\/1"}],"replies":[{"embeddable":true,"href":"https:\/\/biblian.is\/biblian\/wp-json\/wp\/v2\/comments?post=2664"}],"version-history":[{"count":0,"href":"https:\/\/biblian.is\/biblian\/wp-json\/wp\/v2\/pages\/2664\/revisions"}],"wp:attachment":[{"href":"https:\/\/biblian.is\/biblian\/wp-json\/wp\/v2\/media?parent=2664"}],"curies":[{"name":"wp","href":"https:\/\/api.w.org\/{rel}","templated":true}]}}