{"id":2660,"date":"2017-12-30T21:04:10","date_gmt":"2017-12-30T21:04:10","guid":{"rendered":"http:\/\/biblian.is\/biblian\/postulasagan-25-kafli\/"},"modified":"2019-08-26T23:22:26","modified_gmt":"2019-08-26T23:22:26","slug":"postulasagan-25-kafli","status":"publish","type":"page","link":"https:\/\/biblian.is\/biblian\/postulasagan-25-kafli\/","title":{"rendered":"Postulasagan 25. kafli"},"content":{"rendered":"<h3 class=\"millifyrirsogn_2007\"> P\u00e1ll sk\u00fdtur m\u00e1li s\u00ednu til keisarans<\/h3>\n<p><a name=\"1\"><span class=\"versanumer_2007\">1<\/span><\/a> \u00derem d\u00f6gum eftir a\u00f0 Festus haf\u00f0i teki\u00f0 vi\u00f0 umd\u00e6mi s\u00ednu f\u00f3r hann fr\u00e1 Sesareu upp til Jer\u00fasalem. <a name=\"2\"><span class=\"versanumer_2007\">2<\/span><\/a> \u00c6\u00f0stu prestarnir og fyrirmenn Gy\u00f0inga b\u00e1ru \u00fe\u00e1 sakir \u00e1 P\u00e1l fyrir honum og b\u00e1\u00f0u hann <a name=\"3\"><span class=\"versanumer_2007\">3<\/span><\/a> a\u00f0 veita s\u00e9r a\u00f0 m\u00e1lum gegn honum og s\u00fdna s\u00e9r \u00fe\u00e1 velvild a\u00f0 senda hann til Jer\u00fasalem. En \u00feeir hug\u00f0ust b\u00faa honum fyrirs\u00e1t og vega hann \u00e1 lei\u00f0inni. <a name=\"4\"><span class=\"versanumer_2007\">4<\/span><\/a> Festus svara\u00f0i a\u00f0 P\u00e1ll v\u00e6ri \u00ed var\u00f0haldi \u00ed Sesareu en sj\u00e1lfur f\u00e6ri hann br\u00e1\u00f0lega \u00feanga\u00f0. <a name=\"5\"><span class=\"versanumer_2007\">5<\/span><\/a> \u201eL\u00e1ti\u00f0 \u00fev\u00ed,\u201c sag\u00f0i hann, \u201er\u00e1\u00f0amenn ykkar ver\u00f0a m\u00e9r samfer\u00f0a ofan eftir og l\u00f6gs\u00e6kja manninn ef hann er um eitthva\u00f0 sekur.\u201c <br \/> <a name=\"6\"><span class=\"versanumer_2007\">6<\/span><\/a> Festus dvaldist \u00fear ekki lengur en \u00ed \u00e1tta daga e\u00f0a t\u00edu. S\u00ed\u00f0an f\u00f3r hann ofan til Sesareu. Daginn eftir settist hann \u00e1 d\u00f3mst\u00f3linn og bau\u00f0 a\u00f0 lei\u00f0a P\u00e1l fram. <a name=\"7\"><span class=\"versanumer_2007\">7<\/span><\/a> \u00deegar hann kom umkringdu hann Gy\u00f0ingar \u00feeir sem komnir voru ofan fr\u00e1 Jer\u00fasalem og b\u00e1ru \u00e1 hann margar \u00feungar sakir sem \u00feeir g\u00e1tu ekki sanna\u00f0. <a name=\"8\"><span class=\"versanumer_2007\">8<\/span><\/a> En P\u00e1ll var\u00f0i sig og sag\u00f0i: \u201eEkkert hef \u00e9g broti\u00f0, hvorki gegn l\u00f6gm\u00e1li Gy\u00f0inga, helgid\u00f3minum n\u00e9 keisaranum.\u201c <br \/> <a name=\"9\"><span class=\"versanumer_2007\">9<\/span><\/a> Festus vildi koma s\u00e9r vel vi\u00f0 Gy\u00f0inga og m\u00e6lti vi\u00f0 P\u00e1l: \u201eVilt \u00fe\u00fa fara upp til Jer\u00fasalem og hl\u00edta \u00fear d\u00f3mi m\u00ednum \u00ed m\u00e1li \u00feessu?\u201c <br \/> <a name=\"10\"><span class=\"versanumer_2007\">10<\/span><\/a> P\u00e1ll svara\u00f0i: \u201e\u00c9g stend n\u00fa fyrir d\u00f3mst\u00f3li keisarans og h\u00e9r \u00e1 \u00e9g a\u00f0 d\u00e6mast. Gy\u00f0ingum hef \u00e9g ekkert rangt gert, \u00fea\u00f0 veistu fullvel. <a name=\"11\"><span class=\"versanumer_2007\">11<\/span><\/a> S\u00e9 \u00e9g sekur og hafi frami\u00f0 eitthva\u00f0 sem dau\u00f0a s\u00e9 vert, m\u00e6li \u00e9g mig ekki undan \u00fev\u00ed a\u00f0 deyja. En ef ekkert er h\u00e6ft \u00ed \u00fev\u00ed sem \u00feessir menn k\u00e6ra mig um, \u00e1 enginn me\u00f0 a\u00f0 selja mig \u00feeim \u00e1 vald. \u00c9g sk\u00fdt m\u00e1li m\u00ednu til keisarans.\u201c <br \/> <a name=\"12\"><span class=\"versanumer_2007\">12<\/span><\/a> Festus r\u00e6ddi \u00fe\u00e1 vi\u00f0 r\u00e1\u00f0unauta s\u00edna og m\u00e6lti s\u00ed\u00f0an: \u201eTil keisarans hefur \u00fe\u00fa skoti\u00f0 m\u00e1li \u00fe\u00ednu, til keisarans skaltu fara.\u201c <\/p>\n<h3 class=\"millifyrirsogn_2007\">P\u00e1ll leiddur fyrir Agrippu og Bern\u00edke<\/h3>\n<p><a name=\"13\"><span class=\"versanumer_2007\">13<\/span><\/a> Nokkrum d\u00f6gum s\u00ed\u00f0ar komu Agrippa konungur og Bern\u00edke til Sesareu a\u00f0 bj\u00f3\u00f0a Festus velkominn. <a name=\"14\"><span class=\"versanumer_2007\">14<\/span><\/a> \u00deegar \u00feau h\u00f6f\u00f0u dvalist \u00fear nokkra daga lag\u00f0i Festus m\u00e1l P\u00e1ls fyrir konung og sag\u00f0i: \u201eH\u00e9r er fangi nokkur sem Felix skildi eftir. <a name=\"15\"><span class=\"versanumer_2007\">15<\/span><\/a> \u00deegar \u00e9g kom til Jer\u00fasalem b\u00e1ru \u00e6\u00f0stu prestar og \u00f6ldungar Gy\u00f0inga \u00e1 hann sakir og heimtu\u00f0u hann d\u00e6mdan. <a name=\"16\"><span class=\"versanumer_2007\">16<\/span><\/a> \u00c9g svara\u00f0i \u00feeim a\u00f0 \u00fea\u00f0 v\u00e6ri ekki venja R\u00f3mverja a\u00f0 framselja nokkurn sakborning fyrr en hann hef\u00f0i veri\u00f0 leiddur fyrir \u00e1k\u00e6rendur s\u00edna og \u00e1tt \u00feess kost a\u00f0 bera fram v\u00f6rn gegn sakargiftinni. <a name=\"17\"><span class=\"versanumer_2007\">17<\/span><\/a> \u00deeir ur\u00f0u n\u00fa samfer\u00f0a hinga\u00f0 og l\u00e9t \u00e9g engan dr\u00e1tt \u00e1 ver\u00f0a heldur settist daginn eftir \u00e1 d\u00f3mst\u00f3linn og bau\u00f0 a\u00f0 lei\u00f0a fram manninn. <a name=\"18\"><span class=\"versanumer_2007\">18<\/span><\/a> \u00deegar \u00e1k\u00e6rendurnir komu fram b\u00e1ru \u00feeir ekki \u00e1 hann sakir fyrir nein \u00feau illr\u00e6\u00f0i, sem \u00e9g haf\u00f0i b\u00faist vi\u00f0, <a name=\"19\"><span class=\"versanumer_2007\">19<\/span><\/a> heldur \u00e1ttu \u00feeir \u00ed einhverjum deilum vi\u00f0 hann um \u00e1tr\u00fana\u00f0 sj\u00e1lfra \u00feeirra og um Jes\u00fa nokkurn, l\u00e1tinn mann sem P\u00e1ll segir lifa. <a name=\"20\"><span class=\"versanumer_2007\">20<\/span><\/a> Fannst m\u00e9r vandi fyrir mig a\u00f0 f\u00e1st vi\u00f0 \u00feetta og spur\u00f0i P\u00e1l hvort hann vildi fara til Jer\u00fasalem og l\u00e1ta d\u00e6ma m\u00e1li\u00f0 \u00fear. <a name=\"21\"><span class=\"versanumer_2007\">21<\/span><\/a> En hann skaut m\u00e1li s\u00ednu til keisarans og kraf\u00f0ist \u00feess a\u00f0 vera haf\u00f0ur \u00ed haldi \u00fear til hans h\u00e1tign hef\u00f0i skori\u00f0 \u00far. \u00dev\u00ed bau\u00f0 \u00e9g a\u00f0 hafa hann \u00ed haldi \u00feanga\u00f0 til \u00e9g g\u00e6ti sent hann til keisarans.\u201c <br \/> <a name=\"22\"><span class=\"versanumer_2007\">22<\/span><\/a> Agrippa sag\u00f0i \u00fe\u00e1 vi\u00f0 Festus: \u201e\u00c9g vildi sj\u00e1lfur f\u00e1 a\u00f0 heyra manninn.\u201c <br \/> Hinn svara\u00f0i: \u201e\u00c1 morgun skalt \u00fe\u00fa hlusta \u00e1 hann.\u201c <br \/> <a name=\"23\"><span class=\"versanumer_2007\">23<\/span><\/a> Daginn eftir komu Agrippa og Bern\u00edke me\u00f0 mikilli vi\u00f0h\u00f6fn og gengu \u00e1samt hersveitarforingjum og \u00e6\u00f0stu m\u00f6nnum borgarinnar inn \u00ed m\u00e1lstofuna. Festus bau\u00f0 \u00fe\u00e1 a\u00f0 lei\u00f0a P\u00e1l inn. <a name=\"24\"><span class=\"versanumer_2007\">24<\/span><\/a> Festus m\u00e6lti: \u201eAgrippa konungur og \u00fei\u00f0 menn allir sem hj\u00e1 okkur eru\u00f0 staddir. \u00dearna sj\u00e1i\u00f0 \u00fei\u00f0 mann sem veldur \u00fev\u00ed a\u00f0 allir Gy\u00f0ingar, b\u00e6\u00f0i \u00ed Jer\u00fasalem og h\u00e9r, hafa leita\u00f0 til m\u00edn. \u00deeir heimta h\u00e1st\u00f6fum a\u00f0 hann s\u00e9 tekinn af l\u00edfi. <br \/> <a name=\"25\"><span class=\"versanumer_2007\">25<\/span><\/a> M\u00e9r var\u00f0 lj\u00f3st a\u00f0 hann hefur ekkert \u00fea\u00f0 frami\u00f0 er dau\u00f0a s\u00e9 vert en sj\u00e1lfur skaut hann m\u00e1li s\u00ednu til hans h\u00e1tignar og \u00fe\u00e1 \u00e1kva\u00f0 \u00e9g a\u00f0 senda hann \u00feanga\u00f0. <a name=\"26\"><span class=\"versanumer_2007\">26<\/span><\/a> N\u00fa er m\u00e9r ekki fulllj\u00f3st hva\u00f0 \u00e9g \u00e1 a\u00f0 skrifa keisaranum um hann. \u00deess vegna hef \u00e9g leitt hann fram fyrir ykkur og einkum fyrir \u00feig, Agrippa konungur, svo a\u00f0 \u00e9g hafi eitthva\u00f0 a\u00f0 skrifa a\u00f0 lokinni yfirheyrslu. <a name=\"27\"><span class=\"versanumer_2007\">27<\/span><\/a> \u00dev\u00ed \u00fea\u00f0 l\u00edst m\u00e9r fr\u00e1leitt a\u00f0 senda fanga og tj\u00e1 eigi um lei\u00f0 sakargiftir gegn honum.\u201c <\/p>\n","protected":false},"excerpt":{"rendered":"<p>P\u00e1ll sk\u00fdtur m\u00e1li s\u00ednu til keisarans 1 \u00derem d\u00f6gum eftir a\u00f0 Festus haf\u00f0i teki\u00f0 vi\u00f0 umd\u00e6mi s\u00ednu f\u00f3r hann fr\u00e1 Sesareu upp til Jer\u00fasalem. 2 \u00c6\u00f0stu prestarnir og fyrirmenn Gy\u00f0inga b\u00e1ru \u00fe\u00e1 sakir \u00e1 P\u00e1l fyrir honum og b\u00e1\u00f0u hann 3 a\u00f0 veita s\u00e9r a\u00f0 m\u00e1lum gegn honum og s\u00fdna s\u00e9r \u00fe\u00e1 velvild a\u00f0 senda hann til Jer\u00fasalem. En \u00feeir hug\u00f0ust b\u00faa honum fyrirs\u00e1t og vega hann \u00e1 lei\u00f0inni. 4 Festus svara\u00f0i a\u00f0 P\u00e1ll v\u00e6ri \u00ed var\u00f0haldi \u00ed Sesareu en sj\u00e1lfur f\u00e6ri hann br\u00e1\u00f0lega \u00feanga\u00f0. 5 \u201eL\u00e1ti\u00f0 \u00fev\u00ed,\u201c sag\u00f0i hann, \u201er\u00e1\u00f0amenn ykkar ver\u00f0a m\u00e9r samfer\u00f0a ofan eftir og l\u00f6gs\u00e6kja manninn <a href=\"https:\/\/biblian.is\/biblian\/postulasagan-25-kafli\/\"> [&#8230;]<\/a><\/p>\n","protected":false},"author":1,"featured_media":0,"parent":0,"menu_order":0,"comment_status":"open","ping_status":"open","template":"bibliukaflar_NT.php","meta":{"footnotes":""},"class_list":["post-2660","page","type-page","status-publish","hentry"],"_links":{"self":[{"href":"https:\/\/biblian.is\/biblian\/wp-json\/wp\/v2\/pages\/2660","targetHints":{"allow":["GET"]}}],"collection":[{"href":"https:\/\/biblian.is\/biblian\/wp-json\/wp\/v2\/pages"}],"about":[{"href":"https:\/\/biblian.is\/biblian\/wp-json\/wp\/v2\/types\/page"}],"author":[{"embeddable":true,"href":"https:\/\/biblian.is\/biblian\/wp-json\/wp\/v2\/users\/1"}],"replies":[{"embeddable":true,"href":"https:\/\/biblian.is\/biblian\/wp-json\/wp\/v2\/comments?post=2660"}],"version-history":[{"count":0,"href":"https:\/\/biblian.is\/biblian\/wp-json\/wp\/v2\/pages\/2660\/revisions"}],"wp:attachment":[{"href":"https:\/\/biblian.is\/biblian\/wp-json\/wp\/v2\/media?parent=2660"}],"curies":[{"name":"wp","href":"https:\/\/api.w.org\/{rel}","templated":true}]}}