{"id":2659,"date":"2017-12-30T21:04:10","date_gmt":"2017-12-30T21:04:10","guid":{"rendered":"http:\/\/biblian.is\/biblian\/postulasagan-24-kafli\/"},"modified":"2019-08-26T23:22:26","modified_gmt":"2019-08-26T23:22:26","slug":"postulasagan-24-kafli","status":"publish","type":"page","link":"https:\/\/biblian.is\/biblian\/postulasagan-24-kafli\/","title":{"rendered":"Postulasagan 24. kafli"},"content":{"rendered":"<h3 class=\"millifyrirsogn_2007\"> S\u00f3kn og v\u00f6rn<\/h3>\n<p><a name=\"1\"><span class=\"versanumer_2007\">1<\/span><\/a> Fimm d\u00f6gum s\u00ed\u00f0ar f\u00f3r Anan\u00edas \u00e6\u00f0sti prestur ofan \u00feanga\u00f0 og me\u00f0 honum nokkrir \u00f6ldungar og Tert\u00fallus nokkur m\u00e1laf\u00e6rsluma\u00f0ur. \u00deeir b\u00e1ru sakir \u00e1 P\u00e1l fyrir landstj\u00f3ranum. <a name=\"2\"><span class=\"versanumer_2007\">2<\/span><\/a> Hann var n\u00fa kalla\u00f0ur fyrir en Tert\u00fallus h\u00f3f m\u00e1ls\u00f3knina og sag\u00f0i: <br \/>\u201eFyrir \u00feitt tilstilli, g\u00f6fugi Felix, sitjum vi\u00f0 \u00ed g\u00f3\u00f0um fri\u00f0i og \u00fej\u00f3\u00f0 vor hefur sakir \u00feinnar forsj\u00e1r \u00f6\u00f0last umb\u00e6tur \u00ed \u00f6llum greinum og alls sta\u00f0ar. <a name=\"3\"><span class=\"versanumer_2007\">3<\/span><\/a> \u00deetta vi\u00f0urkennum vi\u00f0 mj\u00f6g \u00feakksamlega. <a name=\"4\"><span class=\"versanumer_2007\">4<\/span><\/a> En svo a\u00f0 \u00e9g tefji \u00feig sem minnst bi\u00f0 \u00e9g a\u00f0 \u00fe\u00fa af mildi \u00feinni viljir hl\u00fd\u00f0a \u00e1 okkur litla hr\u00ed\u00f0. <a name=\"5\"><span class=\"versanumer_2007\">5<\/span><\/a> Vi\u00f0 h\u00f6fum komist a\u00f0 raun um a\u00f0 ma\u00f0ur \u00feessi er ska\u00f0r\u00e6\u00f0i, kveikir \u00f3fri\u00f0 me\u00f0 \u00f6llum Gy\u00f0ingum um v\u00ed\u00f0a ver\u00f6ld og er forsprakki villuflokks nasarea. <a name=\"6\"><span class=\"versanumer_2007\">6<\/span><\/a> Hann reyndi meira a\u00f0 segja a\u00f0 vanhelga musteri\u00f0 og \u00fe\u00e1 t\u00f3kum vi\u00f0 hann h\u00f6ndum.<span class=\"nedan_mal\" title=\" 7. vers vantar \u00ed helstu handrit.\">[<\/span> <a name=\"8\"><span class=\"versanumer_2007\">8<\/span><\/a> Me\u00f0 \u00fev\u00ed a\u00f0 yfirheyra hann getur \u00fe\u00fa sj\u00e1lfur gengi\u00f0 \u00far skugga um \u00f6ll sakarefni okkar gegn honum.\u201c <a name=\"9\"><span class=\"versanumer_2007\">9<\/span><\/a> Gy\u00f0ingarnir t\u00f3ku undir sakargiftirnar og kv\u00e1\u00f0u \u00feetta r\u00e9tt vera. <br \/> <a name=\"10\"><span class=\"versanumer_2007\">10<\/span><\/a> Landstj\u00f3rinn benti \u00fe\u00e1 P\u00e1li a\u00f0 taka til m\u00e1ls. Hann sag\u00f0i: <br \/>\u201eKunnugt er m\u00e9r um a\u00f0 \u00fe\u00fa hefur veri\u00f0 d\u00f3mari \u00feessarar \u00fej\u00f3\u00f0ar \u00ed m\u00f6rg \u00e1r. Mun \u00e9g \u00fev\u00ed \u00f3trau\u00f0ur verja m\u00e1l mitt. <a name=\"11\"><span class=\"versanumer_2007\">11<\/span><\/a> \u00de\u00fa getur og gengi\u00f0 \u00far skugga um a\u00f0 ekki eru nema t\u00f3lf dagar s\u00ed\u00f0an \u00e9g kom upp til Jer\u00fasalem a\u00f0 bi\u00f0jast fyrir. <a name=\"12\"><span class=\"versanumer_2007\">12<\/span><\/a> Og enginn hefur sta\u00f0i\u00f0 mig a\u00f0 \u00fev\u00ed a\u00f0 vera a\u00f0 st\u00e6la vi\u00f0 neinn e\u00f0a \u00e6sa f\u00f3lk til \u00f3spekta, hvorki \u00ed samkunduh\u00fasunum n\u00e9 neins sta\u00f0ar \u00ed borginni. <a name=\"13\"><span class=\"versanumer_2007\">13<\/span><\/a> \u00deeir geta ekki heldur sanna\u00f0 \u00fe\u00e9r \u00fea\u00f0 sem \u00feeir n\u00fa k\u00e6ra mig um. <a name=\"14\"><span class=\"versanumer_2007\">14<\/span><\/a> Hitt skal \u00e9g j\u00e1ta \u00fe\u00e9r, a\u00f0 \u00e9g \u00fej\u00f3na Gu\u00f0i fe\u00f0ra vorra samkv\u00e6mt veginum, sem \u00feeir kalla villu, og tr\u00fai \u00f6llu \u00fev\u00ed sem skrifa\u00f0 stendur \u00ed l\u00f6gm\u00e1linu og sp\u00e1m\u00f6nnunum. <a name=\"15\"><span class=\"versanumer_2007\">15<\/span><\/a> Og \u00fe\u00e1 von hef \u00e9g til Gu\u00f0s, sem \u00feeir og sj\u00e1lfir hafa, a\u00f0 upp muni r\u00edsa b\u00e6\u00f0i r\u00e9ttl\u00e1tir og rangl\u00e1tir. <a name=\"16\"><span class=\"versanumer_2007\">16<\/span><\/a> \u00dev\u00ed tem \u00e9g m\u00e9r og sj\u00e1lfur a\u00f0 hafa jafnan hreina samvisku fyrir Gu\u00f0i og m\u00f6nnum. <br \/> <a name=\"17\"><span class=\"versanumer_2007\">17<\/span><\/a> Eftir margra \u00e1ra fjarveru kom \u00e9g til a\u00f0 f\u00e6ra f\u00f3lki m\u00ednu \u00f6lmusugjafir og bera fram f\u00f3rnir. <a name=\"18\"><span class=\"versanumer_2007\">18<\/span><\/a> \u00deetta var \u00e9g a\u00f0 gera \u00ed helgid\u00f3minum og haf\u00f0i l\u00e1ti\u00f0 hreinsast og enginn var \u00fe\u00e1 manns\u00f6fnu\u00f0ur n\u00e9 upp\u00feot \u00feegar menn komu a\u00f0 m\u00e9r. <a name=\"19\"><span class=\"versanumer_2007\">19<\/span><\/a> \u00dear voru Gy\u00f0ingar nokkrir fr\u00e1 As\u00edu. \u00deeir hef\u00f0u \u00e1tt a\u00f0 koma fyrir \u00feig og bera fram k\u00e6ru hef\u00f0u \u00feeir fundi\u00f0 m\u00e9r eitthva\u00f0 til saka. <a name=\"20\"><span class=\"versanumer_2007\">20<\/span><\/a> Annars skulu \u00feessir sem h\u00e9r eru segja til hva\u00f0 sakn\u00e6mt \u00feeir fundu \u00feegar \u00e9g st\u00f3\u00f0 fyrir r\u00e1\u00f0inu. <a name=\"21\"><span class=\"versanumer_2007\">21<\/span><\/a> Nema \u00fea\u00f0 s\u00e9 \u00feetta eina sem \u00e9g hr\u00f3pa\u00f0i \u00feegar \u00e9g st\u00f3\u00f0 me\u00f0al \u00feeirra: Fyrir upprisu dau\u00f0ra er \u00e9g \u00ed dag l\u00f6gs\u00f3ttur frammi fyrir ykkur.\u201c <br \/> <a name=\"22\"><span class=\"versanumer_2007\">22<\/span><\/a> Felix, sem var vel kunnugt um veginn, fresta\u00f0i n\u00fa m\u00e1linu og m\u00e6lti: \u201e\u00deegar L\u00fds\u00edas hersveitarforingi kemur ofan hinga\u00f0 skal \u00e9g skera \u00far m\u00e1li ykkar.\u201c <a name=\"23\"><span class=\"versanumer_2007\">23<\/span><\/a> Hann bau\u00f0 hundra\u00f0sh\u00f6f\u00f0ingjanum a\u00f0 hafa P\u00e1l \u00ed var\u00f0haldi og varna engum f\u00e9laga hans a\u00f0 vitja um hann. <br \/> <a name=\"24\"><span class=\"versanumer_2007\">24<\/span><\/a> Nokkrum d\u00f6gum seinna kom Felix me\u00f0 eiginkonu sinni, Dr\u00fasillu. H\u00fan var Gy\u00f0ingur. Hann l\u00e9t s\u00e6kja P\u00e1l og hl\u00fdddi \u00e1 m\u00e1l hans um tr\u00fana \u00e1 Krist Jes\u00fa. <a name=\"25\"><span class=\"versanumer_2007\">25<\/span><\/a> En er hann r\u00e6ddi um r\u00e9ttl\u00e6ti, sj\u00e1lfs\u00f6gun og komandi d\u00f3m var\u00f0 Felix skelka\u00f0ur og m\u00e6lti: \u201eFar burt a\u00f0 sinni. \u00c9g l\u00e6t kalla \u00feig \u00feegar \u00e9g f\u00e6 t\u00f3m til.\u201c <a name=\"26\"><span class=\"versanumer_2007\">26<\/span><\/a> Me\u00f0 fram ger\u00f0i hann s\u00e9r von um a\u00f0 P\u00e1ll mundi gefa s\u00e9r f\u00e9. \u00dev\u00ed var \u00fea\u00f0 a\u00f0 hann l\u00e9t alloft s\u00e6kja hann og \u00e1tti tal vi\u00f0 hann. <br \/> <a name=\"27\"><span class=\"versanumer_2007\">27<\/span><\/a> \u00deegar tv\u00f6 \u00e1r voru li\u00f0in t\u00f3k Pork\u00edus Festus vi\u00f0 landstj\u00f3rn af Felix. Felix vildi koma s\u00e9r vel vi\u00f0 Gy\u00f0inga og l\u00e9t \u00fev\u00ed P\u00e1l eftir \u00ed haldi. <\/p>\n","protected":false},"excerpt":{"rendered":"<p>S\u00f3kn og v\u00f6rn 1 Fimm d\u00f6gum s\u00ed\u00f0ar f\u00f3r Anan\u00edas \u00e6\u00f0sti prestur ofan \u00feanga\u00f0 og me\u00f0 honum nokkrir \u00f6ldungar og Tert\u00fallus nokkur m\u00e1laf\u00e6rsluma\u00f0ur. \u00deeir b\u00e1ru sakir \u00e1 P\u00e1l fyrir landstj\u00f3ranum. 2 Hann var n\u00fa kalla\u00f0ur fyrir en Tert\u00fallus h\u00f3f m\u00e1ls\u00f3knina og sag\u00f0i: \u201eFyrir \u00feitt tilstilli, g\u00f6fugi Felix, sitjum vi\u00f0 \u00ed g\u00f3\u00f0um fri\u00f0i og \u00fej\u00f3\u00f0 vor hefur sakir \u00feinnar forsj\u00e1r \u00f6\u00f0last umb\u00e6tur \u00ed \u00f6llum greinum og alls sta\u00f0ar. 3 \u00deetta vi\u00f0urkennum vi\u00f0 mj\u00f6g \u00feakksamlega. 4 En svo a\u00f0 \u00e9g tefji \u00feig sem minnst bi\u00f0 \u00e9g a\u00f0 \u00fe\u00fa af mildi \u00feinni viljir hl\u00fd\u00f0a \u00e1 okkur litla hr\u00ed\u00f0. 5 Vi\u00f0 h\u00f6fum komist a\u00f0 raun <a href=\"https:\/\/biblian.is\/biblian\/postulasagan-24-kafli\/\"> [&#8230;]<\/a><\/p>\n","protected":false},"author":1,"featured_media":0,"parent":0,"menu_order":0,"comment_status":"open","ping_status":"open","template":"bibliukaflar_NT.php","meta":{"footnotes":""},"class_list":["post-2659","page","type-page","status-publish","hentry"],"_links":{"self":[{"href":"https:\/\/biblian.is\/biblian\/wp-json\/wp\/v2\/pages\/2659","targetHints":{"allow":["GET"]}}],"collection":[{"href":"https:\/\/biblian.is\/biblian\/wp-json\/wp\/v2\/pages"}],"about":[{"href":"https:\/\/biblian.is\/biblian\/wp-json\/wp\/v2\/types\/page"}],"author":[{"embeddable":true,"href":"https:\/\/biblian.is\/biblian\/wp-json\/wp\/v2\/users\/1"}],"replies":[{"embeddable":true,"href":"https:\/\/biblian.is\/biblian\/wp-json\/wp\/v2\/comments?post=2659"}],"version-history":[{"count":0,"href":"https:\/\/biblian.is\/biblian\/wp-json\/wp\/v2\/pages\/2659\/revisions"}],"wp:attachment":[{"href":"https:\/\/biblian.is\/biblian\/wp-json\/wp\/v2\/media?parent=2659"}],"curies":[{"name":"wp","href":"https:\/\/api.w.org\/{rel}","templated":true}]}}