{"id":2658,"date":"2017-12-30T21:04:10","date_gmt":"2017-12-30T21:04:10","guid":{"rendered":"http:\/\/biblian.is\/biblian\/postulasagan-23-kafli\/"},"modified":"2019-08-26T23:22:26","modified_gmt":"2019-08-26T23:22:26","slug":"postulasagan-23-kafli","status":"publish","type":"page","link":"https:\/\/biblian.is\/biblian\/postulasagan-23-kafli\/","title":{"rendered":"Postulasagan 23. kafli"},"content":{"rendered":"<p><a name=\"1\"><span class=\"versanumer_2007\">1<\/span><\/a> En P\u00e1ll hvessti augun \u00e1 r\u00e1\u00f0i\u00f0 og m\u00e6lti: \u201eG\u00f3\u00f0ir menn og br\u00e6\u00f0ur, \u00e9g hef \u00fej\u00f3na\u00f0 Gu\u00f0i allt fram \u00e1 \u00feennan dag og hef a\u00f0 \u00f6llu leyti g\u00f3\u00f0a samvisku.\u201c <a name=\"2\"><span class=\"versanumer_2007\">2<\/span><\/a> En Anan\u00edas \u00e6\u00f0sti prestur skipa\u00f0i \u00feeim er hj\u00e1 st\u00f3\u00f0u a\u00f0 lj\u00f3sta hann \u00e1 munninn. <a name=\"3\"><span class=\"versanumer_2007\">3<\/span><\/a> \u00de\u00e1 sag\u00f0i P\u00e1ll vi\u00f0 hann: \u201eGu\u00f0 mun lj\u00f3sta \u00feig, kalka\u00f0i veggur. H\u00e9r situr \u00fe\u00fa til a\u00f0 d\u00e6ma mig samkv\u00e6mt l\u00f6gm\u00e1linu og skipar \u00fe\u00f3 \u00fevert ofan \u00ed l\u00f6gm\u00e1li\u00f0 a\u00f0 sl\u00e1 mig.\u201c <a name=\"4\"><span class=\"versanumer_2007\">4<\/span><\/a> \u00deeir sem hj\u00e1 st\u00f3\u00f0u s\u00f6g\u00f0u: \u201eSm\u00e1nar \u00fe\u00fa \u00e6\u00f0sta prest Gu\u00f0s?\u201c <br \/> <a name=\"5\"><span class=\"versanumer_2007\">5<\/span><\/a> P\u00e1ll svara\u00f0i: \u201eEkki vissi \u00e9g, br\u00e6\u00f0ur, a\u00f0 hann v\u00e6ri \u00e6\u00f0sti prestur \u00fev\u00ed rita\u00f0 er: \u00de\u00fa skalt ekki form\u00e6la h\u00f6f\u00f0ingja \u00fej\u00f3\u00f0ar \u00feinnar.\u201c <br \/> <a name=\"6\"><span class=\"versanumer_2007\">6<\/span><\/a> N\u00fa vissi P\u00e1ll a\u00f0 sumir \u00feeirra voru sadd\u00fakear en a\u00f0rir far\u00edsear og hann hr\u00f3pa\u00f0i upp \u00ed r\u00e1\u00f0inu: \u201eBr\u00e6\u00f0ur, \u00e9g er far\u00edsei, af far\u00edseum kominn. \u00c9g er l\u00f6gs\u00f3ttur fyrir vonina um upprisu dau\u00f0ra.\u201c <br \/> <a name=\"7\"><span class=\"versanumer_2007\">7<\/span><\/a> \u00deegar hann sag\u00f0i \u00feetta var\u00f0 deila milli far\u00edsea og sadd\u00fakea og \u00feingheimur skiptist \u00ed flokka, <a name=\"8\"><span class=\"versanumer_2007\">8<\/span><\/a> \u00fev\u00ed a\u00f0 sadd\u00fakear segja a\u00f0 ekki s\u00e9 til upprisa, englar n\u00e9 andar en far\u00edsear j\u00e1ta allt \u00feetta. <a name=\"9\"><span class=\"versanumer_2007\">9<\/span><\/a> N\u00fa var\u00f0 hr\u00f3p miki\u00f0 og nokkrir fr\u00e6\u00f0imenn af flokki far\u00edsea risu upp og fullyrtu: \u201eVi\u00f0 sj\u00e1um ekki a\u00f0 \u00feessi ma\u00f0ur hafi broti\u00f0 af s\u00e9r. G\u00e6ti ekki hugsast a\u00f0 andi hafi tala\u00f0 vi\u00f0 hann e\u00f0a engill?\u201c <br \/> <a name=\"10\"><span class=\"versanumer_2007\">10<\/span><\/a> Deilan har\u00f0na\u00f0i og hersveitarforinginn f\u00f3r a\u00f0 \u00f3ttast a\u00f0 \u00feeir \u00e6tlu\u00f0u a\u00f0 sl\u00edta P\u00e1l \u00ed sundur. \u00dev\u00ed skipa\u00f0i hann herli\u00f0inu a\u00f0 koma ofan, taka hann af \u00feeim og f\u00e6ra hann inn \u00ed kastalann. <br \/> <a name=\"11\"><span class=\"versanumer_2007\">11<\/span><\/a> N\u00f3ttina eftir kom Drottinn til hans og sag\u00f0i: \u201eVertu hughraustur! Svo sem \u00fe\u00fa hefur vitna\u00f0 um mig \u00ed Jer\u00fasalem eins ber \u00fe\u00e9r og a\u00f0 vitna \u00ed R\u00f3m.\u201c <\/p>\n<h3 class=\"millifyrirsogn_2007\">Gy\u00f0ingar bindast samt\u00f6kum<\/h3>\n<p><a name=\"12\"><span class=\"versanumer_2007\">12<\/span><\/a> \u00deegar dagur rann bundust Gy\u00f0ingar samt\u00f6kum og s\u00f3ru \u00feess ei\u00f0 a\u00f0 eta hvorki n\u00e9 drekka fyrr en \u00feeir hef\u00f0u r\u00e1\u00f0i\u00f0 P\u00e1l af d\u00f6gum. <a name=\"13\"><span class=\"versanumer_2007\">13<\/span><\/a> Voru \u00feeir fleiri en fj\u00f6rut\u00edu sem \u00feetta sams\u00e6ri ger\u00f0u. <a name=\"14\"><span class=\"versanumer_2007\">14<\/span><\/a> \u00deeir f\u00f3ru til \u00e6\u00f0stu prestanna og \u00f6ldunganna og s\u00f6g\u00f0u: \u201eVi\u00f0 h\u00f6fum svari\u00f0 \u00feess d\u00fdran ei\u00f0 a\u00f0 neyta einskis fyrr en vi\u00f0 h\u00f6fum r\u00e1\u00f0i\u00f0 P\u00e1l af d\u00f6gum. <a name=\"15\"><span class=\"versanumer_2007\">15<\/span><\/a> N\u00fa skulu\u00f0 \u00fei\u00f0 og r\u00e1\u00f0i\u00f0 leggja til vi\u00f0 hersveitarforingjann a\u00f0 hann l\u00e1ti senda hann ni\u00f0ur til ykkar svo sem vildu\u00f0 \u00fei\u00f0 kynna ykkur m\u00e1l hans r\u00e6kilegar. En vi\u00f0 erum vi\u00f0 \u00fev\u00ed b\u00fanir a\u00f0 vega hann \u00e1\u00f0ur en hann kemst alla lei\u00f0.\u201c <br \/> <a name=\"16\"><span class=\"versanumer_2007\">16<\/span><\/a> En systursonur P\u00e1ls heyr\u00f0i um fyrirs\u00e1tina. Hann gekk inn \u00ed kastalann og sag\u00f0i P\u00e1li fr\u00e1. <a name=\"17\"><span class=\"versanumer_2007\">17<\/span><\/a> P\u00e1ll kalla\u00f0i til s\u00edn einn hundra\u00f0sh\u00f6f\u00f0ingjann og m\u00e6lti: \u201eFar \u00fe\u00fa me\u00f0 \u00feennan unga mann til hersveitarforingjans \u00fev\u00ed a\u00f0 hann hefur nokku\u00f0 a\u00f0 segja honum.\u201c <a name=\"18\"><span class=\"versanumer_2007\">18<\/span><\/a> Hundra\u00f0sh\u00f6f\u00f0inginn t\u00f3k hann me\u00f0 s\u00e9r, f\u00f3r me\u00f0 hann til hersveitarforingjans og sag\u00f0i: \u201eFanginn P\u00e1ll kalla\u00f0i mig til s\u00edn og ba\u00f0 mig a\u00f0 fara til \u00fe\u00edn me\u00f0 \u00feennan unga mann. Hann hefur eitthva\u00f0 a\u00f0 segja \u00fe\u00e9r.\u201c <br \/> <a name=\"19\"><span class=\"versanumer_2007\">19<\/span><\/a> Hersveitarforinginn t\u00f3k \u00ed h\u00f6nd honum, leiddi hann afs\u00ed\u00f0is og spur\u00f0i: \u201eHva\u00f0 er \u00fea\u00f0 sem \u00fe\u00fa hefur a\u00f0 segja m\u00e9r?\u201c <br \/> <a name=\"20\"><span class=\"versanumer_2007\">20<\/span><\/a> Hinn svara\u00f0i: \u201eGy\u00f0ingar hafa komi\u00f0 s\u00e9r saman um a\u00f0 bi\u00f0ja \u00feig a\u00f0 senda P\u00e1l ni\u00f0ur \u00ed r\u00e1\u00f0i\u00f0 \u00e1 morgun \u00fear e\u00f0 \u00feeir \u00e6tli a\u00f0 rannsaka m\u00e1l hans r\u00e6kilegar. <a name=\"21\"><span class=\"versanumer_2007\">21<\/span><\/a> En l\u00e1t \u00fe\u00fa ekki a\u00f0 vilja \u00feeirra \u00fev\u00ed a\u00f0 menn \u00feeirra, fleiri en fj\u00f6rut\u00edu, sitja fyrir honum og hafa svari\u00f0 \u00feess ei\u00f0 a\u00f0 eta hvorki n\u00e9 drekka fyrr en \u00feeir hafi vegi\u00f0 hann. N\u00fa eru \u00feeir vi\u00f0b\u00fanir og b\u00ed\u00f0a eftir a\u00f0 svari\u00f0 komi fr\u00e1 \u00fe\u00e9r.\u201c <br \/> <a name=\"22\"><span class=\"versanumer_2007\">22<\/span><\/a> Hersveitarforinginn l\u00e9t piltinn fara og bau\u00f0 honum: \u201e\u00de\u00fa m\u00e1tt engum segja a\u00f0 \u00fe\u00fa hafir gert m\u00e9r vi\u00f0vart um \u00feetta.\u201c <\/p>\n<h3 class=\"millifyrirsogn_2007\">P\u00e1ll sendur til Felix landstj\u00f3ra<\/h3>\n<p><a name=\"23\"><span class=\"versanumer_2007\">23<\/span><\/a> Hann kalla\u00f0i fyrir sig tvo hundra\u00f0sh\u00f6f\u00f0ingja og sag\u00f0i: \u201eL\u00e1ti\u00f0 tv\u00f6 hundru\u00f0 hermenn vera tilb\u00fana a\u00f0 fara til Sesareu eftir n\u00e1ttm\u00e1l, auk \u00feess sj\u00f6t\u00edu riddara og tv\u00f6 hundru\u00f0 l\u00e9ttli\u00f0a. <a name=\"24\"><span class=\"versanumer_2007\">24<\/span><\/a> Hafi\u00f0 og til fararskj\u00f3ta handa P\u00e1li svo a\u00f0 \u00fei\u00f0 komi\u00f0 honum heilum til Felix landstj\u00f3ra.\u201c <a name=\"25\"><span class=\"versanumer_2007\">25<\/span><\/a> Og hann rita\u00f0i br\u00e9f, svohlj\u00f3\u00f0andi: <br \/> <a name=\"26\"><span class=\"versanumer_2007\">26<\/span><\/a> \u201eKl\u00e1d\u00edus L\u00fds\u00edas sendir kve\u00f0ju hinum g\u00f6fuga Felix landstj\u00f3ra. <a name=\"27\"><span class=\"versanumer_2007\">27<\/span><\/a> Mann \u00feennan h\u00f6f\u00f0u Gy\u00f0ingar teki\u00f0 h\u00f6ndum og voru \u00ed \u00feann veginn a\u00f0 taka af l\u00edfi er \u00e9g kom a\u00f0 me\u00f0 herm\u00f6nnum. \u00c9g komst a\u00f0 \u00fev\u00ed a\u00f0 hann er r\u00f3mverskur og bjarga\u00f0i honum. <a name=\"28\"><span class=\"versanumer_2007\">28<\/span><\/a> En \u00e9g vildi vita fyrir hverja s\u00f6k \u00feeir \u00e1k\u00e6r\u00f0u hann og f\u00f3r me\u00f0 hann ni\u00f0ur \u00ed r\u00e1\u00f0 \u00feeirra. <a name=\"29\"><span class=\"versanumer_2007\">29<\/span><\/a> Komst \u00e9g \u00fe\u00e1 a\u00f0 raun um a\u00f0 hann var k\u00e6r\u00f0ur vegna \u00e1greinings um l\u00f6gm\u00e1l \u00feeirra en engin s\u00f6k var honum gefin er s\u00e6tir dau\u00f0a e\u00f0a fangelsi. <a name=\"30\"><span class=\"versanumer_2007\">30<\/span><\/a> En \u00fear sem \u00e9g hef fengi\u00f0 bendingu um a\u00f0 seti\u00f0 s\u00e9 um l\u00edf mannsins sendi \u00e9g hann tafarlaust til \u00fe\u00edn. \u00c9g hef jafnframt bo\u00f0i\u00f0 \u00e1k\u00e6rendum hans a\u00f0 flytja m\u00e1l sitt gegn honum fyrir \u00fe\u00e9r.\u201c <br \/> <a name=\"31\"><span class=\"versanumer_2007\">31<\/span><\/a> Hermennirnir t\u00f3ku \u00fe\u00e1 P\u00e1l, eins og \u00feeim var bo\u00f0i\u00f0, og f\u00f3ru me\u00f0 hann a\u00f0 n\u00e6turlagi til Ant\u00edpatris. <a name=\"32\"><span class=\"versanumer_2007\">32<\/span><\/a> Daginn eftir sneru \u00feeir aftur til kastalans en l\u00e9tu riddarana fara me\u00f0 honum. <a name=\"33\"><span class=\"versanumer_2007\">33<\/span><\/a> \u00deeir f\u00f3ru inn \u00ed Sesareu, afhentu landstj\u00f3ranum br\u00e9fi\u00f0 og f\u00e6r\u00f0u P\u00e1l fyrir hann. <a name=\"34\"><span class=\"versanumer_2007\">34<\/span><\/a> Hann las br\u00e9fi\u00f0 og spur\u00f0i \u00far hva\u00f0a skattlandi hann v\u00e6ri. Var honum tj\u00e1\u00f0 a\u00f0 hann v\u00e6ri fr\u00e1 Kilik\u00edu. <a name=\"35\"><span class=\"versanumer_2007\">35<\/span><\/a> \u00de\u00e1 m\u00e6lti hann: \u201e\u00c9g mun rannsaka m\u00e1l \u00feitt \u00feegar k\u00e6rendur \u00fe\u00ednir koma.\u201c Og hann bau\u00f0 a\u00f0 geyma hann \u00ed h\u00f6ll Her\u00f3desar. <\/p>\n","protected":false},"excerpt":{"rendered":"<p>1 En P\u00e1ll hvessti augun \u00e1 r\u00e1\u00f0i\u00f0 og m\u00e6lti: \u201eG\u00f3\u00f0ir menn og br\u00e6\u00f0ur, \u00e9g hef \u00fej\u00f3na\u00f0 Gu\u00f0i allt fram \u00e1 \u00feennan dag og hef a\u00f0 \u00f6llu leyti g\u00f3\u00f0a samvisku.\u201c 2 En Anan\u00edas \u00e6\u00f0sti prestur skipa\u00f0i \u00feeim er hj\u00e1 st\u00f3\u00f0u a\u00f0 lj\u00f3sta hann \u00e1 munninn. 3 \u00de\u00e1 sag\u00f0i P\u00e1ll vi\u00f0 hann: \u201eGu\u00f0 mun lj\u00f3sta \u00feig, kalka\u00f0i veggur. H\u00e9r situr \u00fe\u00fa til a\u00f0 d\u00e6ma mig samkv\u00e6mt l\u00f6gm\u00e1linu og skipar \u00fe\u00f3 \u00fevert ofan \u00ed l\u00f6gm\u00e1li\u00f0 a\u00f0 sl\u00e1 mig.\u201c 4 \u00deeir sem hj\u00e1 st\u00f3\u00f0u s\u00f6g\u00f0u: \u201eSm\u00e1nar \u00fe\u00fa \u00e6\u00f0sta prest Gu\u00f0s?\u201c 5 P\u00e1ll svara\u00f0i: \u201eEkki vissi \u00e9g, br\u00e6\u00f0ur, a\u00f0 hann v\u00e6ri \u00e6\u00f0sti prestur \u00fev\u00ed rita\u00f0 <a href=\"https:\/\/biblian.is\/biblian\/postulasagan-23-kafli\/\"> [&#8230;]<\/a><\/p>\n","protected":false},"author":1,"featured_media":0,"parent":0,"menu_order":0,"comment_status":"open","ping_status":"open","template":"bibliukaflar_NT.php","meta":{"footnotes":""},"class_list":["post-2658","page","type-page","status-publish","hentry"],"_links":{"self":[{"href":"https:\/\/biblian.is\/biblian\/wp-json\/wp\/v2\/pages\/2658","targetHints":{"allow":["GET"]}}],"collection":[{"href":"https:\/\/biblian.is\/biblian\/wp-json\/wp\/v2\/pages"}],"about":[{"href":"https:\/\/biblian.is\/biblian\/wp-json\/wp\/v2\/types\/page"}],"author":[{"embeddable":true,"href":"https:\/\/biblian.is\/biblian\/wp-json\/wp\/v2\/users\/1"}],"replies":[{"embeddable":true,"href":"https:\/\/biblian.is\/biblian\/wp-json\/wp\/v2\/comments?post=2658"}],"version-history":[{"count":0,"href":"https:\/\/biblian.is\/biblian\/wp-json\/wp\/v2\/pages\/2658\/revisions"}],"wp:attachment":[{"href":"https:\/\/biblian.is\/biblian\/wp-json\/wp\/v2\/media?parent=2658"}],"curies":[{"name":"wp","href":"https:\/\/api.w.org\/{rel}","templated":true}]}}