{"id":2656,"date":"2017-12-30T21:04:05","date_gmt":"2017-12-30T21:04:05","guid":{"rendered":"http:\/\/biblian.is\/biblian\/postulasagan-21-kafli\/"},"modified":"2019-08-26T23:22:25","modified_gmt":"2019-08-26T23:22:25","slug":"postulasagan-21-kafli","status":"publish","type":"page","link":"https:\/\/biblian.is\/biblian\/postulasagan-21-kafli\/","title":{"rendered":"Postulasagan 21. kafli"},"content":{"rendered":"<h3 class=\"millifyrirsogn_2007\"> P\u00e1ll fer til Jer\u00fasalem<\/h3>\n<p><a name=\"1\"><span class=\"versanumer_2007\">1<\/span><\/a> \u00deegar vi\u00f0 h\u00f6f\u00f0um sliti\u00f0 okkur fr\u00e1 \u00feeim l\u00e9tum vi\u00f0 \u00ed haf og h\u00e9ldum beina lei\u00f0 til K\u00f3s, daginn eftir til R\u00f3dos og \u00fea\u00f0an til Patara. <a name=\"2\"><span class=\"versanumer_2007\">2<\/span><\/a> \u00dear hittum vi\u00f0 \u00e1 skip er fara \u00e1tti til F\u00f6nik\u00edu. Stigum vi\u00f0 \u00e1 \u00fea\u00f0 og l\u00e9tum \u00ed haf. <a name=\"3\"><span class=\"versanumer_2007\">3<\/span><\/a> Vi\u00f0 h\u00f6f\u00f0um lands\u00fdn af K\u00fdpur, l\u00e9tum hana \u00e1 bakbor\u00f0a og sigldum til S\u00fdrlands og t\u00f3kum h\u00f6fn \u00ed T\u00fdrus. \u00dear \u00e1tti skipi\u00f0 a\u00f0 leggja upp farminn. <a name=\"4\"><span class=\"versanumer_2007\">4<\/span><\/a> Vi\u00f0 leitu\u00f0um uppi l\u00e6risveinana og dv\u00f6ldumst \u00fear sj\u00f6 daga. \u00deeir s\u00f6g\u00f0u P\u00e1li af gift andans a\u00f0 hann skyldi ekki halda \u00e1fram til Jer\u00fasalem. <a name=\"5\"><span class=\"versanumer_2007\">5<\/span><\/a> A\u00f0 \u00feessum d\u00f6gum li\u00f0num l\u00f6g\u00f0um vi\u00f0 af sta\u00f0. Fylgdu \u00feeir okkur allir \u00e1 veg me\u00f0 konum og b\u00f6rnum \u00fat fyrir borgina. Vi\u00f0 f\u00e9llum \u00e1 kn\u00e9 \u00ed fj\u00f6runni og b\u00e1\u00f0umst fyrir. <a name=\"6\"><span class=\"versanumer_2007\">6<\/span><\/a> \u00dear kv\u00f6ddumst vi\u00f0. Vi\u00f0 stigum \u00e1 skip en hin sneru aftur heim til s\u00edn. <br \/> <a name=\"7\"><span class=\"versanumer_2007\">7<\/span><\/a> Vi\u00f0 komum til Pt\u00f3lemais fr\u00e1 T\u00fdrus og lukum \u00fear sj\u00f3fer\u00f0inni. Vi\u00f0 heilsu\u00f0um tr\u00fasystkinunum<span class=\"nedan_mal\" title=\" Or\u00f0r\u00e9tt: br\u00e6\u00f0runum.\">[<\/span> og dv\u00f6ldumst hj\u00e1 \u00feeim daglangt. <a name=\"8\"><span class=\"versanumer_2007\">8<\/span><\/a> Daginn eftir f\u00f3rum vi\u00f0 \u00fea\u00f0an og komum til Sesareu, gengum inn \u00ed h\u00fas Filippusar tr\u00fabo\u00f0a, sem var einn af \u00feeim sj\u00f6, og dv\u00f6ldumst hj\u00e1 honum. <a name=\"9\"><span class=\"versanumer_2007\">9<\/span><\/a> Hann \u00e1tti fj\u00f3rar \u00f3giftar d\u00e6tur, g\u00e6ddar sp\u00e1d\u00f3msg\u00e1fu. <a name=\"10\"><span class=\"versanumer_2007\">10<\/span><\/a> \u00deegar vi\u00f0 h\u00f6f\u00f0um dvalist \u00fear nokkra daga kom sp\u00e1ma\u00f0ur einn ofan fr\u00e1 J\u00fadeu, Agabus a\u00f0 nafni. <a name=\"11\"><span class=\"versanumer_2007\">11<\/span><\/a> Hann kom til okkar, t\u00f3k belti P\u00e1ls, batt f\u00e6tur s\u00edna og hendur og m\u00e6lti: \u201eSvo segir heilagur andi: \u00deannig munu Gy\u00f0ingar \u00ed Jer\u00fasalem binda \u00feann mann sem \u00feetta belti \u00e1 og selja hann \u00ed hendur hei\u00f0ingjum.\u201c <a name=\"12\"><span class=\"versanumer_2007\">12<\/span><\/a> \u00deegar vi\u00f0 heyr\u00f0um \u00feetta l\u00f6g\u00f0um vi\u00f0 og heimamenn a\u00f0 P\u00e1li a\u00f0 fara ekki upp til Jer\u00fasalem. <a name=\"13\"><span class=\"versanumer_2007\">13<\/span><\/a> En hann sag\u00f0i: \u201eHv\u00ed gr\u00e1ti\u00f0 \u00fei\u00f0 og hrelli\u00f0 hjarta mitt? \u00c9g er eigi a\u00f0eins rei\u00f0ub\u00fainn a\u00f0 l\u00e1ta binda mig heldur og a\u00f0 deyja \u00ed Jer\u00fasalem fyrir nafn Drottins Jes\u00fa.\u201c <a name=\"14\"><span class=\"versanumer_2007\">14<\/span><\/a> Honum var\u00f0 eigi tali\u00f0 hughvarf. \u00de\u00e1 l\u00e9tum vi\u00f0 kyrrt og s\u00f6g\u00f0um: \u201eVer\u00f0i Drottins vilji.\u201c <br \/> <a name=\"15\"><span class=\"versanumer_2007\">15<\/span><\/a> A\u00f0 \u00feessum d\u00f6gum li\u00f0num bjuggumst vi\u00f0 til fer\u00f0ar og h\u00e9ldum upp til Jer\u00fasalem. <a name=\"16\"><span class=\"versanumer_2007\">16<\/span><\/a> Nokkrir l\u00e6risveinar fr\u00e1 Sesareu ur\u00f0u okkur samfer\u00f0a. \u00deeir f\u00f3ru me\u00f0 okkur til Mnasons nokkurs fr\u00e1 K\u00fdpur, l\u00e6risveins fr\u00e1 elstu t\u00ed\u00f0, og skyldum vi\u00f0 gista hj\u00e1 honum. <\/p>\n<h3 class=\"millifyrirsogn_2007\">P\u00e1ll og Jakob<\/h3>\n<p><a name=\"17\"><span class=\"versanumer_2007\">17<\/span><\/a> \u00deegar vi\u00f0 komum til Jer\u00fasalem t\u00f3ku tr\u00fasystkinin<span class=\"nedan_mal\" title=\" Or\u00f0r\u00e9tt: br\u00e6\u00f0urnir.\">[<\/span> okkur feginsamlega. <a name=\"18\"><span class=\"versanumer_2007\">18<\/span><\/a> N\u00e6sta dag gekk P\u00e1ll me\u00f0 okkur til Jakobs og allir \u00f6ldungarnir komu \u00feanga\u00f0. <a name=\"19\"><span class=\"versanumer_2007\">19<\/span><\/a> P\u00e1ll heilsa\u00f0i \u00feeim og l\u00fdsti s\u00ed\u00f0an n\u00e1kv\u00e6mlega \u00f6llu sem Gu\u00f0 haf\u00f0i gert me\u00f0al hei\u00f0ingjanna me\u00f0 \u00fej\u00f3nustu hans. <a name=\"20\"><span class=\"versanumer_2007\">20<\/span><\/a> \u00deeir vegs\u00f6mu\u00f0u Gu\u00f0 fyrir \u00fea\u00f0 sem \u00feeir heyr\u00f0u og s\u00f6g\u00f0u vi\u00f0 hann: \u201e\u00de\u00fa s\u00e9r\u00f0, br\u00f3\u00f0ir, hve margir tugir \u00fe\u00fasunda \u00fea\u00f0 eru me\u00f0al Gy\u00f0inga sem tr\u00fa hafa teki\u00f0 og allir eru \u00feeir vandl\u00e1tir um l\u00f6gm\u00e1li\u00f0. <a name=\"21\"><span class=\"versanumer_2007\">21<\/span><\/a> En \u00feeim hefur veri\u00f0 sagt a\u00f0 \u00fe\u00fa kennir \u00f6llum Gy\u00f0ingum, sem eru me\u00f0al hei\u00f0ingja, a\u00f0 hverfa fr\u00e1 M\u00f3se og segir a\u00f0 \u00feeir skuli hvorki umskera b\u00f6rn s\u00edn n\u00e9 fylgja si\u00f0um okkar. <a name=\"22\"><span class=\"versanumer_2007\">22<\/span><\/a> Hva\u00f0 \u00e1 n\u00fa a\u00f0 gera? V\u00edst mun \u00fea\u00f0 spyrjast a\u00f0 \u00fe\u00fa s\u00e9rt kominn. <a name=\"23\"><span class=\"versanumer_2007\">23<\/span><\/a> Ger \u00fev\u00ed \u00feetta sem vi\u00f0 n\u00fa segjum \u00fe\u00e9r. Hj\u00e1 okkur eru fj\u00f3rir menn sem heit hv\u00edlir \u00e1. <a name=\"24\"><span class=\"versanumer_2007\">24<\/span><\/a> Tak \u00fe\u00e1 me\u00f0 \u00fe\u00e9r, l\u00e1t hreinsast me\u00f0 \u00feeim og ber kostna\u00f0inn fyrir \u00fe\u00e1 a\u00f0 \u00feeir geti l\u00e1ti\u00f0 raka h\u00f6fu\u00f0 s\u00edn. \u00de\u00e1 mega allir sj\u00e1 a\u00f0 ekkert er h\u00e6ft \u00ed \u00fev\u00ed sem \u00feeim hefur veri\u00f0 sagt um \u00feig heldur g\u00e6tir \u00fe\u00fa l\u00f6gm\u00e1lsins sj\u00e1lfur \u00ed breytni \u00feinni. <a name=\"25\"><span class=\"versanumer_2007\">25<\/span><\/a> En um hei\u00f0ingja sem tr\u00fa hafa teki\u00f0 h\u00f6fum vi\u00f0 gefi\u00f0 \u00fat br\u00e9f og \u00e1lykta\u00f0 a\u00f0 \u00feeir skuli varast kj\u00f6t f\u00f3rna\u00f0 skur\u00f0go\u00f0um, bl\u00f3\u00f0, kj\u00f6t af k\u00f6fnu\u00f0um d\u00fdrum og saurlifna\u00f0.\u201c <br \/> <a name=\"26\"><span class=\"versanumer_2007\">26<\/span><\/a> P\u00e1ll t\u00f3k a\u00f0 s\u00e9r mennina og l\u00e9t hreinsast me\u00f0 \u00feeim n\u00e6sta dag. S\u00ed\u00f0an gekk hann inn \u00ed helgid\u00f3minn og ger\u00f0i kunnugt hven\u00e6r hreinsunardagarnir v\u00e6ru \u00e1 enda og f\u00f3rnin fyrir hvern \u00feeirra skyldi fram borin. <\/p>\n<h3 class=\"millifyrirsogn_2007\">P\u00e1ll tekinn h\u00f6ndum<\/h3>\n<p><a name=\"27\"><span class=\"versanumer_2007\">27<\/span><\/a> \u00deegar dagarnir sj\u00f6 voru n\u00e6r li\u00f0nir s\u00e1u Gy\u00f0ingar fr\u00e1 As\u00edu P\u00e1l \u00ed helgid\u00f3minum. \u00deeir komu \u00f6llu f\u00f3lkinu \u00ed uppn\u00e1m, l\u00f6g\u00f0u hendur \u00e1 hann <a name=\"28\"><span class=\"versanumer_2007\">28<\/span><\/a> og hr\u00f3pu\u00f0u: \u201e\u00cdsraelsmenn, veiti\u00f0 n\u00fa li\u00f0. \u00deetta er ma\u00f0urinn sem alls sta\u00f0ar kennir \u00f6llum \u00fea\u00f0 sem er andst\u00e6tt l\u00fd\u00f0num, l\u00f6gm\u00e1linu og \u00feessum sta\u00f0. Og n\u00fa hefur hann auk heldur fari\u00f0 me\u00f0 Grikki inn \u00ed helgid\u00f3minn og saurga\u00f0 \u00feennan heilaga sta\u00f0.\u201c <a name=\"29\"><span class=\"versanumer_2007\">29<\/span><\/a> En \u00feeir h\u00f6f\u00f0u \u00e1\u00f0ur s\u00e9\u00f0 Tr\u00f3f\u00edmus fr\u00e1 Efesus me\u00f0 honum \u00ed borginni og hug\u00f0u a\u00f0 P\u00e1ll hef\u00f0i fari\u00f0 me\u00f0 hann inn \u00ed helgid\u00f3minn. <br \/> <a name=\"30\"><span class=\"versanumer_2007\">30<\/span><\/a> \u00d6ll borgin var\u00f0 uppv\u00e6g, f\u00f3lk \u00feusti a\u00f0, \u00feeir t\u00f3ku P\u00e1l og dr\u00f3gu hann \u00fat \u00far helgid\u00f3minum. Jafnskj\u00f3tt var dyrunum l\u00e6st. <a name=\"31\"><span class=\"versanumer_2007\">31<\/span><\/a> \u00deeir \u00e6tlu\u00f0u a\u00f0 l\u00edfl\u00e1ta hann en hersveitar-foringjanum var tj\u00e1\u00f0 a\u00f0 \u00f6ll Jer\u00fasalem v\u00e6ri \u00ed uppn\u00e1mi. <a name=\"32\"><span class=\"versanumer_2007\">32<\/span><\/a> Hann br\u00e1 vi\u00f0 og t\u00f3k me\u00f0 s\u00e9r hermenn og hundra\u00f0sh\u00f6f\u00f0ingja og hlj\u00f3p ni\u00f0ur til \u00feeirra. \u00deegar \u00feeir s\u00e1u hersveitarforingjann og hermennina h\u00e6ttu \u00feeir a\u00f0 berja P\u00e1l. <a name=\"33\"><span class=\"versanumer_2007\">33<\/span><\/a> Hersveitarforinginn kom \u00fe\u00e1 a\u00f0, t\u00f3k hann og skipa\u00f0i a\u00f0 binda hann tvennum fj\u00f6trum og spur\u00f0i hver hann v\u00e6ri og hva\u00f0 hann hef\u00f0i gert. <a name=\"34\"><span class=\"versanumer_2007\">34<\/span><\/a> En sitt kalla\u00f0i hver \u00ed mannfj\u00f6ldanum. \u00deegar hann gat ekki or\u00f0i\u00f0 neins v\u00edsari s\u00f6kum \u00f3r\u00f3ans bau\u00f0 hann a\u00f0 fara me\u00f0 hann upp \u00ed kastalann. <a name=\"35\"><span class=\"versanumer_2007\">35<\/span><\/a> \u00deegar komi\u00f0 var a\u00f0 \u00ferepunum ur\u00f0u hermennirnir a\u00f0 bera hann vegna ofsans \u00ed f\u00f3lkinu <a name=\"36\"><span class=\"versanumer_2007\">36<\/span><\/a> en m\u00fagur manns fylgdi eftir og \u00e6pti: \u201eBurt me\u00f0 hann!\u201c <\/p>\n<h3 class=\"millifyrirsogn_2007\">Varnarr\u00e6\u00f0a P\u00e1ls<\/h3>\n<p><a name=\"37\"><span class=\"versanumer_2007\">37<\/span><\/a> Um lei\u00f0 og fara \u00e1tti me\u00f0 P\u00e1l inn \u00ed kastalann segir hann vi\u00f0 hersveitarforingjann: \u201eLeyfist m\u00e9r a\u00f0 tala nokkur or\u00f0 vi\u00f0 \u00feig?\u201c <br \/>Hann svara\u00f0i: \u201eKannt \u00fe\u00fa gr\u00edsku? <a name=\"38\"><span class=\"versanumer_2007\">38<\/span><\/a> Ekki ert \u00fe\u00fa \u00fe\u00e1 Egyptinn sem \u00e6sti til uppreisnar \u00e1 d\u00f6gunum og f\u00f3r me\u00f0 mor\u00f0vargana fj\u00f6gur \u00fe\u00fasund \u00fat \u00ed \u00f3bygg\u00f0ir?\u201c <br \/> <a name=\"39\"><span class=\"versanumer_2007\">39<\/span><\/a> P\u00e1ll sag\u00f0i: \u201e\u00c9g er Gy\u00f0ingur, fr\u00e1 Tarsus \u00ed Kilik\u00edu, borgari \u00ed ekki \u00f3merkum b\u00e6. \u00c9g bi\u00f0 \u00feig, leyf m\u00e9r a\u00f0 tala til f\u00f3lksins.\u201c <br \/> <a name=\"40\"><span class=\"versanumer_2007\">40<\/span><\/a> Hann leyf\u00f0i \u00fea\u00f0. P\u00e1ll banda\u00f0i hendi til f\u00f3lksins \u00fear sem hann st\u00f3\u00f0 \u00e1 \u00ferepunum. \u00deegar hann haf\u00f0i fengi\u00f0 gott hlj\u00f3\u00f0 m\u00e6lti hann til \u00feeirra \u00e1 hebreska tungu: <\/p>\n","protected":false},"excerpt":{"rendered":"<p>P\u00e1ll fer til Jer\u00fasalem 1 \u00deegar vi\u00f0 h\u00f6f\u00f0um sliti\u00f0 okkur fr\u00e1 \u00feeim l\u00e9tum vi\u00f0 \u00ed haf og h\u00e9ldum beina lei\u00f0 til K\u00f3s, daginn eftir til R\u00f3dos og \u00fea\u00f0an til Patara. 2 \u00dear hittum vi\u00f0 \u00e1 skip er fara \u00e1tti til F\u00f6nik\u00edu. Stigum vi\u00f0 \u00e1 \u00fea\u00f0 og l\u00e9tum \u00ed haf. 3 Vi\u00f0 h\u00f6f\u00f0um lands\u00fdn af K\u00fdpur, l\u00e9tum hana \u00e1 bakbor\u00f0a og sigldum til S\u00fdrlands og t\u00f3kum h\u00f6fn \u00ed T\u00fdrus. \u00dear \u00e1tti skipi\u00f0 a\u00f0 leggja upp farminn. 4 Vi\u00f0 leitu\u00f0um uppi l\u00e6risveinana og dv\u00f6ldumst \u00fear sj\u00f6 daga. \u00deeir s\u00f6g\u00f0u P\u00e1li af gift andans a\u00f0 hann skyldi ekki halda \u00e1fram til Jer\u00fasalem. 5 <a href=\"https:\/\/biblian.is\/biblian\/postulasagan-21-kafli\/\"> [&#8230;]<\/a><\/p>\n","protected":false},"author":1,"featured_media":0,"parent":0,"menu_order":0,"comment_status":"open","ping_status":"open","template":"bibliukaflar_NT.php","meta":{"footnotes":""},"class_list":["post-2656","page","type-page","status-publish","hentry"],"_links":{"self":[{"href":"https:\/\/biblian.is\/biblian\/wp-json\/wp\/v2\/pages\/2656","targetHints":{"allow":["GET"]}}],"collection":[{"href":"https:\/\/biblian.is\/biblian\/wp-json\/wp\/v2\/pages"}],"about":[{"href":"https:\/\/biblian.is\/biblian\/wp-json\/wp\/v2\/types\/page"}],"author":[{"embeddable":true,"href":"https:\/\/biblian.is\/biblian\/wp-json\/wp\/v2\/users\/1"}],"replies":[{"embeddable":true,"href":"https:\/\/biblian.is\/biblian\/wp-json\/wp\/v2\/comments?post=2656"}],"version-history":[{"count":0,"href":"https:\/\/biblian.is\/biblian\/wp-json\/wp\/v2\/pages\/2656\/revisions"}],"wp:attachment":[{"href":"https:\/\/biblian.is\/biblian\/wp-json\/wp\/v2\/media?parent=2656"}],"curies":[{"name":"wp","href":"https:\/\/api.w.org\/{rel}","templated":true}]}}