{"id":2655,"date":"2017-12-30T21:04:05","date_gmt":"2017-12-30T21:04:05","guid":{"rendered":"http:\/\/biblian.is\/biblian\/postulasagan-20-kafli\/"},"modified":"2019-08-26T23:22:25","modified_gmt":"2019-08-26T23:22:25","slug":"postulasagan-20-kafli","status":"publish","type":"page","link":"https:\/\/biblian.is\/biblian\/postulasagan-20-kafli\/","title":{"rendered":"Postulasagan 20. kafli"},"content":{"rendered":"<h3 class=\"millifyrirsogn_2007\"> Til Maked\u00f3n\u00edu og Grikklands<\/h3>\n<p><a name=\"1\"><span class=\"versanumer_2007\">1<\/span><\/a> \u00deegar \u00feessum l\u00e1tum linnti sendi P\u00e1ll eftir l\u00e6risveinunum, upp\u00f6rva\u00f0i \u00fe\u00e1 og kvaddi s\u00ed\u00f0an og lag\u00f0i af sta\u00f0 til Maked\u00f3n\u00edu. <a name=\"2\"><span class=\"versanumer_2007\">2<\/span><\/a> Hann f\u00f3r n\u00fa um \u00feau h\u00e9ru\u00f0 og upp\u00f6rva\u00f0i menn me\u00f0 m\u00f6rgum or\u00f0um. S\u00ed\u00f0an h\u00e9lt hann til Grikklands. <a name=\"3\"><span class=\"versanumer_2007\">3<\/span><\/a> Dvaldist hann \u00fear \u00ferj\u00e1 m\u00e1nu\u00f0i. \u00de\u00e1 bj\u00f3st hann til a\u00f0 sigla til S\u00fdrlands en \u00fear e\u00f0 Gy\u00f0ingar bruggu\u00f0u honum launr\u00e1\u00f0 t\u00f3k hann til brag\u00f0s a\u00f0 hverfa aftur um Maked\u00f3n\u00edu. <a name=\"4\"><span class=\"versanumer_2007\">4<\/span><\/a> \u00cd f\u00f6r me\u00f0 honum voru \u00feeir S\u00f3pater P\u00fdrrusson fr\u00e1 Beroju, Aristarkus og Sek\u00fandus fr\u00e1 \u00deessalon\u00edku, Gajus fr\u00e1 Derbe, T\u00edm\u00f3teus og As\u00edumennirnir T\u00fdk\u00edkus og Tr\u00f3f\u00edmus. <a name=\"5\"><span class=\"versanumer_2007\">5<\/span><\/a> \u00deeir f\u00f3ru \u00e1 undan og bi\u00f0u okkar \u00ed Tr\u00f3as. <a name=\"6\"><span class=\"versanumer_2007\">6<\/span><\/a> En vi\u00f0 sigldum eftir daga \u00f3s\u00fdr\u00f0u brau\u00f0anna fr\u00e1 Filipp\u00ed og komum til \u00feeirra \u00ed Tr\u00f3as \u00e1 fimmta degi. \u00dear dv\u00f6ldumst vi\u00f0 \u00ed sj\u00f6 daga. <\/p>\n<h3 class=\"millifyrirsogn_2007\">P\u00e1ll talar \u00ed Tr\u00f3as<\/h3>\n<p><a name=\"7\"><span class=\"versanumer_2007\">7<\/span><\/a> Fyrsta dag vikunnar, er vi\u00f0 vorum saman komin til a\u00f0 brj\u00f3ta brau\u00f0i\u00f0, tala\u00f0i P\u00e1ll til \u00feeirra. Hann var \u00e1 f\u00f6rum daginn eftir. Entist r\u00e6\u00f0a hans allt til mi\u00f0n\u00e6ttis. <a name=\"8\"><span class=\"versanumer_2007\">8<\/span><\/a> M\u00f6rg lj\u00f3s voru \u00ed loftstofunni \u00fear sem vi\u00f0 vorum saman komin. <a name=\"9\"><span class=\"versanumer_2007\">9<\/span><\/a> Ungmenni eitt, Evt\u00fdkus a\u00f0 nafni, sat \u00ed glugganum. Seig \u00e1 hann svefnh\u00f6fgi er P\u00e1ll r\u00e6ddi svo lengi og f\u00e9ll hann sofandi ofan af \u00feri\u00f0ja lofti og var tekinn upp andvana. <a name=\"10\"><span class=\"versanumer_2007\">10<\/span><\/a> P\u00e1ll gekk ofan, varpa\u00f0i s\u00e9r yfir hann, t\u00f3k utan um hann og sag\u00f0i: \u201eVeri\u00f0 stillt, \u00fea\u00f0 er l\u00edf me\u00f0 honum.\u201c <a name=\"11\"><span class=\"versanumer_2007\">11<\/span><\/a> F\u00f3r hann s\u00ed\u00f0an upp, braut brau\u00f0i\u00f0 og neytti og tala\u00f0i enn lengi, allt fram \u00ed d\u00f6gun. A\u00f0 svo b\u00fanu h\u00e9lt hann brott. <a name=\"12\"><span class=\"versanumer_2007\">12<\/span><\/a> En menn f\u00f3ru me\u00f0 sveininn lifandi og huggu\u00f0ust mikillega. <\/p>\n<h3 class=\"millifyrirsogn_2007\">Fr\u00e1 Tr\u00f3as til M\u00edletus<\/h3>\n<p><a name=\"13\"><span class=\"versanumer_2007\">13<\/span><\/a> Vi\u00f0 f\u00f3rum \u00e1 undan til skips og sigldum til Assus. \u00dear \u00e6tlu\u00f0um vi\u00f0 a\u00f0 taka P\u00e1l. Svo haf\u00f0i hann fyrir lagt \u00fev\u00ed hann vildi fara landveg. <a name=\"14\"><span class=\"versanumer_2007\">14<\/span><\/a> \u00deegar hann haf\u00f0i hitt okkur \u00ed Assus t\u00f3kum vi\u00f0 hann \u00e1 skip og h\u00e9ldum til Mit\u00fdlene. <a name=\"15\"><span class=\"versanumer_2007\">15<\/span><\/a> \u00dea\u00f0an sigldum vi\u00f0 daginn eftir og komumst til m\u00f3ts vi\u00f0 K\u00edos. \u00c1 \u00f6\u00f0rum degi f\u00f3rum vi\u00f0 til Samos og komum n\u00e6sta dag til M\u00edletus. <a name=\"16\"><span class=\"versanumer_2007\">16<\/span><\/a> P\u00e1ll haf\u00f0i sett s\u00e9r a\u00f0 sigla fram hj\u00e1 Efesus svo a\u00f0 hann tef\u00f0ist ekki \u00ed As\u00edu. Hann hra\u00f0a\u00f0i fer\u00f0 sinni ef ver\u00f0a m\u00e6tti a\u00f0 hann k\u00e6mist til Jer\u00fasalem \u00e1 hv\u00edtasunnudag. <\/p>\n<h3 class=\"millifyrirsogn_2007\">P\u00e1ll kve\u00f0ur \u00ed Efesus<\/h3>\n<p><a name=\"17\"><span class=\"versanumer_2007\">17<\/span><\/a> Fr\u00e1 M\u00edletus sendi hann til Efesus og bo\u00f0a\u00f0i til s\u00edn \u00f6ldunga safna\u00f0arins. <a name=\"18\"><span class=\"versanumer_2007\">18<\/span><\/a> \u00deegar \u00feeir komu til hans sag\u00f0i hann vi\u00f0 \u00fe\u00e1: \u201e\u00dei\u00f0 viti\u00f0 hvernig \u00e9g hef haga\u00f0 m\u00e9r hj\u00e1 ykkur allt fr\u00e1 \u00feeim degi er \u00e9g kom fyrst til As\u00edu. <a name=\"19\"><span class=\"versanumer_2007\">19<\/span><\/a> \u00c9g \u00fej\u00f3na\u00f0i Drottni \u00ed allri au\u00f0m\u00fdkt me\u00f0 t\u00e1rum og \u00ed raunum sem a\u00f0 m\u00e9r hafa ste\u00f0ja\u00f0 af launr\u00e1\u00f0um Gy\u00f0inga. <a name=\"20\"><span class=\"versanumer_2007\">20<\/span><\/a> \u00dei\u00f0 viti\u00f0 a\u00f0 \u00e9g dr\u00f3 ekkert undan sem ykkur m\u00e1tti a\u00f0 gagni ver\u00f0a heldur bo\u00f0a\u00f0i ykkur \u00fea\u00f0 og kenndi opinberlega og \u00ed heimah\u00fasum <a name=\"21\"><span class=\"versanumer_2007\">21<\/span><\/a> og br\u00fdndi fyrir Gy\u00f0ingum og Grikkjum a\u00f0 sn\u00faa s\u00e9r til Gu\u00f0s og tr\u00faa \u00e1 Drottin vorn Jes\u00fa. <a name=\"22\"><span class=\"versanumer_2007\">22<\/span><\/a> N\u00fa er \u00e9g \u00e1 lei\u00f0 til Jer\u00fasalem, kn\u00fainn af andanum. Ekki veit \u00e9g hva\u00f0 \u00fear m\u00e6tir m\u00e9r <a name=\"23\"><span class=\"versanumer_2007\">23<\/span><\/a> nema a\u00f0 heilagur andi birtir m\u00e9r \u00ed hverri borg a\u00f0 fj\u00f6trar og \u00ferengingar b\u00ed\u00f0i m\u00edn. <a name=\"24\"><span class=\"versanumer_2007\">24<\/span><\/a> En m\u00e9r er l\u00edf mitt einskis vir\u00f0i f\u00e1i \u00e9g a\u00f0eins a\u00f0 fullna skei\u00f0 mitt og \u00fe\u00e1 \u00fej\u00f3nustu sem Drottinn Jes\u00fas f\u00f3l m\u00e9r: A\u00f0 bera vitni fagna\u00f0arerindinu um Gu\u00f0s n\u00e1\u00f0. <br \/> <a name=\"25\"><span class=\"versanumer_2007\">25<\/span><\/a> N\u00fa veit \u00e9g a\u00f0 \u00fei\u00f0 munu\u00f0 ekki framar sj\u00e1 mig, enginn ykkar sem \u00e9g hef komi\u00f0 til og bo\u00f0a\u00f0 r\u00edki\u00f0. <a name=\"26\"><span class=\"versanumer_2007\">26<\/span><\/a> \u00deess vegna vitna \u00e9g fyrir ykkur n\u00fa \u00ed dag a\u00f0 ekki er mig um a\u00f0 saka \u00fe\u00f3tt einhver glatist <a name=\"27\"><span class=\"versanumer_2007\">27<\/span><\/a> \u00fev\u00ed a\u00f0 \u00e9g hef bo\u00f0a\u00f0 ykkur allt Gu\u00f0s r\u00e1\u00f0 og ekkert dregi\u00f0 undan. <a name=\"28\"><span class=\"versanumer_2007\">28<\/span><\/a> Hafi\u00f0 g\u00e1t \u00e1 sj\u00e1lfum ykkur og allri hj\u00f6r\u00f0inni sem heilagur andi f\u00f3l ykkur til umsj\u00f3nar. Veri\u00f0 hir\u00f0ar kirkju Gu\u00f0s sem hann hefur afla\u00f0 s\u00e9r me\u00f0 s\u00ednu eigin bl\u00f3\u00f0i. <a name=\"29\"><span class=\"versanumer_2007\">29<\/span><\/a> \u00c9g veit a\u00f0 sk\u00e6\u00f0ir vargar munu koma inn \u00e1 ykkur \u00feegar \u00e9g er farinn og eigi \u00feyrma hj\u00f6r\u00f0inni. <a name=\"30\"><span class=\"versanumer_2007\">30<\/span><\/a> Og \u00far h\u00f3pi sj\u00e1lfra ykkar munu koma menn sem flytja rangsn\u00fana kenningu til a\u00f0 t\u00e6la l\u00e6risveinana \u00e1 eftir s\u00e9r. <a name=\"31\"><span class=\"versanumer_2007\">31<\/span><\/a> Vaki\u00f0 \u00fev\u00ed og minnist \u00feess a\u00f0 \u00e9g hvatti s\u00e9rhvern ykkar dag og n\u00f3tt me\u00f0 t\u00e1rum \u00ed \u00ferj\u00fa \u00e1r. <a name=\"32\"><span class=\"versanumer_2007\">32<\/span><\/a> Og n\u00fa fel \u00e9g ykkur Gu\u00f0i og or\u00f0i n\u00e1\u00f0ar hans sem getur styrkt tr\u00fa ykkar og veitt ykkur hlutdeild \u00ed r\u00edki hans \u00e1samt \u00f6llum \u00feeim sem helga\u00f0ir eru. <a name=\"33\"><span class=\"versanumer_2007\">33<\/span><\/a> Eigi girntist \u00e9g silfur n\u00e9 gull n\u00e9 kl\u00e6\u00f0i nokkurs manns. <a name=\"34\"><span class=\"versanumer_2007\">34<\/span><\/a> Sj\u00e1lfir viti\u00f0 \u00fei\u00f0 a\u00f0 \u00feessar hendur unnu fyrir \u00f6llu \u00fev\u00ed er \u00e9g \u00feurfti me\u00f0 og \u00feeir er me\u00f0 m\u00e9r voru. <a name=\"35\"><span class=\"versanumer_2007\">35<\/span><\/a> \u00cd \u00f6llu s\u00fdndi \u00e9g ykkur a\u00f0 me\u00f0 \u00fev\u00ed a\u00f0 vinna \u00feannig ber okkur a\u00f0 annast \u00f3styrka og minnast or\u00f0a Drottins Jes\u00fa sj\u00e1lfs er hann sag\u00f0i: S\u00e6lla er a\u00f0 gefa en \u00feiggja.\u201c <br \/> <a name=\"36\"><span class=\"versanumer_2007\">36<\/span><\/a> \u00deegar hann haf\u00f0i \u00feetta m\u00e6lt f\u00e9ll hann \u00e1 kn\u00e9 og ba\u00f0st fyrir \u00e1samt \u00feeim \u00f6llum. <a name=\"37\"><span class=\"versanumer_2007\">37<\/span><\/a> Allir t\u00f3ku a\u00f0 gr\u00e1ta s\u00e1ran, f\u00e9llu um h\u00e1ls P\u00e1li og kysstu hann. <a name=\"38\"><span class=\"versanumer_2007\">38<\/span><\/a> Mest var\u00f0 \u00feeim um \u00feau or\u00f0 hans a\u00f0 \u00feeir mundu aldrei framar sj\u00e1 hann. S\u00ed\u00f0an fylgdu \u00feeir honum til skips. <\/p>\n","protected":false},"excerpt":{"rendered":"<p>Til Maked\u00f3n\u00edu og Grikklands 1 \u00deegar \u00feessum l\u00e1tum linnti sendi P\u00e1ll eftir l\u00e6risveinunum, upp\u00f6rva\u00f0i \u00fe\u00e1 og kvaddi s\u00ed\u00f0an og lag\u00f0i af sta\u00f0 til Maked\u00f3n\u00edu. 2 Hann f\u00f3r n\u00fa um \u00feau h\u00e9ru\u00f0 og upp\u00f6rva\u00f0i menn me\u00f0 m\u00f6rgum or\u00f0um. S\u00ed\u00f0an h\u00e9lt hann til Grikklands. 3 Dvaldist hann \u00fear \u00ferj\u00e1 m\u00e1nu\u00f0i. \u00de\u00e1 bj\u00f3st hann til a\u00f0 sigla til S\u00fdrlands en \u00fear e\u00f0 Gy\u00f0ingar bruggu\u00f0u honum launr\u00e1\u00f0 t\u00f3k hann til brag\u00f0s a\u00f0 hverfa aftur um Maked\u00f3n\u00edu. 4 \u00cd f\u00f6r me\u00f0 honum voru \u00feeir S\u00f3pater P\u00fdrrusson fr\u00e1 Beroju, Aristarkus og Sek\u00fandus fr\u00e1 \u00deessalon\u00edku, Gajus fr\u00e1 Derbe, T\u00edm\u00f3teus og As\u00edumennirnir T\u00fdk\u00edkus og Tr\u00f3f\u00edmus. 5 \u00deeir f\u00f3ru <a href=\"https:\/\/biblian.is\/biblian\/postulasagan-20-kafli\/\"> [&#8230;]<\/a><\/p>\n","protected":false},"author":1,"featured_media":0,"parent":0,"menu_order":0,"comment_status":"open","ping_status":"open","template":"bibliukaflar_NT.php","meta":{"footnotes":""},"class_list":["post-2655","page","type-page","status-publish","hentry"],"_links":{"self":[{"href":"https:\/\/biblian.is\/biblian\/wp-json\/wp\/v2\/pages\/2655","targetHints":{"allow":["GET"]}}],"collection":[{"href":"https:\/\/biblian.is\/biblian\/wp-json\/wp\/v2\/pages"}],"about":[{"href":"https:\/\/biblian.is\/biblian\/wp-json\/wp\/v2\/types\/page"}],"author":[{"embeddable":true,"href":"https:\/\/biblian.is\/biblian\/wp-json\/wp\/v2\/users\/1"}],"replies":[{"embeddable":true,"href":"https:\/\/biblian.is\/biblian\/wp-json\/wp\/v2\/comments?post=2655"}],"version-history":[{"count":0,"href":"https:\/\/biblian.is\/biblian\/wp-json\/wp\/v2\/pages\/2655\/revisions"}],"wp:attachment":[{"href":"https:\/\/biblian.is\/biblian\/wp-json\/wp\/v2\/media?parent=2655"}],"curies":[{"name":"wp","href":"https:\/\/api.w.org\/{rel}","templated":true}]}}