{"id":2654,"date":"2017-12-30T21:04:05","date_gmt":"2017-12-30T21:04:05","guid":{"rendered":"http:\/\/biblian.is\/biblian\/postulasagan-19-kafli\/"},"modified":"2019-08-26T23:22:24","modified_gmt":"2019-08-26T23:22:24","slug":"postulasagan-19-kafli","status":"publish","type":"page","link":"https:\/\/biblian.is\/biblian\/postulasagan-19-kafli\/","title":{"rendered":"Postulasagan 19. kafli"},"content":{"rendered":"<h3 class=\"millifyrirsogn_2007\"> \u00cd Efesus<\/h3>\n<p><a name=\"1\"><span class=\"versanumer_2007\">1<\/span><\/a> Me\u00f0an Apoll\u00f3s var \u00ed Korintu f\u00f3r P\u00e1ll um uppl\u00f6ndin og kom til Efesus. \u00dear hitti hann fyrir nokkra l\u00e6risveina. <a name=\"2\"><span class=\"versanumer_2007\">2<\/span><\/a> Hann sag\u00f0i vi\u00f0 \u00fe\u00e1: \u201eFengu\u00f0 \u00fei\u00f0 heilagan anda er \u00fei\u00f0 t\u00f3ku\u00f0 tr\u00fa?\u201c <br \/>\u00deeir sv\u00f6ru\u00f0u: \u201eNei, vi\u00f0 h\u00f6fum ekki einu sinni heyrt a\u00f0 heilagur andi s\u00e9 til.\u201c <br \/> <a name=\"3\"><span class=\"versanumer_2007\">3<\/span><\/a> Hann sag\u00f0i: \u201eUpp \u00e1 hva\u00f0 eru\u00f0 \u00fei\u00f0 \u00fe\u00e1 sk\u00edr\u00f0ir?\u201c <br \/>\u00deeir s\u00f6g\u00f0u: \u201eSk\u00edrn J\u00f3hannesar.\u201c <br \/> <a name=\"4\"><span class=\"versanumer_2007\">4<\/span><\/a> \u00de\u00e1 m\u00e6lti P\u00e1ll: \u201eJ\u00f3hannes sk\u00edr\u00f0i i\u00f0runarsk\u00edrn<span class=\"nedan_mal\" title=\" \u00de.e. sk\u00edr\u00f0i \u00fe\u00e1 sem vildu hefja n\u00fdtt l\u00edf.\">[<\/span> og sag\u00f0i f\u00f3lkinu a\u00f0 tr\u00faa \u00e1 \u00feann sem eftir sig k\u00e6mi, \u00fea\u00f0 er \u00e1 Jes\u00fa.\u201c <br \/> <a name=\"5\"><span class=\"versanumer_2007\">5<\/span><\/a> \u00deegar l\u00e6risveinarnir heyr\u00f0u \u00feetta l\u00e9tu \u00feeir sk\u00edrast til nafns Drottins Jes\u00fa. <a name=\"6\"><span class=\"versanumer_2007\">6<\/span><\/a> Er P\u00e1ll haf\u00f0i lagt hendur yfir \u00fe\u00e1 kom heilagur andi yfir \u00fe\u00e1 og \u00feeir t\u00f6lu\u00f0u tungum og fluttu sp\u00e1mannlegan bo\u00f0skap. <a name=\"7\"><span class=\"versanumer_2007\">7<\/span><\/a> \u00deessir menn voru alls um t\u00f3lf. <br \/> <a name=\"8\"><span class=\"versanumer_2007\">8<\/span><\/a> P\u00e1ll s\u00f3tti n\u00fa samkunduna \u00ed \u00ferj\u00e1 m\u00e1nu\u00f0i og tala\u00f0i \u00fear djarflega og reyndi a\u00f0 sannf\u00e6ra menn um Gu\u00f0s r\u00edki. <a name=\"9\"><span class=\"versanumer_2007\">9<\/span><\/a> En nokkrir brynju\u00f0u sig og vildu ekki tr\u00faa. \u00deegar \u00feeir t\u00f3ku a\u00f0 illm\u00e6la veginum<span class=\"nedan_mal\" title=\" Sj\u00e1 Post 9.2.\">[<\/span> \u00ed \u00e1heyrn f\u00f3lksins sag\u00f0i P\u00e1ll skili\u00f0 vi\u00f0 \u00fe\u00e1, greindi l\u00e6risveinana fr\u00e1 \u00feeim og s\u00ed\u00f0an tala\u00f0i hann daglega \u00ed sk\u00f3la T\u00fdrannusar. <a name=\"10\"><span class=\"versanumer_2007\">10<\/span><\/a> \u00deessu f\u00f3r fram \u00ed tv\u00f6 \u00e1r svo a\u00f0 allir \u00feeir sem \u00ed As\u00edu bjuggu heyr\u00f0u or\u00f0 Drottins, b\u00e6\u00f0i Gy\u00f0ingar og Grikkir. <\/p>\n<h3 class=\"millifyrirsogn_2007\">Synir Skeva<\/h3>\n<p><a name=\"11\"><span class=\"versanumer_2007\">11<\/span><\/a> Gu\u00f0 ger\u00f0i \u00f3venjuleg kraftaverk fyrir hendur P\u00e1ls. <a name=\"12\"><span class=\"versanumer_2007\">12<\/span><\/a> \u00dea\u00f0 bar vi\u00f0 a\u00f0 menn l\u00f6g\u00f0u d\u00faka og fl\u00edkur af P\u00e1li \u00e1 sj\u00faka og hurfu \u00fe\u00e1 veikindi \u00feeirra og illir andar f\u00f3ru \u00fat af \u00feeim. <br \/> <a name=\"13\"><span class=\"versanumer_2007\">13<\/span><\/a> En nokkrir Gy\u00f0ingar, er f\u00f3ru um og fr\u00f6mdu andas\u00e6ringar, t\u00f3ku og fyrir a\u00f0 nefna nafn Drottins Jes\u00fa yfir \u00feeim er haldnir voru illum \u00f6ndum. \u00deeir s\u00f6g\u00f0u: \u201e\u00c9g s\u00e6ri ykkur vi\u00f0 Jes\u00fa \u00feann sem P\u00e1ll pr\u00e9dikar.\u201c <a name=\"14\"><span class=\"versanumer_2007\">14<\/span><\/a> \u00deetta reyndu einnig sj\u00f6 synir Gy\u00f0ings nokkurs, Skeva \u00e6\u00f0sta prests. <br \/> <a name=\"15\"><span class=\"versanumer_2007\">15<\/span><\/a> En illi andinn sag\u00f0i vi\u00f0 \u00fe\u00e1: \u201eJes\u00fa \u00feekki \u00e9g og P\u00e1l kannast \u00e9g vi\u00f0 en hverjir eru\u00f0 \u00fei\u00f0?\u201c <br \/> <a name=\"16\"><span class=\"versanumer_2007\">16<\/span><\/a> Ma\u00f0urinn, sem illi andinn var \u00ed, flaug \u00e1 \u00fe\u00e1, keyr\u00f0i \u00fe\u00e1 alla undir sig og l\u00e9k \u00fe\u00e1 svo hart a\u00f0 \u00feeir fl\u00fd\u00f0u naktir og s\u00e6r\u00f0ir \u00far h\u00fasinu. <a name=\"17\"><span class=\"versanumer_2007\">17<\/span><\/a> \u00deetta var\u00f0 kunnugt \u00f6llum Efesusb\u00faum, b\u00e6\u00f0i Gy\u00f0ingum og Grikkjum, og \u00f3tta sl\u00f3 \u00e1 \u00fe\u00e1 alla og \u00feeir vegs\u00f6mu\u00f0u mikillega nafn Drottins Jes\u00fa. <a name=\"18\"><span class=\"versanumer_2007\">18<\/span><\/a> Margir \u00feeirra sem tr\u00fa h\u00f6f\u00f0u teki\u00f0 komu, ger\u00f0u j\u00e1tningu og s\u00f6g\u00f0u fr\u00e1 ath\u00e6fi s\u00ednu. <a name=\"19\"><span class=\"versanumer_2007\">19<\/span><\/a> Og allmargir, er fari\u00f0 h\u00f6f\u00f0u me\u00f0 kukl, komu me\u00f0 b\u00e6kur s\u00ednar og brenndu \u00fe\u00e6r a\u00f0 \u00f6llum \u00e1sj\u00e1andi. \u00de\u00e6r voru samtals virtar \u00e1 fimmt\u00edu \u00fe\u00fasundir silfurpeninga.<span class=\"nedan_mal\" title=\" \u00de.e. silfurdr\u00f6kmur. Ein drakma haf\u00f0i svipa\u00f0 ver\u00f0gildi og denar, sbr. Matt 20.2.\">[<\/span> <a name=\"20\"><span class=\"versanumer_2007\">20<\/span><\/a> \u00deannig breiddist or\u00f0 Drottins \u00fat og efldist \u00ed krafti hans. <\/p>\n<h3 class=\"millifyrirsogn_2007\">\u00c6singar \u00ed Efesus<\/h3>\n<p><a name=\"21\"><span class=\"versanumer_2007\">21<\/span><\/a> \u00de\u00e1 er \u00feetta var um gar\u00f0 gengi\u00f0 t\u00f3k P\u00e1ll \u00fe\u00e1 \u00e1kv\u00f6r\u00f0un a\u00f0 fer\u00f0ast um Maked\u00f3n\u00edu og Akkeu og fara s\u00ed\u00f0an til Jer\u00fasalem. Hann sag\u00f0i: \u201e\u00deegar \u00e9g hef veri\u00f0 \u00fear ber m\u00e9r l\u00edka a\u00f0 sj\u00e1 R\u00f3m.\u201c <a name=\"22\"><span class=\"versanumer_2007\">22<\/span><\/a> Hann sendi tvo a\u00f0sto\u00f0armenn s\u00edna, \u00fe\u00e1 T\u00edm\u00f3teus og Erastus, til Maked\u00f3n\u00edu en dvaldist sj\u00e1lfur \u00ed As\u00edu um sinn. <br \/> <a name=\"23\"><span class=\"versanumer_2007\">23<\/span><\/a> \u00cd \u00feann t\u00edma ur\u00f0u miklar \u00e6singar \u00fat af veginum.<span class=\"nedan_mal\" title=\" Sj\u00e1 Post 9.2.\">[<\/span> <a name=\"24\"><span class=\"versanumer_2007\">24<\/span><\/a> Demetr\u00edus h\u00e9t ma\u00f0ur og var silfursmi\u00f0ur. Hann bj\u00f3 til eftirl\u00edkingar \u00far silfri af musteri Artemisar og veitti smi\u00f0um eigi litla atvinnu. <a name=\"25\"><span class=\"versanumer_2007\">25<\/span><\/a> Hann stefndi \u00feeim saman og \u00f6\u00f0rum sem a\u00f0 sl\u00edku unnu og sag\u00f0i: \u201eG\u00f3\u00f0ir menn, \u00fei\u00f0 viti\u00f0 a\u00f0 velmegun okkar hv\u00edlir \u00e1 \u00feessari atvinnu. <a name=\"26\"><span class=\"versanumer_2007\">26<\/span><\/a> Og \u00fei\u00f0 sj\u00e1i\u00f0 og heyri\u00f0 a\u00f0 P\u00e1ll \u00feessi hefur me\u00f0 fort\u00f6lum s\u00ednum sn\u00fai\u00f0 fj\u00f6lda f\u00f3lks, ekki einungis \u00ed Efesus heldur n\u00e6r um gervalla As\u00edu. Hann segir a\u00f0 eigi s\u00e9u \u00fea\u00f0 neinir gu\u00f0ir sem me\u00f0 h\u00f6ndum eru ger\u00f0ir. <a name=\"27\"><span class=\"versanumer_2007\">27<\/span><\/a> N\u00fa horfir \u00feetta ekki einungis i\u00f0n okkar til sm\u00e1nar heldur einnig til \u00feess a\u00f0 helgid\u00f3mur hinnar miklu gy\u00f0ju, Artemisar, ver\u00f0i einskis virtur og a\u00f0 h\u00fan, sem \u00f6ll As\u00eda og heimsbygg\u00f0in d\u00fdrkar, ver\u00f0i svipt tign sinni.\u201c <br \/> <a name=\"28\"><span class=\"versanumer_2007\">28<\/span><\/a> Er \u00feeir heyr\u00f0u \u00feetta ur\u00f0u \u00feeir afar rei\u00f0ir og \u00e6ptu: \u201eMikil er Artemis Efesusmanna!\u201c <a name=\"29\"><span class=\"versanumer_2007\">29<\/span><\/a> Og \u00f6ll borgin komst \u00ed uppn\u00e1m, menn \u00feustu hver um annan til leikvangsins og \u00ferifu me\u00f0 s\u00e9r \u00fe\u00e1 Gajus og Aristarkus, f\u00f6runauta P\u00e1ls \u00far Maked\u00f3n\u00edu. <a name=\"30\"><span class=\"versanumer_2007\">30<\/span><\/a> En er P\u00e1ll vildi ganga inn \u00ed mann\u00fer\u00f6ngina leyf\u00f0u l\u00e6risveinarnir honum \u00fea\u00f0 ekki. <a name=\"31\"><span class=\"versanumer_2007\">31<\/span><\/a> Nokkrir h\u00f6f\u00f0ingjar skattlandsins, sem voru vinir hans, sendu einnig til hans og b\u00e1\u00f0u hann a\u00f0 h\u00e6tta s\u00e9r ekki inn \u00e1 leikvanginn. <a name=\"32\"><span class=\"versanumer_2007\">32<\/span><\/a> Menn hr\u00f3pu\u00f0u n\u00fa sitt hver \u00fev\u00ed a\u00f0 manns\u00f6fnu\u00f0urinn var \u00ed uppn\u00e1mi og vissu f\u00e6stir hvers vegna \u00feeir voru saman komnir. <a name=\"33\"><span class=\"versanumer_2007\">33<\/span><\/a> Nokkrir \u00ed mann\u00fer\u00f6nginni t\u00f6ldu \u00fea\u00f0 vera vegna Alexanders \u00fev\u00ed a\u00f0 Gy\u00f0ingar \u00fdttu honum fram en Alexander benti til hlj\u00f3\u00f0s me\u00f0 hendinni og vildi verja m\u00e1l sitt fyrir f\u00f3lkinu. <a name=\"34\"><span class=\"versanumer_2007\">34<\/span><\/a> \u00deegar menn ur\u00f0u \u00feess v\u00edsir a\u00f0 hann var Gy\u00f0ingur lustu allir upp einu \u00f3pi og hr\u00f3pu\u00f0u n\u00e6rfellt tv\u00e6r stundir: \u201eMikil er Artemis Efesusmanna!\u201c <br \/> <a name=\"35\"><span class=\"versanumer_2007\">35<\/span><\/a> En borgarritarinn gat sefa\u00f0 f\u00f3lki\u00f0 og m\u00e6lti: \u201eEfesusmenn, hver er s\u00e1 ma\u00f0ur a\u00f0 hann viti ekki a\u00f0 borg Efesusmanna geymir musteri hinnar miklu Artemisar og steininn helga af himni? <a name=\"36\"><span class=\"versanumer_2007\">36<\/span><\/a> \u00dear sem enginn m\u00e1 gegn \u00fev\u00ed m\u00e6la ber ykkur a\u00f0 vera stilltir og hrapa ekki a\u00f0 neinu. <a name=\"37\"><span class=\"versanumer_2007\">37<\/span><\/a> \u00dei\u00f0 hafi\u00f0 dregi\u00f0 \u00feessa menn hinga\u00f0 \u00fe\u00f3tt \u00feeir hafi hvorki frami\u00f0 helgispj\u00f6ll n\u00e9 lastm\u00e6lt gy\u00f0ju okkar. <a name=\"38\"><span class=\"versanumer_2007\">38<\/span><\/a> Eigi n\u00fa Demetr\u00edus og smi\u00f0irnir, sem honum fylgja, s\u00f6k\u00f3tt vi\u00f0 nokkurn \u00fe\u00e1 eru \u00feingdagar haldnir og til eru landstj\u00f3rar. \u00dear geta menn bori\u00f0 upp m\u00e1l s\u00edn. <a name=\"39\"><span class=\"versanumer_2007\">39<\/span><\/a> En ef \u00fei\u00f0 hafi\u00f0 annars a\u00f0 krefja m\u00e1 gera \u00fat um \u00fea\u00f0 \u00e1 l\u00f6glegu \u00feingi. <a name=\"40\"><span class=\"versanumer_2007\">40<\/span><\/a> Vi\u00f0 eigum \u00e1 h\u00e6ttu a\u00f0 ver\u00f0a saka\u00f0ir um uppreisn fyrir \u00feetta \u00ed dag og getum ekki bent \u00e1 neitt tilefni sem g\u00e6ti afsaka\u00f0 sl\u00edk \u00f3l\u00e6ti.\u201c A\u00f0 svo m\u00e6ltu l\u00e9t hann manns\u00f6fnu\u00f0inn fara. <\/p>\n","protected":false},"excerpt":{"rendered":"<p>\u00cd Efesus 1 Me\u00f0an Apoll\u00f3s var \u00ed Korintu f\u00f3r P\u00e1ll um uppl\u00f6ndin og kom til Efesus. \u00dear hitti hann fyrir nokkra l\u00e6risveina. 2 Hann sag\u00f0i vi\u00f0 \u00fe\u00e1: \u201eFengu\u00f0 \u00fei\u00f0 heilagan anda er \u00fei\u00f0 t\u00f3ku\u00f0 tr\u00fa?\u201c \u00deeir sv\u00f6ru\u00f0u: \u201eNei, vi\u00f0 h\u00f6fum ekki einu sinni heyrt a\u00f0 heilagur andi s\u00e9 til.\u201c 3 Hann sag\u00f0i: \u201eUpp \u00e1 hva\u00f0 eru\u00f0 \u00fei\u00f0 \u00fe\u00e1 sk\u00edr\u00f0ir?\u201c \u00deeir s\u00f6g\u00f0u: \u201eSk\u00edrn J\u00f3hannesar.\u201c 4 \u00de\u00e1 m\u00e6lti P\u00e1ll: \u201eJ\u00f3hannes sk\u00edr\u00f0i i\u00f0runarsk\u00edrn[ og sag\u00f0i f\u00f3lkinu a\u00f0 tr\u00faa \u00e1 \u00feann sem eftir sig k\u00e6mi, \u00fea\u00f0 er \u00e1 Jes\u00fa.\u201c 5 \u00deegar l\u00e6risveinarnir heyr\u00f0u \u00feetta l\u00e9tu \u00feeir sk\u00edrast til nafns Drottins Jes\u00fa. 6 Er P\u00e1ll <a href=\"https:\/\/biblian.is\/biblian\/postulasagan-19-kafli\/\"> [&#8230;]<\/a><\/p>\n","protected":false},"author":1,"featured_media":0,"parent":0,"menu_order":0,"comment_status":"open","ping_status":"open","template":"bibliukaflar_NT.php","meta":{"footnotes":""},"class_list":["post-2654","page","type-page","status-publish","hentry"],"_links":{"self":[{"href":"https:\/\/biblian.is\/biblian\/wp-json\/wp\/v2\/pages\/2654","targetHints":{"allow":["GET"]}}],"collection":[{"href":"https:\/\/biblian.is\/biblian\/wp-json\/wp\/v2\/pages"}],"about":[{"href":"https:\/\/biblian.is\/biblian\/wp-json\/wp\/v2\/types\/page"}],"author":[{"embeddable":true,"href":"https:\/\/biblian.is\/biblian\/wp-json\/wp\/v2\/users\/1"}],"replies":[{"embeddable":true,"href":"https:\/\/biblian.is\/biblian\/wp-json\/wp\/v2\/comments?post=2654"}],"version-history":[{"count":0,"href":"https:\/\/biblian.is\/biblian\/wp-json\/wp\/v2\/pages\/2654\/revisions"}],"wp:attachment":[{"href":"https:\/\/biblian.is\/biblian\/wp-json\/wp\/v2\/media?parent=2654"}],"curies":[{"name":"wp","href":"https:\/\/api.w.org\/{rel}","templated":true}]}}