{"id":2653,"date":"2017-12-30T21:04:05","date_gmt":"2017-12-30T21:04:05","guid":{"rendered":"http:\/\/biblian.is\/biblian\/postulasagan-18-kafli\/"},"modified":"2019-08-26T23:22:24","modified_gmt":"2019-08-26T23:22:24","slug":"postulasagan-18-kafli","status":"publish","type":"page","link":"https:\/\/biblian.is\/biblian\/postulasagan-18-kafli\/","title":{"rendered":"Postulasagan 18. kafli"},"content":{"rendered":"<h3 class=\"millifyrirsogn_2007\"> P\u00e1ll \u00ed Korintu<\/h3>\n<p><a name=\"1\"><span class=\"versanumer_2007\">1<\/span><\/a> Eftir \u00feetta f\u00f3r P\u00e1ll fr\u00e1 A\u00feenu og kom til Korintu. <a name=\"2\"><span class=\"versanumer_2007\">2<\/span><\/a> \u00dear hitti hann Gy\u00f0ing nokkurn, Akv\u00edlas a\u00f0 nafni, \u00e6tta\u00f0an fr\u00e1 Pontus, n\u00fdkominn fr\u00e1 \u00cdtal\u00edu, og Priskillu konu hans en Kl\u00e1d\u00edus haf\u00f0i skipa\u00f0 svo fyrir a\u00f0 allir Gy\u00f0ingar skyldu fara burt \u00far R\u00f3m. P\u00e1ll f\u00f3r til \u00feeirra <a name=\"3\"><span class=\"versanumer_2007\">3<\/span><\/a> og af \u00fev\u00ed hann stunda\u00f0i s\u00f6mu i\u00f0n settist hann a\u00f0 hj\u00e1 \u00feeim og vann me\u00f0 \u00feeim. \u00deeir voru tjaldger\u00f0armenn a\u00f0 i\u00f0n. <a name=\"4\"><span class=\"versanumer_2007\">4<\/span><\/a> Hann r\u00e6ddi vi\u00f0 menn \u00ed samkunduh\u00fasinu hvern hv\u00edldardag og reyndi a\u00f0 sannf\u00e6ra b\u00e6\u00f0i Gy\u00f0inga og Grikki. <br \/> <a name=\"5\"><span class=\"versanumer_2007\">5<\/span><\/a> \u00deegar \u00feeir S\u00edlas og T\u00edm\u00f3teus komu nor\u00f0an fr\u00e1 Maked\u00f3n\u00edu gaf P\u00e1ll sig allan a\u00f0 bo\u00f0un or\u00f0sins og vitna\u00f0i fyrir Gy\u00f0ingum a\u00f0 Jes\u00fas v\u00e6ri Kristur. <a name=\"6\"><span class=\"versanumer_2007\">6<\/span><\/a> En er \u00feeir snerust gegn honum og f\u00f3ru a\u00f0 lastm\u00e6la hristi hann dusti\u00f0 af kl\u00e6\u00f0um s\u00ednum og sag\u00f0i: \u201e\u00dei\u00f0 geti\u00f0 sj\u00e1lfir ykkur um \u00fea\u00f0 kennt a\u00f0 \u00fei\u00f0 farist. Ekki er m\u00e9r um \u00fea\u00f0 a\u00f0 kenna. Upp fr\u00e1 \u00feessu fer \u00e9g til hei\u00f0ingjanna.\u201c <a name=\"7\"><span class=\"versanumer_2007\">7<\/span><\/a> Og hann f\u00f3r \u00fea\u00f0an og kom \u00ed h\u00fas manns nokkurs er h\u00e9t T\u00edtus J\u00fastus og s\u00f3tti samkundu Gy\u00f0inga. H\u00fas hans var hj\u00e1 samkunduh\u00fasinu. <a name=\"8\"><span class=\"versanumer_2007\">8<\/span><\/a> Krispus samkundustj\u00f3ri t\u00f3k tr\u00fa \u00e1 Drottin og allt heimili hans og margir Korintumenn, sem heyr\u00f0u P\u00e1l tala, t\u00f3ku tr\u00fa og l\u00e9tu sk\u00edrast. <br \/> <a name=\"9\"><span class=\"versanumer_2007\">9<\/span><\/a> En Drottinn sag\u00f0i vi\u00f0 P\u00e1l um n\u00f3tt \u00ed s\u00fdn: \u201e\u00d3ttast \u00fe\u00fa eigi, haltu \u00f3trau\u00f0ur \u00e1fram a\u00f0 tala, \u00feagna ekki. <a name=\"10\"><span class=\"versanumer_2007\">10<\/span><\/a> \u00c9g er me\u00f0 \u00fe\u00e9r. Enginn skal r\u00e1\u00f0ast a\u00f0 \u00fe\u00e9r og vinna \u00fe\u00e9r mein \u00fev\u00ed a\u00f0 \u00e9g \u00e1 margt f\u00f3lk \u00ed \u00feessari borg.\u201c <a name=\"11\"><span class=\"versanumer_2007\">11<\/span><\/a> Hann var \u00fear um kyrrt \u00ferj\u00fa misseri og kenndi \u00feeim or\u00f0 Gu\u00f0s. <br \/> <a name=\"12\"><span class=\"versanumer_2007\">12<\/span><\/a> En \u00feegar Gall\u00ed\u00f3n<span class=\"nedan_mal\" title=\" Vegna \u00e1letrunar, sem fannst \u00ed Delf\u00ed \u00ed upphafi 20. aldar, m\u00e1 r\u00e1\u00f0a a\u00f0 Gall\u00ed\u00f3n \u00feessi, sem var br\u00f3\u00f0ir heimspekingsins Seneca, hafi komi\u00f0 til Korintu sem landstj\u00f3ri mi\u00f0sumars \u00e1ri\u00f0 51. \u00de\u00fd\u00f0ingarmiki\u00f0 vi\u00f0 t\u00edma\u00e1kv\u00f6r\u00f0un \u00e1 fer\u00f0um P\u00e1ls.\">[<\/span> var landstj\u00f3ri \u00ed Akkeu bundust Gy\u00f0ingar samt\u00f6kum gegn P\u00e1li, dr\u00f3gu hann fyrir d\u00f3mst\u00f3linn <a name=\"13\"><span class=\"versanumer_2007\">13<\/span><\/a> og s\u00f6g\u00f0u: \u201eMa\u00f0ur \u00feessi t\u00e6lir menn til a\u00f0 d\u00fdrka Gu\u00f0 \u00e1 \u00feann h\u00e1tt sem str\u00ed\u00f0ir gegn l\u00f6gm\u00e1linu.\u201c <br \/> <a name=\"14\"><span class=\"versanumer_2007\">14<\/span><\/a> P\u00e1ll bj\u00f3st til a\u00f0 svara en \u00fe\u00e1 sag\u00f0i Gall\u00ed\u00f3n vi\u00f0 Gy\u00f0ingana: \u201eV\u00e6ri h\u00e9r um einhver l\u00f6gbrot e\u00f0a illvirki a\u00f0 r\u00e6\u00f0a b\u00e6ri m\u00e9r a\u00f0 sinna ykkur, Gy\u00f0ingar. <a name=\"15\"><span class=\"versanumer_2007\">15<\/span><\/a> En fyrst \u00fea\u00f0 eru \u00fer\u00e6tur um or\u00f0 og n\u00f6fn og l\u00f6gm\u00e1l ykkar \u00fe\u00e1 r\u00e1\u00f0i\u00f0 sj\u00e1lfir fram \u00far \u00fev\u00ed. D\u00f3mari \u00ed \u00feeim s\u00f6kum vil \u00e9g ekki vera.\u201c <a name=\"16\"><span class=\"versanumer_2007\">16<\/span><\/a> Og hann rak \u00fe\u00e1 burt fr\u00e1 d\u00f3mst\u00f3lnum. <a name=\"17\"><span class=\"versanumer_2007\">17<\/span><\/a> \u00de\u00e1 t\u00f3ku \u00feeir allir S\u00f3s\u00feenes samkundustj\u00f3ra og f\u00f3ru a\u00f0 berja hann fyrir framan d\u00f3mst\u00f3linn og l\u00e9t Gall\u00ed\u00f3n sig \u00fea\u00f0 engu skipta. <\/p>\n<h3 class=\"millifyrirsogn_2007\">Til S\u00fdrlands<\/h3>\n<p><a name=\"18\"><span class=\"versanumer_2007\">18<\/span><\/a> P\u00e1ll var \u00fear enn um kyrrt allmarga daga, kvaddi s\u00ed\u00f0an br\u00e6\u00f0urna og systurnar<span class=\"nedan_mal\" title=\" Or\u00f0r\u00e9tt: br\u00e6\u00f0urna.\">[<\/span> og sigldi til S\u00fdrlands og me\u00f0 honum Priskilla og Akv\u00edlas. L\u00e9t hann \u00e1\u00f0ur skera h\u00e1r sitt<span class=\"nedan_mal\" title=\" T\u00e1kn \u00feess hj\u00e1 Gy\u00f0ingum a\u00f0 sta\u00f0i\u00f0 hafi veri\u00f0 vi\u00f0 heit.\">[<\/span> \u00ed Kenkreu \u00fev\u00ed a\u00f0 heit haf\u00f0i hv\u00edlt \u00e1 honum. <a name=\"19\"><span class=\"versanumer_2007\">19<\/span><\/a> \u00deau komu til Efesus. \u00dear skildi hann vi\u00f0 \u00feau en gekk sj\u00e1lfur inn \u00ed samkunduh\u00fasi\u00f0 og r\u00e6ddi vi\u00f0 Gy\u00f0inga. <a name=\"20\"><span class=\"versanumer_2007\">20<\/span><\/a> \u00deeir b\u00e1\u00f0u hann a\u00f0 standa lengur vi\u00f0 en hann var\u00f0 ekki vi\u00f0 \u00fev\u00ed <a name=\"21\"><span class=\"versanumer_2007\">21<\/span><\/a> heldur kvaddi \u00fe\u00e1 og sag\u00f0i: \u201e\u00c9g skal koma aftur til ykkar ef Gu\u00f0 lofar.\u201c S\u00ed\u00f0an l\u00e9t hann \u00ed haf fr\u00e1 Efesus, <a name=\"22\"><span class=\"versanumer_2007\">22<\/span><\/a> lenti \u00ed Sesareu, f\u00f3r upp eftir til Jer\u00fasalem og heilsa\u00f0i s\u00f6fnu\u00f0inum. S\u00ed\u00f0an h\u00e9lt hann nor\u00f0ur til Ant\u00edokk\u00edu. <a name=\"23\"><span class=\"versanumer_2007\">23<\/span><\/a> \u00deegar hann haf\u00f0i dvalist \u00fear um hr\u00ed\u00f0 h\u00e9lt hann af sta\u00f0 og f\u00f3r eins og lei\u00f0 liggur um Galataland og Fr\u00fdg\u00edu og styrkti alla l\u00e6risveinana. <\/p>\n<h3 class=\"millifyrirsogn_2007\">Apoll\u00f3s<\/h3>\n<p><a name=\"24\"><span class=\"versanumer_2007\">24<\/span><\/a> En Gy\u00f0ingur nokkur, Apoll\u00f3s a\u00f0 nafni, \u00e6tta\u00f0ur fr\u00e1 Alexandr\u00edu, kom til Efesus. Hann var ma\u00f0ur vel m\u00e1li farinn og f\u00e6r \u00ed ritningunum. <a name=\"25\"><span class=\"versanumer_2007\">25<\/span><\/a> Hann haf\u00f0i veri\u00f0 fr\u00e6ddur um veg Drottins og brennandi \u00ed andanum tala\u00f0i hann og kenndi kostg\u00e6filega um Jes\u00fa. \u00de\u00f3 \u00feekkti hann a\u00f0eins sk\u00edrn J\u00f3hannesar. <a name=\"26\"><span class=\"versanumer_2007\">26<\/span><\/a> \u00deessi ma\u00f0ur t\u00f3k n\u00fa a\u00f0 tala sk\u00f6rulega \u00ed samkunduh\u00fasinu. Priskilla og Akv\u00edlas heyr\u00f0u til hans, t\u00f3ku hann a\u00f0 s\u00e9r og sk\u00fdr\u00f0u n\u00e1nar fyrir honum Gu\u00f0s veg. <a name=\"27\"><span class=\"versanumer_2007\">27<\/span><\/a> N\u00fa f\u00fdsti hann a\u00f0 fara yfir til Akkeu. Kristnir menn<span class=\"nedan_mal\" title=\" Or\u00f0r\u00e9tt: Br\u00e6\u00f0urnir.\">[<\/span> \u00ed Efesus ritu\u00f0u l\u00e6risveinunum \u00fear og hv\u00f6ttu \u00fe\u00e1 a\u00f0 taka honum vel. Hann kom \u00feanga\u00f0 og var\u00f0 til mikillar hj\u00e1lpar \u00feeim sem fyrir Gu\u00f0s n\u00e1\u00f0 h\u00f6f\u00f0u teki\u00f0 tr\u00fa \u00fev\u00ed a\u00f0 <a name=\"28\"><span class=\"versanumer_2007\">28<\/span><\/a> hann hrakti skarplega r\u00f6k Gy\u00f0inga \u00ed allra \u00e1heyrn og sanna\u00f0i af ritningunum a\u00f0 Jes\u00fas v\u00e6ri Kristur. <\/p>\n","protected":false},"excerpt":{"rendered":"<p>P\u00e1ll \u00ed Korintu 1 Eftir \u00feetta f\u00f3r P\u00e1ll fr\u00e1 A\u00feenu og kom til Korintu. 2 \u00dear hitti hann Gy\u00f0ing nokkurn, Akv\u00edlas a\u00f0 nafni, \u00e6tta\u00f0an fr\u00e1 Pontus, n\u00fdkominn fr\u00e1 \u00cdtal\u00edu, og Priskillu konu hans en Kl\u00e1d\u00edus haf\u00f0i skipa\u00f0 svo fyrir a\u00f0 allir Gy\u00f0ingar skyldu fara burt \u00far R\u00f3m. P\u00e1ll f\u00f3r til \u00feeirra 3 og af \u00fev\u00ed hann stunda\u00f0i s\u00f6mu i\u00f0n settist hann a\u00f0 hj\u00e1 \u00feeim og vann me\u00f0 \u00feeim. \u00deeir voru tjaldger\u00f0armenn a\u00f0 i\u00f0n. 4 Hann r\u00e6ddi vi\u00f0 menn \u00ed samkunduh\u00fasinu hvern hv\u00edldardag og reyndi a\u00f0 sannf\u00e6ra b\u00e6\u00f0i Gy\u00f0inga og Grikki. 5 \u00deegar \u00feeir S\u00edlas og T\u00edm\u00f3teus komu nor\u00f0an fr\u00e1 Maked\u00f3n\u00edu <a href=\"https:\/\/biblian.is\/biblian\/postulasagan-18-kafli\/\"> [&#8230;]<\/a><\/p>\n","protected":false},"author":1,"featured_media":0,"parent":0,"menu_order":0,"comment_status":"open","ping_status":"open","template":"bibliukaflar_NT.php","meta":{"footnotes":""},"class_list":["post-2653","page","type-page","status-publish","hentry"],"_links":{"self":[{"href":"https:\/\/biblian.is\/biblian\/wp-json\/wp\/v2\/pages\/2653","targetHints":{"allow":["GET"]}}],"collection":[{"href":"https:\/\/biblian.is\/biblian\/wp-json\/wp\/v2\/pages"}],"about":[{"href":"https:\/\/biblian.is\/biblian\/wp-json\/wp\/v2\/types\/page"}],"author":[{"embeddable":true,"href":"https:\/\/biblian.is\/biblian\/wp-json\/wp\/v2\/users\/1"}],"replies":[{"embeddable":true,"href":"https:\/\/biblian.is\/biblian\/wp-json\/wp\/v2\/comments?post=2653"}],"version-history":[{"count":0,"href":"https:\/\/biblian.is\/biblian\/wp-json\/wp\/v2\/pages\/2653\/revisions"}],"wp:attachment":[{"href":"https:\/\/biblian.is\/biblian\/wp-json\/wp\/v2\/media?parent=2653"}],"curies":[{"name":"wp","href":"https:\/\/api.w.org\/{rel}","templated":true}]}}