{"id":2651,"date":"2017-12-30T21:04:05","date_gmt":"2017-12-30T21:04:05","guid":{"rendered":"http:\/\/biblian.is\/biblian\/postulasagan-16-kafli\/"},"modified":"2019-08-26T23:22:24","modified_gmt":"2019-08-26T23:22:24","slug":"postulasagan-16-kafli","status":"publish","type":"page","link":"https:\/\/biblian.is\/biblian\/postulasagan-16-kafli\/","title":{"rendered":"Postulasagan 16. kafli"},"content":{"rendered":"<h3 class=\"millifyrirsogn_2007\"> T\u00edm\u00f3teus<\/h3>\n<p><a name=\"1\"><span class=\"versanumer_2007\">1<\/span><\/a> P\u00e1ll kom til Derbe og L\u00fdstru. \u00dear var l\u00e6risveinn nokkur, T\u00edm\u00f3teus a\u00f0 nafni, sonur tr\u00faa\u00f0rar konu af Gy\u00f0inga \u00e6tt en fa\u00f0ir hans var gr\u00edskur. <a name=\"2\"><span class=\"versanumer_2007\">2<\/span><\/a> Kristnir menn<span class=\"nedan_mal\" title=\" Or\u00f0r\u00e9tt: Br\u00e6\u00f0urnir.\">[<\/span> \u00ed L\u00fdstru og \u00cdk\u00f3n\u00edum b\u00e1ru honum gott or\u00f0. <a name=\"3\"><span class=\"versanumer_2007\">3<\/span><\/a> P\u00e1ll vildi hafa hann me\u00f0 s\u00e9r og umskar hann s\u00f6kum Gy\u00f0inga er voru \u00ed \u00feeim bygg\u00f0um \u00fev\u00ed a\u00f0 allir vissu \u00feeir a\u00f0 fa\u00f0ir hans var gr\u00edskur. <br \/> <a name=\"4\"><span class=\"versanumer_2007\">4<\/span><\/a> \u00deeir f\u00f3ru n\u00fa um borgirnar, fluttu m\u00f6nnum \u00fe\u00e6r \u00e1lyktanir sem postularnir og \u00f6ldungarnir \u00ed Jer\u00fasalem h\u00f6f\u00f0u sam\u00feykkt og bu\u00f0u a\u00f0 var\u00f0veita \u00fe\u00e6r. <a name=\"5\"><span class=\"versanumer_2007\">5<\/span><\/a> En s\u00f6fnu\u00f0irnir styrktust \u00ed tr\u00fanni og ur\u00f0u fj\u00f6lmennari dag fr\u00e1 degi. <\/p>\n<h3 class=\"millifyrirsogn_2007\">Til Maked\u00f3n\u00edu<\/h3>\n<p><a name=\"6\"><span class=\"versanumer_2007\">6<\/span><\/a> \u00deeir f\u00f3ru um Fr\u00fdg\u00edu og Galataland \u00fev\u00ed heilagur andi varna\u00f0i \u00feeim a\u00f0 bo\u00f0a or\u00f0i\u00f0 \u00ed As\u00edu. <a name=\"7\"><span class=\"versanumer_2007\">7<\/span><\/a> Og sem \u00feeir voru komnir a\u00f0 M\u00fds\u00edu reyndu \u00feeir a\u00f0 fara til Bi\u00fe\u00fdn\u00edu en andi Jes\u00fa leyf\u00f0i \u00fea\u00f0 eigi. <a name=\"8\"><span class=\"versanumer_2007\">8<\/span><\/a> \u00deeir f\u00f3ru \u00fe\u00e1 um M\u00fds\u00edu og komu ni\u00f0ur til Tr\u00f3as. <a name=\"9\"><span class=\"versanumer_2007\">9<\/span><\/a> Um n\u00f3ttina birtist P\u00e1li s\u00fdn: Ma\u00f0ur nokkur maked\u00f3nskur st\u00f3\u00f0 hj\u00e1 honum og ba\u00f0 hann: \u201eKom yfir til Maked\u00f3n\u00edu og hj\u00e1lpa okkur!\u201c <a name=\"10\"><span class=\"versanumer_2007\">10<\/span><\/a> En jafnskj\u00f3tt og hann haf\u00f0i s\u00e9\u00f0 \u00feessa s\u00fdn leitu\u00f0um vi\u00f0 f\u00e6ris a\u00f0 komast til Maked\u00f3n\u00edu \u00fear sem vi\u00f0 skildum a\u00f0 Gu\u00f0 haf\u00f0i kalla\u00f0 okkur til \u00feess a\u00f0 flytja \u00feeim fagna\u00f0arerindi\u00f0. <\/p>\n<h3 class=\"millifyrirsogn_2007\">\u00cd Filipp\u00ed<\/h3>\n<p><a name=\"11\"><span class=\"versanumer_2007\">11<\/span><\/a> N\u00fa l\u00f6g\u00f0um vi\u00f0 \u00fat fr\u00e1 Tr\u00f3as, sigldum beint til Sam\u00f3\u00ferake en daginn eftir til Neap\u00f3lis <a name=\"12\"><span class=\"versanumer_2007\">12<\/span><\/a> og \u00fea\u00f0an til Filipp\u00ed. H\u00fan er helsta borg \u00ed \u00feessum hluta Maked\u00f3n\u00edu, r\u00f3mversk n\u00fdlenda. \u00cd \u00feeirri borg dv\u00f6ldumst vi\u00f0 nokkra daga. <a name=\"13\"><span class=\"versanumer_2007\">13<\/span><\/a> Hv\u00edldardaginn gengum vi\u00f0 \u00fat fyrir hli\u00f0i\u00f0 a\u00f0 \u00e1 einni en \u00fear hug\u00f0um vi\u00f0 vera b\u00e6nasta\u00f0. Settumst vi\u00f0 ni\u00f0ur og t\u00f6lu\u00f0um vi\u00f0 konurnar sem voru \u00fear saman komnar. <a name=\"14\"><span class=\"versanumer_2007\">14<\/span><\/a> Kona nokkur \u00far \u00de\u00fdat\u00edruborg, sem s\u00f3tti samkundu Gy\u00f0inga, L\u00fdd\u00eda a\u00f0 nafni, er versla\u00f0i me\u00f0 purpura, hl\u00fdddi \u00e1. Opna\u00f0i Drottinn hjarta hennar og h\u00fan t\u00f3k vi\u00f0 \u00fev\u00ed sem P\u00e1ll sag\u00f0i. <a name=\"15\"><span class=\"versanumer_2007\">15<\/span><\/a> H\u00fan var sk\u00edr\u00f0 og heimili hennar og h\u00fan ba\u00f0 okkur: \u201eGangi\u00f0 inn \u00ed h\u00fas mitt og dveljist \u00fear fyrst \u00fei\u00f0 telji\u00f0 mig tr\u00faa \u00e1 Drottin.\u201c \u00deessu fylgdi h\u00fan fast fram. <br \/> <a name=\"16\"><span class=\"versanumer_2007\">16<\/span><\/a> Eitt sinn, er vi\u00f0 gengum til b\u00e6nasta\u00f0arins, m\u00e6tti okkur amb\u00e1tt nokkur sem haf\u00f0i sp\u00e1sagnaranda og afla\u00f0i h\u00fasb\u00e6ndum s\u00ednum mikils gr\u00f3\u00f0a me\u00f0 \u00fev\u00ed a\u00f0 sp\u00e1. <a name=\"17\"><span class=\"versanumer_2007\">17<\/span><\/a> H\u00fan elti P\u00e1l og okkur og hr\u00f3pa\u00f0i: \u201eMenn \u00feessir eru \u00fej\u00f3nar Gu\u00f0s hins h\u00e6sta og bo\u00f0a \u00feeir ykkur veg til hj\u00e1lpr\u00e6\u00f0is!\u201c <a name=\"18\"><span class=\"versanumer_2007\">18<\/span><\/a> \u00deetta ger\u00f0i h\u00fan d\u00f6gum saman. P\u00e1li f\u00e9ll \u00fea\u00f0 illa. Loks sneri hann s\u00e9r vi\u00f0 og sag\u00f0i vi\u00f0 andann: \u201e\u00c9g b\u00fd\u00f0 \u00fe\u00e9r \u00ed nafni Jes\u00fa Krists a\u00f0 fara \u00fat af henni.\u201c Og hann f\u00f3r \u00fat \u00e1 samri stundu. <br \/> <a name=\"19\"><span class=\"versanumer_2007\">19<\/span><\/a> Um lei\u00f0 og h\u00fasb\u00e6ndur hennar s\u00e1u a\u00f0 \u00fear f\u00f3r \u00e1batavon \u00feeirra gripu \u00feeir P\u00e1l og S\u00edlas og dr\u00f3gu \u00fe\u00e1 \u00fat \u00e1 torgi\u00f0 fyrir valdsmennina. <a name=\"20\"><span class=\"versanumer_2007\">20<\/span><\/a> \u00deeir f\u00e6r\u00f0u \u00fe\u00e1 til h\u00f6fu\u00f0smannanna og s\u00f6g\u00f0u: \u201eMenn \u00feessir valda mestu \u00f3spektum \u00ed borg okkar. \u00deeir eru Gy\u00f0ingar <a name=\"21\"><span class=\"versanumer_2007\">21<\/span><\/a> og bo\u00f0a si\u00f0i sem okkur, r\u00f3mverskum m\u00f6nnum, leyfist hvorki a\u00f0 taka upp n\u00e9 fylgja.\u201c <a name=\"22\"><span class=\"versanumer_2007\">22<\/span><\/a> M\u00fagurinn r\u00e9\u00f0st og gegn \u00feeim og h\u00f6fu\u00f0smennirnir l\u00e9tu fletta \u00fe\u00e1 kl\u00e6\u00f0um og skipu\u00f0u a\u00f0 h\u00fa\u00f0str\u00fdkja \u00fe\u00e1. <a name=\"23\"><span class=\"versanumer_2007\">23<\/span><\/a> \u00deegar \u00feeir h\u00f6f\u00f0u losti\u00f0 \u00fe\u00e1 m\u00f6rg h\u00f6gg v\u00f6rpu\u00f0u \u00feeir \u00feeim \u00ed fangelsi og bu\u00f0u fangaver\u00f0inum a\u00f0 g\u00e6ta \u00feeirra vandlega. <a name=\"24\"><span class=\"versanumer_2007\">24<\/span><\/a> \u00deegar hann haf\u00f0i fengi\u00f0 sl\u00edka skipun varpa\u00f0i hann \u00feeim \u00ed innsta fangelsi\u00f0 og felldi stokk \u00e1 f\u00e6tur \u00feeim. <br \/> <a name=\"25\"><span class=\"versanumer_2007\">25<\/span><\/a> Um mi\u00f0n\u00e6tti b\u00e1\u00f0ust \u00feeir P\u00e1ll og S\u00edlas fyrir og lofsungu Gu\u00f0i en bandingjarnir hlustu\u00f0u \u00e1 \u00fe\u00e1. <a name=\"26\"><span class=\"versanumer_2007\">26<\/span><\/a> \u00de\u00e1 var\u00f0 skyndilega landskj\u00e1lfti mikill svo a\u00f0 grunnur fangelsisins ri\u00f0a\u00f0i. Jafnskj\u00f3tt opnu\u00f0ust allar dyr og fj\u00f6trarnir f\u00e9llu af \u00f6llum. <a name=\"27\"><span class=\"versanumer_2007\">27<\/span><\/a> Fangav\u00f6r\u00f0urinn vakna\u00f0i vi\u00f0 og er hann s\u00e1 fangelsisdyrnar opnar dr\u00f3 hann sver\u00f0 sitt og vildi fyrirfara s\u00e9r \u00fear e\u00f0 hann hug\u00f0i fangana fl\u00fana. <a name=\"28\"><span class=\"versanumer_2007\">28<\/span><\/a> \u00de\u00e1 kalla\u00f0i P\u00e1ll h\u00e1rri raustu: \u201eGer \u00fe\u00fa sj\u00e1lfum \u00fe\u00e9r ekkert mein, vi\u00f0 erum h\u00e9r allir!\u201c <a name=\"29\"><span class=\"versanumer_2007\">29<\/span><\/a> Fangav\u00f6r\u00f0urinn ba\u00f0 um lj\u00f3s, st\u00f6kk inn og f\u00e9ll \u00f3ttasleginn til f\u00f3ta P\u00e1li og S\u00edlasi. <a name=\"30\"><span class=\"versanumer_2007\">30<\/span><\/a> S\u00ed\u00f0an leiddi hann \u00fe\u00e1 \u00fat og sag\u00f0i: \u201eHerrar m\u00ednir, hva\u00f0 \u00e1 \u00e9g a\u00f0 gera til a\u00f0 ver\u00f0a h\u00f3lpinn?\u201c <br \/> <a name=\"31\"><span class=\"versanumer_2007\">31<\/span><\/a> En \u00feeir s\u00f6g\u00f0u: \u201eTr\u00fa \u00fe\u00fa \u00e1 Drottin Jes\u00fa og \u00fe\u00fa munt ver\u00f0a h\u00f3lpinn og heimili \u00feitt.\u201c <a name=\"32\"><span class=\"versanumer_2007\">32<\/span><\/a> Og \u00feeir fluttu honum or\u00f0 Drottins og \u00f6llum \u00e1 heimili hans. <a name=\"33\"><span class=\"versanumer_2007\">33<\/span><\/a> Samstundis t\u00f3k fangav\u00f6r\u00f0urinn \u00fe\u00e1 me\u00f0 s\u00e9r um n\u00f3ttina, lauga\u00f0i mei\u00f0sli \u00feeirra eftir h\u00f6ggin og var hann \u00feegar sk\u00edr\u00f0ur og allt hans f\u00f3lk. <a name=\"34\"><span class=\"versanumer_2007\">34<\/span><\/a> S\u00ed\u00f0an f\u00f3r hann me\u00f0 \u00fe\u00e1 upp \u00ed h\u00fas sitt, bar \u00feeim mat og hann og allt heimaf\u00f3lk hans fagna\u00f0i yfir \u00fev\u00ed a\u00f0 hafa teki\u00f0 tr\u00fa \u00e1 Gu\u00f0. <br \/> <a name=\"35\"><span class=\"versanumer_2007\">35<\/span><\/a> \u00deegar dagur rann sendu h\u00f6fu\u00f0smennirnir r\u00e9ttar\u00fej\u00f3na sem s\u00f6g\u00f0u: \u201eL\u00e1t \u00fe\u00fa menn \u00feessa lausa.\u201c <a name=\"36\"><span class=\"versanumer_2007\">36<\/span><\/a> Fangav\u00f6r\u00f0urinn flutti P\u00e1li \u00feessi or\u00f0: \u201eH\u00f6fu\u00f0smennirnir hafa sent bo\u00f0 um a\u00f0 \u00fei\u00f0 skulu\u00f0 l\u00e1tnir lausir. Gangi\u00f0 n\u00fa \u00fat og fari\u00f0 \u00ed fri\u00f0i.\u201c <br \/> <a name=\"37\"><span class=\"versanumer_2007\">37<\/span><\/a> En P\u00e1ll sag\u00f0i vi\u00f0 \u00fe\u00e1: \u201e\u00deeir hafa opinberlega l\u00e1ti\u00f0 h\u00fa\u00f0str\u00fdkja okkur, r\u00f3mverska menn, \u00e1n d\u00f3ms og laga og varpa \u00ed fangelsi og n\u00fa \u00e6tla \u00feeir leynilega a\u00f0 hleypa okkur \u00fat. \u00c9g held n\u00fa s\u00ed\u00f0ur. \u00deeir skulu koma sj\u00e1lfir og lei\u00f0a okkur \u00fat.\u201c <br \/> <a name=\"38\"><span class=\"versanumer_2007\">38<\/span><\/a> R\u00e9ttar\u00fej\u00f3narnir fluttu h\u00f6fu\u00f0sm\u00f6nnunum \u00feessi or\u00f0. \u00deeir ur\u00f0u hr\u00e6ddir er \u00feeir heyr\u00f0u a\u00f0 \u00feeir v\u00e6ru r\u00f3mverskir <a name=\"39\"><span class=\"versanumer_2007\">39<\/span><\/a> og komu og fri\u00f0m\u00e6ltust vi\u00f0 \u00fe\u00e1, leiddu \u00fe\u00e1 \u00fat og b\u00e1\u00f0u \u00fe\u00e1 a\u00f0 fara burt \u00far borginni. <br \/> <a name=\"40\"><span class=\"versanumer_2007\">40<\/span><\/a> \u00deegar \u00feeir voru komnir \u00fat \u00far fangelsinu f\u00f3ru \u00feeir heim til L\u00fdd\u00edu, fundu tr\u00fasystkinin<span class=\"nedan_mal\" title=\" Or\u00f0r\u00e9tt: br\u00e6\u00f0urna.\">[<\/span> og hughreystu \u00feau. S\u00ed\u00f0an h\u00e9ldu \u00feeir af sta\u00f0. <\/p>\n","protected":false},"excerpt":{"rendered":"<p>T\u00edm\u00f3teus 1 P\u00e1ll kom til Derbe og L\u00fdstru. \u00dear var l\u00e6risveinn nokkur, T\u00edm\u00f3teus a\u00f0 nafni, sonur tr\u00faa\u00f0rar konu af Gy\u00f0inga \u00e6tt en fa\u00f0ir hans var gr\u00edskur. 2 Kristnir menn[ \u00ed L\u00fdstru og \u00cdk\u00f3n\u00edum b\u00e1ru honum gott or\u00f0. 3 P\u00e1ll vildi hafa hann me\u00f0 s\u00e9r og umskar hann s\u00f6kum Gy\u00f0inga er voru \u00ed \u00feeim bygg\u00f0um \u00fev\u00ed a\u00f0 allir vissu \u00feeir a\u00f0 fa\u00f0ir hans var gr\u00edskur. 4 \u00deeir f\u00f3ru n\u00fa um borgirnar, fluttu m\u00f6nnum \u00fe\u00e6r \u00e1lyktanir sem postularnir og \u00f6ldungarnir \u00ed Jer\u00fasalem h\u00f6f\u00f0u sam\u00feykkt og bu\u00f0u a\u00f0 var\u00f0veita \u00fe\u00e6r. 5 En s\u00f6fnu\u00f0irnir styrktust \u00ed tr\u00fanni og ur\u00f0u fj\u00f6lmennari dag fr\u00e1 degi. Til <a href=\"https:\/\/biblian.is\/biblian\/postulasagan-16-kafli\/\"> [&#8230;]<\/a><\/p>\n","protected":false},"author":1,"featured_media":0,"parent":0,"menu_order":0,"comment_status":"open","ping_status":"open","template":"bibliukaflar_NT.php","meta":{"footnotes":""},"class_list":["post-2651","page","type-page","status-publish","hentry"],"_links":{"self":[{"href":"https:\/\/biblian.is\/biblian\/wp-json\/wp\/v2\/pages\/2651","targetHints":{"allow":["GET"]}}],"collection":[{"href":"https:\/\/biblian.is\/biblian\/wp-json\/wp\/v2\/pages"}],"about":[{"href":"https:\/\/biblian.is\/biblian\/wp-json\/wp\/v2\/types\/page"}],"author":[{"embeddable":true,"href":"https:\/\/biblian.is\/biblian\/wp-json\/wp\/v2\/users\/1"}],"replies":[{"embeddable":true,"href":"https:\/\/biblian.is\/biblian\/wp-json\/wp\/v2\/comments?post=2651"}],"version-history":[{"count":0,"href":"https:\/\/biblian.is\/biblian\/wp-json\/wp\/v2\/pages\/2651\/revisions"}],"wp:attachment":[{"href":"https:\/\/biblian.is\/biblian\/wp-json\/wp\/v2\/media?parent=2651"}],"curies":[{"name":"wp","href":"https:\/\/api.w.org\/{rel}","templated":true}]}}