{"id":2650,"date":"2017-12-30T21:04:05","date_gmt":"2017-12-30T21:04:05","guid":{"rendered":"http:\/\/biblian.is\/biblian\/postulasagan-15-kafli\/"},"modified":"2019-08-26T23:22:23","modified_gmt":"2019-08-26T23:22:23","slug":"postulasagan-15-kafli","status":"publish","type":"page","link":"https:\/\/biblian.is\/biblian\/postulasagan-15-kafli\/","title":{"rendered":"Postulasagan 15. kafli"},"content":{"rendered":"<h3 class=\"millifyrirsogn_2007\"> Postulafundurinn \u00ed Jer\u00fasalem<\/h3>\n<p><a name=\"1\"><span class=\"versanumer_2007\">1<\/span><\/a> \u00de\u00e1 komu menn sunnan fr\u00e1 J\u00fadeu og kenndu br\u00e6\u00f0runum: \u201eEf \u00fei\u00f0 l\u00e1ti\u00f0 ekki umskerast a\u00f0 si\u00f0 M\u00f3se geti\u00f0 \u00fei\u00f0 ekki frelsast.\u201c <a name=\"2\"><span class=\"versanumer_2007\">2<\/span><\/a> Var\u00f0 mikil miskl\u00ed\u00f0 og \u00fer\u00e6ta milli \u00feeirra og P\u00e1ls og Barnabasar og r\u00e9\u00f0u menn af a\u00f0 P\u00e1ll og Barnabas og nokkrir \u00feeirra a\u00f0rir f\u00e6ru \u00e1 fund postulanna og \u00f6ldunganna upp til Jer\u00fasalem vegna \u00feessa \u00e1greinings. <br \/> <a name=\"3\"><span class=\"versanumer_2007\">3<\/span><\/a> S\u00f6fnu\u00f0urinn bj\u00f3 s\u00ed\u00f0an fer\u00f0 \u00feeirra og f\u00f3ru \u00feeir um F\u00f6nik\u00edu og Samar\u00edu og s\u00f6g\u00f0u a\u00f0 einnig hei\u00f0ingjar hef\u00f0u sn\u00fai\u00f0 s\u00e9r til Gu\u00f0s og v\u00f6ktu mikinn f\u00f6gnu\u00f0 me\u00f0al allra tr\u00faa\u00f0ra.<span class=\"nedan_mal\" title=\" Or\u00f0r\u00e9tt: allra br\u00e6\u00f0ranna.\">[<\/span> <br \/> <a name=\"4\"><span class=\"versanumer_2007\">4<\/span><\/a> \u00deegar \u00feeir komu til Jer\u00fasalem t\u00f3k s\u00f6fnu\u00f0urinn \u00e1 m\u00f3ti \u00feeim og postularnir og \u00f6ldungarnir og sk\u00fdr\u00f0u \u00feeir fr\u00e1 hversu miki\u00f0 Gu\u00f0 hef\u00f0i l\u00e1ti\u00f0 \u00fe\u00e1 gera. <a name=\"5\"><span class=\"versanumer_2007\">5<\/span><\/a> \u00de\u00e1 risu upp nokkrir \u00far flokki far\u00edsea er tr\u00fa h\u00f6f\u00f0u teki\u00f0 og s\u00f6g\u00f0u: \u201e\u00de\u00e1 ber a\u00f0 umskera og bj\u00f3\u00f0a \u00feeim a\u00f0 halda l\u00f6gm\u00e1l M\u00f3se.\u201c <br \/> <a name=\"6\"><span class=\"versanumer_2007\">6<\/span><\/a> Postularnir og \u00f6ldungarnir komu n\u00fa saman til a\u00f0 l\u00edta \u00e1 m\u00e1l \u00feetta. <a name=\"7\"><span class=\"versanumer_2007\">7<\/span><\/a> Eftir mikla umr\u00e6\u00f0u reis P\u00e9tur upp og sag\u00f0i vi\u00f0 \u00fe\u00e1: \u201eBr\u00e6\u00f0ur, \u00fei\u00f0 viti\u00f0 a\u00f0 fyrir l\u00f6ngu valdi Gu\u00f0 mig \u00far ykkar h\u00f3pi til a\u00f0 bo\u00f0a hei\u00f0ingjum fagna\u00f0arerindi\u00f0 svo a\u00f0 \u00feeir fengju a\u00f0 heyra \u00fea\u00f0 og taka tr\u00fa. <a name=\"8\"><span class=\"versanumer_2007\">8<\/span><\/a> Og Gu\u00f0, sem hj\u00f6rtun \u00feekkir, bar \u00feeim vitni er hann gaf \u00feeim heilagan anda eins og okkur. <a name=\"9\"><span class=\"versanumer_2007\">9<\/span><\/a> Engan mun ger\u00f0i hann \u00e1 okkur og \u00feeim er hann hreinsa\u00f0i hj\u00f6rtu \u00feeirra me\u00f0 tr\u00fanni. <a name=\"10\"><span class=\"versanumer_2007\">10<\/span><\/a> Hv\u00ed freisti\u00f0 \u00fei\u00f0 n\u00fa Gu\u00f0s me\u00f0 \u00fev\u00ed a\u00f0 leggja \u00fe\u00e6r byr\u00f0ar \u00e1 l\u00e6risveinana er hvorki fe\u00f0ur vorir n\u00e9 vi\u00f0 megnu\u00f0um a\u00f0 bera? <a name=\"11\"><span class=\"versanumer_2007\">11<\/span><\/a> Vi\u00f0 tr\u00faum \u00fe\u00f3 \u00fev\u00ed a\u00f0 vi\u00f0 ver\u00f0um h\u00f3lpnir fyrir n\u00e1\u00f0 Drottins Jes\u00fa \u00e1 sama h\u00e1tt og \u00feeir.\u201c <br \/> <a name=\"12\"><span class=\"versanumer_2007\">12<\/span><\/a> \u00de\u00e1 sl\u00f3 \u00fe\u00f6gn \u00e1 allan h\u00f3pinn og menn hl\u00fdddu \u00e1 Barnabas og P\u00e1l er \u00feeir s\u00f6g\u00f0u fr\u00e1 hve m\u00f6rg t\u00e1kn og undur Gu\u00f0 haf\u00f0i leyft \u00feeim a\u00f0 gera me\u00f0al hei\u00f0inna \u00fej\u00f3\u00f0a. <br \/> <a name=\"13\"><span class=\"versanumer_2007\">13<\/span><\/a> \u00deegar \u00feeir h\u00f6f\u00f0u loki\u00f0 m\u00e1li s\u00ednu sag\u00f0i Jakob: \u201eBr\u00e6\u00f0ur, hl\u00fd\u00f0i\u00f0 \u00e1 mig. <a name=\"14\"><span class=\"versanumer_2007\">14<\/span><\/a> S\u00edmon hefur sk\u00fdrt fr\u00e1 hvernig Gu\u00f0 s\u00e1 til \u00feess \u00ed fyrstu a\u00f0 hann eigna\u00f0ist l\u00fd\u00f0 me\u00f0al hei\u00f0inna \u00fej\u00f3\u00f0a er b\u00e6ri nafn hans. <a name=\"15\"><span class=\"versanumer_2007\">15<\/span><\/a> \u00cd samr\u00e6mi vi\u00f0 \u00feetta eru or\u00f0 sp\u00e1mannanna svo sem rita\u00f0 er: <br \/> <span class=\"ljodatexti\"> <a name=\"16\"><span class=\"versanumer_ljod\">16<\/span><\/a>Eftir \u00feetta mun \u00e9g aftur koma <br \/>og endurreisa hina f\u00f6llnu tjaldb\u00fa\u00f0 Dav\u00ed\u00f0s. <br \/>\u00c9g mun reisa hana \u00far r\u00fastum <br \/>og gera hana upp aftur <br \/> <\/span> <span class=\"ljodatexti\"> <a name=\"17\"><span class=\"versanumer_ljod\">17<\/span><\/a>svo a\u00f0 mennirnir, sem eftir eru, leiti Drottins, <br \/>allir hei\u00f0ingjarnir sem nafn mitt hefur helga\u00f0, <br \/>segir Drottinn, sem gerir \u00feetta <\/span> <span class=\"ljodatexti\"> <a name=\"18\"><span class=\"versanumer_ljod\">18<\/span><\/a>kunnugt fr\u00e1 eil\u00edf\u00f0. <\/span> <br \/> <a name=\"19\"><span class=\"versanumer_2007\">19<\/span><\/a> \u00c9g l\u00edt \u00fev\u00ed svo \u00e1 a\u00f0 eigi skuli \u00ed\u00feyngja hei\u00f0ingjum \u00feeim sem sn\u00faa s\u00e9r til Gu\u00f0s <a name=\"20\"><span class=\"versanumer_2007\">20<\/span><\/a> heldur rita \u00feeim a\u00f0 \u00feeir haldi sig fr\u00e1 \u00f6llu sem flekka\u00f0 er af skur\u00f0go\u00f0um, fr\u00e1 saurlifna\u00f0i, fr\u00e1 kj\u00f6ti af k\u00f6fnu\u00f0um d\u00fdrum og fr\u00e1 bl\u00f3\u00f0i. <a name=\"21\"><span class=\"versanumer_2007\">21<\/span><\/a> Fr\u00e1 fornu fari hafa menn pr\u00e9dika\u00f0 M\u00f3se \u00ed \u00f6llum borgum. Hann er lesinn upp \u00ed samkundunum hvern hv\u00edldardag.\u201c <br \/> <a name=\"22\"><span class=\"versanumer_2007\">22<\/span><\/a> Postularnir og \u00f6ldungarnir, \u00e1samt \u00f6llum s\u00f6fnu\u00f0inum, sam\u00feykktu \u00fe\u00e1 a\u00f0 kj\u00f3sa menn \u00far s\u00ednum h\u00f3pi og senda me\u00f0 P\u00e1li og Barnabasi til Ant\u00edokk\u00edu. \u00deeir v\u00f6ldu \u00fe\u00e1 J\u00fadas, er kalla\u00f0ur var Barsabbas, og S\u00edlas, forystumenn \u00ed s\u00f6fnu\u00f0inum. <a name=\"23\"><span class=\"versanumer_2007\">23<\/span><\/a> \u00deeir ritu\u00f0u me\u00f0 \u00feeim: <br \/>\u201ePostularnir og \u00f6ldungarnir, br\u00e6\u00f0ur y\u00f0ar, senda kristnum m\u00f6nnum<span class=\"nedan_mal\" title=\" Or\u00f0r\u00e9tt: br\u00e6\u00f0runum.\">[<\/span> \u00ed Ant\u00edokk\u00edu, S\u00fdrlandi og Kilik\u00edu, er \u00e1\u00f0ur voru hei\u00f0nir, kve\u00f0ju s\u00edna. <br \/> <a name=\"24\"><span class=\"versanumer_2007\">24<\/span><\/a> V\u00e9r h\u00f6fum heyrt a\u00f0 nokkrir fr\u00e1 oss hafi \u00f3r\u00f3a\u00f0 y\u00f0ur me\u00f0 or\u00f0um s\u00ednum og komi\u00f0 r\u00f3ti \u00e1 hugi y\u00f0ar \u00e1n \u00feess v\u00e9r hef\u00f0um \u00feeim neitt um bo\u00f0i\u00f0. <a name=\"25\"><span class=\"versanumer_2007\">25<\/span><\/a> \u00dev\u00ed h\u00f6fum v\u00e9r einr\u00f3ma \u00e1lykta\u00f0 a\u00f0 kj\u00f3sa menn og senda til y\u00f0ar me\u00f0 vorum elsku\u00f0u Barnabasi og P\u00e1li, <a name=\"26\"><span class=\"versanumer_2007\">26<\/span><\/a> m\u00f6nnum er lagt hafa l\u00edf sitt \u00ed h\u00e6ttu vegna nafns Drottins vors Jes\u00fa Krists. <a name=\"27\"><span class=\"versanumer_2007\">27<\/span><\/a> V\u00e9r sendum \u00fev\u00ed J\u00fadas og S\u00edlas og bo\u00f0a \u00feeir y\u00f0ur munnlega hi\u00f0 sama. <a name=\"28\"><span class=\"versanumer_2007\">28<\/span><\/a> \u00dea\u00f0 er \u00e1lyktun heilags anda og vor a\u00f0 leggja ekki frekari byr\u00f0ar \u00e1 y\u00f0ur en \u00feetta sem nau\u00f0synlegt er, <a name=\"29\"><span class=\"versanumer_2007\">29<\/span><\/a> a\u00f0 \u00fe\u00e9r haldi\u00f0 y\u00f0ur fr\u00e1 kj\u00f6ti, er f\u00f3rna\u00f0 hefur veri\u00f0, skur\u00f0go\u00f0um, bl\u00f3\u00f0i, kj\u00f6ti af k\u00f6fnu\u00f0um d\u00fdrum og saurlifna\u00f0i. Ef \u00fe\u00e9r varist \u00feetta geri\u00f0 \u00fe\u00e9r vel. Veri\u00f0 s\u00e6lir.\u201c <br \/> <a name=\"30\"><span class=\"versanumer_2007\">30<\/span><\/a> \u00deeir voru n\u00fa sendir af sta\u00f0 og komu nor\u00f0ur til Ant\u00edokk\u00edu, k\u00f6llu\u00f0u saman s\u00f6fnu\u00f0inn og afhentu br\u00e9fi\u00f0. <a name=\"31\"><span class=\"versanumer_2007\">31<\/span><\/a> \u00deegar menn l\u00e1su \u00fea\u00f0 ur\u00f0u \u00feeir gla\u00f0ir yfir \u00feessari upp\u00f6rvun. <a name=\"32\"><span class=\"versanumer_2007\">32<\/span><\/a> J\u00fadas og S\u00edlas, sem sj\u00e1lfir voru sp\u00e1menn, hv\u00f6ttu br\u00e6\u00f0urna og systurnar<span class=\"nedan_mal\" title=\" Or\u00f0r\u00e9tt: br\u00e6\u00f0urna.\">[<\/span> me\u00f0 m\u00f6rgum or\u00f0um og styrktu \u00feau. <a name=\"33\"><span class=\"versanumer_2007\">33<\/span><\/a> \u00deegar \u00feeir h\u00f6f\u00f0u dvalist \u00fear um hr\u00ed\u00f0 kv\u00f6ddu \u00feeir \u00feau<span class=\"nedan_mal\" title=\" Or\u00f0r\u00e9tt: br\u00e6\u00f0urna.\">[<\/span> og b\u00e1\u00f0u \u00feeim fri\u00f0ar og h\u00e9ldu aftur til \u00feeirra sem h\u00f6f\u00f0u sent \u00fe\u00e1.<span class=\"nedan_mal\" title=\" Sum handrit hafa 34. vers: En S\u00edlas \u00e1kva\u00f0 a\u00f0 vera \u00fear um kyrrt.\">[<\/span> <br \/> <a name=\"35\"><span class=\"versanumer_2007\">35<\/span><\/a> En P\u00e1ll og Barnabas h\u00e9ldu kyrru fyrir \u00ed Ant\u00edokk\u00edu, kenndu og bo\u00f0u\u00f0u \u00e1samt m\u00f6rgum \u00f6\u00f0rum or\u00f0 Drottins. <\/p>\n<h3 class=\"millifyrirsogn_2007\">P\u00e1ll og Barnabas skilja<\/h3>\n<p><a name=\"36\"><span class=\"versanumer_2007\">36<\/span><\/a> Eftir nokkra daga sag\u00f0i P\u00e1ll vi\u00f0 Barnabas: \u201eF\u00f6rum n\u00fa aftur og vitjum tr\u00fasystkinanna<span class=\"nedan_mal\" title=\" Or\u00f0r\u00e9tt: br\u00e6\u00f0ranna.\">[<\/span> \u00ed hverri borg \u00fear sem vi\u00f0 h\u00f6fum bo\u00f0a\u00f0 or\u00f0 Drottins og sj\u00e1um hva\u00f0 \u00feeim l\u00ed\u00f0ur.\u201c <a name=\"37\"><span class=\"versanumer_2007\">37<\/span><\/a> Barnabas vildi \u00fe\u00e1 l\u00edka taka me\u00f0 J\u00f3hannes er kalla\u00f0ur var Mark\u00fas. <a name=\"38\"><span class=\"versanumer_2007\">38<\/span><\/a> En P\u00e1li \u00fe\u00f3tti eigi r\u00e9tt a\u00f0 taka me\u00f0 \u00feann mann er skili\u00f0 haf\u00f0i vi\u00f0 \u00fe\u00e1 \u00ed Pamf\u00fdl\u00edu og ekki gengi\u00f0 a\u00f0 verki me\u00f0 \u00feeim. <a name=\"39\"><span class=\"versanumer_2007\">39<\/span><\/a> Var\u00f0 \u00feeim mj\u00f6g sunduror\u00f0a og skildi \u00fear me\u00f0 \u00feeim. T\u00f3k Barnabas Mark\u00fas me\u00f0 s\u00e9r og sigldi til K\u00fdpur. <a name=\"40\"><span class=\"versanumer_2007\">40<\/span><\/a> En P\u00e1ll kaus s\u00e9r S\u00edlas og f\u00f3r af sta\u00f0 og f\u00f3l s\u00f6fnu\u00f0urinn<span class=\"nedan_mal\" title=\" Or\u00f0r\u00e9tt: br\u00e6\u00f0urnir.\">[<\/span> hann n\u00e1\u00f0 Drottins. <a name=\"41\"><span class=\"versanumer_2007\">41<\/span><\/a> F\u00f3r hann um S\u00fdrland og Kilik\u00edu og styrkti s\u00f6fnu\u00f0ina. <\/p>\n","protected":false},"excerpt":{"rendered":"<p>Postulafundurinn \u00ed Jer\u00fasalem 1 \u00de\u00e1 komu menn sunnan fr\u00e1 J\u00fadeu og kenndu br\u00e6\u00f0runum: \u201eEf \u00fei\u00f0 l\u00e1ti\u00f0 ekki umskerast a\u00f0 si\u00f0 M\u00f3se geti\u00f0 \u00fei\u00f0 ekki frelsast.\u201c 2 Var\u00f0 mikil miskl\u00ed\u00f0 og \u00fer\u00e6ta milli \u00feeirra og P\u00e1ls og Barnabasar og r\u00e9\u00f0u menn af a\u00f0 P\u00e1ll og Barnabas og nokkrir \u00feeirra a\u00f0rir f\u00e6ru \u00e1 fund postulanna og \u00f6ldunganna upp til Jer\u00fasalem vegna \u00feessa \u00e1greinings. 3 S\u00f6fnu\u00f0urinn bj\u00f3 s\u00ed\u00f0an fer\u00f0 \u00feeirra og f\u00f3ru \u00feeir um F\u00f6nik\u00edu og Samar\u00edu og s\u00f6g\u00f0u a\u00f0 einnig hei\u00f0ingjar hef\u00f0u sn\u00fai\u00f0 s\u00e9r til Gu\u00f0s og v\u00f6ktu mikinn f\u00f6gnu\u00f0 me\u00f0al allra tr\u00faa\u00f0ra.[ 4 \u00deegar \u00feeir komu til Jer\u00fasalem t\u00f3k s\u00f6fnu\u00f0urinn \u00e1 <a href=\"https:\/\/biblian.is\/biblian\/postulasagan-15-kafli\/\"> [&#8230;]<\/a><\/p>\n","protected":false},"author":1,"featured_media":0,"parent":0,"menu_order":0,"comment_status":"open","ping_status":"open","template":"bibliukaflar_NT.php","meta":{"footnotes":""},"class_list":["post-2650","page","type-page","status-publish","hentry"],"_links":{"self":[{"href":"https:\/\/biblian.is\/biblian\/wp-json\/wp\/v2\/pages\/2650","targetHints":{"allow":["GET"]}}],"collection":[{"href":"https:\/\/biblian.is\/biblian\/wp-json\/wp\/v2\/pages"}],"about":[{"href":"https:\/\/biblian.is\/biblian\/wp-json\/wp\/v2\/types\/page"}],"author":[{"embeddable":true,"href":"https:\/\/biblian.is\/biblian\/wp-json\/wp\/v2\/users\/1"}],"replies":[{"embeddable":true,"href":"https:\/\/biblian.is\/biblian\/wp-json\/wp\/v2\/comments?post=2650"}],"version-history":[{"count":0,"href":"https:\/\/biblian.is\/biblian\/wp-json\/wp\/v2\/pages\/2650\/revisions"}],"wp:attachment":[{"href":"https:\/\/biblian.is\/biblian\/wp-json\/wp\/v2\/media?parent=2650"}],"curies":[{"name":"wp","href":"https:\/\/api.w.org\/{rel}","templated":true}]}}