{"id":2648,"date":"2017-12-30T21:04:05","date_gmt":"2017-12-30T21:04:05","guid":{"rendered":"http:\/\/biblian.is\/biblian\/postulasagan-13-kafli\/"},"modified":"2019-08-26T23:22:23","modified_gmt":"2019-08-26T23:22:23","slug":"postulasagan-13-kafli","status":"publish","type":"page","link":"https:\/\/biblian.is\/biblian\/postulasagan-13-kafli\/","title":{"rendered":"Postulasagan 13. kafli"},"content":{"rendered":"<h3 class=\"millifyrirsogn_2007\"> Barnabas og S\u00e1l sendir<\/h3>\n<p><a name=\"1\"><span class=\"versanumer_2007\">1<\/span><\/a> \u00cd s\u00f6fnu\u00f0inum \u00ed Ant\u00edokk\u00edu voru sp\u00e1menn og kennarar. \u00dear voru \u00feeir Barnabas, S\u00edmeon, nefndur N\u00edger, L\u00fak\u00edus fr\u00e1 K\u00fdrene, Manaen, samf\u00f3stri Her\u00f3desar fj\u00f3r\u00f0ungsstj\u00f3ra, og S\u00e1l. <a name=\"2\"><span class=\"versanumer_2007\">2<\/span><\/a> Eitt sinn er \u00feeir voru a\u00f0 \u00fej\u00f3na Drottni og f\u00f6stu\u00f0u sag\u00f0i heilagur andi: \u201eTaki\u00f0 fr\u00e1, m\u00e9r til handa, \u00fe\u00e1 Barnabas og S\u00e1l til a\u00f0 vinna \u00fea\u00f0 verk sem \u00e9g hef kalla\u00f0 \u00fe\u00e1 til.\u201c <br \/> <a name=\"3\"><span class=\"versanumer_2007\">3<\/span><\/a> S\u00ed\u00f0an f\u00f6stu\u00f0u \u00feeir og b\u00e1\u00f0ust fyrir, l\u00f6g\u00f0u hendur yfir \u00fe\u00e1 og l\u00e9tu \u00fe\u00e1 fara. <br \/> <a name=\"4\"><span class=\"versanumer_2007\">4<\/span><\/a> \u00deeir f\u00f3ru n\u00fa, sendir af heil\u00f6gum anda, til Selevk\u00edu og sigldu \u00fea\u00f0an til K\u00fdpur. <a name=\"5\"><span class=\"versanumer_2007\">5<\/span><\/a> \u00deegar \u00feeir voru komnir til Salamis bo\u00f0u\u00f0u \u00feeir or\u00f0 Gu\u00f0s \u00ed samkunduh\u00fasum Gy\u00f0inga. H\u00f6f\u00f0u \u00feeir og J\u00f3hannes til a\u00f0sto\u00f0ar. <br \/> <a name=\"6\"><span class=\"versanumer_2007\">6<\/span><\/a> \u00deeir f\u00f3ru um alla eyna, allt til Pafos. \u00dear fundu \u00feeir t\u00f6framann nokkurn og falssp\u00e1mann, Gy\u00f0ing, er h\u00e9t Barjes\u00fas. <a name=\"7\"><span class=\"versanumer_2007\">7<\/span><\/a> Hann var hj\u00e1 landstj\u00f3ranum Serg\u00edusi P\u00e1li, hyggnum manni, sem haf\u00f0i bo\u00f0a\u00f0 \u00fe\u00e1 Barnabas og S\u00e1l \u00e1 fund sinn og f\u00fdsti a\u00f0 heyra Gu\u00f0s or\u00f0. <a name=\"8\"><span class=\"versanumer_2007\">8<\/span><\/a> Gegn \u00feeim st\u00f3\u00f0 El\u00fdmas, t\u00f6frama\u00f0urinn, en svo er nafn hans \u00fatlagt. Reyndi hann a\u00f0 koma \u00ed veg fyrir a\u00f0 landstj\u00f3rinn t\u00e6ki tr\u00fa. <a name=\"9\"><span class=\"versanumer_2007\">9<\/span><\/a> En S\u00e1l, sem og er nefndur P\u00e1ll, hvessti \u00e1 hann augun og sag\u00f0i, fylltur heil\u00f6gum anda: <a name=\"10\"><span class=\"versanumer_2007\">10<\/span><\/a> \u201e\u00de\u00fa dj\u00f6fuls sonur, fullur allra v\u00e9la og fl\u00e6r\u00f0ar, \u00f3vinur alls r\u00e9ttl\u00e6tis, \u00e6tlar \u00fe\u00fa aldrei a\u00f0 h\u00e6tta a\u00f0 rangsn\u00faa r\u00e9ttum vegum Drottins? <a name=\"11\"><span class=\"versanumer_2007\">11<\/span><\/a> N\u00fa er h\u00f6nd Drottins reidd gegn \u00fe\u00e9r og \u00fe\u00fa munt ver\u00f0a blindur og ekki sj\u00e1 s\u00f3l um t\u00edma.\u201c <br \/>Jafnskj\u00f3tt f\u00e9ll yfir hann \u00feoka og myrkur og hann reika\u00f0i um og leita\u00f0i einhvers til a\u00f0 lei\u00f0a sig. <a name=\"12\"><span class=\"versanumer_2007\">12<\/span><\/a> \u00deegar landstj\u00f3rinn s\u00e1 \u00feennan atbur\u00f0 var\u00f0 hann gagntekinn af kenningu Drottins og t\u00f3k tr\u00fa. <\/p>\n<h3 class=\"millifyrirsogn_2007\">\u00cd Ant\u00edokk\u00edu \u00ed Pisid\u00edu<\/h3>\n<p><a name=\"13\"><span class=\"versanumer_2007\">13<\/span><\/a> \u00deeir P\u00e1ll l\u00f6g\u00f0u \u00fat fr\u00e1 Pafos og komu til Perge \u00ed Pamf\u00fdl\u00edu en J\u00f3hannes skildi vi\u00f0 \u00fe\u00e1 og sneri aftur til Jer\u00fasalem. <a name=\"14\"><span class=\"versanumer_2007\">14<\/span><\/a> Sj\u00e1lfir h\u00e9ldu \u00feeir \u00e1fram fr\u00e1 Perge og komu til Ant\u00edokk\u00edu \u00ed Pisid\u00edu, gengu \u00e1 hv\u00edldardegi inn \u00ed samkunduh\u00fasi\u00f0 og settust. <a name=\"15\"><span class=\"versanumer_2007\">15<\/span><\/a> En eftir upplestur \u00far l\u00f6gm\u00e1linu og sp\u00e1m\u00f6nnunum sendu samkundustj\u00f3rarnir til \u00feeirra og s\u00f6g\u00f0u: \u201eBr\u00e6\u00f0ur, ef \u00fei\u00f0 hafi\u00f0 einhver hvatningaror\u00f0 til f\u00f3lksins taki\u00f0 \u00fe\u00e1 til m\u00e1ls.\u201c <a name=\"16\"><span class=\"versanumer_2007\">16<\/span><\/a> \u00de\u00e1 st\u00f3\u00f0 P\u00e1ll upp, benti til hlj\u00f3\u00f0s me\u00f0 hendinni og sag\u00f0i: <br \/>\u201e\u00cdsraelsmenn og a\u00f0rir \u00fei\u00f0 sem \u00f3ttist Gu\u00f0, hl\u00fd\u00f0i\u00f0 \u00e1. <a name=\"17\"><span class=\"versanumer_2007\">17<\/span><\/a> Gu\u00f0 \u00cdsraelsmanna \u00fatvaldi forfe\u00f0ur vora og l\u00e9t \u00fej\u00f3\u00f0 vora dafna \u00ed \u00fatleg\u00f0inni \u00ed Egyptalandi. Me\u00f0 upplyftum armi leiddi hann hana \u00fat \u00fea\u00f0an <a name=\"18\"><span class=\"versanumer_2007\">18<\/span><\/a> og anna\u00f0ist hana \u00ed ey\u00f0im\u00f6rkinni n\u00e6rri fj\u00f6rut\u00edu \u00e1r. <a name=\"19\"><span class=\"versanumer_2007\">19<\/span><\/a> Hann st\u00f6kkti burt sj\u00f6 \u00fej\u00f3\u00f0um \u00far Kanaanslandi og gaf henni land \u00feeirra til eignar. <a name=\"20\"><span class=\"versanumer_2007\">20<\/span><\/a> Svo st\u00f3\u00f0 um fj\u00f6gur hundru\u00f0 og fimmt\u00edu \u00e1ra skei\u00f0. <br \/>Eftir \u00fea\u00f0 gaf hann henni d\u00f3mara allt til Sam\u00faels sp\u00e1manns. <a name=\"21\"><span class=\"versanumer_2007\">21<\/span><\/a> S\u00ed\u00f0an ba\u00f0 h\u00fan um konung og Gu\u00f0 gaf henni S\u00e1l K\u00edsson, mann af Benjam\u00edns \u00e6tt. Hann r\u00edkti fj\u00f6rut\u00edu \u00e1r. <a name=\"22\"><span class=\"versanumer_2007\">22<\/span><\/a> \u00deegar Gu\u00f0 haf\u00f0i sett hann af h\u00f3f hann Dav\u00ed\u00f0 til konungs yfir henni. Um hann vitna\u00f0i hann: \u00c9g hef fundi\u00f0 Dav\u00ed\u00f0, son \u00cdsa\u00ed, mann eftir m\u00ednu hjarta, er gera mun allan vilja minn. <a name=\"23\"><span class=\"versanumer_2007\">23<\/span><\/a> Gu\u00f0 h\u00e9t \u00fev\u00ed a\u00f0 senda \u00cdsrael frelsara af kyni hans og \u00fea\u00f0 er Jes\u00fas. <a name=\"24\"><span class=\"versanumer_2007\">24<\/span><\/a> En \u00e1\u00f0ur en hann kom fram bo\u00f0a\u00f0i J\u00f3hannes \u00f6llum \u00cdsraelsm\u00f6nnum a\u00f0 taka sinnaskiptum og l\u00e1ta sk\u00edrast. <a name=\"25\"><span class=\"versanumer_2007\">25<\/span><\/a> \u00deegar J\u00f3hannes var a\u00f0 enda skei\u00f0 sitt sag\u00f0i hann: Hvern hyggi\u00f0 \u00fei\u00f0 mig vera? Ekki er \u00e9g hann. Annar kemur eftir mig og er \u00e9g eigi ver\u00f0ur \u00feess a\u00f0 leysa sk\u00f3na af f\u00f3tum honum. <br \/> <a name=\"26\"><span class=\"versanumer_2007\">26<\/span><\/a> Br\u00e6\u00f0ur, ni\u00f0jar Abrahams, og a\u00f0rir ykkar \u00e1 me\u00f0al sem \u00f3ttast Gu\u00f0. Okkur er sent or\u00f0 \u00feessa hj\u00e1lpr\u00e6\u00f0is. <a name=\"27\"><span class=\"versanumer_2007\">27<\/span><\/a> \u00deeir sem \u00ed Jer\u00fasalem b\u00faa og h\u00f6f\u00f0ingjar \u00feeirra \u00feekktu hvorki Jes\u00fa n\u00e9 skildu or\u00f0 sp\u00e1mannanna um hann \u00fe\u00f3tt \u00feau s\u00e9u lesin upp hvern hv\u00edldardag en uppfylltu \u00feau \u00feegar \u00feeir d\u00e6mdu hann til dau\u00f0a. <a name=\"28\"><span class=\"versanumer_2007\">28<\/span><\/a> \u00de\u00f3tt \u00feeir fyndu enga dau\u00f0as\u00f6k hj\u00e1 honum b\u00e1\u00f0u \u00feeir P\u00edlatus a\u00f0 l\u00e1ta l\u00edfl\u00e1ta hann. <a name=\"29\"><span class=\"versanumer_2007\">29<\/span><\/a> En er \u00feeir h\u00f6f\u00f0u fullna\u00f0 allt, sem um hann var rita\u00f0, t\u00f3ku \u00feeir hann ofan af krossinum og l\u00f6g\u00f0u \u00ed gr\u00f6f. <a name=\"30\"><span class=\"versanumer_2007\">30<\/span><\/a> En Gu\u00f0 vakti hann fr\u00e1 dau\u00f0um. <a name=\"31\"><span class=\"versanumer_2007\">31<\/span><\/a> Marga daga birtist hann \u00feeim sem me\u00f0 honum f\u00f3ru fr\u00e1 Gal\u00edleu upp til Jer\u00fasalem og eru \u00feeir n\u00fa vottar hans hj\u00e1 f\u00f3lkinu. <a name=\"32\"><span class=\"versanumer_2007\">32<\/span><\/a> Og vi\u00f0 flytjum ykkur \u00feau gle\u00f0ibo\u00f0 <a name=\"33\"><span class=\"versanumer_2007\">33<\/span><\/a> a\u00f0 fyrirheiti\u00f0, sem Gu\u00f0 gaf fe\u00f0rum vorum, hefur hann efnt vi\u00f0 okkur b\u00f6rn \u00feeirra me\u00f0 \u00fev\u00ed a\u00f0 reisa Jes\u00fa upp. Svo er rita\u00f0 \u00ed \u00f6\u00f0rum s\u00e1lminum:<br \/> <span class=\"ljodatexti\"> \u00de\u00fa ert sonur minn, <br \/>\u00ed dag hef \u00e9g f\u00e6tt \u00feig. <\/span> <br \/> <a name=\"34\"><span class=\"versanumer_2007\">34<\/span><\/a> En um \u00fea\u00f0 a\u00f0 hann reisti hann fr\u00e1 dau\u00f0um, svo a\u00f0 hann hverfur aldrei aftur \u00ed greipar dau\u00f0ans, hefur hann tala\u00f0 \u00feannig: <br \/> <span class=\"ljodatexti\"> Y\u00f0ur mun \u00e9g veita heil\u00f6gu, \u00f3brig\u00f0ulu fyrirheitin sem Dav\u00ed\u00f0 voru gefin. <\/span> <br \/> <a name=\"35\"><span class=\"versanumer_2007\">35<\/span><\/a> \u00c1 \u00f6\u00f0rum sta\u00f0 segir: <br \/> <span class=\"ljodatexti\"> Eigi munt \u00fe\u00fa l\u00e1ta \u00feinn heilaga rotna \u00ed gr\u00f6f. <\/span> <br \/> <a name=\"36\"><span class=\"versanumer_2007\">36<\/span><\/a> Dav\u00ed\u00f0 \u00fej\u00f3na\u00f0i sinni kynsl\u00f3\u00f0 a\u00f0 Gu\u00f0s r\u00e1\u00f0i. S\u00ed\u00f0an sofna\u00f0i hann, safna\u00f0ist til fe\u00f0ra sinna og l\u00edkami hans rotna\u00f0i. <a name=\"37\"><span class=\"versanumer_2007\">37<\/span><\/a> En s\u00e1 sem Gu\u00f0 uppvakti rotna\u00f0i ekki. <a name=\"38\"><span class=\"versanumer_2007\">38<\/span><\/a> \u00dea\u00f0 skulu\u00f0 \u00fei\u00f0 \u00fev\u00ed vita, br\u00e6\u00f0ur og systur,<span class=\"nedan_mal\" title=\" Or\u00f0r\u00e9tt: br\u00e6\u00f0ur.\">[<\/span> a\u00f0 ykkur er fyrir hann bo\u00f0u\u00f0 fyrirgefning syndanna <a name=\"39\"><span class=\"versanumer_2007\">39<\/span><\/a> og a\u00f0 s\u00e9rhver er tr\u00fair r\u00e9ttl\u00e6tist \u00ed honum af \u00f6llu \u00fev\u00ed er l\u00f6gm\u00e1l M\u00f3se gat ekki r\u00e9ttl\u00e6tt ykkur af. <a name=\"40\"><span class=\"versanumer_2007\">40<\/span><\/a> G\u00e6ti\u00f0 n\u00fa \u00feess a\u00f0 eigi komi \u00fea\u00f0 yfir ykkur sem sagt er hj\u00e1 sp\u00e1m\u00f6nnunum:<br \/> <span class=\"ljodatexti\"> <a name=\"41\"><span class=\"versanumer_ljod\">41<\/span><\/a> Sj\u00e1i\u00f0, \u00fe\u00e9r spottarar, <br \/>undrist og ver\u00f0i\u00f0 a\u00f0 engu <br \/>\u00fev\u00ed a\u00f0 verk vinn \u00e9g \u00e1 d\u00f6gum y\u00f0ar, <br \/>verk sem \u00fe\u00e9r alls ekki mundu\u00f0 tr\u00faa \u00fe\u00f3tt einhver seg\u00f0i y\u00f0ur fr\u00e1 \u00fev\u00ed.\u201c <\/span> <br \/> <a name=\"42\"><span class=\"versanumer_2007\">42<\/span><\/a> \u00deegar P\u00e1ll og Barnabas gengu \u00fat b\u00e1\u00f0u menn um a\u00f0 m\u00e1l \u00feetta yr\u00f0i r\u00e6tt vi\u00f0 \u00fe\u00e1 aftur n\u00e6sta hv\u00edldardag. <a name=\"43\"><span class=\"versanumer_2007\">43<\/span><\/a> Og er samkomunni var sliti\u00f0 fylgdu margir Gy\u00f0ingar og gu\u00f0r\u00e6knir menn, sem teki\u00f0 h\u00f6f\u00f0u tr\u00fa Gy\u00f0inga, \u00feeim P\u00e1li og Barnabasi. En \u00feeir t\u00f6lu\u00f0u vi\u00f0 \u00fe\u00e1 og br\u00fdndu fyrir \u00feeim a\u00f0 halda s\u00e9r fast vi\u00f0 n\u00e1\u00f0 Gu\u00f0s. <br \/> <a name=\"44\"><span class=\"versanumer_2007\">44<\/span><\/a> N\u00e6sta hv\u00edldardag komu n\u00e1lega allir b\u00e6jarmenn saman til a\u00f0 heyra or\u00f0 Drottins. <a name=\"45\"><span class=\"versanumer_2007\">45<\/span><\/a> En er Gy\u00f0ingar litu mannfj\u00f6ldann fylltust \u00feeir ofst\u00e6ki og m\u00e6ltu gegn or\u00f0um P\u00e1ls me\u00f0 gu\u00f0lasti. <a name=\"46\"><span class=\"versanumer_2007\">46<\/span><\/a> P\u00e1ll og Barnabas sv\u00f6ru\u00f0u \u00fe\u00e1 einar\u00f0lega: \u201eSvo hlaut a\u00f0 vera a\u00f0 or\u00f0 Gu\u00f0s v\u00e6ri fyrst flutt ykkur. \u00dear sem \u00fei\u00f0 n\u00fa v\u00edsi\u00f0 \u00fev\u00ed \u00e1 bug og meti\u00f0 sj\u00e1lfa ykkur ekki ver\u00f0a eil\u00edfs l\u00edfs, \u00fe\u00e1 sn\u00faum vi\u00f0 okkur n\u00fa til hei\u00f0ingjanna. <a name=\"47\"><span class=\"versanumer_2007\">47<\/span><\/a> \u00dev\u00ed a\u00f0 svo hefur Drottinn bo\u00f0i\u00f0 okkur: <br \/> <span class=\"ljodatexti\"> \u00c9g hef sett \u00feig til a\u00f0 vera lj\u00f3s hei\u00f0inna \u00fej\u00f3\u00f0a<br \/>svo a\u00f0 \u00fe\u00fa s\u00e9rt hj\u00e1lpr\u00e6\u00f0i allt til endimarka jar\u00f0ar.\u201c <\/span> <br \/> <a name=\"48\"><span class=\"versanumer_2007\">48<\/span><\/a> En \u00feegar hei\u00f0ingjar heyr\u00f0u \u00feetta gl\u00f6ddust \u00feeir og vegs\u00f6mu\u00f0u or\u00f0 Gu\u00f0s og allir \u00feeir sem \u00e6tla\u00f0ir voru til eil\u00edfs l\u00edfs t\u00f3ku tr\u00fa. <a name=\"49\"><span class=\"versanumer_2007\">49<\/span><\/a> Og or\u00f0 Drottins breiddist \u00fat um allt h\u00e9ra\u00f0i\u00f0. <br \/> <a name=\"50\"><span class=\"versanumer_2007\">50<\/span><\/a> En Gy\u00f0ingar \u00e6stu upp gu\u00f0r\u00e6knar hef\u00f0arkonur og fyrirmenn borgarinnar, v\u00f6ktu ofs\u00f3kn gegn P\u00e1li og Barnabasi og r\u00e1ku \u00fe\u00e1 burt \u00far bygg\u00f0um s\u00ednum. <a name=\"51\"><span class=\"versanumer_2007\">51<\/span><\/a> En \u00feeir hristu dusti\u00f0 af f\u00f3tum s\u00e9r m\u00f3ti \u00feeim og f\u00f3ru til \u00cdk\u00f3n\u00edum. <a name=\"52\"><span class=\"versanumer_2007\">52<\/span><\/a> En l\u00e6risveinarnir voru fylltir f\u00f6gnu\u00f0i og heil\u00f6gum anda. <\/p>\n","protected":false},"excerpt":{"rendered":"<p>Barnabas og S\u00e1l sendir 1 \u00cd s\u00f6fnu\u00f0inum \u00ed Ant\u00edokk\u00edu voru sp\u00e1menn og kennarar. \u00dear voru \u00feeir Barnabas, S\u00edmeon, nefndur N\u00edger, L\u00fak\u00edus fr\u00e1 K\u00fdrene, Manaen, samf\u00f3stri Her\u00f3desar fj\u00f3r\u00f0ungsstj\u00f3ra, og S\u00e1l. 2 Eitt sinn er \u00feeir voru a\u00f0 \u00fej\u00f3na Drottni og f\u00f6stu\u00f0u sag\u00f0i heilagur andi: \u201eTaki\u00f0 fr\u00e1, m\u00e9r til handa, \u00fe\u00e1 Barnabas og S\u00e1l til a\u00f0 vinna \u00fea\u00f0 verk sem \u00e9g hef kalla\u00f0 \u00fe\u00e1 til.\u201c 3 S\u00ed\u00f0an f\u00f6stu\u00f0u \u00feeir og b\u00e1\u00f0ust fyrir, l\u00f6g\u00f0u hendur yfir \u00fe\u00e1 og l\u00e9tu \u00fe\u00e1 fara. 4 \u00deeir f\u00f3ru n\u00fa, sendir af heil\u00f6gum anda, til Selevk\u00edu og sigldu \u00fea\u00f0an til K\u00fdpur. 5 \u00deegar \u00feeir voru komnir til Salamis <a href=\"https:\/\/biblian.is\/biblian\/postulasagan-13-kafli\/\"> [&#8230;]<\/a><\/p>\n","protected":false},"author":1,"featured_media":0,"parent":0,"menu_order":0,"comment_status":"open","ping_status":"open","template":"bibliukaflar_NT.php","meta":{"footnotes":""},"class_list":["post-2648","page","type-page","status-publish","hentry"],"_links":{"self":[{"href":"https:\/\/biblian.is\/biblian\/wp-json\/wp\/v2\/pages\/2648","targetHints":{"allow":["GET"]}}],"collection":[{"href":"https:\/\/biblian.is\/biblian\/wp-json\/wp\/v2\/pages"}],"about":[{"href":"https:\/\/biblian.is\/biblian\/wp-json\/wp\/v2\/types\/page"}],"author":[{"embeddable":true,"href":"https:\/\/biblian.is\/biblian\/wp-json\/wp\/v2\/users\/1"}],"replies":[{"embeddable":true,"href":"https:\/\/biblian.is\/biblian\/wp-json\/wp\/v2\/comments?post=2648"}],"version-history":[{"count":0,"href":"https:\/\/biblian.is\/biblian\/wp-json\/wp\/v2\/pages\/2648\/revisions"}],"wp:attachment":[{"href":"https:\/\/biblian.is\/biblian\/wp-json\/wp\/v2\/media?parent=2648"}],"curies":[{"name":"wp","href":"https:\/\/api.w.org\/{rel}","templated":true}]}}