{"id":2646,"date":"2017-12-30T21:04:05","date_gmt":"2017-12-30T21:04:05","guid":{"rendered":"http:\/\/biblian.is\/biblian\/postulasagan-11-kafli\/"},"modified":"2019-08-26T23:22:22","modified_gmt":"2019-08-26T23:22:22","slug":"postulasagan-11-kafli","status":"publish","type":"page","link":"https:\/\/biblian.is\/biblian\/postulasagan-11-kafli\/","title":{"rendered":"Postulasagan 11. kafli"},"content":{"rendered":"<h3 class=\"millifyrirsogn_2007\"> Fr\u00e1s\u00f6gn P\u00e9turs<\/h3>\n<p><a name=\"1\"><span class=\"versanumer_2007\">1<\/span><\/a> En postularnir og s\u00f6fnu\u00f0irnir \u00ed J\u00fadeu<span class=\"nedan_mal\" title=\" Or\u00f0r\u00e9tt: og br\u00e6\u00f0urnir \u00ed J\u00fadeu.\">[<\/span> heyr\u00f0u a\u00f0 hei\u00f0ingjarnir hef\u00f0u einnig teki\u00f0 vi\u00f0 or\u00f0i Gu\u00f0s. <a name=\"2\"><span class=\"versanumer_2007\">2<\/span><\/a> \u00deegar P\u00e9tur kom upp til Jer\u00fasalem deildu umskurnarmennirnir \u00e1 hann og s\u00f6g\u00f0u: <a name=\"3\"><span class=\"versanumer_2007\">3<\/span><\/a> \u201e\u00de\u00fa hefur fari\u00f0 inn til \u00f3umskorinna manna og eti\u00f0 me\u00f0 \u00feeim.\u201c <a name=\"4\"><span class=\"versanumer_2007\">4<\/span><\/a> En P\u00e9tur sag\u00f0i \u00feeim \u00fe\u00e1 alla s\u00f6guna fr\u00e1 r\u00f3tum og m\u00e6lti: <br \/> <a name=\"5\"><span class=\"versanumer_2007\">5<\/span><\/a> \u201e\u00c9g var a\u00f0 bi\u00f0jast fyrir \u00ed borginni Joppe og s\u00e1 \u00ed s\u00fdn hlut nokkurn koma ni\u00f0ur, eins og st\u00f3r d\u00fakur v\u00e6ri l\u00e1tinn s\u00edga \u00e1 fj\u00f3rum skautum fr\u00e1 himni, og hann kom til m\u00edn. <a name=\"6\"><span class=\"versanumer_2007\">6<\/span><\/a> \u00c9g star\u00f0i \u00e1 hann og hug\u00f0i a\u00f0 og s\u00e1 \u00fe\u00e1 ferf\u00e6tt d\u00fdr jar\u00f0ar, villid\u00fdr, skri\u00f0d\u00fdr og fugla himins, <a name=\"7\"><span class=\"versanumer_2007\">7<\/span><\/a> og \u00e9g heyr\u00f0i r\u00f6dd segja vi\u00f0 mig: Sl\u00e1tra n\u00fa, P\u00e9tur, og et! <a name=\"8\"><span class=\"versanumer_2007\">8<\/span><\/a> En \u00e9g sag\u00f0i: Nei, Drottinn, engan veginn \u00fev\u00ed a\u00f0 aldrei hefur neitt vanheilagt n\u00e9 \u00f3hreint komi\u00f0 m\u00e9r \u00ed munn. <a name=\"9\"><span class=\"versanumer_2007\">9<\/span><\/a> \u00cd anna\u00f0 sinn sag\u00f0i r\u00f6dd af himni: Eigi skalt \u00fe\u00fa kalla \u00fea\u00f0 vanheilagt sem Gu\u00f0 hefur l\u00fdst hreint! <a name=\"10\"><span class=\"versanumer_2007\">10<\/span><\/a> \u00deetta ger\u00f0ist \u00ferem sinnum og aftur var allt dregi\u00f0 upp til himins. <a name=\"11\"><span class=\"versanumer_2007\">11<\/span><\/a> Samstundis st\u00f3\u00f0u \u00fer\u00edr menn vi\u00f0 h\u00fasi\u00f0 sem \u00e9g var \u00ed,<span class=\"nedan_mal\" title=\" Annar lesh\u00e1ttur: sem vi\u00f0 vorum \u00ed.\">[<\/span> sendir til m\u00edn fr\u00e1 Sesareu. <a name=\"12\"><span class=\"versanumer_2007\">12<\/span><\/a> Og andinn sag\u00f0i m\u00e9r a\u00f0 fara me\u00f0 \u00feeim hiklaust. \u00deessir sex br\u00e6\u00f0ur ur\u00f0u m\u00e9r einnig samfer\u00f0a og vi\u00f0 gengum inn \u00ed h\u00fas mannsins. <a name=\"13\"><span class=\"versanumer_2007\">13<\/span><\/a> Hann sag\u00f0i okkur hvernig hann hef\u00f0i s\u00e9\u00f0 engil standa \u00ed h\u00fasi s\u00ednu er sag\u00f0i: Send \u00fe\u00fa til Joppe og l\u00e1t s\u00e6kja S\u00edmon er kallast P\u00e9tur. <a name=\"14\"><span class=\"versanumer_2007\">14<\/span><\/a> Hann mun m\u00e6la til \u00fe\u00edn or\u00f0 sem munu frelsa \u00feig og allt heimili \u00feitt. <a name=\"15\"><span class=\"versanumer_2007\">15<\/span><\/a> En \u00feegar \u00e9g var farinn a\u00f0 tala kom heilagur andi yfir \u00fe\u00e1 eins og yfir okkur \u00ed upphafi. <a name=\"16\"><span class=\"versanumer_2007\">16<\/span><\/a> \u00c9g minntist \u00fe\u00e1 or\u00f0a Drottins er hann sag\u00f0i: J\u00f3hannes sk\u00edr\u00f0i me\u00f0 vatni en \u00fei\u00f0 skulu\u00f0 sk\u00edrast me\u00f0 heil\u00f6gum anda. <a name=\"17\"><span class=\"versanumer_2007\">17<\/span><\/a> Fyrst Gu\u00f0 gaf \u00feeim n\u00fa s\u00f6mu gj\u00f6f og okkur er vi\u00f0 t\u00f3kum tr\u00fa \u00e1 Drottin Jes\u00fa Krist, hvernig var \u00e9g \u00fe\u00e1 \u00feess umkominn a\u00f0 standa gegn Gu\u00f0i?\u201c <br \/> <a name=\"18\"><span class=\"versanumer_2007\">18<\/span><\/a> \u00deegar \u00feeir heyr\u00f0u \u00feetta stilltust \u00feeir og \u00feeir vegs\u00f6mu\u00f0u Gu\u00f0 og s\u00f6g\u00f0u: \u201eGu\u00f0 hefur einnig gefi\u00f0 hei\u00f0ingjunum kost \u00e1 a\u00f0 sn\u00faa s\u00e9r til s\u00edn og \u00f6\u00f0last l\u00edf.\u201c <\/p>\n<h3 class=\"millifyrirsogn_2007\">S\u00f6fnu\u00f0urinn \u00ed Ant\u00edokk\u00edu<\/h3>\n<p><a name=\"19\"><span class=\"versanumer_2007\">19<\/span><\/a> \u00deeir sem dreifst h\u00f6f\u00f0u vegna ofs\u00f3knarinnar sem var\u00f0 \u00fat af Stef\u00e1ni f\u00f3ru allt til F\u00f6nik\u00edu, K\u00fdpur og Ant\u00edokk\u00edu. En Gy\u00f0ingum einum fluttu \u00feeir or\u00f0i\u00f0. <a name=\"20\"><span class=\"versanumer_2007\">20<\/span><\/a> Nokkrir \u00feeirra voru fr\u00e1 K\u00fdpur og K\u00fdrene og er \u00feeir komu til Ant\u00edokk\u00edu t\u00f3ku \u00feeir einnig a\u00f0 tala til Grikkja og bo\u00f0a \u00feeim fagna\u00f0arerindi\u00f0 um Drottin Jes\u00fa. <a name=\"21\"><span class=\"versanumer_2007\">21<\/span><\/a> Og h\u00f6nd Drottins var me\u00f0 \u00feeim og mikill fj\u00f6ldi t\u00f3k tr\u00fa og sneri s\u00e9r til Drottins. <br \/> <a name=\"22\"><span class=\"versanumer_2007\">22<\/span><\/a> Og fregnin um \u00fe\u00e1 barst til eyrna safna\u00f0arins \u00ed Jer\u00fasalem og hann sendi Barnabas til Ant\u00edokk\u00edu. <a name=\"23\"><span class=\"versanumer_2007\">23<\/span><\/a> \u00deegar hann kom og s\u00e1 hva\u00f0 Gu\u00f0 haf\u00f0i s\u00fdnt \u00feeim mikla n\u00e1\u00f0 gladdist hann og hvatti alla til a\u00f0 halda s\u00e9r vi\u00f0 Drottin me\u00f0 einl\u00e6gu hjarta. <a name=\"24\"><span class=\"versanumer_2007\">24<\/span><\/a> Barnabas var g\u00f3\u00f0ur ma\u00f0ur, fullur af heil\u00f6gum anda og tr\u00fa. Og mikill fj\u00f6ldi manna t\u00f3k tr\u00fa \u00e1 Drottin og b\u00e6ttist vi\u00f0 s\u00f6fnu\u00f0inn. <a name=\"25\"><span class=\"versanumer_2007\">25<\/span><\/a> \u00de\u00e1 f\u00f3r Barnabas til Tarsus a\u00f0 leita S\u00e1l uppi. <a name=\"26\"><span class=\"versanumer_2007\">26<\/span><\/a> \u00deegar hann haf\u00f0i fundi\u00f0 hann f\u00f3r hann me\u00f0 hann til Ant\u00edokk\u00edu. \u00deeir voru s\u00ed\u00f0an saman heilt \u00e1r \u00ed s\u00f6fnu\u00f0inum og kenndu fj\u00f6lda f\u00f3lks. \u00cd Ant\u00edokk\u00edu voru l\u00e6risveinarnir fyrst kalla\u00f0ir kristnir. <br \/> <a name=\"27\"><span class=\"versanumer_2007\">27<\/span><\/a> \u00c1 \u00feessum d\u00f6gum komu sp\u00e1menn fr\u00e1 Jer\u00fasalem til Ant\u00edokk\u00edu. <a name=\"28\"><span class=\"versanumer_2007\">28<\/span><\/a> Einn \u00feeirra, Agabus a\u00f0 nafni, steig fram og af gift andans sag\u00f0i hann fyrir a\u00f0 mikil hungursney\u00f0 mundi koma yfir alla heimsbygg\u00f0ina. Kom \u00fea\u00f0 fram \u00e1 d\u00f6gum Kl\u00e1d\u00edusar. <a name=\"29\"><span class=\"versanumer_2007\">29<\/span><\/a> L\u00e6risveinarnir \u00ed Ant\u00edokk\u00edu sam\u00feykktu \u00fe\u00e1 a\u00f0 hver \u00feeirra skyldi eftir efnum senda nokku\u00f0 til hj\u00e1lpar l\u00e6risveinunum<span class=\"nedan_mal\" title=\" Or\u00f0r\u00e9tt: br\u00e6\u00f0runum.\">[<\/span> sem bjuggu \u00ed J\u00fadeu. <a name=\"30\"><span class=\"versanumer_2007\">30<\/span><\/a> \u00deetta ger\u00f0u \u00feeir og sendu \u00fea\u00f0 til \u00f6ldunganna me\u00f0 \u00feeim Barnabasi og S\u00e1l. <\/p>\n","protected":false},"excerpt":{"rendered":"<p>Fr\u00e1s\u00f6gn P\u00e9turs 1 En postularnir og s\u00f6fnu\u00f0irnir \u00ed J\u00fadeu[ heyr\u00f0u a\u00f0 hei\u00f0ingjarnir hef\u00f0u einnig teki\u00f0 vi\u00f0 or\u00f0i Gu\u00f0s. 2 \u00deegar P\u00e9tur kom upp til Jer\u00fasalem deildu umskurnarmennirnir \u00e1 hann og s\u00f6g\u00f0u: 3 \u201e\u00de\u00fa hefur fari\u00f0 inn til \u00f3umskorinna manna og eti\u00f0 me\u00f0 \u00feeim.\u201c 4 En P\u00e9tur sag\u00f0i \u00feeim \u00fe\u00e1 alla s\u00f6guna fr\u00e1 r\u00f3tum og m\u00e6lti: 5 \u201e\u00c9g var a\u00f0 bi\u00f0jast fyrir \u00ed borginni Joppe og s\u00e1 \u00ed s\u00fdn hlut nokkurn koma ni\u00f0ur, eins og st\u00f3r d\u00fakur v\u00e6ri l\u00e1tinn s\u00edga \u00e1 fj\u00f3rum skautum fr\u00e1 himni, og hann kom til m\u00edn. 6 \u00c9g star\u00f0i \u00e1 hann og hug\u00f0i a\u00f0 og s\u00e1 \u00fe\u00e1 <a href=\"https:\/\/biblian.is\/biblian\/postulasagan-11-kafli\/\"> [&#8230;]<\/a><\/p>\n","protected":false},"author":1,"featured_media":0,"parent":0,"menu_order":0,"comment_status":"open","ping_status":"open","template":"bibliukaflar_NT.php","meta":{"footnotes":""},"class_list":["post-2646","page","type-page","status-publish","hentry"],"_links":{"self":[{"href":"https:\/\/biblian.is\/biblian\/wp-json\/wp\/v2\/pages\/2646","targetHints":{"allow":["GET"]}}],"collection":[{"href":"https:\/\/biblian.is\/biblian\/wp-json\/wp\/v2\/pages"}],"about":[{"href":"https:\/\/biblian.is\/biblian\/wp-json\/wp\/v2\/types\/page"}],"author":[{"embeddable":true,"href":"https:\/\/biblian.is\/biblian\/wp-json\/wp\/v2\/users\/1"}],"replies":[{"embeddable":true,"href":"https:\/\/biblian.is\/biblian\/wp-json\/wp\/v2\/comments?post=2646"}],"version-history":[{"count":0,"href":"https:\/\/biblian.is\/biblian\/wp-json\/wp\/v2\/pages\/2646\/revisions"}],"wp:attachment":[{"href":"https:\/\/biblian.is\/biblian\/wp-json\/wp\/v2\/media?parent=2646"}],"curies":[{"name":"wp","href":"https:\/\/api.w.org\/{rel}","templated":true}]}}