{"id":2645,"date":"2017-12-30T21:04:05","date_gmt":"2017-12-30T21:04:05","guid":{"rendered":"http:\/\/biblian.is\/biblian\/postulasagan-10-kafli\/"},"modified":"2019-08-26T23:22:21","modified_gmt":"2019-08-26T23:22:21","slug":"postulasagan-10-kafli","status":"publish","type":"page","link":"https:\/\/biblian.is\/biblian\/postulasagan-10-kafli\/","title":{"rendered":"Postulasagan 10. kafli"},"content":{"rendered":"<h3 class=\"millifyrirsogn_2007\"> P\u00e9tur og Kornel\u00edus<\/h3>\n<p><a name=\"1\"><span class=\"versanumer_2007\">1<\/span><\/a> Ma\u00f0ur nokkur var \u00ed Sesareu, Kornel\u00edus a\u00f0 nafni, hundra\u00f0sh\u00f6f\u00f0ingi \u00ed \u00edt\u00f6lsku hersveitinni. <a name=\"2\"><span class=\"versanumer_2007\">2<\/span><\/a> Hann var tr\u00fama\u00f0ur og gu\u00f0r\u00e6kinn og heimaf\u00f3lk hans allt. Hann gaf Gy\u00f0ingum miklar \u00f6lmusur og var jafnan \u00e1 b\u00e6n til Gu\u00f0s. <a name=\"3\"><span class=\"versanumer_2007\">3<\/span><\/a> Dag einn um n\u00f3n s\u00e1 hann berlega \u00ed s\u00fdn engil Gu\u00f0s koma inn til s\u00edn er sag\u00f0i vi\u00f0 hann: \u201eKornel\u00edus!\u201c <br \/> <a name=\"4\"><span class=\"versanumer_2007\">4<\/span><\/a> Hann star\u00f0i \u00e1 engilinn, var\u00f0 \u00f3ttasleginn og sag\u00f0i: \u201eHva\u00f0 er \u00fea\u00f0, herra?\u201c <br \/>Engillinn svara\u00f0i: \u201eB\u00e6nir \u00fe\u00ednar og \u00f6lmusur eru stignar upp til Gu\u00f0s og hann minnist \u00feeirra. <a name=\"5\"><span class=\"versanumer_2007\">5<\/span><\/a> Send \u00fe\u00fa n\u00fa menn til Joppe og l\u00e1t s\u00e6kja S\u00edmon nokkurn er kallast P\u00e9tur. <a name=\"6\"><span class=\"versanumer_2007\">6<\/span><\/a> Hann gistir hj\u00e1 S\u00edmoni nokkrum s\u00fatara sem \u00e1 h\u00fas vi\u00f0 sj\u00f3inn.\u201c <a name=\"7\"><span class=\"versanumer_2007\">7<\/span><\/a> \u00deegar engillinn, sem tala\u00f0i vi\u00f0 hann, var farinn kalla\u00f0i hann \u00e1 tvo heimamenn s\u00edna og gu\u00f0r\u00e6kinn hermann, einn \u00feeirra er honum voru handgengnir, <a name=\"8\"><span class=\"versanumer_2007\">8<\/span><\/a> sag\u00f0i \u00feeim fr\u00e1 \u00f6llu og sendi \u00fe\u00e1 til Joppe. <br \/> <a name=\"9\"><span class=\"versanumer_2007\">9<\/span><\/a> Daginn eftir, er \u00feeir voru \u00e1 lei\u00f0inni og n\u00e1lgu\u00f0ust b\u00e6inn, gekk P\u00e9tur upp \u00e1 h\u00fas\u00feaki\u00f0 um h\u00e1degi til a\u00f0 bi\u00f0jast fyrir. <a name=\"10\"><span class=\"versanumer_2007\">10<\/span><\/a> Kenndi hann \u00fe\u00e1 hungurs og vildi matast. En me\u00f0an veri\u00f0 var a\u00f0 matrei\u00f0a f\u00e9kk hann vitrun. <a name=\"11\"><span class=\"versanumer_2007\">11<\/span><\/a> Hann s\u00e1 himininn opinn og hlut nokkurn koma ni\u00f0ur, l\u00edkan st\u00f3rum d\u00faki. Var hann l\u00e1tinn s\u00edga til jar\u00f0ar \u00e1 fj\u00f3rum skautum. <a name=\"12\"><span class=\"versanumer_2007\">12<\/span><\/a> \u00dear voru \u00e1 alls kyns ferf\u00e6tt d\u00fdr, skri\u00f0d\u00fdr jar\u00f0ar, svo og fuglar himins. <a name=\"13\"><span class=\"versanumer_2007\">13<\/span><\/a> Og honum barst r\u00f6dd: \u201eSl\u00e1tra n\u00fa, P\u00e9tur, og et!\u201c <br \/> <a name=\"14\"><span class=\"versanumer_2007\">14<\/span><\/a> P\u00e9tur sag\u00f0i: \u201eNei, Drottinn, engan veginn, aldrei hef \u00e9g eti\u00f0 neitt vanheilagt n\u00e9 \u00f3hreint.\u201c <br \/> <a name=\"15\"><span class=\"versanumer_2007\">15<\/span><\/a> Aftur barst honum r\u00f6dd: \u201eEigi skalt \u00fe\u00fa kalla \u00fea\u00f0 vanheilagt sem Gu\u00f0 hefur l\u00fdst hreint!\u201c <a name=\"16\"><span class=\"versanumer_2007\">16<\/span><\/a> \u00deetta ger\u00f0ist \u00ferem sinnum og jafnskj\u00f3tt var hluturinn upp numinn til himins. <br \/> <a name=\"17\"><span class=\"versanumer_2007\">17<\/span><\/a> Me\u00f0an P\u00e9tur var a\u00f0 reyna a\u00f0 r\u00e1\u00f0a \u00ed hva\u00f0 \u00feessi s\u00fdn \u00e6tti a\u00f0 merkja h\u00f6f\u00f0u sendimenn Kornel\u00edusar spurt uppi h\u00fas S\u00edmonar. N\u00fa st\u00f3\u00f0u \u00feeir fyrir dyrum \u00fati <a name=\"18\"><span class=\"versanumer_2007\">18<\/span><\/a> og k\u00f6llu\u00f0u: \u201eEr S\u00edmon s\u00e1 er nefnist P\u00e9tur gestur h\u00e9r?\u201c <br \/> <a name=\"19\"><span class=\"versanumer_2007\">19<\/span><\/a> P\u00e9tur var enn a\u00f0 hugsa um s\u00fdnina \u00feegar andinn sag\u00f0i vi\u00f0 hann: \u201e\u00der\u00edr menn<span class=\"nedan_mal\" title=\" Sum handrit hafa: \u201e\u00der\u00edr menn\u201c, \u00f6nnur \u201eTveir menn\u201c.\">[<\/span> eru a\u00f0 leita \u00fe\u00edn. <a name=\"20\"><span class=\"versanumer_2007\">20<\/span><\/a> Fl\u00fdt \u00fe\u00e9r ofan og far hiklaust me\u00f0 \u00feeim \u00fev\u00ed a\u00f0 \u00e9g hef sent \u00fe\u00e1.\u201c <a name=\"21\"><span class=\"versanumer_2007\">21<\/span><\/a> P\u00e9tur gekk \u00fe\u00e1 ni\u00f0ur til mannanna og sag\u00f0i: \u201e\u00c9g er s\u00e1 sem \u00fei\u00f0 leiti\u00f0 a\u00f0. Hvers vegna eru\u00f0 \u00fei\u00f0 komnir hinga\u00f0?\u201c <br \/> <a name=\"22\"><span class=\"versanumer_2007\">22<\/span><\/a> \u00deeir s\u00f6g\u00f0u: \u201eKornel\u00edus hundra\u00f0sh\u00f6f\u00f0ingi, r\u00e9ttl\u00e1tur ma\u00f0ur og gu\u00f0r\u00e6kinn og \u00ed miklum metum me\u00f0al allra Gy\u00f0inga, f\u00e9kk bendingu fr\u00e1 heil\u00f6gum engli a\u00f0 senda eftir \u00fe\u00e9r og f\u00e1 \u00feig heim til s\u00edn a\u00f0 heyra hva\u00f0 \u00fe\u00fa hef\u00f0ir a\u00f0 flytja.\u201c <a name=\"23\"><span class=\"versanumer_2007\">23<\/span><\/a> \u00de\u00e1 bau\u00f0 hann \u00feeim inn og l\u00e9t \u00fe\u00e1 gista. <br \/>Daginn eftir t\u00f3k hann sig upp og f\u00f3r me\u00f0 \u00feeim og nokkrir \u00far s\u00f6fnu\u00f0inum \u00ed Joppe me\u00f0 honum<span class=\"nedan_mal\" title=\" Or\u00f0r\u00e9tt: og nokkrir br\u00e6\u00f0ur fr\u00e1 Joppe.\">[<\/span>. <a name=\"24\"><span class=\"versanumer_2007\">24<\/span><\/a> N\u00e6sta dag komu \u00feeir til Sesareu. Kornel\u00edus bj\u00f3st vi\u00f0 \u00feeim og haf\u00f0i bo\u00f0i\u00f0 til s\u00edn fr\u00e6ndum og virktavinum. <a name=\"25\"><span class=\"versanumer_2007\">25<\/span><\/a> \u00deegar P\u00e9tur kom f\u00f3r Kornel\u00edus \u00e1 m\u00f3ti honum, f\u00e9ll til f\u00f3ta honum og veitti honum lotningu. <a name=\"26\"><span class=\"versanumer_2007\">26<\/span><\/a> P\u00e9tur reisti hann upp og sag\u00f0i: \u201eStatt upp, \u00e9g er ma\u00f0ur sem \u00fe\u00fa.\u201c <a name=\"27\"><span class=\"versanumer_2007\">27<\/span><\/a> Og hann r\u00e6ddi vi\u00f0 hann og gekk inn og fann \u00fear marga menn saman komna. <a name=\"28\"><span class=\"versanumer_2007\">28<\/span><\/a> Hann sag\u00f0i vi\u00f0 \u00fe\u00e1: \u201e\u00dei\u00f0 viti\u00f0 a\u00f0 Gy\u00f0ingi er banna\u00f0 a\u00f0 eiga samneyti vi\u00f0 annarrar \u00fej\u00f3\u00f0ar mann e\u00f0a koma til hans. En Gu\u00f0 hefur s\u00fdnt m\u00e9r a\u00f0 \u00e9g \u00e1 engan a\u00f0 kalla vanheilagan e\u00f0a \u00f3hreinan. <a name=\"29\"><span class=\"versanumer_2007\">29<\/span><\/a> Fyrir \u00fev\u00ed kom \u00e9g m\u00f3tm\u00e6lalaust er eftir m\u00e9r var sent. N\u00fa spyr \u00e9g hvers vegna \u00fei\u00f0 sendu\u00f0 eftir m\u00e9r.\u201c <br \/> <a name=\"30\"><span class=\"versanumer_2007\">30<\/span><\/a> Kornel\u00edus m\u00e6lti: \u201e\u00cd \u00feetta mund fyrir fj\u00f3rum d\u00f6gum var \u00e9g a\u00f0 bi\u00f0jast fyrir a\u00f0 n\u00f3ni \u00ed h\u00fasi m\u00ednu. \u00de\u00e1 st\u00f3\u00f0 ma\u00f0ur frammi fyrir m\u00e9r \u00ed sk\u00ednandi kl\u00e6\u00f0um <a name=\"31\"><span class=\"versanumer_2007\">31<\/span><\/a> og m\u00e6lti: Kornel\u00edus, Gu\u00f0 hefur heyrt b\u00e6n \u00fe\u00edna og minnst \u00f6lmusuger\u00f0a \u00feinna. <a name=\"32\"><span class=\"versanumer_2007\">32<\/span><\/a> N\u00fa skalt \u00fe\u00fa senda til Joppe eftir S\u00edmoni er kallast P\u00e9tur. Hann gistir \u00ed h\u00fasi S\u00edmonar s\u00fatara vi\u00f0 sj\u00f3inn. <a name=\"33\"><span class=\"versanumer_2007\">33<\/span><\/a> \u00dev\u00ed sendi \u00e9g jafnskj\u00f3tt til \u00fe\u00edn og vel ger\u00f0ir \u00fe\u00fa a\u00f0 koma. N\u00fa erum vi\u00f0 \u00f6ll h\u00e9r saman frammi fyrir Gu\u00f0i til a\u00f0 heyra allt sem Drottinn hefur bo\u00f0i\u00f0 \u00fe\u00e9r.\u201c <\/p>\n<h3 class=\"millifyrirsogn_2007\">R\u00e6\u00f0a P\u00e9turs<\/h3>\n<p><a name=\"34\"><span class=\"versanumer_2007\">34<\/span><\/a> \u00de\u00e1 t\u00f3k P\u00e9tur til m\u00e1ls og sag\u00f0i: \u201eSannlega skil \u00e9g n\u00fa a\u00f0 Gu\u00f0 fer ekki \u00ed manngreinar\u00e1lit. <a name=\"35\"><span class=\"versanumer_2007\">35<\/span><\/a> Hann tekur opnum \u00f6rmum hverjum \u00feeim sem \u00f3ttast hann og \u00e1stundar r\u00e9ttl\u00e6ti, hverrar \u00fej\u00f3\u00f0ar sem er. <a name=\"36\"><span class=\"versanumer_2007\">36<\/span><\/a> \u00dei\u00f0 \u00feekki\u00f0 or\u00f0i\u00f0 sem hann sendi b\u00f6rnum \u00cdsraels \u00feegar hann flutti fagna\u00f0arerindi\u00f0 um fri\u00f0 fyrir Jes\u00fa Krist sem er Drottinn allra. <a name=\"37\"><span class=\"versanumer_2007\">37<\/span><\/a> \u00dei\u00f0 viti\u00f0 hva\u00f0 gerst hefur um alla J\u00fadeu en h\u00f3fst \u00ed Gal\u00edleu eftir sk\u00edrnina sem J\u00f3hannes pr\u00e9dika\u00f0i. <a name=\"38\"><span class=\"versanumer_2007\">38<\/span><\/a> \u00dea\u00f0 er sagan um Jes\u00fa fr\u00e1 Nasaret, hvernig Gu\u00f0 smur\u00f0i hann heil\u00f6gum anda og krafti. Hann gekk um, ger\u00f0i gott og gr\u00e6ddi alla sem dj\u00f6fullinn undiroka\u00f0i \u00fev\u00ed a\u00f0 Gu\u00f0 var me\u00f0 honum. <a name=\"39\"><span class=\"versanumer_2007\">39<\/span><\/a> Vi\u00f0 erum vottar alls \u00feess er hann ger\u00f0i, b\u00e6\u00f0i \u00ed landi Gy\u00f0inga og \u00ed Jer\u00fasalem. Og hann t\u00f3ku \u00feeir af l\u00edfi me\u00f0 \u00fev\u00ed a\u00f0 hengja hann upp \u00e1 tr\u00e9. <a name=\"40\"><span class=\"versanumer_2007\">40<\/span><\/a> En Gu\u00f0 uppvakti hann \u00e1 \u00feri\u00f0ja degi og l\u00e9t hann birtast, <a name=\"41\"><span class=\"versanumer_2007\">41<\/span><\/a> ekki \u00f6llum almenningi heldur okkur, vottunum sem Gu\u00f0 haf\u00f0i \u00e1\u00f0ur vali\u00f0. Vi\u00f0 \u00e1tum og drukkum me\u00f0 honum eftir a\u00f0 hann var risinn upp fr\u00e1 dau\u00f0um. <a name=\"42\"><span class=\"versanumer_2007\">42<\/span><\/a> Og hann bau\u00f0 okkur a\u00f0 pr\u00e9dika fyrir al\u00fej\u00f3\u00f0 og vitna a\u00f0 hann er s\u00e1 sem Gu\u00f0 hefur skipa\u00f0 d\u00f3mara lifenda og dau\u00f0ra. <a name=\"43\"><span class=\"versanumer_2007\">43<\/span><\/a> Honum bera allir sp\u00e1mennirnir vitni a\u00f0 s\u00e9rhver sem tr\u00fair \u00e1 hann f\u00e1i vegna hans fyrirgefningu syndanna.\u201c <br \/> <a name=\"44\"><span class=\"versanumer_2007\">44<\/span><\/a> Me\u00f0an P\u00e9tur var enn a\u00f0 m\u00e6la \u00feessi or\u00f0 kom heilagur andi yfir alla \u00fe\u00e1 er or\u00f0i\u00f0 heyr\u00f0u. <a name=\"45\"><span class=\"versanumer_2007\">45<\/span><\/a> Hinir tr\u00fau\u00f0u Gy\u00f0ingar, sem komi\u00f0 h\u00f6f\u00f0u me\u00f0 P\u00e9tri, ur\u00f0u fur\u00f0u lostnir a\u00f0 Gu\u00f0 hef\u00f0i einnig gefi\u00f0 hei\u00f0ingjunum heilagan anda <a name=\"46\"><span class=\"versanumer_2007\">46<\/span><\/a> \u00fev\u00ed \u00feeir heyr\u00f0u \u00fe\u00e1 tala tungum og mikla Gu\u00f0. \u00de\u00e1 m\u00e6lti P\u00e9tur: <a name=\"47\"><span class=\"versanumer_2007\">47<\/span><\/a> \u201eHver getur varna\u00f0 \u00feess a\u00f0 \u00feeir ver\u00f0i sk\u00edr\u00f0ir \u00ed vatni? \u00deeir hafa fengi\u00f0 heilagan anda sem vi\u00f0.\u201c <a name=\"48\"><span class=\"versanumer_2007\">48<\/span><\/a> Og hann bau\u00f0 a\u00f0 \u00feeir skyldu sk\u00edr\u00f0ir \u00ed nafni Jes\u00fa Krists. S\u00ed\u00f0an b\u00e1\u00f0u \u00feeir hann a\u00f0 standa vi\u00f0 \u00ed nokkra daga. <\/p>\n","protected":false},"excerpt":{"rendered":"<p>P\u00e9tur og Kornel\u00edus 1 Ma\u00f0ur nokkur var \u00ed Sesareu, Kornel\u00edus a\u00f0 nafni, hundra\u00f0sh\u00f6f\u00f0ingi \u00ed \u00edt\u00f6lsku hersveitinni. 2 Hann var tr\u00fama\u00f0ur og gu\u00f0r\u00e6kinn og heimaf\u00f3lk hans allt. Hann gaf Gy\u00f0ingum miklar \u00f6lmusur og var jafnan \u00e1 b\u00e6n til Gu\u00f0s. 3 Dag einn um n\u00f3n s\u00e1 hann berlega \u00ed s\u00fdn engil Gu\u00f0s koma inn til s\u00edn er sag\u00f0i vi\u00f0 hann: \u201eKornel\u00edus!\u201c 4 Hann star\u00f0i \u00e1 engilinn, var\u00f0 \u00f3ttasleginn og sag\u00f0i: \u201eHva\u00f0 er \u00fea\u00f0, herra?\u201c Engillinn svara\u00f0i: \u201eB\u00e6nir \u00fe\u00ednar og \u00f6lmusur eru stignar upp til Gu\u00f0s og hann minnist \u00feeirra. 5 Send \u00fe\u00fa n\u00fa menn til Joppe og l\u00e1t s\u00e6kja S\u00edmon nokkurn er <a href=\"https:\/\/biblian.is\/biblian\/postulasagan-10-kafli\/\"> [&#8230;]<\/a><\/p>\n","protected":false},"author":1,"featured_media":0,"parent":0,"menu_order":0,"comment_status":"open","ping_status":"open","template":"bibliukaflar_NT.php","meta":{"footnotes":""},"class_list":["post-2645","page","type-page","status-publish","hentry"],"_links":{"self":[{"href":"https:\/\/biblian.is\/biblian\/wp-json\/wp\/v2\/pages\/2645","targetHints":{"allow":["GET"]}}],"collection":[{"href":"https:\/\/biblian.is\/biblian\/wp-json\/wp\/v2\/pages"}],"about":[{"href":"https:\/\/biblian.is\/biblian\/wp-json\/wp\/v2\/types\/page"}],"author":[{"embeddable":true,"href":"https:\/\/biblian.is\/biblian\/wp-json\/wp\/v2\/users\/1"}],"replies":[{"embeddable":true,"href":"https:\/\/biblian.is\/biblian\/wp-json\/wp\/v2\/comments?post=2645"}],"version-history":[{"count":0,"href":"https:\/\/biblian.is\/biblian\/wp-json\/wp\/v2\/pages\/2645\/revisions"}],"wp:attachment":[{"href":"https:\/\/biblian.is\/biblian\/wp-json\/wp\/v2\/media?parent=2645"}],"curies":[{"name":"wp","href":"https:\/\/api.w.org\/{rel}","templated":true}]}}