{"id":2644,"date":"2017-12-30T21:04:05","date_gmt":"2017-12-30T21:04:05","guid":{"rendered":"http:\/\/biblian.is\/biblian\/postulasagan-9-kafli\/"},"modified":"2019-08-26T23:22:28","modified_gmt":"2019-08-26T23:22:28","slug":"postulasagan-9-kafli","status":"publish","type":"page","link":"https:\/\/biblian.is\/biblian\/postulasagan-9-kafli\/","title":{"rendered":"Postulasagan 9. kafli"},"content":{"rendered":"<h3 class=\"millifyrirsogn_2007\"> S\u00e1l fer til Damaskus<\/h3>\n<p><a name=\"1\"><span class=\"versanumer_2007\">1<\/span><\/a> S\u00e1l h\u00e9lt enn \u00e1fram a\u00f0 \u00e6\u00f0a um me\u00f0 l\u00edfl\u00e1tsh\u00f3tanir gegn l\u00e6risveinum Drottins. N\u00fa f\u00f3r hann \u00e1 fund \u00e6\u00f0sta prestsins <a name=\"2\"><span class=\"versanumer_2007\">2<\/span><\/a> og beiddist br\u00e9fa af honum til samkundnanna \u00ed Damaskus a\u00f0 hann m\u00e6tti flytja \u00ed b\u00f6ndum til Jer\u00fasalem \u00fe\u00e1 er hann kynni a\u00f0 finna og v\u00e6ru \u00feessa vegar,<span class=\"nedan_mal\" title=\" Vegur: kristin tr\u00fa.\">[<\/span> hvort heldur karla e\u00f0a konur. <a name=\"3\"><span class=\"versanumer_2007\">3<\/span><\/a> En \u00feegar hann var \u00e1 fer\u00f0 sinni kominn \u00ed n\u00e1nd vi\u00f0 Damaskus leiftra\u00f0i skyndilega um hann lj\u00f3s af himni. <a name=\"4\"><span class=\"versanumer_2007\">4<\/span><\/a> Hann f\u00e9ll til jar\u00f0ar og heyr\u00f0i r\u00f6dd segja vi\u00f0 sig: \u201eS\u00e1l, S\u00e1l, hv\u00ed ofs\u00e6kir \u00fe\u00fa mig?\u201c <br \/> <a name=\"5\"><span class=\"versanumer_2007\">5<\/span><\/a> En hann sag\u00f0i: \u201eHver ert \u00fe\u00fa, Drottinn?\u201c <br \/>\u00de\u00e1 var svara\u00f0: \u201e\u00c9g er Jes\u00fas sem \u00fe\u00fa ofs\u00e6kir. <a name=\"6\"><span class=\"versanumer_2007\">6<\/span><\/a> En statt upp og gakk inn \u00ed borgina og \u00fe\u00e9r mun ver\u00f0a sagt hva\u00f0 \u00fe\u00fa \u00e1tt a\u00f0 gera.\u201c <a name=\"7\"><span class=\"versanumer_2007\">7<\/span><\/a> F\u00f6runautar hans st\u00f3\u00f0u or\u00f0lausir. \u00deeir heyr\u00f0u a\u00f0 v\u00edsu raustina en s\u00e1u engan. <a name=\"8\"><span class=\"versanumer_2007\">8<\/span><\/a> S\u00e1l reis \u00e1 f\u00e6tur en \u00feegar hann lauk upp augunum s\u00e1 hann ekkert. \u00deeir leiddu hann vi\u00f0 h\u00f6nd s\u00e9r inn \u00ed Damaskus. <a name=\"9\"><span class=\"versanumer_2007\">9<\/span><\/a> \u00derj\u00e1 daga var hann sj\u00f3nlaus og \u00e1t hvorki n\u00e9 drakk. <br \/> <a name=\"10\"><span class=\"versanumer_2007\">10<\/span><\/a> \u00cd Damaskus var l\u00e6risveinn nokkur sem h\u00e9t Anan\u00edas. Vi\u00f0 hann sag\u00f0i Drottinn \u00ed s\u00fdn: \u201eAnan\u00edas.\u201c <br \/> Hann svara\u00f0i: \u201eH\u00e9r er \u00e9g, Drottinn.\u201c <br \/> <a name=\"11\"><span class=\"versanumer_2007\">11<\/span><\/a> Drottinn sag\u00f0i vi\u00f0 hann: \u201eFar \u00feegar \u00ed str\u00e6ti \u00fea\u00f0 sem kalla\u00f0 er Hi\u00f0 beina og \u00ed h\u00fasi J\u00fadasar skaltu spyrja eftir manni fr\u00e1 Tarsus, er heitir S\u00e1l. Hann er a\u00f0 bi\u00f0ja. <a name=\"12\"><span class=\"versanumer_2007\">12<\/span><\/a> Og hann hefur \u00ed s\u00fdn s\u00e9\u00f0 mann, Anan\u00edas a\u00f0 nafni, koma inn og leggja hendur yfir sig til \u00feess a\u00f0 hann f\u00e1i aftur sj\u00f3n.\u201c <br \/> <a name=\"13\"><span class=\"versanumer_2007\">13<\/span><\/a> Anan\u00edas svara\u00f0i: \u201eDrottinn, heyrt hef \u00e9g marga segja fr\u00e1 manni \u00feessum, hve miki\u00f0 illt hann hefur gert \u00fe\u00ednum heil\u00f6gu \u00ed Jer\u00fasalem. <a name=\"14\"><span class=\"versanumer_2007\">14<\/span><\/a> Og h\u00e9r fer hann me\u00f0 vald fr\u00e1 \u00e6\u00f0stu prestunum a\u00f0 f\u00e6ra \u00ed b\u00f6nd alla \u00fe\u00e1 sem \u00e1kalla nafn \u00feitt.\u201c <br \/> <a name=\"15\"><span class=\"versanumer_2007\">15<\/span><\/a> Drottinn sag\u00f0i vi\u00f0 hann: \u201eFar \u00fe\u00fa, \u00fev\u00ed a\u00f0 \u00feennan mann hef \u00e9g vali\u00f0 m\u00e9r a\u00f0 verkf\u00e6ri til \u00feess a\u00f0 bera nafn mitt fram fyrir hei\u00f0ingja, konunga og b\u00f6rn \u00cdsraels <a name=\"16\"><span class=\"versanumer_2007\">16<\/span><\/a> og \u00e9g mun s\u00fdna honum hversu miki\u00f0 hann ver\u00f0ur a\u00f0 \u00feola vegna nafns m\u00edns.\u201c <br \/> <a name=\"17\"><span class=\"versanumer_2007\">17<\/span><\/a> \u00de\u00e1 f\u00f3r Anan\u00edas af sta\u00f0, gekk inn \u00ed h\u00fasi\u00f0 og lag\u00f0i hendur yfir hann og m\u00e6lti: \u201eS\u00e1l, br\u00f3\u00f0ir, Drottinn Jes\u00fas hefur sent mig, s\u00e1 er birtist \u00fe\u00e9r \u00e1 lei\u00f0 \u00feinni hinga\u00f0. \u00de\u00fa \u00e1tt a\u00f0 f\u00e1 aftur sj\u00f3n \u00fe\u00edna og fyllast heil\u00f6gum anda.\u201c <a name=\"18\"><span class=\"versanumer_2007\">18<\/span><\/a> Jafnskj\u00f3tt var sem hreistur f\u00e9lli af augum hans, hann f\u00e9kk aftur sj\u00f3nina, st\u00f3\u00f0 upp og l\u00e9t \u00feegar sk\u00edrast. <a name=\"19\"><span class=\"versanumer_2007\">19<\/span><\/a> S\u00ed\u00f0an neytti hann matar og styrktist. <\/p>\n<h3 class=\"millifyrirsogn_2007\">S\u00e1l pr\u00e9dikar \u00ed Damaskus<\/h3>\n<p>S\u00e1l var nokkra daga hj\u00e1 l\u00e6risveinunum \u00ed Damaskus <a name=\"20\"><span class=\"versanumer_2007\">20<\/span><\/a> og t\u00f3k \u00feegar a\u00f0 pr\u00e9dika \u00ed samkunduh\u00fasunum a\u00f0 Jes\u00fas v\u00e6ri sonur Gu\u00f0s. <a name=\"21\"><span class=\"versanumer_2007\">21<\/span><\/a> Allir \u00feeir sem heyr\u00f0u \u00fea\u00f0 undru\u00f0ust st\u00f3rum og s\u00f6g\u00f0u: \u201eEr \u00feetta ekki ma\u00f0urinn sem reyndi \u00ed Jer\u00fasalem a\u00f0 \u00fatr\u00fdma \u00feeim sem \u00e1k\u00f6llu\u00f0u nafn Jes\u00fa? Kom hann ekki hinga\u00f0 til a\u00f0 fara me\u00f0 \u00fe\u00e1 \u00ed b\u00f6ndum til \u00e6\u00f0stu prestanna?\u201c <a name=\"22\"><span class=\"versanumer_2007\">22<\/span><\/a> En S\u00e1l efldist \u00e6 meir og ger\u00f0i \u00fe\u00e1 Gy\u00f0inga sem bjuggu \u00ed Damaskus r\u00f6k\u00ferota er hann sanna\u00f0i a\u00f0 Jes\u00fas v\u00e6ri Kristur. <br \/> <a name=\"23\"><span class=\"versanumer_2007\">23<\/span><\/a> A\u00f0 allm\u00f6rgum d\u00f6gum li\u00f0num r\u00e9\u00f0u Gy\u00f0ingar me\u00f0 s\u00e9r a\u00f0 taka hann af l\u00edfi. <a name=\"24\"><span class=\"versanumer_2007\">24<\/span><\/a> En S\u00e1l f\u00e9kk vitneskju um r\u00e1\u00f0agj\u00f6r\u00f0 \u00feeirra. \u00deeir g\u00e6ttu borgarhli\u00f0anna n\u00f3tt og dag til a\u00f0 n\u00e1 l\u00edfi hans. <a name=\"25\"><span class=\"versanumer_2007\">25<\/span><\/a> En l\u00e6risveinarnir t\u00f3ku hann um n\u00f3tt og komu honum \u00fat fyrir borgarm\u00farinn me\u00f0 \u00fev\u00ed a\u00f0 l\u00e1ta hann s\u00edga ofan \u00ed k\u00f6rfu. <br \/> <a name=\"26\"><span class=\"versanumer_2007\">26<\/span><\/a> \u00de\u00e1 er S\u00e1l kom til Jer\u00fasalem reyndi hann a\u00f0 samlaga sig l\u00e6risveinunum en \u00feeir hr\u00e6ddust hann allir og tr\u00fa\u00f0u ekki a\u00f0 hann v\u00e6ri l\u00e6risveinn. <a name=\"27\"><span class=\"versanumer_2007\">27<\/span><\/a> En Barnabas t\u00f3k hann a\u00f0 s\u00e9r, f\u00f3r me\u00f0 hann til postulanna og sk\u00fdr\u00f0i \u00feeim fr\u00e1 hvernig hann hef\u00f0i s\u00e9\u00f0 Drottin \u00e1 veginum, hva\u00f0 hann hef\u00f0i sagt vi\u00f0 hann og hversu einar\u00f0lega hann hef\u00f0i tala\u00f0 \u00ed Jes\u00fa nafni \u00ed Damaskus. <a name=\"28\"><span class=\"versanumer_2007\">28<\/span><\/a> Dvaldist S\u00e1l n\u00fa me\u00f0 \u00feeim \u00ed Jer\u00fasalem, gekk \u00fear \u00fat og inn og tala\u00f0i einar\u00f0lega \u00ed nafni Drottins. <a name=\"29\"><span class=\"versanumer_2007\">29<\/span><\/a> Hann tala\u00f0i og h\u00e1\u00f0i kappr\u00e6\u00f0ur vi\u00f0 gr\u00edskum\u00e6landi Gy\u00f0inga en \u00feeir leitu\u00f0ust vi\u00f0 a\u00f0 r\u00e1\u00f0a hann af d\u00f6gum. <a name=\"30\"><span class=\"versanumer_2007\">30<\/span><\/a> \u00deegar s\u00f6fnu\u00f0urinn<span class=\"nedan_mal\" title=\" Or\u00f0r\u00e9tt: br\u00e6\u00f0urnir.\">[<\/span> var\u00f0 \u00feess var f\u00f3ru menn me\u00f0 hann til Sesareu og sendu hann \u00e1fram til Tarsus. <br \/> <a name=\"31\"><span class=\"versanumer_2007\">31<\/span><\/a> N\u00fa haf\u00f0i kirkjan fri\u00f0 um alla J\u00fadeu, Gal\u00edleu og Samar\u00edu. H\u00fan bygg\u00f0ist upp og lif\u00f0i \u00ed gu\u00f0s\u00f3tta og \u00f3x vi\u00f0 \u00f6rvun og styrk heilags anda. <\/p>\n<h3 class=\"millifyrirsogn_2007\">P\u00e9tur fer til L\u00fdddu og Joppe<\/h3>\n<p><a name=\"32\"><span class=\"versanumer_2007\">32<\/span><\/a> Svo bar vi\u00f0 er P\u00e9tur var a\u00f0 fer\u00f0ast um og vitja allra a\u00f0 hann kom og til hinna heil\u00f6gu sem \u00e1ttu heima \u00ed L\u00fdddu. <a name=\"33\"><span class=\"versanumer_2007\">33<\/span><\/a> \u00dear fann hann mann nokkurn, Eneas a\u00f0 nafni, er \u00ed \u00e1tta \u00e1r haf\u00f0i legi\u00f0 r\u00famfastur. Hann var lami. <a name=\"34\"><span class=\"versanumer_2007\">34<\/span><\/a> P\u00e9tur sag\u00f0i vi\u00f0 hann: \u201eEneas, Jes\u00fas Kristur l\u00e6knar \u00feig, statt upp og b\u00fa um \u00feig.\u201c Jafnskj\u00f3tt st\u00f3\u00f0 hann upp. <a name=\"35\"><span class=\"versanumer_2007\">35<\/span><\/a> Allir sem \u00e1ttu heima \u00ed L\u00fdddu og Saron s\u00e1u hann og sneru s\u00e9r til Drottins. <br \/> <a name=\"36\"><span class=\"versanumer_2007\">36<\/span><\/a> \u00cd Joppe var l\u00e6risveinn, kona a\u00f0 nafni Tab\u00ed\u00fea, \u00e1 gr\u00edsku Dorkas.<span class=\"nedan_mal\" title=\" \u00de.e. hind.\">[<\/span> H\u00fan var mj\u00f6g g\u00f3\u00f0ger\u00f0as\u00f6m og \u00f6rl\u00e1t vi\u00f0 snau\u00f0a. <a name=\"37\"><span class=\"versanumer_2007\">37<\/span><\/a> En \u00e1 \u00feeim d\u00f6gum t\u00f3k h\u00fan s\u00f3tt og anda\u00f0ist. Var h\u00fan laugu\u00f0 og l\u00f6g\u00f0 \u00ed loftstofu. <a name=\"38\"><span class=\"versanumer_2007\">38<\/span><\/a> N\u00fa er L\u00fddda \u00ed grennd vi\u00f0 Joppe og h\u00f6f\u00f0u l\u00e6risveinarnir heyrt a\u00f0 P\u00e9tur v\u00e6ri \u00fear. Sendu \u00feeir tvo menn til hans og b\u00e1\u00f0u hann: \u201eKom \u00e1n tafar til okkar.\u201c <a name=\"39\"><span class=\"versanumer_2007\">39<\/span><\/a> P\u00e9tur br\u00e1 vi\u00f0 og f\u00f3r me\u00f0 \u00feeim. \u00deegar \u00feanga\u00f0 kom f\u00f3ru \u00feeir me\u00f0 hann upp \u00ed loftstofuna og allar ekkjurnar komu til hans gr\u00e1tandi og s\u00fdndu honum kyrtla og yfirhafnir sem Dorkas haf\u00f0i gert me\u00f0an h\u00fan var hj\u00e1 \u00feeim. <a name=\"40\"><span class=\"versanumer_2007\">40<\/span><\/a> En P\u00e9tur l\u00e9t alla fara \u00fat, f\u00e9ll \u00e1 kn\u00e9 og ba\u00f0st fyrir. S\u00ed\u00f0an sneri hann s\u00e9r a\u00f0 l\u00edkinu og sag\u00f0i: \u201eTab\u00ed\u00fea, r\u00eds upp.\u201c En h\u00fan opna\u00f0i augun, s\u00e1 P\u00e9tur og settist upp. <a name=\"41\"><span class=\"versanumer_2007\">41<\/span><\/a> Og hann r\u00e9tti henni h\u00f6ndina og reisti hana \u00e1 f\u00e6tur, kalla\u00f0i s\u00ed\u00f0an \u00e1 hina heil\u00f6gu og ekkjurnar og leiddi hana fram lifandi. <a name=\"42\"><span class=\"versanumer_2007\">42<\/span><\/a> \u00deetta barst \u00fat um alla Joppe og margir t\u00f3ku tr\u00fa \u00e1 Drottin. <a name=\"43\"><span class=\"versanumer_2007\">43<\/span><\/a> Var P\u00e9tur um kyrrt \u00ed Joppe allmarga daga hj\u00e1 S\u00edmoni nokkrum s\u00fatara. <\/p>\n","protected":false},"excerpt":{"rendered":"<p>S\u00e1l fer til Damaskus 1 S\u00e1l h\u00e9lt enn \u00e1fram a\u00f0 \u00e6\u00f0a um me\u00f0 l\u00edfl\u00e1tsh\u00f3tanir gegn l\u00e6risveinum Drottins. N\u00fa f\u00f3r hann \u00e1 fund \u00e6\u00f0sta prestsins 2 og beiddist br\u00e9fa af honum til samkundnanna \u00ed Damaskus a\u00f0 hann m\u00e6tti flytja \u00ed b\u00f6ndum til Jer\u00fasalem \u00fe\u00e1 er hann kynni a\u00f0 finna og v\u00e6ru \u00feessa vegar,[ hvort heldur karla e\u00f0a konur. 3 En \u00feegar hann var \u00e1 fer\u00f0 sinni kominn \u00ed n\u00e1nd vi\u00f0 Damaskus leiftra\u00f0i skyndilega um hann lj\u00f3s af himni. 4 Hann f\u00e9ll til jar\u00f0ar og heyr\u00f0i r\u00f6dd segja vi\u00f0 sig: \u201eS\u00e1l, S\u00e1l, hv\u00ed ofs\u00e6kir \u00fe\u00fa mig?\u201c 5 En hann sag\u00f0i: \u201eHver ert <a href=\"https:\/\/biblian.is\/biblian\/postulasagan-9-kafli\/\"> [&#8230;]<\/a><\/p>\n","protected":false},"author":1,"featured_media":0,"parent":0,"menu_order":0,"comment_status":"open","ping_status":"open","template":"bibliukaflar_NT.php","meta":{"footnotes":""},"class_list":["post-2644","page","type-page","status-publish","hentry"],"_links":{"self":[{"href":"https:\/\/biblian.is\/biblian\/wp-json\/wp\/v2\/pages\/2644","targetHints":{"allow":["GET"]}}],"collection":[{"href":"https:\/\/biblian.is\/biblian\/wp-json\/wp\/v2\/pages"}],"about":[{"href":"https:\/\/biblian.is\/biblian\/wp-json\/wp\/v2\/types\/page"}],"author":[{"embeddable":true,"href":"https:\/\/biblian.is\/biblian\/wp-json\/wp\/v2\/users\/1"}],"replies":[{"embeddable":true,"href":"https:\/\/biblian.is\/biblian\/wp-json\/wp\/v2\/comments?post=2644"}],"version-history":[{"count":0,"href":"https:\/\/biblian.is\/biblian\/wp-json\/wp\/v2\/pages\/2644\/revisions"}],"wp:attachment":[{"href":"https:\/\/biblian.is\/biblian\/wp-json\/wp\/v2\/media?parent=2644"}],"curies":[{"name":"wp","href":"https:\/\/api.w.org\/{rel}","templated":true}]}}