{"id":2643,"date":"2017-12-30T21:04:05","date_gmt":"2017-12-30T21:04:05","guid":{"rendered":"http:\/\/biblian.is\/biblian\/postulasagan-8-kafli\/"},"modified":"2019-08-26T23:22:28","modified_gmt":"2019-08-26T23:22:28","slug":"postulasagan-8-kafli","status":"publish","type":"page","link":"https:\/\/biblian.is\/biblian\/postulasagan-8-kafli\/","title":{"rendered":"Postulasagan 8. kafli"},"content":{"rendered":"<p><a name=\"1\"><span class=\"versanumer_2007\">1<\/span><\/a> S\u00e1l l\u00e9t s\u00e9r vel l\u00edka l\u00edfl\u00e1t hans. <\/p>\n<h3 class=\"millifyrirsogn_2007\">S\u00e1l ofs\u00e6kir s\u00f6fnu\u00f0inn<\/h3>\n<p>\u00c1 \u00feeim degi h\u00f3fst mikil ofs\u00f3kn gegn s\u00f6fnu\u00f0inum \u00ed Jer\u00fasalem. Allir nema postularnir dreif\u00f0ust \u00fat um bygg\u00f0ir J\u00fadeu og Samar\u00edu. <a name=\"2\"><span class=\"versanumer_2007\">2<\/span><\/a> Gu\u00f0r\u00e6knir menn greftru\u00f0u Stef\u00e1n og h\u00f6f\u00f0u sorgarath\u00f6fn mikla. <a name=\"3\"><span class=\"versanumer_2007\">3<\/span><\/a> En S\u00e1l ger\u00f0i s\u00e9r allt far um a\u00f0 uppr\u00e6ta s\u00f6fnu\u00f0inn. Hann \u00f3\u00f0 inn \u00ed hvert h\u00fas, dr\u00f3 \u00fea\u00f0an b\u00e6\u00f0i karla og konur og l\u00e9t setja \u00ed var\u00f0hald. <\/p>\n<h3 class=\"millifyrirsogn_2007\">Kristur bo\u00f0a\u00f0ur \u00ed Samar\u00edu<\/h3>\n<p><a name=\"4\"><span class=\"versanumer_2007\">4<\/span><\/a> \u00deeir sem dreifst h\u00f6f\u00f0u f\u00f3ru v\u00ed\u00f0s vegar og fluttu fagna\u00f0arerindi\u00f0. <a name=\"5\"><span class=\"versanumer_2007\">5<\/span><\/a> Filippus f\u00f3r nor\u00f0ur til h\u00f6fu\u00f0borgar<span class=\"nedan_mal\" title=\" Annar lesh\u00e1ttur: borgar \u00ed.\">[<\/span> Samar\u00edu og pr\u00e9dika\u00f0i Krist \u00fear. <a name=\"6\"><span class=\"versanumer_2007\">6<\/span><\/a> Menn hl\u00fdddu me\u00f0 athygli \u00e1 or\u00f0 Filippusar \u00feegar \u00feeir heyr\u00f0u hann tala og s\u00e1u t\u00e1knin sem hann ger\u00f0i. <a name=\"7\"><span class=\"versanumer_2007\">7<\/span><\/a> Margir h\u00f6f\u00f0u \u00f3hreina anda og f\u00f3ru \u00feeir \u00fat af \u00feeim me\u00f0 \u00f3pi miklu. Margir lama menn og haltir voru l\u00e6kna\u00f0ir. <a name=\"8\"><span class=\"versanumer_2007\">8<\/span><\/a> Mikill f\u00f6gnu\u00f0ur var\u00f0 \u00ed \u00feeirri borg. <br \/> <a name=\"9\"><span class=\"versanumer_2007\">9<\/span><\/a> Ma\u00f0ur nokkur, S\u00edmon a\u00f0 nafni, var fyrir \u00ed borginni. Hann lag\u00f0i stund \u00e1 t\u00f6fra og vakti hrifningu f\u00f3lksins \u00ed Samar\u00edu. Hann \u00fe\u00f3ttist vera n\u00e6sta mikill. <a name=\"10\"><span class=\"versanumer_2007\">10<\/span><\/a> Allir flykktust til hans, h\u00e1ir og l\u00e1gir, og s\u00f6g\u00f0u: \u201e\u00deessi ma\u00f0ur er kraftur Gu\u00f0s, s\u00e1 hinn mikli.\u201c <a name=\"11\"><span class=\"versanumer_2007\">11<\/span><\/a> En \u00fev\u00ed flykktust menn um hann a\u00f0 hann haf\u00f0i lengi glapi\u00f0 \u00fe\u00e1 me\u00f0 t\u00f6frum. <a name=\"12\"><span class=\"versanumer_2007\">12<\/span><\/a> N\u00fa tr\u00fa\u00f0u menn Filippusi \u00feegar hann flutti fagna\u00f0arerindi\u00f0 um Gu\u00f0s r\u00edki og nafn Jes\u00fa Krists og l\u00e9tu sk\u00edrast, b\u00e6\u00f0i karlar og konur. <a name=\"13\"><span class=\"versanumer_2007\">13<\/span><\/a> Meira a\u00f0 segja S\u00edmon t\u00f3k tr\u00fa. Hann var sk\u00edr\u00f0ur og ger\u00f0ist mj\u00f6g fylgisamur Filippusi. Og er hann s\u00e1 t\u00e1kn og mikil kraftaverk gerast var hann fr\u00e1 s\u00e9r numinn. <br \/> <a name=\"14\"><span class=\"versanumer_2007\">14<\/span><\/a> \u00deegar postularnir \u00ed Jer\u00fasalem heyr\u00f0u a\u00f0 \u00edb\u00faar Samar\u00edu hef\u00f0u teki\u00f0 vi\u00f0 or\u00f0i Gu\u00f0s sendu \u00feeir til \u00feeirra \u00fe\u00e1 P\u00e9tur og J\u00f3hannes. <a name=\"15\"><span class=\"versanumer_2007\">15<\/span><\/a> \u00deeir f\u00f3ru nor\u00f0ur \u00feanga\u00f0 og b\u00e1\u00f0u Gu\u00f0 um a\u00f0 veita \u00feeim heilagan anda <a name=\"16\"><span class=\"versanumer_2007\">16<\/span><\/a> \u00fev\u00ed a\u00f0 enn var andinn ekki kominn yfir neinn \u00feeirra. \u00deeir voru a\u00f0eins sk\u00edr\u00f0ir til nafns Drottins Jes\u00fa. <a name=\"17\"><span class=\"versanumer_2007\">17<\/span><\/a> N\u00fa l\u00f6g\u00f0u \u00feeir hendur yfir \u00fe\u00e1 og fengu \u00feeir heilagan anda. <br \/> <a name=\"18\"><span class=\"versanumer_2007\">18<\/span><\/a> En er S\u00edmon s\u00e1 a\u00f0 menn fengu heilagan anda \u00feegar postularnir l\u00f6g\u00f0u hendur yfir \u00fe\u00e1 bau\u00f0 hann \u00feeim f\u00e9 og sag\u00f0i: <a name=\"19\"><span class=\"versanumer_2007\">19<\/span><\/a> \u201eGefi\u00f0 einnig m\u00e9r \u00feetta vald, a\u00f0 hver s\u00e1 er \u00e9g legg hendur yfir f\u00e1i heilagan anda.\u201c <br \/> <a name=\"20\"><span class=\"versanumer_2007\">20<\/span><\/a> En P\u00e9tur svara\u00f0i: \u201e\u00der\u00edfist aldrei silfur \u00feitt n\u00e9 sj\u00e1lfur \u00fe\u00fa fyrst \u00fe\u00fa hug\u00f0ist eignast gj\u00f6f Gu\u00f0s fyrir f\u00e9. <a name=\"21\"><span class=\"versanumer_2007\">21<\/span><\/a> \u00de\u00fa \u00e1tt hvorki skerf n\u00e9 hlut \u00ed \u00feessu \u00fev\u00ed a\u00f0 \u00fe\u00fa ert ekki einl\u00e6gur \u00ed hjarta \u00fe\u00ednu gagnvart Gu\u00f0i. <a name=\"22\"><span class=\"versanumer_2007\">22<\/span><\/a> Sn\u00fa \u00fev\u00ed huga \u00fe\u00ednum fr\u00e1 \u00feessari illsku \u00feinni og bi\u00f0 Drottin a\u00f0 hann m\u00e6tti fyrirgefa \u00fe\u00e9r \u00fea\u00f0 sem \u00fe\u00fa haf\u00f0ir \u00ed huga <a name=\"23\"><span class=\"versanumer_2007\">23<\/span><\/a> \u00fev\u00ed \u00e9g s\u00e9 a\u00f0 \u00fe\u00fa ert fullur gallbeiskju og fj\u00f6tra\u00f0ur ranghugsun.\u201c <br \/> <a name=\"24\"><span class=\"versanumer_2007\">24<\/span><\/a> S\u00edmon sag\u00f0i: \u201eBi\u00f0ji\u00f0 fyrir m\u00e9r til Drottins a\u00f0 ekkert komi \u00fea\u00f0 yfir mig sem \u00fei\u00f0 hafi\u00f0 m\u00e6lt.\u201c <br \/> <a name=\"25\"><span class=\"versanumer_2007\">25<\/span><\/a> Er \u00feeir h\u00f6f\u00f0u n\u00fa vitna\u00f0 og bo\u00f0a\u00f0 or\u00f0 Drottins sneru \u00feeir aftur \u00e1lei\u00f0is til Jer\u00fasalem og bo\u00f0u\u00f0u fagna\u00f0arerindi\u00f0 \u00ed m\u00f6rgum \u00feorpum Samverja. <\/p>\n<h3 class=\"millifyrirsogn_2007\">Filippus og hir\u00f0ma\u00f0ur fr\u00e1 E\u00fe\u00ed\u00f3p\u00edu<\/h3>\n<p><a name=\"26\"><span class=\"versanumer_2007\">26<\/span><\/a> En engill Drottins m\u00e6lti til Filippusar: \u201eStatt upp og gakk su\u00f0ur<span class=\"nedan_mal\" title=\" E\u00f0a: um h\u00e1degisbil.\">[<\/span> \u00e1 veginn sem liggur ofan fr\u00e1 Jer\u00fasalem til Gasa.\u201c \u00dear er \u00f3bygg\u00f0. <a name=\"27\"><span class=\"versanumer_2007\">27<\/span><\/a> Hann hl\u00fdddi og f\u00f3r. \u00de\u00e1 bar a\u00f0 mann fr\u00e1 E\u00fe\u00ed\u00f3p\u00edu. Hann var h\u00e1ttsettur hir\u00f0ma\u00f0ur hj\u00e1 drottningu E\u00fe\u00ed\u00f3pa, sem kallast Kandake, og settur yfir alla fj\u00e1rhirslu hennar. Hann haf\u00f0i fari\u00f0 til Jer\u00fasalem til a\u00f0 bi\u00f0jast fyrir <a name=\"28\"><span class=\"versanumer_2007\">28<\/span><\/a> og var \u00e1 heimlei\u00f0, sat \u00ed vagni s\u00ednum og las Jesaja sp\u00e1mann. <a name=\"29\"><span class=\"versanumer_2007\">29<\/span><\/a> Andinn sag\u00f0i \u00fe\u00e1 vi\u00f0 Filippus: \u201eGakk a\u00f0 \u00feessum vagni og vertu sem n\u00e6st honum.\u201c <a name=\"30\"><span class=\"versanumer_2007\">30<\/span><\/a> Filippus skunda\u00f0i \u00feanga\u00f0 og heyr\u00f0i manninn vera a\u00f0 lesa Jesaja sp\u00e1mann. Hann spur\u00f0i: \u201eHvort skilur \u00fe\u00fa \u00fea\u00f0 sem \u00fe\u00fa ert a\u00f0 lesa?\u201c <br \/> <a name=\"31\"><span class=\"versanumer_2007\">31<\/span><\/a> Hinn svara\u00f0i: \u201eHvernig \u00e6tti \u00e9g a\u00f0 geta \u00fea\u00f0 ef enginn lei\u00f0beinir m\u00e9r?\u201c Og hann ba\u00f0 Filippus st\u00edga upp \u00ed og setjast hj\u00e1 s\u00e9r. <a name=\"32\"><span class=\"versanumer_2007\">32<\/span><\/a> En or\u00f0 \u00feeirrar ritningar, sem hann var a\u00f0 lesa, voru \u00feessi:<br \/> <span class=\"ljodatexti\"> Eins og sau\u00f0ur sem leiddur er til sl\u00e1trunar, <br \/>e\u00f0a eins og lamb sem \u00feegir fyrir \u00feeim er r\u00fdja \u00fea\u00f0, <br \/>svo lauk hann ekki upp munni s\u00ednum. <br \/> <\/span> <span class=\"ljodatexti\"> <a name=\"33\"><span class=\"versanumer_ljod\">33<\/span><\/a> Hann var ni\u00f0url\u00e6g\u00f0ur en Gu\u00f0 nam brott sektard\u00f3m hans.<br \/>Hver getur sagt fr\u00e1 \u00e6tt hans<br \/>\u00fev\u00ed a\u00f0 l\u00edf hans var hrifi\u00f0 burt af j\u00f6r\u00f0inni? <\/span> <br \/> <a name=\"34\"><span class=\"versanumer_2007\">34<\/span><\/a> Hir\u00f0ma\u00f0urinn m\u00e6lti \u00fe\u00e1 vi\u00f0 Filippus: \u201eSeg \u00fe\u00fa m\u00e9r: Um hvern segir sp\u00e1ma\u00f0urinn \u00feetta, sj\u00e1lfan sig e\u00f0a einhvern annan?\u201c <a name=\"35\"><span class=\"versanumer_2007\">35<\/span><\/a> Filippus t\u00f3k \u00fe\u00e1 til or\u00f0a, h\u00f3f m\u00e1ls \u00e1 ritningu \u00feessari og bo\u00f0a\u00f0i honum fagna\u00f0arerindi\u00f0 um Jes\u00fa. <a name=\"36\"><span class=\"versanumer_2007\">36<\/span><\/a> \u00deegar \u00feeir f\u00f3ru \u00e1fram veginn komu \u00feeir a\u00f0 vatni nokkru. \u00de\u00e1 m\u00e6lti hir\u00f0ma\u00f0urinn: \u201eH\u00e9r er vatn, hva\u00f0 hamlar m\u00e9r a\u00f0 sk\u00edrast?\u201c <a name=\"37\"><span class=\"versanumer_2007\">37<\/span><\/a> [Filippus sag\u00f0i: \u201eEf \u00fe\u00fa tr\u00fair af \u00f6llu hjarta er \u00fea\u00f0 heimilt.\u201c Hir\u00f0ma\u00f0urinn svara\u00f0i honum: \u201e\u00c9g tr\u00fai a\u00f0 Jes\u00fas Kristur s\u00e9 sonur Gu\u00f0s.\u201c]<span class=\"nedan_mal\" title=\" Vantar \u00ed sum handrit.\">[<\/span> <a name=\"38\"><span class=\"versanumer_2007\">38<\/span><\/a> Hann l\u00e9t st\u00f6\u00f0va vagninn og stigu b\u00e1\u00f0ir ni\u00f0ur \u00ed vatni\u00f0, Filippus og hir\u00f0ma\u00f0urinn, og Filippus sk\u00edr\u00f0i hann. <a name=\"39\"><span class=\"versanumer_2007\">39<\/span><\/a> En er \u00feeir stigu upp \u00far vatninu hreif andi Drottins Filippus burt. Hir\u00f0ma\u00f0urinn s\u00e1 hann ekki framar og f\u00f3r fagnandi lei\u00f0ar sinnar. <a name=\"40\"><span class=\"versanumer_2007\">40<\/span><\/a> En Filippus kom fram \u00ed Asd\u00f3d, f\u00f3r um og flutti fagna\u00f0arerindi\u00f0 \u00ed hverri borg uns hann kom til Sesareu. <\/p>\n","protected":false},"excerpt":{"rendered":"<p>1 S\u00e1l l\u00e9t s\u00e9r vel l\u00edka l\u00edfl\u00e1t hans. S\u00e1l ofs\u00e6kir s\u00f6fnu\u00f0inn \u00c1 \u00feeim degi h\u00f3fst mikil ofs\u00f3kn gegn s\u00f6fnu\u00f0inum \u00ed Jer\u00fasalem. Allir nema postularnir dreif\u00f0ust \u00fat um bygg\u00f0ir J\u00fadeu og Samar\u00edu. 2 Gu\u00f0r\u00e6knir menn greftru\u00f0u Stef\u00e1n og h\u00f6f\u00f0u sorgarath\u00f6fn mikla. 3 En S\u00e1l ger\u00f0i s\u00e9r allt far um a\u00f0 uppr\u00e6ta s\u00f6fnu\u00f0inn. Hann \u00f3\u00f0 inn \u00ed hvert h\u00fas, dr\u00f3 \u00fea\u00f0an b\u00e6\u00f0i karla og konur og l\u00e9t setja \u00ed var\u00f0hald. Kristur bo\u00f0a\u00f0ur \u00ed Samar\u00edu 4 \u00deeir sem dreifst h\u00f6f\u00f0u f\u00f3ru v\u00ed\u00f0s vegar og fluttu fagna\u00f0arerindi\u00f0. 5 Filippus f\u00f3r nor\u00f0ur til h\u00f6fu\u00f0borgar[ Samar\u00edu og pr\u00e9dika\u00f0i Krist \u00fear. 6 Menn hl\u00fdddu me\u00f0 athygli \u00e1 <a href=\"https:\/\/biblian.is\/biblian\/postulasagan-8-kafli\/\"> [&#8230;]<\/a><\/p>\n","protected":false},"author":1,"featured_media":0,"parent":0,"menu_order":0,"comment_status":"open","ping_status":"open","template":"bibliukaflar_NT.php","meta":{"footnotes":""},"class_list":["post-2643","page","type-page","status-publish","hentry"],"_links":{"self":[{"href":"https:\/\/biblian.is\/biblian\/wp-json\/wp\/v2\/pages\/2643","targetHints":{"allow":["GET"]}}],"collection":[{"href":"https:\/\/biblian.is\/biblian\/wp-json\/wp\/v2\/pages"}],"about":[{"href":"https:\/\/biblian.is\/biblian\/wp-json\/wp\/v2\/types\/page"}],"author":[{"embeddable":true,"href":"https:\/\/biblian.is\/biblian\/wp-json\/wp\/v2\/users\/1"}],"replies":[{"embeddable":true,"href":"https:\/\/biblian.is\/biblian\/wp-json\/wp\/v2\/comments?post=2643"}],"version-history":[{"count":0,"href":"https:\/\/biblian.is\/biblian\/wp-json\/wp\/v2\/pages\/2643\/revisions"}],"wp:attachment":[{"href":"https:\/\/biblian.is\/biblian\/wp-json\/wp\/v2\/media?parent=2643"}],"curies":[{"name":"wp","href":"https:\/\/api.w.org\/{rel}","templated":true}]}}