{"id":2640,"date":"2017-12-30T21:04:05","date_gmt":"2017-12-30T21:04:05","guid":{"rendered":"http:\/\/biblian.is\/biblian\/postulasagan-5-kafli\/"},"modified":"2019-08-26T23:22:27","modified_gmt":"2019-08-26T23:22:27","slug":"postulasagan-5-kafli","status":"publish","type":"page","link":"https:\/\/biblian.is\/biblian\/postulasagan-5-kafli\/","title":{"rendered":"Postulasagan 5. kafli"},"content":{"rendered":"<h3 class=\"millifyrirsogn_2007\"> Anan\u00edas og Saff\u00edra<\/h3>\n<p><a name=\"1\"><span class=\"versanumer_2007\">1<\/span><\/a> En ma\u00f0ur nokkur, Anan\u00edas a\u00f0 nafni, seldi \u00e1samt Saff\u00edru, konu sinni, eign <a name=\"2\"><span class=\"versanumer_2007\">2<\/span><\/a> og dr\u00f3 undan af ver\u00f0inu me\u00f0 vitund konu sinnar en kom me\u00f0 nokku\u00f0 af \u00fev\u00ed og lag\u00f0i fyrir f\u00e6tur postulanna. <a name=\"3\"><span class=\"versanumer_2007\">3<\/span><\/a> En P\u00e9tur m\u00e6lti: \u201eAnan\u00edas, hv\u00ed fyllti Satan hjarta \u00feitt svo a\u00f0 \u00fe\u00fa laugst a\u00f0 heil\u00f6gum anda og dr\u00f3st undan af ver\u00f0i lands \u00fe\u00edns? <a name=\"4\"><span class=\"versanumer_2007\">4<\/span><\/a> Var landi\u00f0 ekki \u00feitt me\u00f0an \u00fe\u00fa \u00e1ttir \u00fea\u00f0 og var ekki andvir\u00f0i \u00feess \u00e1 \u00fe\u00ednu valdi? Hvernig gastu \u00fe\u00e1 l\u00e1ti\u00f0 \u00fe\u00e9r hugkv\u00e6mast sl\u00edkt tilt\u00e6ki? Ekki hefur \u00fe\u00fa logi\u00f0 a\u00f0 m\u00f6nnum heldur Gu\u00f0i.\u201c <a name=\"5\"><span class=\"versanumer_2007\">5<\/span><\/a> \u00deegar Anan\u00edas heyr\u00f0i \u00feetta f\u00e9ll hann ni\u00f0ur, gaf upp \u00f6ndina og miklum \u00f3tta sl\u00f3 \u00e1 alla \u00fe\u00e1 sem heyr\u00f0u. <a name=\"6\"><span class=\"versanumer_2007\">6<\/span><\/a> En ungu mennirnir st\u00f3\u00f0u upp og bjuggu um hann, b\u00e1ru hann \u00fat og j\u00f6r\u00f0u\u00f0u. <br \/> <a name=\"7\"><span class=\"versanumer_2007\">7<\/span><\/a> A\u00f0 li\u00f0num svo sem \u00ferem stundum kom kona hans inn og vissi ekki hva\u00f0 vi\u00f0 haf\u00f0i bori\u00f0. <a name=\"8\"><span class=\"versanumer_2007\">8<\/span><\/a> \u00de\u00e1 spur\u00f0i P\u00e9tur hana: \u201eSeg m\u00e9r, seldu\u00f0 \u00fei\u00f0 j\u00f6r\u00f0ina fyrir \u00feetta ver\u00f0?\u201c <br \/>En h\u00fan svara\u00f0i: \u201eJ\u00e1, fyrir \u00feetta ver\u00f0.\u201c <br \/> <a name=\"9\"><span class=\"versanumer_2007\">9<\/span><\/a> P\u00e9tur m\u00e6lti \u00fe\u00e1 vi\u00f0 hana: \u201eHvernig g\u00e1tu\u00f0 \u00fei\u00f0 komi\u00f0 ykkur saman um a\u00f0 storka anda Drottins? \u00de\u00fa heyrir vi\u00f0 dyrnar f\u00f3tatak \u00feeirra sem greftru\u00f0u mann \u00feinn. \u00deeir munu bera \u00feig \u00fat.\u201c <a name=\"10\"><span class=\"versanumer_2007\">10<\/span><\/a> Jafnskj\u00f3tt f\u00e9ll h\u00fan ni\u00f0ur vi\u00f0 f\u00e6tur hans og gaf upp \u00f6ndina. Ungu mennirnir komu inn, fundu hana anda\u00f0a, b\u00e1ru \u00fat og j\u00f6r\u00f0u\u00f0u hj\u00e1 manni hennar. <a name=\"11\"><span class=\"versanumer_2007\">11<\/span><\/a> Og miklum \u00f3tta sl\u00f3 \u00e1 allan s\u00f6fnu\u00f0inn og alla sem heyr\u00f0u \u00feetta. <\/p>\n<h3 class=\"millifyrirsogn_2007\">T\u00e1kn og undur<\/h3>\n<p><a name=\"12\"><span class=\"versanumer_2007\">12<\/span><\/a> Fyrir hendur postulanna ger\u00f0ust m\u00f6rg t\u00e1kn og undur me\u00f0al f\u00f3lksins. Allur s\u00f6fnu\u00f0urinn kom einum huga saman \u00ed s\u00falnag\u00f6ngum Sal\u00f3mons. <a name=\"13\"><span class=\"versanumer_2007\">13<\/span><\/a> F\u00f3lki\u00f0 virti \u00fe\u00e1 mikils en enginn \u00feor\u00f0i a\u00f0 umgangast \u00fe\u00e1. <a name=\"14\"><span class=\"versanumer_2007\">14<\/span><\/a> Og enn fleiri karlar og konur tr\u00fa\u00f0u \u00e1 Drottin og b\u00e6ttust vi\u00f0 s\u00f6fnu\u00f0inn. <a name=\"15\"><span class=\"versanumer_2007\">15<\/span><\/a> Menn b\u00e1ru jafnvel sj\u00faka \u00fat \u00e1 str\u00e6tin og l\u00f6g\u00f0u \u00fe\u00e1 \u00e1 rekkjur og b\u00f6rur ef ver\u00f0a m\u00e6tti, er P\u00e9tur gengi hj\u00e1, a\u00f0 allt\u00e9nt skugginn af honum f\u00e9lli \u00e1 einhvern \u00feeirra. <a name=\"16\"><span class=\"versanumer_2007\">16<\/span><\/a> Einnig kom fj\u00f6ldi f\u00f3lks fr\u00e1 borgunum umhverfis Jer\u00fasalem og flutti me\u00f0 s\u00e9r sj\u00faka menn og \u00fej\u00e1\u00f0a af \u00f3hreinum \u00f6ndum. \u00deeir l\u00e6knu\u00f0ust allir. <\/p>\n<h3 class=\"millifyrirsogn_2007\">Postular ofs\u00f3ttir<\/h3>\n<p><a name=\"17\"><span class=\"versanumer_2007\">17<\/span><\/a> \u00de\u00e1 h\u00f3fst \u00e6\u00f0sti presturinn handa og sadd\u00fakeaflokkurinn sem fylgdi honum. Fullir ofst\u00e6kis <a name=\"18\"><span class=\"versanumer_2007\">18<\/span><\/a> l\u00e9tu \u00feeir taka postulana h\u00f6ndum og varpa \u00ed fangelsi\u00f0. <a name=\"19\"><span class=\"versanumer_2007\">19<\/span><\/a> En engill Drottins opna\u00f0i um n\u00f3ttina dyr fangelsisins, leiddi \u00fe\u00e1 \u00fat og sag\u00f0i: <a name=\"20\"><span class=\"versanumer_2007\">20<\/span><\/a> \u201eFari\u00f0 \u00ed helgid\u00f3minn og flytji\u00f0 f\u00f3lkinu \u00f6ll \u00feessi l\u00edfsins or\u00f0.\u201c <a name=\"21\"><span class=\"versanumer_2007\">21<\/span><\/a> \u00deeir hl\u00fdddu og f\u00f3ru \u00ed d\u00f6gun \u00ed helgid\u00f3minn og kenndu. <br \/>N\u00fa kom \u00e6\u00f0sti presturinn og hans menn, k\u00f6llu\u00f0u saman r\u00e1\u00f0i\u00f0, alla \u00f6ldunga \u00cdsraels, og sendu \u00fej\u00f3na til fangelsisins a\u00f0 s\u00e6kja postulana. <a name=\"22\"><span class=\"versanumer_2007\">22<\/span><\/a> \u00deeir komu \u00ed fangelsi\u00f0 og fundu \u00fe\u00e1 ekki, sneru aftur og sk\u00fdr\u00f0u svo fr\u00e1: <a name=\"23\"><span class=\"versanumer_2007\">23<\/span><\/a> \u201eFangelsi\u00f0 fundum vi\u00f0 a\u00f0 \u00f6llu tryggilega l\u00e6st og var\u00f0mennirnir st\u00f3\u00f0u fyrir dyrum en er vi\u00f0 lukum upp fundum vi\u00f0 engan inni.\u201c <a name=\"24\"><span class=\"versanumer_2007\">24<\/span><\/a> \u00deegar var\u00f0foringi helgid\u00f3msins og \u00e6\u00f0stu prestarnir heyr\u00f0u \u00feetta ur\u00f0u \u00feeir r\u00e1\u00f0\u00ferota og skildu ekki hva\u00f0 var a\u00f0 gerast. <a name=\"25\"><span class=\"versanumer_2007\">25<\/span><\/a> En \u00fe\u00e1 kom ma\u00f0ur og bar \u00feeim \u00feessa fr\u00e9tt: \u201eMennirnir, sem \u00fei\u00f0 settu\u00f0 \u00ed fangelsi\u00f0, standa \u00ed helgid\u00f3minum og eru a\u00f0 kenna f\u00f3lkinu.\u201c <a name=\"26\"><span class=\"versanumer_2007\">26<\/span><\/a> \u00de\u00e1 f\u00f3r var\u00f0foringinn me\u00f0 \u00fej\u00f3nunum og s\u00f3tti \u00fe\u00e1. Beittu \u00feeir samt ekki h\u00f6rku \u00fev\u00ed \u00feeir \u00f3ttu\u00f0ust a\u00f0 f\u00f3lki\u00f0 gr\u00fdtti \u00fe\u00e1. <br \/> <a name=\"27\"><span class=\"versanumer_2007\">27<\/span><\/a> \u00deegar \u00feeir voru komnir me\u00f0 \u00fe\u00e1 leiddu \u00feeir \u00fe\u00e1 fram fyrir r\u00e1\u00f0i\u00f0 og \u00e6\u00f0sti presturinn t\u00f3k a\u00f0 yfirheyra \u00fe\u00e1 og sag\u00f0i: <a name=\"28\"><span class=\"versanumer_2007\">28<\/span><\/a> \u201eVi\u00f0 b\u00f6nnu\u00f0um ykkur stranglega a\u00f0 kenna \u00ed \u00feessu nafni og n\u00fa hafi\u00f0 \u00fei\u00f0 fyllt Jer\u00fasalem me\u00f0 kenningu ykkar og vilji\u00f0 a\u00f0 bl\u00f3\u00f0 \u00feessa manns bitni \u00e1 okkur.\u201c <a name=\"29\"><span class=\"versanumer_2007\">29<\/span><\/a> En P\u00e9tur og hinir postularnir sv\u00f6ru\u00f0u: \u201eFramar ber a\u00f0 hl\u00fd\u00f0a Gu\u00f0i en m\u00f6nnum. <a name=\"30\"><span class=\"versanumer_2007\">30<\/span><\/a> Gu\u00f0 forfe\u00f0ra vorra hefur upp vaki\u00f0 Jes\u00fa sem \u00fei\u00f0 hengdu\u00f0 \u00e1 tr\u00e9 og t\u00f3ku\u00f0 af l\u00edfi. <a name=\"31\"><span class=\"versanumer_2007\">31<\/span><\/a> Gu\u00f0 hefur hafi\u00f0 hann s\u00e9r til h\u00e6gri handar<span class=\"nedan_mal\" title=\" E\u00f0a: me\u00f0 h\u00e6gri hendi sinni.\">[<\/span> og gert hann a\u00f0 h\u00f6f\u00f0ingja og frelsara til a\u00f0 veita \u00cdsrael afturhvarf og fyrirgefningu synda sinna. <a name=\"32\"><span class=\"versanumer_2007\">32<\/span><\/a> Vi\u00f0 erum vottar alls \u00feessa og heilagur andi sem Gu\u00f0 hefur gefi\u00f0 \u00feeim er honum hl\u00fd\u00f0a.\u201c <br \/> <a name=\"33\"><span class=\"versanumer_2007\">33<\/span><\/a> \u00deegar r\u00e1\u00f0sherrarnir heyr\u00f0u \u00feetta fylltust \u00feeir br\u00e6\u00f0i og hug\u00f0ust dey\u00f0a \u00fe\u00e1. <a name=\"34\"><span class=\"versanumer_2007\">34<\/span><\/a> Reis \u00fe\u00e1 upp \u00ed r\u00e1\u00f0inu far\u00edsei nokkur, Gamal\u00edel a\u00f0 nafni, kennari \u00ed l\u00f6gm\u00e1linu, vel metinn af \u00f6llum. Hann bau\u00f0 a\u00f0 mennirnir v\u00e6ru l\u00e1tnir fara \u00fat stundarkorn. <a name=\"35\"><span class=\"versanumer_2007\">35<\/span><\/a> S\u00ed\u00f0an sag\u00f0i hann: \u201e\u00cdsraelsmenn, athugi\u00f0 vel hva\u00f0 \u00fei\u00f0 geri\u00f0 vi\u00f0 \u00feessa menn. <a name=\"36\"><span class=\"versanumer_2007\">36<\/span><\/a> Ekki alls fyrir l\u00f6ngu kom \u00deevdas fram og \u00fe\u00f3ttist vera eitthva\u00f0. Hann a\u00f0hylltust um fj\u00f6gur hundru\u00f0 manns. En hann var drepinn og allir \u00feeir sem fylgdu honum tv\u00edstru\u00f0ust og hurfu. <a name=\"37\"><span class=\"versanumer_2007\">37<\/span><\/a> Eftir hann kom fram J\u00fadas fr\u00e1 Gal\u00edleu \u00e1 d\u00f6gum skr\u00e1setningarinnar og sneri f\u00f3lki til fylgis vi\u00f0 sig. Hann f\u00f3rst l\u00edka og \u00feeir dreif\u00f0ust allir sem fylgdu honum. <a name=\"38\"><span class=\"versanumer_2007\">38<\/span><\/a> Og n\u00fa segi \u00e9g ykkur: L\u00e1ti\u00f0 \u00feessa menn eiga sig og sleppi\u00f0 \u00feeim. S\u00e9 \u00feetta r\u00e1\u00f0 e\u00f0a verk fr\u00e1 m\u00f6nnum ver\u00f0ur \u00fea\u00f0 a\u00f0 engu <a name=\"39\"><span class=\"versanumer_2007\">39<\/span><\/a> en s\u00e9 \u00fea\u00f0 fr\u00e1 Gu\u00f0i, \u00fe\u00e1 megni\u00f0 \u00fei\u00f0 ekki a\u00f0 yfirbuga \u00fe\u00e1. Eigi m\u00e1 \u00fea\u00f0 ver\u00f0a a\u00f0 \u00fei\u00f0 berjist vi\u00f0 sj\u00e1lfan Gu\u00f0.\u201c <br \/>\u00deeir f\u00e9llust \u00e1 m\u00e1l hans, <a name=\"40\"><span class=\"versanumer_2007\">40<\/span><\/a> k\u00f6llu\u00f0u \u00e1 postulana, h\u00fa\u00f0str\u00fdktu \u00fe\u00e1, b\u00f6nnu\u00f0u \u00feeim a\u00f0 tala \u00ed Jes\u00fa nafni og l\u00e9tu \u00fe\u00e1 s\u00ed\u00f0an lausa. <a name=\"41\"><span class=\"versanumer_2007\">41<\/span><\/a> \u00deeir f\u00f3ru burt fr\u00e1 r\u00e1\u00f0inu, gla\u00f0ir yfir \u00fev\u00ed a\u00f0 \u00feeir h\u00f6f\u00f0u veri\u00f0 virtir \u00feess a\u00f0 \u00feola h\u00e1\u00f0ung vegna nafns Jes\u00fa. <a name=\"42\"><span class=\"versanumer_2007\">42<\/span><\/a> L\u00e9tu \u00feeir eigi af a\u00f0 kenna dag hvern \u00ed helgid\u00f3minum og \u00ed heimah\u00fasum og bo\u00f0a fagna\u00f0arerindi\u00f0 um a\u00f0 Jes\u00fas s\u00e9 Kristur. <\/p>\n","protected":false},"excerpt":{"rendered":"<p>Anan\u00edas og Saff\u00edra 1 En ma\u00f0ur nokkur, Anan\u00edas a\u00f0 nafni, seldi \u00e1samt Saff\u00edru, konu sinni, eign 2 og dr\u00f3 undan af ver\u00f0inu me\u00f0 vitund konu sinnar en kom me\u00f0 nokku\u00f0 af \u00fev\u00ed og lag\u00f0i fyrir f\u00e6tur postulanna. 3 En P\u00e9tur m\u00e6lti: \u201eAnan\u00edas, hv\u00ed fyllti Satan hjarta \u00feitt svo a\u00f0 \u00fe\u00fa laugst a\u00f0 heil\u00f6gum anda og dr\u00f3st undan af ver\u00f0i lands \u00fe\u00edns? 4 Var landi\u00f0 ekki \u00feitt me\u00f0an \u00fe\u00fa \u00e1ttir \u00fea\u00f0 og var ekki andvir\u00f0i \u00feess \u00e1 \u00fe\u00ednu valdi? Hvernig gastu \u00fe\u00e1 l\u00e1ti\u00f0 \u00fe\u00e9r hugkv\u00e6mast sl\u00edkt tilt\u00e6ki? Ekki hefur \u00fe\u00fa logi\u00f0 a\u00f0 m\u00f6nnum heldur Gu\u00f0i.\u201c 5 \u00deegar Anan\u00edas heyr\u00f0i \u00feetta f\u00e9ll <a href=\"https:\/\/biblian.is\/biblian\/postulasagan-5-kafli\/\"> [&#8230;]<\/a><\/p>\n","protected":false},"author":1,"featured_media":0,"parent":0,"menu_order":0,"comment_status":"open","ping_status":"open","template":"bibliukaflar_NT.php","meta":{"footnotes":""},"class_list":["post-2640","page","type-page","status-publish","hentry"],"_links":{"self":[{"href":"https:\/\/biblian.is\/biblian\/wp-json\/wp\/v2\/pages\/2640","targetHints":{"allow":["GET"]}}],"collection":[{"href":"https:\/\/biblian.is\/biblian\/wp-json\/wp\/v2\/pages"}],"about":[{"href":"https:\/\/biblian.is\/biblian\/wp-json\/wp\/v2\/types\/page"}],"author":[{"embeddable":true,"href":"https:\/\/biblian.is\/biblian\/wp-json\/wp\/v2\/users\/1"}],"replies":[{"embeddable":true,"href":"https:\/\/biblian.is\/biblian\/wp-json\/wp\/v2\/comments?post=2640"}],"version-history":[{"count":0,"href":"https:\/\/biblian.is\/biblian\/wp-json\/wp\/v2\/pages\/2640\/revisions"}],"wp:attachment":[{"href":"https:\/\/biblian.is\/biblian\/wp-json\/wp\/v2\/media?parent=2640"}],"curies":[{"name":"wp","href":"https:\/\/api.w.org\/{rel}","templated":true}]}}