{"id":2639,"date":"2017-12-30T21:04:05","date_gmt":"2017-12-30T21:04:05","guid":{"rendered":"http:\/\/biblian.is\/biblian\/postulasagan-4-kafli\/"},"modified":"2019-08-26T23:22:27","modified_gmt":"2019-08-26T23:22:27","slug":"postulasagan-4-kafli","status":"publish","type":"page","link":"https:\/\/biblian.is\/biblian\/postulasagan-4-kafli\/","title":{"rendered":"Postulasagan 4. kafli"},"content":{"rendered":"<h3 class=\"millifyrirsogn_2007\"> P\u00e9tur og J\u00f3hannes fyrir r\u00e1\u00f0inu<\/h3>\n<p><a name=\"1\"><span class=\"versanumer_2007\">1<\/span><\/a> Me\u00f0an \u00feeir P\u00e9tur og J\u00f3hannes voru a\u00f0 tala til f\u00f3lksins komu a\u00f0 \u00feeim prestarnir, var\u00f0foringi helgid\u00f3msins og sadd\u00fakearnir. <a name=\"2\"><span class=\"versanumer_2007\">2<\/span><\/a> \u00deeir voru \u00e6fir yfir \u00fev\u00ed a\u00f0 postularnir voru a\u00f0 kenna f\u00f3lkinu og bo\u00f0a upprisuna fr\u00e1 dau\u00f0um \u00ed krafti Jes\u00fa. <a name=\"3\"><span class=\"versanumer_2007\">3<\/span><\/a> L\u00f6g\u00f0u \u00feeir hendur \u00e1 \u00fe\u00e1 og hnepptu \u00fe\u00e1 \u00ed var\u00f0hald til n\u00e6sta morguns \u00fev\u00ed a\u00f0 kv\u00f6ld var komi\u00f0. <a name=\"4\"><span class=\"versanumer_2007\">4<\/span><\/a> En m\u00f6rg \u00feeirra, er heyrt h\u00f6f\u00f0u or\u00f0i\u00f0, t\u00f3ku tr\u00fa og tala karlmannanna einna var\u00f0 um fimm \u00fe\u00fasundir. <br \/> <a name=\"5\"><span class=\"versanumer_2007\">5<\/span><\/a> Morguninn eftir komu h\u00f6f\u00f0ingjarnir, \u00f6ldungarnir og fr\u00e6\u00f0imennirnir saman \u00ed Jer\u00fasalem. <a name=\"6\"><span class=\"versanumer_2007\">6<\/span><\/a> \u00dear voru Annas, \u00e6\u00f0sti prestur, Ka\u00edfas, J\u00f3hannes, Alexander og allir sem voru af \u00e6\u00f0staprests\u00e6ttum. <a name=\"7\"><span class=\"versanumer_2007\">7<\/span><\/a> \u00deeir l\u00e9tu lei\u00f0a postulana fram og spur\u00f0u \u00fe\u00e1: \u201eMe\u00f0 hva\u00f0a krafti e\u00f0a \u00ed hvers nafni ger\u00f0u\u00f0 \u00fei\u00f0 \u00feetta?\u201c <br \/> <a name=\"8\"><span class=\"versanumer_2007\">8<\/span><\/a> \u00de\u00e1 sag\u00f0i P\u00e9tur vi\u00f0 \u00fe\u00e1, fylltur heil\u00f6gum anda: \u201eH\u00f6f\u00f0ingjar \u00fej\u00f3\u00f0ar okkar og \u00f6ldungar, <a name=\"9\"><span class=\"versanumer_2007\">9<\/span><\/a> me\u00f0 \u00fev\u00ed a\u00f0 vi\u00f0 eigum \u00ed dag a\u00f0 svara til saka vegna g\u00f3\u00f0verks vi\u00f0 sj\u00fakan mann og gera grein fyrir \u00fev\u00ed hvernig hann s\u00e9 or\u00f0inn heill, <a name=\"10\"><span class=\"versanumer_2007\">10<\/span><\/a> \u00fe\u00e1 s\u00e9 ykkur \u00f6llum kunnugt og \u00f6llum \u00cdsraelsl\u00fd\u00f0 a\u00f0 \u00ed nafni Jes\u00fa Krists fr\u00e1 Nasaret, \u00feess er \u00fei\u00f0 krossfestu\u00f0 en Gu\u00f0 uppvakti fr\u00e1 dau\u00f0um, \u00ed hans nafni stendur \u00feessi ma\u00f0ur heilbrig\u00f0ur fyrir augum ykkar. <a name=\"11\"><span class=\"versanumer_2007\">11<\/span><\/a> Jes\u00fas er<br \/> <span class=\"ljodatexti\"> steinninn sem \u00fe\u00e9r, h\u00fasasmi\u00f0irnir, virtu\u00f0 einskis, <br \/>hann er or\u00f0inn a\u00f0 hyrningarsteini. <\/span> <br \/> <a name=\"12\"><span class=\"versanumer_2007\">12<\/span><\/a> Ekki er hj\u00e1lpr\u00e6\u00f0i\u00f0 \u00ed neinum \u00f6\u00f0rum og ekkert anna\u00f0 nafn er m\u00f6nnum gefi\u00f0 um v\u00ed\u00f0a ver\u00f6ld sem getur frelsa\u00f0 okkur.\u201c <br \/> <a name=\"13\"><span class=\"versanumer_2007\">13<\/span><\/a> \u00deegar r\u00e1\u00f0sherrarnir s\u00e1u dj\u00f6rfung P\u00e9turs og J\u00f3hannesar og skildu a\u00f0 \u00feeir voru ekki l\u00e6r\u00f0ir, heldur \u00f3brotnir al\u00fe\u00fd\u00f0umenn, undru\u00f0ust \u00feeir. \u00deeir k\u00f6nnu\u00f0ust og vi\u00f0 a\u00f0 \u00feeir h\u00f6f\u00f0u veri\u00f0 me\u00f0 Jes\u00fa. <a name=\"14\"><span class=\"versanumer_2007\">14<\/span><\/a> Og er \u00feeir s\u00e1u manninn, sem l\u00e6kna\u00f0ur haf\u00f0i veri\u00f0, standa hj\u00e1 \u00feeim m\u00e1ttu \u00feeir ekki \u00ed m\u00f3ti m\u00e6la. <a name=\"15\"><span class=\"versanumer_2007\">15<\/span><\/a> \u00deeir skipu\u00f0u \u00feeim a\u00f0 ganga \u00fat fr\u00e1 r\u00e1\u00f0inu, t\u00f3ku saman r\u00e1\u00f0 s\u00edn og s\u00f6g\u00f0u: <a name=\"16\"><span class=\"versanumer_2007\">16<\/span><\/a> \u201eHva\u00f0 eigum vi\u00f0 a\u00f0 gera vi\u00f0 \u00feessa menn? \u00dev\u00ed a\u00f0 \u00f6llum Jer\u00fasalemb\u00faum er \u00fea\u00f0 lj\u00f3st a\u00f0 \u00feeir hafa gert \u00f3tv\u00edr\u00e6tt t\u00e1kn. Vi\u00f0 getum ekki neita\u00f0 \u00fev\u00ed. <a name=\"17\"><span class=\"versanumer_2007\">17<\/span><\/a> \u00deetta m\u00e1 ekki berast frekar \u00fat me\u00f0al f\u00f3lksins. Vi\u00f0 skulum \u00fev\u00ed h\u00f3ta \u00feeim h\u00f6r\u00f0u svo a\u00f0 \u00feeir tali aldrei framar \u00ed \u00feessu nafni vi\u00f0 nokkurn.\u201c <br \/> <a name=\"18\"><span class=\"versanumer_2007\">18<\/span><\/a> S\u00ed\u00f0an k\u00f6llu\u00f0u \u00feeir \u00fe\u00e1 fyrir sig og skipu\u00f0u \u00feeim a\u00f0 h\u00e6tta me\u00f0 \u00f6llu a\u00f0 tala \u00ed Jes\u00fa nafni. <a name=\"19\"><span class=\"versanumer_2007\">19<\/span><\/a> P\u00e9tur og J\u00f3hannes sv\u00f6ru\u00f0u: \u201eD\u00e6mi\u00f0 sj\u00e1lfir hvort \u00fea\u00f0 s\u00e9 r\u00e9tt \u00ed augum Gu\u00f0s a\u00f0 hl\u00fd\u00f0nast ykkur fremur en honum. <a name=\"20\"><span class=\"versanumer_2007\">20<\/span><\/a> Vi\u00f0 getum ekki anna\u00f0 en tala\u00f0 \u00fea\u00f0 sem vi\u00f0 h\u00f6fum s\u00e9\u00f0 og heyrt.\u201c <a name=\"21\"><span class=\"versanumer_2007\">21<\/span><\/a> En \u00feeir \u00f3gnu\u00f0u \u00feeim enn frekar og slepptu \u00feeim s\u00ed\u00f0an \u00fear sem \u00feeir s\u00e1u enga lei\u00f0 vegna f\u00f3lksins a\u00f0 hegna \u00feeim \u00fev\u00ed allir lofu\u00f0u Gu\u00f0 fyrir \u00feennan atbur\u00f0, <a name=\"22\"><span class=\"versanumer_2007\">22<\/span><\/a> en ma\u00f0urinn, sem l\u00e6knast haf\u00f0i me\u00f0 \u00feessu t\u00e1kni, var yfir fertugt. <\/p>\n<h3 class=\"millifyrirsogn_2007\">Einhuga<\/h3>\n<p><a name=\"23\"><span class=\"versanumer_2007\">23<\/span><\/a> Er P\u00e9tri og J\u00f3hannesi haf\u00f0i veri\u00f0 sleppt f\u00f3ru \u00feeir til sinna manna og greindu \u00feeim fr\u00e1 \u00f6llu \u00fev\u00ed sem \u00e6\u00f0stu prestarnir og \u00f6ldungarnir h\u00f6f\u00f0u tala\u00f0 vi\u00f0 \u00fe\u00e1. <a name=\"24\"><span class=\"versanumer_2007\">24<\/span><\/a> \u00deegar \u00feeir heyr\u00f0u \u00fea\u00f0 h\u00f3fu \u00feeir einum huga raust s\u00edna til Gu\u00f0s og s\u00f6g\u00f0u: \u201eDrottinn, \u00fe\u00fa sem ger\u00f0ir himin, j\u00f6r\u00f0 og haf og allt sem \u00ed \u00feeim er, <a name=\"25\"><span class=\"versanumer_2007\">25<\/span><\/a> \u00fe\u00fa sem l\u00e9st heilagan anda m\u00e6la af munni Dav\u00ed\u00f0s, f\u00f6\u00f0ur vors, \u00fej\u00f3ns \u00fe\u00edns: <br \/> <span class=\"ljodatexti\"> Hv\u00ed geisu\u00f0u hei\u00f0ingjarnir<br \/>og hv\u00ed bruggu\u00f0u \u00fej\u00f3\u00f0irnar f\u00e1n\u00fdt r\u00e1\u00f0? <br \/> <\/span> <span class=\"ljodatexti\"> <a name=\"26\"><span class=\"versanumer_ljod\">26<\/span><\/a> Konungar jar\u00f0arinnar risu upp <br \/>og h\u00f6f\u00f0ingjarnir s\u00f6fnu\u00f0ust saman <br \/>gegn Drottni og gegn hans Smur\u00f0a. <\/span> <br \/> <a name=\"27\"><span class=\"versanumer_2007\">27<\/span><\/a> \u00dev\u00ed a\u00f0 sannarlega s\u00f6fnu\u00f0ust \u00feeir saman \u00ed \u00feessari borg, Her\u00f3des og Pont\u00edus P\u00edlatus \u00e1samt Gy\u00f0ingum og hei\u00f0ingjunum, gegn hinum heilaga \u00fej\u00f3ni \u00fe\u00ednum, Jes\u00fa, er \u00fe\u00fa smur\u00f0ir. <a name=\"28\"><span class=\"versanumer_2007\">28<\/span><\/a> \u00deeir ger\u00f0u \u00fea\u00f0 sem \u00fe\u00fa haf\u00f0ir \u00e1\u00f0ur fyrirhuga\u00f0 og \u00e1kve\u00f0i\u00f0 a\u00f0 gerast skyldi. <a name=\"29\"><span class=\"versanumer_2007\">29<\/span><\/a> Og n\u00fa, Drottinn, l\u00edt \u00e1 h\u00f3tanir \u00feeirra og veit \u00fej\u00f3num \u00fe\u00ednum fulla dj\u00f6rfung a\u00f0 tala or\u00f0 \u00feitt. <a name=\"30\"><span class=\"versanumer_2007\">30<\/span><\/a> R\u00e9tt \u00fe\u00fa \u00fat h\u00f6nd \u00fe\u00edna til a\u00f0 l\u00e6kna og l\u00e1t t\u00e1kn og undur ver\u00f0a fyrir nafn Jes\u00fa, \u00fe\u00edns heilaga \u00fej\u00f3ns.\u201c <br \/> <a name=\"31\"><span class=\"versanumer_2007\">31<\/span><\/a> \u00deegar menn h\u00f6f\u00f0u be\u00f0ist fyrir hr\u00e6r\u00f0ist sta\u00f0urinn \u00fear sem \u00feeir voru saman komnir og \u00feeir fylltust allir heil\u00f6gum anda og t\u00f6lu\u00f0u or\u00f0 Gu\u00f0s af dj\u00f6rfung. <br \/> <a name=\"32\"><span class=\"versanumer_2007\">32<\/span><\/a> En \u00ed \u00feeim fj\u00f6lda, sem tr\u00fa haf\u00f0i teki\u00f0, var eitt hjarta og ein s\u00e1l og enginn \u00feeirra taldi neitt vera sitt er hann \u00e1tti heldur h\u00f6f\u00f0u menn allt sameiginlegt. <a name=\"33\"><span class=\"versanumer_2007\">33<\/span><\/a> Postularnir b\u00e1ru vitni um upprisu Drottins Jes\u00fa me\u00f0 miklum krafti og mikil n\u00e1\u00f0 var yfir \u00feeim \u00f6llum. <a name=\"34\"><span class=\"versanumer_2007\">34<\/span><\/a> Eigi var heldur neinn \u00feurfandi me\u00f0al \u00feeirra \u00fev\u00ed a\u00f0 allir landeigendur og h\u00faseigendur seldu eign s\u00edna, komu me\u00f0 andvir\u00f0i\u00f0 <a name=\"35\"><span class=\"versanumer_2007\">35<\/span><\/a> og l\u00f6g\u00f0u fyrir f\u00e6tur postulanna. Og s\u00e9rhverjum var \u00fathluta\u00f0 eftir \u00fev\u00ed sem hann haf\u00f0i \u00fe\u00f6rf til. <br \/> <a name=\"36\"><span class=\"versanumer_2007\">36<\/span><\/a> J\u00f3sef, Lev\u00edti fr\u00e1 K\u00fdpur, sem postularnir k\u00f6llu\u00f0u Barnabas, \u00fea\u00f0 \u00fe\u00fd\u00f0ir huggunarsonur, <a name=\"37\"><span class=\"versanumer_2007\">37<\/span><\/a> \u00e1tti s\u00e1\u00f0land og seldi, kom me\u00f0 ver\u00f0i\u00f0 og lag\u00f0i fyrir f\u00e6tur postulanna. <\/p>\n","protected":false},"excerpt":{"rendered":"<p>P\u00e9tur og J\u00f3hannes fyrir r\u00e1\u00f0inu 1 Me\u00f0an \u00feeir P\u00e9tur og J\u00f3hannes voru a\u00f0 tala til f\u00f3lksins komu a\u00f0 \u00feeim prestarnir, var\u00f0foringi helgid\u00f3msins og sadd\u00fakearnir. 2 \u00deeir voru \u00e6fir yfir \u00fev\u00ed a\u00f0 postularnir voru a\u00f0 kenna f\u00f3lkinu og bo\u00f0a upprisuna fr\u00e1 dau\u00f0um \u00ed krafti Jes\u00fa. 3 L\u00f6g\u00f0u \u00feeir hendur \u00e1 \u00fe\u00e1 og hnepptu \u00fe\u00e1 \u00ed var\u00f0hald til n\u00e6sta morguns \u00fev\u00ed a\u00f0 kv\u00f6ld var komi\u00f0. 4 En m\u00f6rg \u00feeirra, er heyrt h\u00f6f\u00f0u or\u00f0i\u00f0, t\u00f3ku tr\u00fa og tala karlmannanna einna var\u00f0 um fimm \u00fe\u00fasundir. 5 Morguninn eftir komu h\u00f6f\u00f0ingjarnir, \u00f6ldungarnir og fr\u00e6\u00f0imennirnir saman \u00ed Jer\u00fasalem. 6 \u00dear voru Annas, \u00e6\u00f0sti prestur, Ka\u00edfas, J\u00f3hannes, <a href=\"https:\/\/biblian.is\/biblian\/postulasagan-4-kafli\/\"> [&#8230;]<\/a><\/p>\n","protected":false},"author":1,"featured_media":0,"parent":0,"menu_order":0,"comment_status":"open","ping_status":"open","template":"bibliukaflar_NT.php","meta":{"footnotes":""},"class_list":["post-2639","page","type-page","status-publish","hentry"],"_links":{"self":[{"href":"https:\/\/biblian.is\/biblian\/wp-json\/wp\/v2\/pages\/2639","targetHints":{"allow":["GET"]}}],"collection":[{"href":"https:\/\/biblian.is\/biblian\/wp-json\/wp\/v2\/pages"}],"about":[{"href":"https:\/\/biblian.is\/biblian\/wp-json\/wp\/v2\/types\/page"}],"author":[{"embeddable":true,"href":"https:\/\/biblian.is\/biblian\/wp-json\/wp\/v2\/users\/1"}],"replies":[{"embeddable":true,"href":"https:\/\/biblian.is\/biblian\/wp-json\/wp\/v2\/comments?post=2639"}],"version-history":[{"count":0,"href":"https:\/\/biblian.is\/biblian\/wp-json\/wp\/v2\/pages\/2639\/revisions"}],"wp:attachment":[{"href":"https:\/\/biblian.is\/biblian\/wp-json\/wp\/v2\/media?parent=2639"}],"curies":[{"name":"wp","href":"https:\/\/api.w.org\/{rel}","templated":true}]}}